{"id":1224,"date":"2024-04-13T16:30:37","date_gmt":"2024-04-13T14:30:37","guid":{"rendered":"https:\/\/blogs.univ-jfc.fr\/archampo\/?page_id=1224"},"modified":"2024-04-16T12:34:56","modified_gmt":"2024-04-16T10:34:56","slug":"podcasts","status":"publish","type":"page","link":"https:\/\/blogs.univ-jfc.fr\/archampo\/podcasts\/","title":{"rendered":"Podcasts"},"content":{"rendered":"\n<h5><span class=\"has-inline-color has-light-orange-color\">Signaler un podcast : caroline.barrera@univ-jfc.fr<\/span><\/h5>\n\n\n\n<h1><span class=\"has-inline-color has-light-orange-color\">2015<\/span><\/h1>\n\n\n\n<div class=\"wp-block-media-text alignwide is-stacked-on-mobile\" style=\"grid-template-columns:42% auto\"><figure class=\"wp-block-media-text__media\"><img loading=\"lazy\" width=\"817\" height=\"458\" src=\"https:\/\/blogs.univ-jfc.fr\/archampo\/wp-content\/uploads\/sites\/125\/2024\/04\/Screenshot-2024-04-15-at-14-49-51-Performance-slamee-2-_-Collectif-UnDeuxGround-Canal-U.png\" alt=\"\" class=\"wp-image-1291 size-full\" srcset=\"https:\/\/blogs.univ-jfc.fr\/archampo\/wp-content\/uploads\/sites\/125\/2024\/04\/Screenshot-2024-04-15-at-14-49-51-Performance-slamee-2-_-Collectif-UnDeuxGround-Canal-U.png 817w, https:\/\/blogs.univ-jfc.fr\/archampo\/wp-content\/uploads\/sites\/125\/2024\/04\/Screenshot-2024-04-15-at-14-49-51-Performance-slamee-2-_-Collectif-UnDeuxGround-Canal-U-300x168.png 300w, https:\/\/blogs.univ-jfc.fr\/archampo\/wp-content\/uploads\/sites\/125\/2024\/04\/Screenshot-2024-04-15-at-14-49-51-Performance-slamee-2-_-Collectif-UnDeuxGround-Canal-U-768x431.png 768w\" sizes=\"(max-width: 817px) 100vw, 817px\" \/><\/figure><div class=\"wp-block-media-text__content\">\n<h5><a href=\"https:\/\/www.canal-u.tv\/chaines\/ut2j\/performances-poetiques\" data-type=\"URL\" data-id=\"https:\/\/www.canal-u.tv\/chaines\/ut2j\/performances-poetiques\"><em>Performances po\u00e9tiques<\/em>. [Vid\u00e9o]. Canal-U &#8211; Colloque d&rsquo;Albi Champollion 19 et 20 mars 2015.<\/a><\/h5>\n<\/div><\/div>\n\n\n\n<p><\/p>\n\n\n\n<div class=\"wp-block-media-text alignwide is-stacked-on-mobile\" style=\"grid-template-columns:26% auto\"><figure class=\"wp-block-media-text__media\"><img loading=\"lazy\" width=\"1024\" height=\"683\" src=\"https:\/\/blogs.univ-jfc.fr\/archampo\/wp-content\/uploads\/sites\/125\/2024\/04\/Dine-3-1024x683.jpg\" alt=\"\" class=\"wp-image-1290 size-full\" srcset=\"https:\/\/blogs.univ-jfc.fr\/archampo\/wp-content\/uploads\/sites\/125\/2024\/04\/Dine-3-1024x683.jpg 1024w, https:\/\/blogs.univ-jfc.fr\/archampo\/wp-content\/uploads\/sites\/125\/2024\/04\/Dine-3-300x200.jpg 300w, https:\/\/blogs.univ-jfc.fr\/archampo\/wp-content\/uploads\/sites\/125\/2024\/04\/Dine-3-768x512.jpg 768w, https:\/\/blogs.univ-jfc.fr\/archampo\/wp-content\/uploads\/sites\/125\/2024\/04\/Dine-3-1536x1024.jpg 1536w, https:\/\/blogs.univ-jfc.fr\/archampo\/wp-content\/uploads\/sites\/125\/2024\/04\/Dine-3.jpg 1920w\" sizes=\"(max-width: 1024px) 100vw, 1024px\" \/><\/figure><div class=\"wp-block-media-text__content\">\n<h5><a rel=\"noreferrer noopener\" href=\"https:\/\/www.radiofrance.fr\/franceculture\/podcasts\/le-cours-de-l-histoire\/de-pierre-et-d-os-la-matiere-de-nos-villes-8269790\" target=\"_blank\">France Culture &#8211; Le cours de l&rsquo;Histoire, 5 novembre 2019 : De pierre et d\u2019os : la mati\u00e8re de nos villes, avec Sandrine Victor.<\/a><\/h5>\n<\/div><\/div>\n\n\n\n<div class=\"wp-block-media-text alignwide is-stacked-on-mobile\" style=\"grid-template-columns:24% auto\"><figure class=\"wp-block-media-text__media\"><img loading=\"lazy\" width=\"427\" height=\"640\" src=\"https:\/\/blogs.univ-jfc.fr\/archampo\/wp-content\/uploads\/sites\/125\/2024\/04\/F.-Taulelle-1.jpeg\" alt=\"\" class=\"wp-image-1288 size-full\" srcset=\"https:\/\/blogs.univ-jfc.fr\/archampo\/wp-content\/uploads\/sites\/125\/2024\/04\/F.-Taulelle-1.jpeg 427w, https:\/\/blogs.univ-jfc.fr\/archampo\/wp-content\/uploads\/sites\/125\/2024\/04\/F.-Taulelle-1-200x300.jpeg 200w\" sizes=\"(max-width: 427px) 100vw, 427px\" \/><\/figure><div class=\"wp-block-media-text__content\">\n<h5><a href=\"https:\/\/www.radiofrance.fr\/franceinter\/podcasts\/le-telephone-sonne\/comment-reequilibrer-les-services-publics-dans-les-territoires-2071903\">France Inter &#8211; Le t\u00e9l\u00e9phone sonne &#8211; Comment r\u00e9\u00e9quilibrer les services publics dans les territoires ? Fran\u00e7ois Taulelle<\/a>, 18 janvier 2019.<\/h5>\n<\/div><\/div>\n\n\n\n<figure class=\"wp-block-embed is-type-video is-provider-youtube wp-block-embed-youtube wp-embed-aspect-16-9 wp-has-aspect-ratio\"><div class=\"wp-block-embed__wrapper\">\n<iframe title=\"Entretien avec Mathieu Grenet, INU Champollion\" width=\"604\" height=\"340\" src=\"https:\/\/www.youtube.com\/embed\/oVKcVdeqdII?feature=oembed\" frameborder=\"0\" allow=\"accelerometer; autoplay; clipboard-write; encrypted-media; gyroscope; picture-in-picture; web-share\" referrerpolicy=\"strict-origin-when-cross-origin\" allowfullscreen><\/iframe>\n<\/div><\/figure>\n\n\n\n<figure class=\"wp-block-embed is-type-video is-provider-dailymotion wp-block-embed-dailymotion wp-embed-aspect-16-9 wp-has-aspect-ratio\"><div class=\"wp-block-embed__wrapper\">\n<iframe title=\"&quot;Le Juge constitutionnel et le constitutionnalisme en Hongrie&quot;, Pierre-Alain Collot, Ma\u00eetre de conf\u00e9rences en droit public, INU Champollion, Albi _QsQ #8_05-S\u00e9quence 02 ter-4\" frameborder=\"0\" width=\"604\" height=\"339\" src=\"https:\/\/geo.dailymotion.com\/player.html?video=x7buef5&#038;\" allowfullscreen allow=\"autoplay; fullscreen; picture-in-picture; web-share\"><\/iframe>\n<\/div><\/figure>\n\n\n\n<figure class=\"wp-block-embed is-type-video is-provider-dailymotion wp-block-embed-dailymotion wp-embed-aspect-16-9 wp-has-aspect-ratio\"><div class=\"wp-block-embed__wrapper\">\n<iframe title=\"&quot;Regard \u00ab politique \u00bb sur la jurisprudence des cours constitutionnelles am\u00e9ricaines&quot;, Cynthia Boyer, Ma\u00eetre de conf\u00e9rences en sciences politiques, INU Champollion, Albi _QsQ #8_04-S\u00e9quence 02 bis-3\" frameborder=\"0\" width=\"604\" height=\"339\" src=\"https:\/\/geo.dailymotion.com\/player.html?video=x7buges&#038;\" allowfullscreen allow=\"autoplay; fullscreen; picture-in-picture; web-share\"><\/iframe>\n<\/div><\/figure>\n\n\n\n<figure class=\"wp-block-embed is-type-video is-provider-dailymotion wp-block-embed-dailymotion wp-embed-aspect-16-9 wp-has-aspect-ratio\"><div class=\"wp-block-embed__wrapper\">\n<iframe title=\"\u00abL\u2019influence des droits fondamentaux sur le contentieux PMA-GPA\u00bb, Sophie PARICARD, Professeur de droit priv\u00e9, Institut national universitaire d\u2019Albi, Universit\u00e9 Toulouse 1 Capitole (Institut de droit priv\u00e9)_03-GPA-PMA Paricard(1)\" frameborder=\"0\" width=\"604\" height=\"339\" src=\"https:\/\/geo.dailymotion.com\/player.html?video=x7mtq7p&#038;\" allowfullscreen allow=\"autoplay; fullscreen; picture-in-picture; web-share\"><\/iframe>\n<\/div><\/figure>\n\n\n\n<h1><span class=\"has-inline-color has-light-orange-color\">2020<\/span><\/h1>\n\n\n\n<div class=\"wp-block-media-text alignwide is-stacked-on-mobile\"><figure class=\"wp-block-media-text__media\"><img loading=\"lazy\" width=\"1024\" height=\"617\" src=\"https:\/\/blogs.univ-jfc.fr\/archampo\/wp-content\/uploads\/sites\/125\/2024\/04\/Screenshot-2024-04-13-at-16-48-05-Episode-10-Decouvrez-lhistoire-de-la-Secu-75-ans-en-2020-grace-a-lhistorien-Bruno-Valat-1024x617.png\" alt=\"\" class=\"wp-image-1285 size-full\" srcset=\"https:\/\/blogs.univ-jfc.fr\/archampo\/wp-content\/uploads\/sites\/125\/2024\/04\/Screenshot-2024-04-13-at-16-48-05-Episode-10-Decouvrez-lhistoire-de-la-Secu-75-ans-en-2020-grace-a-lhistorien-Bruno-Valat-1024x617.png 1024w, https:\/\/blogs.univ-jfc.fr\/archampo\/wp-content\/uploads\/sites\/125\/2024\/04\/Screenshot-2024-04-13-at-16-48-05-Episode-10-Decouvrez-lhistoire-de-la-Secu-75-ans-en-2020-grace-a-lhistorien-Bruno-Valat-300x181.png 300w, https:\/\/blogs.univ-jfc.fr\/archampo\/wp-content\/uploads\/sites\/125\/2024\/04\/Screenshot-2024-04-13-at-16-48-05-Episode-10-Decouvrez-lhistoire-de-la-Secu-75-ans-en-2020-grace-a-lhistorien-Bruno-Valat-768x463.png 768w, https:\/\/blogs.univ-jfc.fr\/archampo\/wp-content\/uploads\/sites\/125\/2024\/04\/Screenshot-2024-04-13-at-16-48-05-Episode-10-Decouvrez-lhistoire-de-la-Secu-75-ans-en-2020-grace-a-lhistorien-Bruno-Valat.png 1182w\" sizes=\"(max-width: 1024px) 100vw, 1024px\" \/><\/figure><div class=\"wp-block-media-text__content\">\n<h5><a href=\"https:\/\/www.youtube.com\/watch?v=SVIR55Gg2sY\">Le Micro social &#8211; 2020 &#8211; l&rsquo;histoire de la S\u00e9cu avec bruno Valat.<\/a><\/h5>\n<\/div><\/div>\n\n\n\n<div class=\"wp-block-media-text alignwide is-stacked-on-mobile\"><figure class=\"wp-block-media-text__media\"><img loading=\"lazy\" width=\"885\" height=\"500\" src=\"https:\/\/blogs.univ-jfc.fr\/archampo\/wp-content\/uploads\/sites\/125\/2024\/04\/UT-1.jpg\" alt=\"\" class=\"wp-image-1286 size-full\" srcset=\"https:\/\/blogs.univ-jfc.fr\/archampo\/wp-content\/uploads\/sites\/125\/2024\/04\/UT-1.jpg 885w, https:\/\/blogs.univ-jfc.fr\/archampo\/wp-content\/uploads\/sites\/125\/2024\/04\/UT-1-300x169.jpg 300w, https:\/\/blogs.univ-jfc.fr\/archampo\/wp-content\/uploads\/sites\/125\/2024\/04\/UT-1-768x434.jpg 768w\" sizes=\"(max-width: 885px) 100vw, 885px\" \/><\/figure><div class=\"wp-block-media-text__content\">\n<h5><a href=\"https:\/\/www.youtube.com\/watch?v=EDSg-Xu_wpg\">S\u00e9minaire Histoire de Toulouse &#8211; Pr\u00e9sentation des 3 volumes de l&rsquo;histoire de Toulouse, 10 d\u00e9cembre 2020. Jacques Verger, Patrick Fert\u00e9 et Caroline Barrera.<\/a><\/h5>\n<\/div><\/div>\n\n\n\n<h1><span class=\"has-inline-color has-light-orange-color\">2021<\/span><\/h1>\n\n\n\n<figure class=\"wp-block-embed is-type-video is-provider-youtube wp-block-embed-youtube wp-embed-aspect-16-9 wp-has-aspect-ratio\"><div class=\"wp-block-embed__wrapper\">\n<iframe title=\"Sas&#039;Labs : le passe-plat d\u00e9contaminant made in Champollion\" width=\"604\" height=\"340\" src=\"https:\/\/www.youtube.com\/embed\/88w4ENZwzek?feature=oembed\" frameborder=\"0\" allow=\"accelerometer; autoplay; clipboard-write; encrypted-media; gyroscope; picture-in-picture; web-share\" referrerpolicy=\"strict-origin-when-cross-origin\" allowfullscreen><\/iframe>\n<\/div><\/figure>\n\n\n\n<h1><span class=\"has-inline-color has-light-orange-color\">2022<\/span><\/h1>\n\n\n\n<h1><span class=\"has-inline-color has-light-orange-color\">2023<\/span><\/h1>\n\n\n\n<div class=\"wp-block-media-text alignwide is-stacked-on-mobile\" style=\"grid-template-columns:23% auto\"><figure class=\"wp-block-media-text__media\"><img loading=\"lazy\" width=\"250\" height=\"320\" src=\"https:\/\/blogs.univ-jfc.fr\/archampo\/wp-content\/uploads\/sites\/125\/2024\/04\/solene-1.jpg\" alt=\"\" class=\"wp-image-1284 size-full\" srcset=\"https:\/\/blogs.univ-jfc.fr\/archampo\/wp-content\/uploads\/sites\/125\/2024\/04\/solene-1.jpg 250w, https:\/\/blogs.univ-jfc.fr\/archampo\/wp-content\/uploads\/sites\/125\/2024\/04\/solene-1-234x300.jpg 234w\" sizes=\"(max-width: 250px) 100vw, 250px\" \/><\/figure><div class=\"wp-block-media-text__content\">\n<h5><a href=\"https:\/\/parolesdhistoire.fr\/index.php\/2023\/04\/17\/282-pecher-a-venise-au-xviiie-siecle-avec-solene-rivoal\/\">Parole d&rsquo;histoire &#8211; P\u00eacher \u00e0 Venise au XVIIIe si\u00e8cle, avec Sol\u00e8ne Rivoal, 13 avril 2023<\/a><\/h5>\n<\/div><\/div>\n\n\n\n<h1><span class=\"has-inline-color has-light-orange-color\">2024<\/span><\/h1>\n\n\n\n<p><\/p>\n\n\n\n<div class=\"wp-block-media-text alignwide is-stacked-on-mobile\" style=\"grid-template-columns:29% auto\"><figure class=\"wp-block-media-text__media\"><img loading=\"lazy\" width=\"1024\" height=\"683\" src=\"https:\/\/blogs.univ-jfc.fr\/archampo\/wp-content\/uploads\/sites\/125\/2024\/04\/Grenet-1024x683.jpg\" alt=\"\" class=\"wp-image-1227 size-full\" srcset=\"https:\/\/blogs.univ-jfc.fr\/archampo\/wp-content\/uploads\/sites\/125\/2024\/04\/Grenet-1024x683.jpg 1024w, https:\/\/blogs.univ-jfc.fr\/archampo\/wp-content\/uploads\/sites\/125\/2024\/04\/Grenet-300x200.jpg 300w, https:\/\/blogs.univ-jfc.fr\/archampo\/wp-content\/uploads\/sites\/125\/2024\/04\/Grenet-768x512.jpg 768w, https:\/\/blogs.univ-jfc.fr\/archampo\/wp-content\/uploads\/sites\/125\/2024\/04\/Grenet-1536x1024.jpg 1536w, https:\/\/blogs.univ-jfc.fr\/archampo\/wp-content\/uploads\/sites\/125\/2024\/04\/Grenet-2048x1365.jpg 2048w\" sizes=\"(max-width: 1024px) 100vw, 1024px\" \/><\/figure><div class=\"wp-block-media-text__content\">\n<h4><a href=\"https:\/\/www.radiofrance.fr\/franceculture\/podcasts\/le-cours-de-l-histoire\/de-port-en-port-traverser-la-mediterranee-aux-temps-modernes-3696650\" data-type=\"URL\" data-id=\"https:\/\/www.radiofrance.fr\/franceculture\/podcasts\/le-cours-de-l-histoire\/de-port-en-port-traverser-la-mediterranee-aux-temps-modernes-3696650\">France Culture &#8211; Le cours de l&rsquo;Histoire, 24 janvier 2024 : De port en port, traverser la M\u00e9diterran\u00e9e aux Temps modernes, avec Mathieu Grenet.<\/a><\/h4>\n<\/div><\/div>\n","protected":false},"excerpt":{"rendered":"<p>Signaler un podcast : caroline.barrera@univ-jfc.fr 2015 Performances po\u00e9tiques. [Vid\u00e9o]. Canal-U &#8211; Colloque d&rsquo;Albi Champollion 19 et 20 mars 2015. France Culture &#8211; Le cours de l&rsquo;Histoire, 5 novembre 2019 : De pierre et d\u2019os : la mati\u00e8re de nos villes, avec Sandrine Victor. France Inter &#8211; Le t\u00e9l\u00e9phone sonne &#8211; Comment r\u00e9\u00e9quilibrer les services publics &hellip; <a href=\"https:\/\/blogs.univ-jfc.fr\/archampo\/podcasts\/\" class=\"more-link\">Continuer la lecture de <span class=\"screen-reader-text\">Podcasts<\/span> <span class=\"meta-nav\">&rarr;<\/span><\/a><\/p>\n","protected":false},"author":19,"featured_media":0,"parent":0,"menu_order":0,"comment_status":"closed","ping_status":"closed","template":"","meta":[],"_links":{"self":[{"href":"https:\/\/blogs.univ-jfc.fr\/archampo\/wp-json\/wp\/v2\/pages\/1224"}],"collection":[{"href":"https:\/\/blogs.univ-jfc.fr\/archampo\/wp-json\/wp\/v2\/pages"}],"about":[{"href":"https:\/\/blogs.univ-jfc.fr\/archampo\/wp-json\/wp\/v2\/types\/page"}],"author":[{"embeddable":true,"href":"https:\/\/blogs.univ-jfc.fr\/archampo\/wp-json\/wp\/v2\/users\/19"}],"replies":[{"embeddable":true,"href":"https:\/\/blogs.univ-jfc.fr\/archampo\/wp-json\/wp\/v2\/comments?post=1224"}],"version-history":[{"count":12,"href":"https:\/\/blogs.univ-jfc.fr\/archampo\/wp-json\/wp\/v2\/pages\/1224\/revisions"}],"predecessor-version":[{"id":1295,"href":"https:\/\/blogs.univ-jfc.fr\/archampo\/wp-json\/wp\/v2\/pages\/1224\/revisions\/1295"}],"wp:attachment":[{"href":"https:\/\/blogs.univ-jfc.fr\/archampo\/wp-json\/wp\/v2\/media?parent=1224"}],"curies":[{"name":"wp","href":"https:\/\/api.w.org\/{rel}","templated":true}]}}