{"id":1346,"date":"2024-04-23T13:37:12","date_gmt":"2024-04-23T11:37:12","guid":{"rendered":"https:\/\/blogs.univ-jfc.fr\/archampo\/?page_id=1346"},"modified":"2024-09-10T18:27:01","modified_gmt":"2024-09-10T16:27:01","slug":"les-cafes-geo","status":"publish","type":"page","link":"https:\/\/blogs.univ-jfc.fr\/archampo\/les-cafes-geo\/","title":{"rendered":"Les Caf\u00e9s g\u00e9o"},"content":{"rendered":"\n<div class=\"wp-block-media-text alignwide is-stacked-on-mobile\" style=\"grid-template-columns:38% auto\"><figure class=\"wp-block-media-text__media\"><img loading=\"lazy\" width=\"529\" height=\"1024\" src=\"https:\/\/blogs.univ-jfc.fr\/archampo\/wp-content\/uploads\/sites\/125\/2024\/05\/2010-529x1024.jpg\" alt=\"\" class=\"wp-image-1467 size-full\" srcset=\"https:\/\/blogs.univ-jfc.fr\/archampo\/wp-content\/uploads\/sites\/125\/2024\/05\/2010-529x1024.jpg 529w, https:\/\/blogs.univ-jfc.fr\/archampo\/wp-content\/uploads\/sites\/125\/2024\/05\/2010-155x300.jpg 155w, https:\/\/blogs.univ-jfc.fr\/archampo\/wp-content\/uploads\/sites\/125\/2024\/05\/2010.jpg 600w\" sizes=\"(max-width: 529px) 100vw, 529px\" \/><\/figure><div class=\"wp-block-media-text__content\">\n<p class=\"has-large-font-size\">Affiche des caf\u00e9s g\u00e9o 2010-2011<\/p>\n<\/div><\/div>\n\n\n\n<div class=\"wp-block-media-text alignwide is-stacked-on-mobile\" style=\"grid-template-columns:38% auto\"><figure class=\"wp-block-media-text__media\"><img loading=\"lazy\" width=\"512\" height=\"1024\" src=\"https:\/\/blogs.univ-jfc.fr\/archampo\/wp-content\/uploads\/sites\/125\/2024\/05\/Affiche_CAFEGEO_225x450_2011_12-512x1024.jpg\" alt=\"\" class=\"wp-image-1468 size-full\" srcset=\"https:\/\/blogs.univ-jfc.fr\/archampo\/wp-content\/uploads\/sites\/125\/2024\/05\/Affiche_CAFEGEO_225x450_2011_12-512x1024.jpg 512w, https:\/\/blogs.univ-jfc.fr\/archampo\/wp-content\/uploads\/sites\/125\/2024\/05\/Affiche_CAFEGEO_225x450_2011_12-150x300.jpg 150w, https:\/\/blogs.univ-jfc.fr\/archampo\/wp-content\/uploads\/sites\/125\/2024\/05\/Affiche_CAFEGEO_225x450_2011_12.jpg 600w\" sizes=\"(max-width: 512px) 100vw, 512px\" \/><\/figure><div class=\"wp-block-media-text__content\">\n<p class=\"has-large-font-size\">Affiche des caf\u00e9s g\u00e9o 2011-2012<\/p>\n<\/div><\/div>\n\n\n\n<div class=\"wp-block-media-text alignwide is-stacked-on-mobile\" style=\"grid-template-columns:38% auto\"><figure class=\"wp-block-media-text__media\"><img loading=\"lazy\" width=\"512\" height=\"1024\" src=\"https:\/\/blogs.univ-jfc.fr\/archampo\/wp-content\/uploads\/sites\/125\/2024\/05\/Affiche_CAFEGEO_225x450_2012_13-512x1024.jpg\" alt=\"\" class=\"wp-image-1469 size-full\" srcset=\"https:\/\/blogs.univ-jfc.fr\/archampo\/wp-content\/uploads\/sites\/125\/2024\/05\/Affiche_CAFEGEO_225x450_2012_13-512x1024.jpg 512w, https:\/\/blogs.univ-jfc.fr\/archampo\/wp-content\/uploads\/sites\/125\/2024\/05\/Affiche_CAFEGEO_225x450_2012_13-150x300.jpg 150w, https:\/\/blogs.univ-jfc.fr\/archampo\/wp-content\/uploads\/sites\/125\/2024\/05\/Affiche_CAFEGEO_225x450_2012_13.jpg 600w\" sizes=\"(max-width: 512px) 100vw, 512px\" \/><\/figure><div class=\"wp-block-media-text__content\">\n<p class=\"has-large-font-size\">Affiche des caf\u00e9s g\u00e9o 2012-2013<\/p>\n<\/div><\/div>\n\n\n\n<div class=\"wp-block-media-text alignwide is-stacked-on-mobile\" style=\"grid-template-columns:38% auto\"><figure class=\"wp-block-media-text__media\"><img loading=\"lazy\" width=\"512\" height=\"1024\" src=\"https:\/\/blogs.univ-jfc.fr\/archampo\/wp-content\/uploads\/sites\/125\/2024\/05\/Affiche_CAFEGEO_225x450_2013_14-512x1024.jpg\" alt=\"\" class=\"wp-image-1471 size-full\" srcset=\"https:\/\/blogs.univ-jfc.fr\/archampo\/wp-content\/uploads\/sites\/125\/2024\/05\/Affiche_CAFEGEO_225x450_2013_14-512x1024.jpg 512w, https:\/\/blogs.univ-jfc.fr\/archampo\/wp-content\/uploads\/sites\/125\/2024\/05\/Affiche_CAFEGEO_225x450_2013_14-150x300.jpg 150w, https:\/\/blogs.univ-jfc.fr\/archampo\/wp-content\/uploads\/sites\/125\/2024\/05\/Affiche_CAFEGEO_225x450_2013_14.jpg 600w\" sizes=\"(max-width: 512px) 100vw, 512px\" \/><\/figure><div class=\"wp-block-media-text__content\">\n<p class=\"has-large-font-size\">Affiche des caf\u00e9s g\u00e9o 2013-2014<\/p>\n<\/div><\/div>\n\n\n\n<div class=\"wp-block-media-text alignwide is-stacked-on-mobile\" style=\"grid-template-columns:38% auto\"><figure class=\"wp-block-media-text__media\"><img loading=\"lazy\" width=\"512\" height=\"1024\" src=\"https:\/\/blogs.univ-jfc.fr\/archampo\/wp-content\/uploads\/sites\/125\/2024\/09\/Affiche_CAFEGEO_2014-2015-512x1024.jpg\" alt=\"\" class=\"wp-image-2062 size-full\" srcset=\"https:\/\/blogs.univ-jfc.fr\/archampo\/wp-content\/uploads\/sites\/125\/2024\/09\/Affiche_CAFEGEO_2014-2015-512x1024.jpg 512w, https:\/\/blogs.univ-jfc.fr\/archampo\/wp-content\/uploads\/sites\/125\/2024\/09\/Affiche_CAFEGEO_2014-2015-150x300.jpg 150w, https:\/\/blogs.univ-jfc.fr\/archampo\/wp-content\/uploads\/sites\/125\/2024\/09\/Affiche_CAFEGEO_2014-2015.jpg 600w\" sizes=\"(max-width: 512px) 100vw, 512px\" \/><\/figure><div class=\"wp-block-media-text__content\">\n<p class=\"has-large-font-size\">Affiche des caf\u00e9s g\u00e9o 2014-2015<\/p>\n<\/div><\/div>\n\n\n\n<div class=\"wp-block-media-text alignwide is-stacked-on-mobile\" style=\"grid-template-columns:38% auto\"><figure class=\"wp-block-media-text__media\"><img loading=\"lazy\" width=\"512\" height=\"1024\" src=\"https:\/\/blogs.univ-jfc.fr\/archampo\/wp-content\/uploads\/sites\/125\/2024\/05\/Affiche_CAFEGEO_225x450_2015_16-512x1024.jpg\" alt=\"\" class=\"wp-image-1473 size-full\" srcset=\"https:\/\/blogs.univ-jfc.fr\/archampo\/wp-content\/uploads\/sites\/125\/2024\/05\/Affiche_CAFEGEO_225x450_2015_16-512x1024.jpg 512w, https:\/\/blogs.univ-jfc.fr\/archampo\/wp-content\/uploads\/sites\/125\/2024\/05\/Affiche_CAFEGEO_225x450_2015_16-150x300.jpg 150w, https:\/\/blogs.univ-jfc.fr\/archampo\/wp-content\/uploads\/sites\/125\/2024\/05\/Affiche_CAFEGEO_225x450_2015_16.jpg 600w\" sizes=\"(max-width: 512px) 100vw, 512px\" \/><\/figure><div class=\"wp-block-media-text__content\">\n<p class=\"has-large-font-size\">Affiche des caf\u00e9s g\u00e9o 2015-2016<\/p>\n<\/div><\/div>\n\n\n\n<div class=\"wp-block-media-text alignwide is-stacked-on-mobile\" style=\"grid-template-columns:38% auto\"><figure class=\"wp-block-media-text__media\"><img loading=\"lazy\" width=\"512\" height=\"1024\" src=\"https:\/\/blogs.univ-jfc.fr\/archampo\/wp-content\/uploads\/sites\/125\/2024\/05\/Affiche_CAFEGEO_225x450_2016_17-512x1024.jpg\" alt=\"\" class=\"wp-image-1474 size-full\" srcset=\"https:\/\/blogs.univ-jfc.fr\/archampo\/wp-content\/uploads\/sites\/125\/2024\/05\/Affiche_CAFEGEO_225x450_2016_17-512x1024.jpg 512w, https:\/\/blogs.univ-jfc.fr\/archampo\/wp-content\/uploads\/sites\/125\/2024\/05\/Affiche_CAFEGEO_225x450_2016_17-150x300.jpg 150w, https:\/\/blogs.univ-jfc.fr\/archampo\/wp-content\/uploads\/sites\/125\/2024\/05\/Affiche_CAFEGEO_225x450_2016_17.jpg 600w\" sizes=\"(max-width: 512px) 100vw, 512px\" \/><\/figure><div class=\"wp-block-media-text__content\">\n<p class=\"has-large-font-size\">Affiche des caf\u00e9s g\u00e9o 2016-2017<\/p>\n<\/div><\/div>\n\n\n\n<div class=\"wp-block-media-text alignwide is-stacked-on-mobile\" style=\"grid-template-columns:38% auto\"><figure class=\"wp-block-media-text__media\"><img loading=\"lazy\" width=\"512\" height=\"1024\" src=\"https:\/\/blogs.univ-jfc.fr\/archampo\/wp-content\/uploads\/sites\/125\/2024\/05\/Affiche_CAFEGEO_225x450_2017_18-512x1024.jpg\" alt=\"\" class=\"wp-image-1475 size-full\" srcset=\"https:\/\/blogs.univ-jfc.fr\/archampo\/wp-content\/uploads\/sites\/125\/2024\/05\/Affiche_CAFEGEO_225x450_2017_18-512x1024.jpg 512w, https:\/\/blogs.univ-jfc.fr\/archampo\/wp-content\/uploads\/sites\/125\/2024\/05\/Affiche_CAFEGEO_225x450_2017_18-150x300.jpg 150w, https:\/\/blogs.univ-jfc.fr\/archampo\/wp-content\/uploads\/sites\/125\/2024\/05\/Affiche_CAFEGEO_225x450_2017_18.jpg 600w\" sizes=\"(max-width: 512px) 100vw, 512px\" \/><\/figure><div class=\"wp-block-media-text__content\">\n<p class=\"has-large-font-size\">Affiche des caf\u00e9s g\u00e9o 2017-2018<\/p>\n<\/div><\/div>\n\n\n\n<div class=\"wp-block-media-text alignwide is-stacked-on-mobile\" style=\"grid-template-columns:38% auto\"><figure class=\"wp-block-media-text__media\"><img loading=\"lazy\" width=\"529\" height=\"1024\" src=\"https:\/\/blogs.univ-jfc.fr\/archampo\/wp-content\/uploads\/sites\/125\/2024\/05\/Affiche_CAFEGEO_225x450_2018_19-529x1024.jpg\" alt=\"\" class=\"wp-image-1476 size-full\" srcset=\"https:\/\/blogs.univ-jfc.fr\/archampo\/wp-content\/uploads\/sites\/125\/2024\/05\/Affiche_CAFEGEO_225x450_2018_19-529x1024.jpg 529w, https:\/\/blogs.univ-jfc.fr\/archampo\/wp-content\/uploads\/sites\/125\/2024\/05\/Affiche_CAFEGEO_225x450_2018_19-155x300.jpg 155w, https:\/\/blogs.univ-jfc.fr\/archampo\/wp-content\/uploads\/sites\/125\/2024\/05\/Affiche_CAFEGEO_225x450_2018_19.jpg 600w\" sizes=\"(max-width: 529px) 100vw, 529px\" \/><\/figure><div class=\"wp-block-media-text__content\">\n<p class=\"has-large-font-size\">Affiche des caf\u00e9s g\u00e9o 2018-2019<\/p>\n<\/div><\/div>\n\n\n\n<div class=\"wp-block-media-text alignwide is-stacked-on-mobile\" style=\"grid-template-columns:38% auto\"><figure class=\"wp-block-media-text__media\"><img loading=\"lazy\" width=\"534\" height=\"1024\" src=\"https:\/\/blogs.univ-jfc.fr\/archampo\/wp-content\/uploads\/sites\/125\/2024\/05\/Affiche_CAFEGEO_225x450_2019_20-534x1024.jpg\" alt=\"\" class=\"wp-image-1478 size-full\" srcset=\"https:\/\/blogs.univ-jfc.fr\/archampo\/wp-content\/uploads\/sites\/125\/2024\/05\/Affiche_CAFEGEO_225x450_2019_20-534x1024.jpg 534w, https:\/\/blogs.univ-jfc.fr\/archampo\/wp-content\/uploads\/sites\/125\/2024\/05\/Affiche_CAFEGEO_225x450_2019_20-157x300.jpg 157w, https:\/\/blogs.univ-jfc.fr\/archampo\/wp-content\/uploads\/sites\/125\/2024\/05\/Affiche_CAFEGEO_225x450_2019_20.jpg 600w\" sizes=\"(max-width: 534px) 100vw, 534px\" \/><\/figure><div class=\"wp-block-media-text__content\">\n<p class=\"has-large-font-size\">Affiche des caf\u00e9s g\u00e9o 2019-2020<\/p>\n<\/div><\/div>\n\n\n\n<div class=\"wp-block-media-text alignwide is-stacked-on-mobile\" style=\"grid-template-columns:37% auto\"><figure class=\"wp-block-media-text__media\"><img loading=\"lazy\" width=\"512\" height=\"1024\" src=\"https:\/\/blogs.univ-jfc.fr\/archampo\/wp-content\/uploads\/sites\/125\/2024\/05\/Affiche_CAFEGEO_225x450_2020_21-512x1024.jpg\" alt=\"\" class=\"wp-image-1479 size-full\" srcset=\"https:\/\/blogs.univ-jfc.fr\/archampo\/wp-content\/uploads\/sites\/125\/2024\/05\/Affiche_CAFEGEO_225x450_2020_21-512x1024.jpg 512w, https:\/\/blogs.univ-jfc.fr\/archampo\/wp-content\/uploads\/sites\/125\/2024\/05\/Affiche_CAFEGEO_225x450_2020_21-150x300.jpg 150w, https:\/\/blogs.univ-jfc.fr\/archampo\/wp-content\/uploads\/sites\/125\/2024\/05\/Affiche_CAFEGEO_225x450_2020_21.jpg 600w\" sizes=\"(max-width: 512px) 100vw, 512px\" \/><\/figure><div class=\"wp-block-media-text__content\">\n<p class=\"has-large-font-size\">Affiche des caf\u00e9s g\u00e9o 2020-2021<\/p>\n<\/div><\/div>\n\n\n\n<div class=\"wp-block-media-text alignwide is-stacked-on-mobile\" style=\"grid-template-columns:37% auto\"><figure class=\"wp-block-media-text__media\"><img loading=\"lazy\" width=\"512\" height=\"1024\" src=\"https:\/\/blogs.univ-jfc.fr\/archampo\/wp-content\/uploads\/sites\/125\/2024\/05\/Affiche_CAFEGEO_225x450_2021_22-512x1024.jpg\" alt=\"\" class=\"wp-image-1480 size-full\" srcset=\"https:\/\/blogs.univ-jfc.fr\/archampo\/wp-content\/uploads\/sites\/125\/2024\/05\/Affiche_CAFEGEO_225x450_2021_22-512x1024.jpg 512w, https:\/\/blogs.univ-jfc.fr\/archampo\/wp-content\/uploads\/sites\/125\/2024\/05\/Affiche_CAFEGEO_225x450_2021_22-150x300.jpg 150w, https:\/\/blogs.univ-jfc.fr\/archampo\/wp-content\/uploads\/sites\/125\/2024\/05\/Affiche_CAFEGEO_225x450_2021_22.jpg 600w\" sizes=\"(max-width: 512px) 100vw, 512px\" \/><\/figure><div class=\"wp-block-media-text__content\">\n<p class=\"has-large-font-size\">Affiche des caf\u00e9s g\u00e9o 2021-2022<\/p>\n<\/div><\/div>\n\n\n\n<div class=\"wp-block-media-text alignwide is-stacked-on-mobile\" style=\"grid-template-columns:37% auto\"><figure class=\"wp-block-media-text__media\"><img loading=\"lazy\" width=\"534\" height=\"1024\" src=\"https:\/\/blogs.univ-jfc.fr\/archampo\/wp-content\/uploads\/sites\/125\/2024\/05\/Affiche_CAFEGEO_225x450_2022_23-534x1024.jpg\" alt=\"\" class=\"wp-image-1481 size-full\" srcset=\"https:\/\/blogs.univ-jfc.fr\/archampo\/wp-content\/uploads\/sites\/125\/2024\/05\/Affiche_CAFEGEO_225x450_2022_23-534x1024.jpg 534w, https:\/\/blogs.univ-jfc.fr\/archampo\/wp-content\/uploads\/sites\/125\/2024\/05\/Affiche_CAFEGEO_225x450_2022_23-157x300.jpg 157w, https:\/\/blogs.univ-jfc.fr\/archampo\/wp-content\/uploads\/sites\/125\/2024\/05\/Affiche_CAFEGEO_225x450_2022_23.jpg 600w\" sizes=\"(max-width: 534px) 100vw, 534px\" \/><\/figure><div class=\"wp-block-media-text__content\">\n<p class=\"has-large-font-size\">Affiche des caf\u00e9s g\u00e9o 2022-2023<\/p>\n<\/div><\/div>\n\n\n\n<div class=\"wp-block-media-text alignwide is-stacked-on-mobile\" style=\"grid-template-columns:37% auto\"><figure class=\"wp-block-media-text__media\"><img loading=\"lazy\" width=\"534\" height=\"1024\" src=\"https:\/\/blogs.univ-jfc.fr\/archampo\/wp-content\/uploads\/sites\/125\/2024\/09\/Affiche_CAFEGEO_2023-24-534x1024.jpg\" alt=\"\" class=\"wp-image-2064 size-full\" srcset=\"https:\/\/blogs.univ-jfc.fr\/archampo\/wp-content\/uploads\/sites\/125\/2024\/09\/Affiche_CAFEGEO_2023-24-534x1024.jpg 534w, https:\/\/blogs.univ-jfc.fr\/archampo\/wp-content\/uploads\/sites\/125\/2024\/09\/Affiche_CAFEGEO_2023-24-157x300.jpg 157w, https:\/\/blogs.univ-jfc.fr\/archampo\/wp-content\/uploads\/sites\/125\/2024\/09\/Affiche_CAFEGEO_2023-24.jpg 600w\" sizes=\"(max-width: 534px) 100vw, 534px\" \/><\/figure><div class=\"wp-block-media-text__content\">\n<p class=\"has-large-font-size\">Affiche des caf\u00e9s g\u00e9o 2023-2024<\/p>\n<\/div><\/div>\n\n\n\n<div class=\"wp-block-media-text alignwide is-stacked-on-mobile\" style=\"grid-template-columns:37% auto\"><figure class=\"wp-block-media-text__media\"><img loading=\"lazy\" width=\"534\" height=\"1024\" src=\"https:\/\/blogs.univ-jfc.fr\/archampo\/wp-content\/uploads\/sites\/125\/2024\/09\/CAFEGEO_Affiche_225x450mm_24-25-1-534x1024.jpg\" alt=\"\" class=\"wp-image-2060 size-full\" srcset=\"https:\/\/blogs.univ-jfc.fr\/archampo\/wp-content\/uploads\/sites\/125\/2024\/09\/CAFEGEO_Affiche_225x450mm_24-25-1-534x1024.jpg 534w, https:\/\/blogs.univ-jfc.fr\/archampo\/wp-content\/uploads\/sites\/125\/2024\/09\/CAFEGEO_Affiche_225x450mm_24-25-1-157x300.jpg 157w, https:\/\/blogs.univ-jfc.fr\/archampo\/wp-content\/uploads\/sites\/125\/2024\/09\/CAFEGEO_Affiche_225x450mm_24-25-1.jpg 600w\" sizes=\"(max-width: 534px) 100vw, 534px\" \/><\/figure><div class=\"wp-block-media-text__content\">\n<p class=\"has-large-font-size\">Affiche des Caf\u00e9s G\u00e9o 2024-2025<\/p>\n<\/div><\/div>\n","protected":false},"excerpt":{"rendered":"<p>Affiche des caf\u00e9s g\u00e9o 2010-2011 Affiche des caf\u00e9s g\u00e9o 2011-2012 Affiche des caf\u00e9s g\u00e9o 2012-2013 Affiche des caf\u00e9s g\u00e9o 2013-2014 Affiche des caf\u00e9s g\u00e9o 2014-2015 Affiche des caf\u00e9s g\u00e9o 2015-2016 Affiche des caf\u00e9s g\u00e9o 2016-2017 Affiche des caf\u00e9s g\u00e9o 2017-2018 Affiche des caf\u00e9s g\u00e9o 2018-2019 Affiche des caf\u00e9s g\u00e9o 2019-2020 Affiche des caf\u00e9s g\u00e9o 2020-2021 &hellip; <a href=\"https:\/\/blogs.univ-jfc.fr\/archampo\/les-cafes-geo\/\" class=\"more-link\">Continuer la lecture de <span class=\"screen-reader-text\">Les Caf\u00e9s g\u00e9o<\/span> <span class=\"meta-nav\">&rarr;<\/span><\/a><\/p>\n","protected":false},"author":19,"featured_media":0,"parent":0,"menu_order":0,"comment_status":"closed","ping_status":"closed","template":"","meta":[],"_links":{"self":[{"href":"https:\/\/blogs.univ-jfc.fr\/archampo\/wp-json\/wp\/v2\/pages\/1346"}],"collection":[{"href":"https:\/\/blogs.univ-jfc.fr\/archampo\/wp-json\/wp\/v2\/pages"}],"about":[{"href":"https:\/\/blogs.univ-jfc.fr\/archampo\/wp-json\/wp\/v2\/types\/page"}],"author":[{"embeddable":true,"href":"https:\/\/blogs.univ-jfc.fr\/archampo\/wp-json\/wp\/v2\/users\/19"}],"replies":[{"embeddable":true,"href":"https:\/\/blogs.univ-jfc.fr\/archampo\/wp-json\/wp\/v2\/comments?post=1346"}],"version-history":[{"count":7,"href":"https:\/\/blogs.univ-jfc.fr\/archampo\/wp-json\/wp\/v2\/pages\/1346\/revisions"}],"predecessor-version":[{"id":2065,"href":"https:\/\/blogs.univ-jfc.fr\/archampo\/wp-json\/wp\/v2\/pages\/1346\/revisions\/2065"}],"wp:attachment":[{"href":"https:\/\/blogs.univ-jfc.fr\/archampo\/wp-json\/wp\/v2\/media?parent=1346"}],"curies":[{"name":"wp","href":"https:\/\/api.w.org\/{rel}","templated":true}]}}