{"id":16,"date":"2024-03-29T09:23:22","date_gmt":"2024-03-29T08:23:22","guid":{"rendered":"https:\/\/blogs.univ-jfc.fr\/archampo\/?page_id=16"},"modified":"2024-08-20T18:30:12","modified_gmt":"2024-08-20T16:30:12","slug":"accueil","status":"publish","type":"page","link":"https:\/\/blogs.univ-jfc.fr\/archampo\/","title":{"rendered":"ARCHAMPO"},"content":{"rendered":"\n<figure class=\"wp-block-gallery columns-3 is-cropped\"><ul class=\"blocks-gallery-grid\"><li class=\"blocks-gallery-item\"><figure><img loading=\"lazy\" width=\"600\" height=\"450\" src=\"https:\/\/blogs.univ-jfc.fr\/archampo\/wp-content\/uploads\/sites\/125\/2024\/04\/DSCF0483-1.jpg\" alt=\"\" data-id=\"887\" data-link=\"https:\/\/blogs.univ-jfc.fr\/archampo\/accueil\/dscf0483-1\/\" class=\"wp-image-887\" srcset=\"https:\/\/blogs.univ-jfc.fr\/archampo\/wp-content\/uploads\/sites\/125\/2024\/04\/DSCF0483-1.jpg 600w, https:\/\/blogs.univ-jfc.fr\/archampo\/wp-content\/uploads\/sites\/125\/2024\/04\/DSCF0483-1-300x225.jpg 300w\" sizes=\"(max-width: 600px) 100vw, 600px\" \/><figcaption class=\"blocks-gallery-item__caption\">Campus de Rodez<\/figcaption><\/figure><\/li><li class=\"blocks-gallery-item\"><figure><img loading=\"lazy\" width=\"427\" height=\"640\" src=\"https:\/\/blogs.univ-jfc.fr\/archampo\/wp-content\/uploads\/sites\/125\/2024\/04\/11979421926_fcc108d1e7_z.jpg\" alt=\"\" data-id=\"888\" data-link=\"https:\/\/blogs.univ-jfc.fr\/archampo\/accueil\/11979421926_fcc108d1e7_z\/\" class=\"wp-image-888\" srcset=\"https:\/\/blogs.univ-jfc.fr\/archampo\/wp-content\/uploads\/sites\/125\/2024\/04\/11979421926_fcc108d1e7_z.jpg 427w, https:\/\/blogs.univ-jfc.fr\/archampo\/wp-content\/uploads\/sites\/125\/2024\/04\/11979421926_fcc108d1e7_z-200x300.jpg 200w\" sizes=\"(max-width: 427px) 100vw, 427px\" \/><figcaption class=\"blocks-gallery-item__caption\">Campus d&rsquo;Albi<\/figcaption><\/figure><\/li><li class=\"blocks-gallery-item\"><figure><img loading=\"lazy\" width=\"1024\" height=\"683\" src=\"https:\/\/blogs.univ-jfc.fr\/archampo\/wp-content\/uploads\/sites\/125\/2024\/04\/campus-de-la-borde-basse-castres-universit-champollion_11977849535_o-1024x683.jpg\" alt=\"\" data-id=\"889\" data-full-url=\"https:\/\/blogs.univ-jfc.fr\/archampo\/wp-content\/uploads\/sites\/125\/2024\/04\/campus-de-la-borde-basse-castres-universit-champollion_11977849535_o-scaled.jpg\" data-link=\"https:\/\/blogs.univ-jfc.fr\/archampo\/accueil\/campus-de-la-borde-basse-castres-universit-champollion_11977849535_o\/\" class=\"wp-image-889\" srcset=\"https:\/\/blogs.univ-jfc.fr\/archampo\/wp-content\/uploads\/sites\/125\/2024\/04\/campus-de-la-borde-basse-castres-universit-champollion_11977849535_o-1024x683.jpg 1024w, https:\/\/blogs.univ-jfc.fr\/archampo\/wp-content\/uploads\/sites\/125\/2024\/04\/campus-de-la-borde-basse-castres-universit-champollion_11977849535_o-300x200.jpg 300w, https:\/\/blogs.univ-jfc.fr\/archampo\/wp-content\/uploads\/sites\/125\/2024\/04\/campus-de-la-borde-basse-castres-universit-champollion_11977849535_o-768x512.jpg 768w, https:\/\/blogs.univ-jfc.fr\/archampo\/wp-content\/uploads\/sites\/125\/2024\/04\/campus-de-la-borde-basse-castres-universit-champollion_11977849535_o-1536x1024.jpg 1536w, https:\/\/blogs.univ-jfc.fr\/archampo\/wp-content\/uploads\/sites\/125\/2024\/04\/campus-de-la-borde-basse-castres-universit-champollion_11977849535_o-2048x1366.jpg 2048w\" sizes=\"(max-width: 1024px) 100vw, 1024px\" \/><figcaption class=\"blocks-gallery-item__caption\">Campus de Castres<\/figcaption><\/figure><\/li><\/ul><\/figure>\n\n\n\n<p><span class=\"has-inline-color has-light-brown-color\">En 2023, un groupe de travail<a rel=\"noreferrer noopener\" href=\"https:\/\/blogs.univ-jfc.fr\/archampo\/wp-admin\/post.php?post=894&amp;action=edit\" target=\"_blank\">*<\/a> s&rsquo;est mis en place \u00e0 l&rsquo;Institut national Universitaire Champollion pour s\u00e9curiser et enrichir les archives historiques de Champollion. Sa d\u00e9marche et son action prennent le nom de \u00ab\u00a0projet ARCHAMPO\u00a0\u00bb.<\/span><\/p>\n\n\n\n<p><span class=\"has-inline-color has-light-brown-color\">Apr\u00e8s 33 ans d&rsquo;existence, le temps \u00e9tait venu de se pencher sur l&rsquo;histoire encore r\u00e9cente de cette institution originale, de prot\u00e9ger ses archives et d&rsquo;enrichir la documentation de sa cr\u00e9ation, tant que les premiers acteurs et les premi\u00e8res actrices de cette aventure acad\u00e9mique pouvaient encore t\u00e9moigner.<\/span><\/p>\n\n\n\n<p><span class=\"has-inline-color has-light-brown-color\">Diverses actions sont alors lanc\u00e9es : \u00ab\u00a0Grande Collecte\u00a0\u00bb, inventaire et s\u00e9curisation des archives historiques, constitution d&rsquo;archives orales, travail sur la chronologie, mise en place d&rsquo;une phototh\u00e8que et d&rsquo;une vid\u00e9oth\u00e8que, organisation de la consultation des archives pour les chercheuses et chercheurs, etc.<\/span><\/p>\n\n\n\n<p><span class=\"has-inline-color has-light-brown-color\">C&rsquo;est une partie de ce travail &#8211; toujours en cours &#8211; qui est ici mis \u00e0 disposition de toutes et tous. Chacun est invit\u00e9 \u00e0 y participer, \u00e0 l&rsquo;enrichir et \u00e0 signaler d&rsquo;\u00e9ventuelles erreurs.<\/span><\/p>\n\n\n\n<p class=\"has-text-align-right\"><strong><span class=\"has-inline-color has-light-brown-color\">Le GT Archampo, 1er septembre  2024.<\/span><\/strong><\/p>\n\n\n\n<p class=\"has-text-align-right\"><strong><a href=\"https:\/\/blogs.univ-jfc.fr\/archampo\/le-gt-archampo-au-travail\/\" data-type=\"URL\" data-id=\"https:\/\/blogs.univ-jfc.fr\/archampo\/le-gt-archampo-au-travail\/\">Le GT Archampo au travail<\/a><\/strong><\/p>\n\n\n\n<p><span class=\"has-inline-color has-light-brown-color\">Contact : caroline.barrera@univ-jfc.fr<\/span><\/p>\n","protected":false},"excerpt":{"rendered":"<p>En 2023, un groupe de travail* s&rsquo;est mis en place \u00e0 l&rsquo;Institut national Universitaire Champollion pour s\u00e9curiser et enrichir les archives historiques de Champollion. Sa d\u00e9marche et son action prennent le nom de \u00ab\u00a0projet ARCHAMPO\u00a0\u00bb. Apr\u00e8s 33 ans d&rsquo;existence, le temps \u00e9tait venu de se pencher sur l&rsquo;histoire encore r\u00e9cente de cette institution originale, de &hellip; <a href=\"https:\/\/blogs.univ-jfc.fr\/archampo\/\" class=\"more-link\">Continuer la lecture de <span class=\"screen-reader-text\">ARCHAMPO<\/span> <span class=\"meta-nav\">&rarr;<\/span><\/a><\/p>\n","protected":false},"author":242,"featured_media":0,"parent":0,"menu_order":0,"comment_status":"closed","ping_status":"closed","template":"","meta":[],"_links":{"self":[{"href":"https:\/\/blogs.univ-jfc.fr\/archampo\/wp-json\/wp\/v2\/pages\/16"}],"collection":[{"href":"https:\/\/blogs.univ-jfc.fr\/archampo\/wp-json\/wp\/v2\/pages"}],"about":[{"href":"https:\/\/blogs.univ-jfc.fr\/archampo\/wp-json\/wp\/v2\/types\/page"}],"author":[{"embeddable":true,"href":"https:\/\/blogs.univ-jfc.fr\/archampo\/wp-json\/wp\/v2\/users\/242"}],"replies":[{"embeddable":true,"href":"https:\/\/blogs.univ-jfc.fr\/archampo\/wp-json\/wp\/v2\/comments?post=16"}],"version-history":[{"count":35,"href":"https:\/\/blogs.univ-jfc.fr\/archampo\/wp-json\/wp\/v2\/pages\/16\/revisions"}],"predecessor-version":[{"id":2004,"href":"https:\/\/blogs.univ-jfc.fr\/archampo\/wp-json\/wp\/v2\/pages\/16\/revisions\/2004"}],"wp:attachment":[{"href":"https:\/\/blogs.univ-jfc.fr\/archampo\/wp-json\/wp\/v2\/media?parent=16"}],"curies":[{"name":"wp","href":"https:\/\/api.w.org\/{rel}","templated":true}]}}