{"id":1663,"date":"2024-06-01T17:15:34","date_gmt":"2024-06-01T15:15:34","guid":{"rendered":"https:\/\/blogs.univ-jfc.fr\/archampo\/?page_id=1663"},"modified":"2024-06-01T17:51:41","modified_gmt":"2024-06-01T15:51:41","slug":"29-mai-1994-exposition-les-ecoles-dans-le-tarn-campus-dalbi","status":"publish","type":"page","link":"https:\/\/blogs.univ-jfc.fr\/archampo\/29-mai-1994-exposition-les-ecoles-dans-le-tarn-campus-dalbi\/","title":{"rendered":"29 mai 1994 &#8211; Exposition les \u00e9coles dans le Tarn (Campus d&rsquo;Albi)"},"content":{"rendered":"\n<h5>L&rsquo;exposition est organis\u00e9e par le Pr Philippe Delvit dans le Pavillon de la Garde (actuelle salle du bas rez-de-chauss\u00e9e du service communication). Une salle de classe d&rsquo;\u00e9cole primaire est reconstitu\u00e9e.<\/h5>\n\n\n\n<div class=\"wp-block-media-text alignwide is-stacked-on-mobile\"><figure class=\"wp-block-media-text__media\"><img loading=\"lazy\" width=\"1024\" height=\"699\" src=\"https:\/\/blogs.univ-jfc.fr\/archampo\/wp-content\/uploads\/sites\/125\/2024\/06\/expo1-Copie-1024x699.jpeg\" alt=\"\" class=\"wp-image-1669 size-full\" srcset=\"https:\/\/blogs.univ-jfc.fr\/archampo\/wp-content\/uploads\/sites\/125\/2024\/06\/expo1-Copie-1024x699.jpeg 1024w, https:\/\/blogs.univ-jfc.fr\/archampo\/wp-content\/uploads\/sites\/125\/2024\/06\/expo1-Copie-300x205.jpeg 300w, https:\/\/blogs.univ-jfc.fr\/archampo\/wp-content\/uploads\/sites\/125\/2024\/06\/expo1-Copie-768x524.jpeg 768w, https:\/\/blogs.univ-jfc.fr\/archampo\/wp-content\/uploads\/sites\/125\/2024\/06\/expo1-Copie-1536x1048.jpeg 1536w, https:\/\/blogs.univ-jfc.fr\/archampo\/wp-content\/uploads\/sites\/125\/2024\/06\/expo1-Copie.jpeg 1666w\" sizes=\"(max-width: 1024px) 100vw, 1024px\" \/><\/figure><div class=\"wp-block-media-text__content\">\n<h6>Reconstitution d&rsquo;une salle de classe primaire d&rsquo;une \u00e9cole tarnaise dans le pavillon de la garde du campus Lap\u00e9rouse d&rsquo;Albi, 29 mai 1994. Exposition organis\u00e9e par Philippe Delvit.<\/h6>\n\n\n\n<p>\u00a9 Archives de l\u2019INU Champollion \u2013 1FI.<\/p>\n<\/div><\/div>\n\n\n\n<div class=\"wp-block-media-text alignwide is-stacked-on-mobile\"><figure class=\"wp-block-media-text__media\"><img loading=\"lazy\" width=\"1024\" height=\"710\" src=\"https:\/\/blogs.univ-jfc.fr\/archampo\/wp-content\/uploads\/sites\/125\/2024\/06\/expo1-1024x710.jpeg\" alt=\"\" class=\"wp-image-1672 size-full\" srcset=\"https:\/\/blogs.univ-jfc.fr\/archampo\/wp-content\/uploads\/sites\/125\/2024\/06\/expo1-1024x710.jpeg 1024w, https:\/\/blogs.univ-jfc.fr\/archampo\/wp-content\/uploads\/sites\/125\/2024\/06\/expo1-300x208.jpeg 300w, https:\/\/blogs.univ-jfc.fr\/archampo\/wp-content\/uploads\/sites\/125\/2024\/06\/expo1-768x533.jpeg 768w, https:\/\/blogs.univ-jfc.fr\/archampo\/wp-content\/uploads\/sites\/125\/2024\/06\/expo1-1536x1065.jpeg 1536w, https:\/\/blogs.univ-jfc.fr\/archampo\/wp-content\/uploads\/sites\/125\/2024\/06\/expo1.jpeg 1625w\" sizes=\"(max-width: 1024px) 100vw, 1024px\" \/><\/figure><div class=\"wp-block-media-text__content\">\n<h6>Reconstitution d&rsquo;une salle de classe primaire d&rsquo;une \u00e9cole tarnaise dans le pavillon de la garde du campus Lap\u00e9rouse d&rsquo;Albi, 29 mai 1994. Exposition organis\u00e9e par Philippe Delvit. Debout de gauche \u00e0 droite, Bernard Saint-Girons, pr\u00e9sident de Toulouse I, Olivier Devaux et Michel castel, maire d&rsquo;Albi (en costume gris).<\/h6>\n\n\n\n<p>\u00a9 Archives de l\u2019INU Champollion \u2013 1FI.<\/p>\n<\/div><\/div>\n\n\n\n<div class=\"wp-block-media-text alignwide is-stacked-on-mobile\"><figure class=\"wp-block-media-text__media\"><img loading=\"lazy\" width=\"1024\" height=\"692\" src=\"https:\/\/blogs.univ-jfc.fr\/archampo\/wp-content\/uploads\/sites\/125\/2024\/06\/expo3-1024x692.jpeg\" alt=\"\" class=\"wp-image-1674 size-full\" srcset=\"https:\/\/blogs.univ-jfc.fr\/archampo\/wp-content\/uploads\/sites\/125\/2024\/06\/expo3-1024x692.jpeg 1024w, https:\/\/blogs.univ-jfc.fr\/archampo\/wp-content\/uploads\/sites\/125\/2024\/06\/expo3-300x203.jpeg 300w, https:\/\/blogs.univ-jfc.fr\/archampo\/wp-content\/uploads\/sites\/125\/2024\/06\/expo3-768x519.jpeg 768w, https:\/\/blogs.univ-jfc.fr\/archampo\/wp-content\/uploads\/sites\/125\/2024\/06\/expo3-1536x1038.jpeg 1536w, https:\/\/blogs.univ-jfc.fr\/archampo\/wp-content\/uploads\/sites\/125\/2024\/06\/expo3.jpeg 1710w\" sizes=\"(max-width: 1024px) 100vw, 1024px\" \/><\/figure><div class=\"wp-block-media-text__content\">\n<h6>Philippe Devit, organisateur de l&rsquo;exposition, 29 mai 1994.<\/h6>\n\n\n\n<p>\u00a9 Archives de l\u2019INU Champollion \u2013 1FI.<\/p>\n<\/div><\/div>\n\n\n\n<div class=\"wp-block-media-text alignwide is-stacked-on-mobile\"><figure class=\"wp-block-media-text__media\"><img loading=\"lazy\" width=\"1024\" height=\"637\" src=\"https:\/\/blogs.univ-jfc.fr\/archampo\/wp-content\/uploads\/sites\/125\/2024\/06\/expo4-1024x637.jpeg\" alt=\"\" class=\"wp-image-1675 size-full\" srcset=\"https:\/\/blogs.univ-jfc.fr\/archampo\/wp-content\/uploads\/sites\/125\/2024\/06\/expo4-1024x637.jpeg 1024w, https:\/\/blogs.univ-jfc.fr\/archampo\/wp-content\/uploads\/sites\/125\/2024\/06\/expo4-300x187.jpeg 300w, https:\/\/blogs.univ-jfc.fr\/archampo\/wp-content\/uploads\/sites\/125\/2024\/06\/expo4-768x478.jpeg 768w, https:\/\/blogs.univ-jfc.fr\/archampo\/wp-content\/uploads\/sites\/125\/2024\/06\/expo4-1536x956.jpeg 1536w, https:\/\/blogs.univ-jfc.fr\/archampo\/wp-content\/uploads\/sites\/125\/2024\/06\/expo4.jpeg 1735w\" sizes=\"(max-width: 1024px) 100vw, 1024px\" \/><\/figure><div class=\"wp-block-media-text__content\">\n<h6>Le maire d&rsquo;Albi, Michel castel (\u00e0 gauche) et Philippe Delvit s&rsquo;essayant \u00e0 l&rsquo;\u00e9criture \u00e0 la plume.<\/h6>\n\n\n\n<p>\u00a9 Archives de l\u2019INU Champollion \u2013 1FI.<\/p>\n<\/div><\/div>\n\n\n\n<div class=\"wp-block-media-text alignwide is-stacked-on-mobile\"><figure class=\"wp-block-media-text__media\"><img loading=\"lazy\" width=\"1024\" height=\"651\" src=\"https:\/\/blogs.univ-jfc.fr\/archampo\/wp-content\/uploads\/sites\/125\/2024\/06\/expo6-1-1024x651.jpeg\" alt=\"\" class=\"wp-image-1678 size-full\" srcset=\"https:\/\/blogs.univ-jfc.fr\/archampo\/wp-content\/uploads\/sites\/125\/2024\/06\/expo6-1-1024x651.jpeg 1024w, https:\/\/blogs.univ-jfc.fr\/archampo\/wp-content\/uploads\/sites\/125\/2024\/06\/expo6-1-300x191.jpeg 300w, https:\/\/blogs.univ-jfc.fr\/archampo\/wp-content\/uploads\/sites\/125\/2024\/06\/expo6-1-768x488.jpeg 768w, https:\/\/blogs.univ-jfc.fr\/archampo\/wp-content\/uploads\/sites\/125\/2024\/06\/expo6-1-1536x977.jpeg 1536w, https:\/\/blogs.univ-jfc.fr\/archampo\/wp-content\/uploads\/sites\/125\/2024\/06\/expo6-1.jpeg 1738w\" sizes=\"(max-width: 1024px) 100vw, 1024px\" \/><\/figure><div class=\"wp-block-media-text__content\">\n<h6>Le maire d&rsquo;Albi, Michel Castel (\u00e0 droite) s&rsquo;essayant \u00e0 l&rsquo;\u00e9criture \u00e0 la plume sous le regard du pr\u00e9sident de Toulouse I, Bernard Saint-Girons.<\/h6>\n\n\n\n<p>\u00a9 Archives de l\u2019INU Champollion \u2013 1FI.<\/p>\n<\/div><\/div>\n\n\n\n<div class=\"wp-block-media-text alignwide is-stacked-on-mobile\"><figure class=\"wp-block-media-text__media\"><img loading=\"lazy\" width=\"1024\" height=\"660\" src=\"https:\/\/blogs.univ-jfc.fr\/archampo\/wp-content\/uploads\/sites\/125\/2024\/06\/expo6-Copie-1024x660.jpeg\" alt=\"\" class=\"wp-image-1676 size-full\" srcset=\"https:\/\/blogs.univ-jfc.fr\/archampo\/wp-content\/uploads\/sites\/125\/2024\/06\/expo6-Copie-1024x660.jpeg 1024w, https:\/\/blogs.univ-jfc.fr\/archampo\/wp-content\/uploads\/sites\/125\/2024\/06\/expo6-Copie-300x193.jpeg 300w, https:\/\/blogs.univ-jfc.fr\/archampo\/wp-content\/uploads\/sites\/125\/2024\/06\/expo6-Copie-768x495.jpeg 768w, https:\/\/blogs.univ-jfc.fr\/archampo\/wp-content\/uploads\/sites\/125\/2024\/06\/expo6-Copie-1536x990.jpeg 1536w, https:\/\/blogs.univ-jfc.fr\/archampo\/wp-content\/uploads\/sites\/125\/2024\/06\/expo6-Copie.jpeg 1737w\" sizes=\"(max-width: 1024px) 100vw, 1024px\" \/><\/figure><div class=\"wp-block-media-text__content\">\n<h6>Bernard Saint-Girons, pr\u00e9sident de Toulouse I et Michel Castel, maire d&rsquo;Albi (en costume gris).<\/h6>\n\n\n\n<p>\u00a9 Archives de l\u2019INU Champollion \u2013 1FI.<\/p>\n<\/div><\/div>\n\n\n\n<div class=\"wp-block-media-text alignwide is-stacked-on-mobile\"><figure class=\"wp-block-media-text__media\"><img loading=\"lazy\" width=\"1024\" height=\"684\" src=\"https:\/\/blogs.univ-jfc.fr\/archampo\/wp-content\/uploads\/sites\/125\/2024\/06\/Expo-philippe-1024x684.jpg\" alt=\"\" class=\"wp-image-1682 size-full\" srcset=\"https:\/\/blogs.univ-jfc.fr\/archampo\/wp-content\/uploads\/sites\/125\/2024\/06\/Expo-philippe-1024x684.jpg 1024w, https:\/\/blogs.univ-jfc.fr\/archampo\/wp-content\/uploads\/sites\/125\/2024\/06\/Expo-philippe-300x200.jpg 300w, https:\/\/blogs.univ-jfc.fr\/archampo\/wp-content\/uploads\/sites\/125\/2024\/06\/Expo-philippe-768x513.jpg 768w, https:\/\/blogs.univ-jfc.fr\/archampo\/wp-content\/uploads\/sites\/125\/2024\/06\/Expo-philippe-1536x1026.jpg 1536w, https:\/\/blogs.univ-jfc.fr\/archampo\/wp-content\/uploads\/sites\/125\/2024\/06\/Expo-philippe.jpg 1742w\" sizes=\"(max-width: 1024px) 100vw, 1024px\" \/><\/figure><div class=\"wp-block-media-text__content\">\n<h6>De gauche \u00e0 droite, Bernard Saint-Girons, pr\u00e9sident de Toulouse I, Philippe Delvit, organisateur de l&rsquo;exposition, Olivier Devaux, responsable de l&rsquo;antenne droit d&rsquo;Albi et Michel castel, maire d&rsquo;Albi, le 29 mai 1994.<\/h6>\n\n\n\n<p>\u00a9 Collection priv\u00e9e d&rsquo;Olivier Devaux.<\/p>\n<\/div><\/div>\n","protected":false},"excerpt":{"rendered":"<p>L&rsquo;exposition est organis\u00e9e par le Pr Philippe Delvit dans le Pavillon de la Garde (actuelle salle du bas rez-de-chauss\u00e9e du service communication). Une salle de classe d&rsquo;\u00e9cole primaire est reconstitu\u00e9e. Reconstitution d&rsquo;une salle de classe primaire d&rsquo;une \u00e9cole tarnaise dans le pavillon de la garde du campus Lap\u00e9rouse d&rsquo;Albi, 29 mai 1994. Exposition organis\u00e9e par &hellip; <a href=\"https:\/\/blogs.univ-jfc.fr\/archampo\/29-mai-1994-exposition-les-ecoles-dans-le-tarn-campus-dalbi\/\" class=\"more-link\">Continuer la lecture de <span class=\"screen-reader-text\">29 mai 1994 &#8211; Exposition les \u00e9coles dans le Tarn (Campus d&rsquo;Albi)<\/span> <span class=\"meta-nav\">&rarr;<\/span><\/a><\/p>\n","protected":false},"author":19,"featured_media":0,"parent":0,"menu_order":0,"comment_status":"closed","ping_status":"closed","template":"","meta":[],"_links":{"self":[{"href":"https:\/\/blogs.univ-jfc.fr\/archampo\/wp-json\/wp\/v2\/pages\/1663"}],"collection":[{"href":"https:\/\/blogs.univ-jfc.fr\/archampo\/wp-json\/wp\/v2\/pages"}],"about":[{"href":"https:\/\/blogs.univ-jfc.fr\/archampo\/wp-json\/wp\/v2\/types\/page"}],"author":[{"embeddable":true,"href":"https:\/\/blogs.univ-jfc.fr\/archampo\/wp-json\/wp\/v2\/users\/19"}],"replies":[{"embeddable":true,"href":"https:\/\/blogs.univ-jfc.fr\/archampo\/wp-json\/wp\/v2\/comments?post=1663"}],"version-history":[{"count":7,"href":"https:\/\/blogs.univ-jfc.fr\/archampo\/wp-json\/wp\/v2\/pages\/1663\/revisions"}],"predecessor-version":[{"id":1684,"href":"https:\/\/blogs.univ-jfc.fr\/archampo\/wp-json\/wp\/v2\/pages\/1663\/revisions\/1684"}],"wp:attachment":[{"href":"https:\/\/blogs.univ-jfc.fr\/archampo\/wp-json\/wp\/v2\/media?parent=1663"}],"curies":[{"name":"wp","href":"https:\/\/api.w.org\/{rel}","templated":true}]}}