{"id":1739,"date":"2024-06-04T09:20:42","date_gmt":"2024-06-04T07:20:42","guid":{"rendered":"https:\/\/blogs.univ-jfc.fr\/archampo\/?page_id=1739"},"modified":"2025-07-05T10:22:57","modified_gmt":"2025-07-05T08:22:57","slug":"docotheque","status":"publish","type":"page","link":"https:\/\/blogs.univ-jfc.fr\/archampo\/docotheque\/","title":{"rendered":"Docoth\u00e8que"},"content":{"rendered":"\n<h1><\/h1>\n\n\n\n<figure class=\"wp-block-gallery columns-3 is-cropped\"><ul class=\"blocks-gallery-grid\"><li class=\"blocks-gallery-item\"><figure><img loading=\"lazy\" width=\"600\" height=\"831\" src=\"https:\/\/blogs.univ-jfc.fr\/archampo\/wp-content\/uploads\/sites\/125\/2025\/07\/page-1-rotated.jpg\" alt=\"\" data-id=\"2147\" data-full-url=\"https:\/\/blogs.univ-jfc.fr\/archampo\/wp-content\/uploads\/sites\/125\/2025\/07\/page-1-rotated.jpg\" data-link=\"https:\/\/blogs.univ-jfc.fr\/archampo\/docotheque\/page-1\/\" class=\"wp-image-2147\" srcset=\"https:\/\/blogs.univ-jfc.fr\/archampo\/wp-content\/uploads\/sites\/125\/2025\/07\/page-1-rotated.jpg 600w, https:\/\/blogs.univ-jfc.fr\/archampo\/wp-content\/uploads\/sites\/125\/2025\/07\/page-1-217x300.jpg 217w\" sizes=\"(max-width: 600px) 100vw, 600px\" \/><\/figure><\/li><li class=\"blocks-gallery-item\"><figure><img loading=\"lazy\" width=\"600\" height=\"831\" src=\"https:\/\/blogs.univ-jfc.fr\/archampo\/wp-content\/uploads\/sites\/125\/2025\/07\/page-2-rotated.jpg\" alt=\"\" data-id=\"2148\" data-full-url=\"https:\/\/blogs.univ-jfc.fr\/archampo\/wp-content\/uploads\/sites\/125\/2025\/07\/page-2-rotated.jpg\" data-link=\"https:\/\/blogs.univ-jfc.fr\/archampo\/docotheque\/page-2\/\" class=\"wp-image-2148\" srcset=\"https:\/\/blogs.univ-jfc.fr\/archampo\/wp-content\/uploads\/sites\/125\/2025\/07\/page-2-rotated.jpg 600w, https:\/\/blogs.univ-jfc.fr\/archampo\/wp-content\/uploads\/sites\/125\/2025\/07\/page-2-217x300.jpg 217w\" sizes=\"(max-width: 600px) 100vw, 600px\" \/><\/figure><\/li><li class=\"blocks-gallery-item\"><figure><img loading=\"lazy\" width=\"600\" height=\"831\" src=\"https:\/\/blogs.univ-jfc.fr\/archampo\/wp-content\/uploads\/sites\/125\/2025\/07\/page-3-rotated.jpg\" alt=\"\" data-id=\"2149\" data-full-url=\"https:\/\/blogs.univ-jfc.fr\/archampo\/wp-content\/uploads\/sites\/125\/2025\/07\/page-3-rotated.jpg\" data-link=\"https:\/\/blogs.univ-jfc.fr\/archampo\/docotheque\/page-3\/\" class=\"wp-image-2149\" srcset=\"https:\/\/blogs.univ-jfc.fr\/archampo\/wp-content\/uploads\/sites\/125\/2025\/07\/page-3-rotated.jpg 600w, https:\/\/blogs.univ-jfc.fr\/archampo\/wp-content\/uploads\/sites\/125\/2025\/07\/page-3-217x300.jpg 217w\" sizes=\"(max-width: 600px) 100vw, 600px\" \/><\/figure><\/li><li class=\"blocks-gallery-item\"><figure><img loading=\"lazy\" width=\"600\" height=\"831\" src=\"https:\/\/blogs.univ-jfc.fr\/archampo\/wp-content\/uploads\/sites\/125\/2025\/07\/page-4-1-rotated.jpg\" alt=\"\" data-id=\"2150\" data-full-url=\"https:\/\/blogs.univ-jfc.fr\/archampo\/wp-content\/uploads\/sites\/125\/2025\/07\/page-4-1-rotated.jpg\" data-link=\"https:\/\/blogs.univ-jfc.fr\/archampo\/docotheque\/page-4-1\/\" class=\"wp-image-2150\" srcset=\"https:\/\/blogs.univ-jfc.fr\/archampo\/wp-content\/uploads\/sites\/125\/2025\/07\/page-4-1-rotated.jpg 600w, https:\/\/blogs.univ-jfc.fr\/archampo\/wp-content\/uploads\/sites\/125\/2025\/07\/page-4-1-217x300.jpg 217w\" sizes=\"(max-width: 600px) 100vw, 600px\" \/><figcaption class=\"blocks-gallery-item__caption\"><strong>Flyer de pr\u00e9sentation des \u00e9tudes \u00e0 Albi et \u00e0 Castres, 1992.<br>Communiqu\u00e9 par Joelle Lailheugue.<\/strong><\/figcaption><\/figure><\/li><\/ul><\/figure>\n\n\n\n<div class=\"wp-block-media-text alignwide is-stacked-on-mobile\" style=\"grid-template-columns:35% auto\"><figure class=\"wp-block-media-text__media\"><img loading=\"lazy\" width=\"378\" height=\"485\" src=\"https:\/\/blogs.univ-jfc.fr\/archampo\/wp-content\/uploads\/sites\/125\/2024\/06\/Screenshot-2024-06-26-at-08-06-44-la-newsletter-du-25-juin.png\" alt=\"\" class=\"wp-image-1859 size-full\" srcset=\"https:\/\/blogs.univ-jfc.fr\/archampo\/wp-content\/uploads\/sites\/125\/2024\/06\/Screenshot-2024-06-26-at-08-06-44-la-newsletter-du-25-juin.png 378w, https:\/\/blogs.univ-jfc.fr\/archampo\/wp-content\/uploads\/sites\/125\/2024\/06\/Screenshot-2024-06-26-at-08-06-44-la-newsletter-du-25-juin-234x300.png 234w\" sizes=\"(max-width: 378px) 100vw, 378px\" \/><\/figure><div class=\"wp-block-media-text__content\">\n<p class=\"has-large-font-size\"><a href=\"https:\/\/www.calameo.com\/read\/007715539a38d1deb66d4\" data-type=\"URL\" data-id=\"https:\/\/www.calameo.com\/read\/007715539a38d1deb66d4\">PLAQUETTE 2024<\/a><\/p>\n<\/div><\/div>\n","protected":false},"excerpt":{"rendered":"<p>PLAQUETTE 2024<\/p>\n","protected":false},"author":19,"featured_media":0,"parent":0,"menu_order":0,"comment_status":"closed","ping_status":"closed","template":"","meta":[],"_links":{"self":[{"href":"https:\/\/blogs.univ-jfc.fr\/archampo\/wp-json\/wp\/v2\/pages\/1739"}],"collection":[{"href":"https:\/\/blogs.univ-jfc.fr\/archampo\/wp-json\/wp\/v2\/pages"}],"about":[{"href":"https:\/\/blogs.univ-jfc.fr\/archampo\/wp-json\/wp\/v2\/types\/page"}],"author":[{"embeddable":true,"href":"https:\/\/blogs.univ-jfc.fr\/archampo\/wp-json\/wp\/v2\/users\/19"}],"replies":[{"embeddable":true,"href":"https:\/\/blogs.univ-jfc.fr\/archampo\/wp-json\/wp\/v2\/comments?post=1739"}],"version-history":[{"count":7,"href":"https:\/\/blogs.univ-jfc.fr\/archampo\/wp-json\/wp\/v2\/pages\/1739\/revisions"}],"predecessor-version":[{"id":2157,"href":"https:\/\/blogs.univ-jfc.fr\/archampo\/wp-json\/wp\/v2\/pages\/1739\/revisions\/2157"}],"wp:attachment":[{"href":"https:\/\/blogs.univ-jfc.fr\/archampo\/wp-json\/wp\/v2\/media?parent=1739"}],"curies":[{"name":"wp","href":"https:\/\/api.w.org\/{rel}","templated":true}]}}