{"id":1805,"date":"2024-06-12T12:27:35","date_gmt":"2024-06-12T10:27:35","guid":{"rendered":"https:\/\/blogs.univ-jfc.fr\/archampo\/?page_id=1805"},"modified":"2024-08-20T19:43:33","modified_gmt":"2024-08-20T17:43:33","slug":"2002-les-dix-ans-du-cufr","status":"publish","type":"page","link":"https:\/\/blogs.univ-jfc.fr\/archampo\/2002-les-dix-ans-du-cufr\/","title":{"rendered":"2012 &#8211; Les Dix ans du CUFR"},"content":{"rendered":"\n<h2><span class=\"has-inline-color has-red-color\">PAGE EN CONSTRUCTION<\/span><\/h2>\n\n\n\n<div class=\"wp-block-media-text alignwide is-stacked-on-mobile\"><figure class=\"wp-block-media-text__media\"><img loading=\"lazy\" width=\"600\" height=\"400\" src=\"https:\/\/blogs.univ-jfc.fr\/archampo\/wp-content\/uploads\/sites\/125\/2024\/08\/COPIL.jpg\" alt=\"\" class=\"wp-image-2035 size-full\" srcset=\"https:\/\/blogs.univ-jfc.fr\/archampo\/wp-content\/uploads\/sites\/125\/2024\/08\/COPIL.jpg 600w, https:\/\/blogs.univ-jfc.fr\/archampo\/wp-content\/uploads\/sites\/125\/2024\/08\/COPIL-300x200.jpg 300w\" sizes=\"(max-width: 600px) 100vw, 600px\" \/><\/figure><div class=\"wp-block-media-text__content\">\n<h5>S\u00e9ance de travail du comit\u00e9 de pilotage des c\u00e9r\u00e9monies des 10 ans. Au centre, herv\u00e9 Pingaud, directeur. A gauche, Marie Louren\u00e7o (Communication). Debout \u00e0 gauche, Michel Pillon, professeur agr\u00e9g\u00e9 d&rsquo;histoire.<\/h5>\n\n\n\n<p>\u00a9 Archives du Service Communication de l&rsquo;INUC.<\/p>\n<\/div><\/div>\n\n\n\n<div class=\"wp-block-media-text alignwide is-stacked-on-mobile\" style=\"grid-template-columns:49% auto\"><figure class=\"wp-block-media-text__media\"><img loading=\"lazy\" width=\"600\" height=\"400\" src=\"https:\/\/blogs.univ-jfc.fr\/archampo\/wp-content\/uploads\/sites\/125\/2024\/06\/IMG_0002.jpg\" alt=\"\" class=\"wp-image-1812 size-full\" srcset=\"https:\/\/blogs.univ-jfc.fr\/archampo\/wp-content\/uploads\/sites\/125\/2024\/06\/IMG_0002.jpg 600w, https:\/\/blogs.univ-jfc.fr\/archampo\/wp-content\/uploads\/sites\/125\/2024\/06\/IMG_0002-300x200.jpg 300w\" sizes=\"(max-width: 600px) 100vw, 600px\" \/><\/figure><div class=\"wp-block-media-text__content\">\n<h5>Le directeur du CUFR Champollion et Christine Racour, lors de la campagne photographique \u00ab\u00a0J&rsquo;ai 10 ans\u00a0\u00bb, 2012.<\/h5>\n\n\n\n<p>\u00a9 Archives du Service Communication de l&rsquo;INUC.<\/p>\n\n\n\n<p><\/p>\n<\/div><\/div>\n\n\n\n<div class=\"wp-block-media-text alignwide is-stacked-on-mobile\"><figure class=\"wp-block-media-text__media\"><img loading=\"lazy\" width=\"600\" height=\"400\" src=\"https:\/\/blogs.univ-jfc.fr\/archampo\/wp-content\/uploads\/sites\/125\/2024\/08\/RODEZ-2.jpg\" alt=\"\" class=\"wp-image-2030 size-full\" srcset=\"https:\/\/blogs.univ-jfc.fr\/archampo\/wp-content\/uploads\/sites\/125\/2024\/08\/RODEZ-2.jpg 600w, https:\/\/blogs.univ-jfc.fr\/archampo\/wp-content\/uploads\/sites\/125\/2024\/08\/RODEZ-2-300x200.jpg 300w\" sizes=\"(max-width: 600px) 100vw, 600px\" \/><\/figure><div class=\"wp-block-media-text__content\">\n<h5>L&rsquo;\u00e9quipe de Rodez lors de la campagne photographique \u00ab\u00a0J&rsquo;ai 10 ans\u00a0\u00bb, 2012.<\/h5>\n\n\n\n<p>\u00a9 Archives du Service Communication de l&rsquo;INUC.<\/p>\n<\/div><\/div>\n\n\n\n<div class=\"wp-block-media-text alignwide is-stacked-on-mobile\" style=\"grid-template-columns:49% auto\"><figure class=\"wp-block-media-text__media\"><img loading=\"lazy\" width=\"600\" height=\"400\" src=\"https:\/\/blogs.univ-jfc.fr\/archampo\/wp-content\/uploads\/sites\/125\/2024\/06\/IMG_0020.jpg\" alt=\"\" class=\"wp-image-1814 size-full\" srcset=\"https:\/\/blogs.univ-jfc.fr\/archampo\/wp-content\/uploads\/sites\/125\/2024\/06\/IMG_0020.jpg 600w, https:\/\/blogs.univ-jfc.fr\/archampo\/wp-content\/uploads\/sites\/125\/2024\/06\/IMG_0020-300x200.jpg 300w\" sizes=\"(max-width: 600px) 100vw, 600px\" \/><\/figure><div class=\"wp-block-media-text__content\">\n<h5>A droite Saskia Cazette  lors de la campagne photographique \u00ab\u00a0J&rsquo;ai 10 ans\u00a0\u00bb, 2012.<\/h5>\n\n\n\n<p>\u00a9 Archives du Service Communication de l&rsquo;INUC.<\/p>\n<\/div><\/div>\n\n\n\n<div class=\"wp-block-media-text alignwide is-stacked-on-mobile\"><figure class=\"wp-block-media-text__media\"><img loading=\"lazy\" width=\"600\" height=\"900\" src=\"https:\/\/blogs.univ-jfc.fr\/archampo\/wp-content\/uploads\/sites\/125\/2024\/08\/sandrine-repaux.jpg\" alt=\"\" class=\"wp-image-2037 size-full\" srcset=\"https:\/\/blogs.univ-jfc.fr\/archampo\/wp-content\/uploads\/sites\/125\/2024\/08\/sandrine-repaux.jpg 600w, https:\/\/blogs.univ-jfc.fr\/archampo\/wp-content\/uploads\/sites\/125\/2024\/08\/sandrine-repaux-200x300.jpg 200w\" sizes=\"(max-width: 600px) 100vw, 600px\" \/><\/figure><div class=\"wp-block-media-text__content\">\n<h5>Sandrine Repaux lors de la campagne photographique \u00ab\u00a0J&rsquo;ai 10 ans\u00a0\u00bb, 2012.<\/h5>\n\n\n\n<p>\u00a9 Archives du Service Communication de l&rsquo;INUC.<\/p>\n<\/div><\/div>\n\n\n\n<div class=\"wp-block-media-text alignwide is-stacked-on-mobile\"><figure class=\"wp-block-media-text__media\"><img loading=\"lazy\" width=\"600\" height=\"400\" src=\"https:\/\/blogs.univ-jfc.fr\/archampo\/wp-content\/uploads\/sites\/125\/2024\/08\/FC.jpg\" alt=\"\" class=\"wp-image-2041 size-full\" srcset=\"https:\/\/blogs.univ-jfc.fr\/archampo\/wp-content\/uploads\/sites\/125\/2024\/08\/FC.jpg 600w, https:\/\/blogs.univ-jfc.fr\/archampo\/wp-content\/uploads\/sites\/125\/2024\/08\/FC-300x200.jpg 300w\" sizes=\"(max-width: 600px) 100vw, 600px\" \/><\/figure><div class=\"wp-block-media-text__content\">\n<h5>Le service Formation continue lors de la campagne photographique \u00ab\u00a0J&rsquo;ai 10 ans\u00a0\u00bb, 2012. De gauche \u00e0 droite Pascale Escorne, Marie-Claude Bascoul et Christelle Dreuilhe.<\/h5>\n\n\n\n<p>\u00a9 Archives du Service Communication de l&rsquo;INUC.<\/p>\n<\/div><\/div>\n\n\n\n<div class=\"wp-block-media-text alignwide is-stacked-on-mobile\" style=\"grid-template-columns:49% auto\"><figure class=\"wp-block-media-text__media\"><img loading=\"lazy\" width=\"600\" height=\"400\" src=\"https:\/\/blogs.univ-jfc.fr\/archampo\/wp-content\/uploads\/sites\/125\/2024\/06\/IMG_0027.jpg\" alt=\"\" class=\"wp-image-1815 size-full\" srcset=\"https:\/\/blogs.univ-jfc.fr\/archampo\/wp-content\/uploads\/sites\/125\/2024\/06\/IMG_0027.jpg 600w, https:\/\/blogs.univ-jfc.fr\/archampo\/wp-content\/uploads\/sites\/125\/2024\/06\/IMG_0027-300x200.jpg 300w\" sizes=\"(max-width: 600px) 100vw, 600px\" \/><\/figure><div class=\"wp-block-media-text__content\">\n<h5>De droite \u00e0 gauche : Catherine Lelardeux, Pierre Lagarrigue, Agn\u00e8s Mouysset, ?, lors de la campagne photographique \u00ab\u00a0J&rsquo;ai 10 ans\u00a0\u00bb, 2012.<\/h5>\n\n\n\n<p>\u00a9 Archives du Service Communication de l&rsquo;INUC.<\/p>\n<\/div><\/div>\n\n\n\n<div class=\"wp-block-media-text alignwide is-stacked-on-mobile\" style=\"grid-template-columns:49% auto\"><figure class=\"wp-block-media-text__media\"><img loading=\"lazy\" width=\"600\" height=\"900\" src=\"https:\/\/blogs.univ-jfc.fr\/archampo\/wp-content\/uploads\/sites\/125\/2024\/06\/IMG_0035.jpg\" alt=\"\" class=\"wp-image-1816 size-full\" srcset=\"https:\/\/blogs.univ-jfc.fr\/archampo\/wp-content\/uploads\/sites\/125\/2024\/06\/IMG_0035.jpg 600w, https:\/\/blogs.univ-jfc.fr\/archampo\/wp-content\/uploads\/sites\/125\/2024\/06\/IMG_0035-200x300.jpg 200w\" sizes=\"(max-width: 600px) 100vw, 600px\" \/><\/figure><div class=\"wp-block-media-text__content\">\n<h5>Ygal Fikalkow  lors de la campagne photographique \u00ab\u00a0J&rsquo;ai 10 ans\u00a0\u00bb, 2012.<\/h5>\n\n\n\n<p>\u00a9 Archives du Service Communication de l&rsquo;INUC.<\/p>\n<\/div><\/div>\n\n\n\n<div class=\"wp-block-media-text alignwide is-stacked-on-mobile\"><figure class=\"wp-block-media-text__media\"><img loading=\"lazy\" width=\"600\" height=\"900\" src=\"https:\/\/blogs.univ-jfc.fr\/archampo\/wp-content\/uploads\/sites\/125\/2024\/08\/IMG_2736b.jpg\" alt=\"\" class=\"wp-image-2026 size-full\" srcset=\"https:\/\/blogs.univ-jfc.fr\/archampo\/wp-content\/uploads\/sites\/125\/2024\/08\/IMG_2736b.jpg 600w, https:\/\/blogs.univ-jfc.fr\/archampo\/wp-content\/uploads\/sites\/125\/2024\/08\/IMG_2736b-200x300.jpg 200w\" sizes=\"(max-width: 600px) 100vw, 600px\" \/><\/figure><div class=\"wp-block-media-text__content\">\n<h5>Julien Pons (informatique) lors de la campagne photographique \u00ab\u00a0J&rsquo;ai 10 ans\u00a0\u00bb, 2012.<\/h5>\n\n\n\n<p>\u00a9 Archives du Service Communication de l&rsquo;INUC.<\/p>\n<\/div><\/div>\n\n\n\n<div class=\"wp-block-media-text alignwide is-stacked-on-mobile\" style=\"grid-template-columns:49% auto\"><figure class=\"wp-block-media-text__media\"><img loading=\"lazy\" width=\"600\" height=\"900\" src=\"https:\/\/blogs.univ-jfc.fr\/archampo\/wp-content\/uploads\/sites\/125\/2024\/06\/IMG_0041.jpg\" alt=\"\" class=\"wp-image-1817 size-full\" srcset=\"https:\/\/blogs.univ-jfc.fr\/archampo\/wp-content\/uploads\/sites\/125\/2024\/06\/IMG_0041.jpg 600w, https:\/\/blogs.univ-jfc.fr\/archampo\/wp-content\/uploads\/sites\/125\/2024\/06\/IMG_0041-200x300.jpg 200w\" sizes=\"(max-width: 600px) 100vw, 600px\" \/><\/figure><div class=\"wp-block-media-text__content\">\n<h5>De gauche \u00e0 droite : ?, Fr\u00e9d\u00e9ric Fourchard et Sandrine Croity, lors de la campagne photographique \u00ab\u00a0J&rsquo;ai 10 ans\u00a0\u00bb, 2012.<\/h5>\n\n\n\n<p>\u00a9 Archives du Service Communication de l&rsquo;INUC.<\/p>\n<\/div><\/div>\n\n\n\n<div class=\"wp-block-media-text alignwide is-stacked-on-mobile\" style=\"grid-template-columns:49% auto\"><figure class=\"wp-block-media-text__media\"><img loading=\"lazy\" width=\"600\" height=\"900\" src=\"https:\/\/blogs.univ-jfc.fr\/archampo\/wp-content\/uploads\/sites\/125\/2024\/06\/IMG_0051.jpg\" alt=\"\" class=\"wp-image-1818 size-full\" srcset=\"https:\/\/blogs.univ-jfc.fr\/archampo\/wp-content\/uploads\/sites\/125\/2024\/06\/IMG_0051.jpg 600w, https:\/\/blogs.univ-jfc.fr\/archampo\/wp-content\/uploads\/sites\/125\/2024\/06\/IMG_0051-200x300.jpg 200w\" sizes=\"(max-width: 600px) 100vw, 600px\" \/><\/figure><div class=\"wp-block-media-text__content\">\n<h5>Karen Chevalier et J\u00e9r\u00f4me Cabot lors de la campagne photographique \u00ab\u00a0J&rsquo;ai 10 ans\u00a0\u00bb, 2012.<\/h5>\n\n\n\n<p>\u00a9 Archives du Service Communication de l&rsquo;INUC.<\/p>\n<\/div><\/div>\n\n\n\n<div class=\"wp-block-media-text alignwide is-stacked-on-mobile\"><figure class=\"wp-block-media-text__media\"><img loading=\"lazy\" width=\"600\" height=\"400\" src=\"https:\/\/blogs.univ-jfc.fr\/archampo\/wp-content\/uploads\/sites\/125\/2024\/08\/RH.jpg\" alt=\"\" class=\"wp-image-2007 size-full\" srcset=\"https:\/\/blogs.univ-jfc.fr\/archampo\/wp-content\/uploads\/sites\/125\/2024\/08\/RH.jpg 600w, https:\/\/blogs.univ-jfc.fr\/archampo\/wp-content\/uploads\/sites\/125\/2024\/08\/RH-300x200.jpg 300w\" sizes=\"(max-width: 600px) 100vw, 600px\" \/><\/figure><div class=\"wp-block-media-text__content\">\n<h5>De gauche \u00e0 droite : Jean-Luc Lugan, l&rsquo;agent comptable, Catherine Lacombe, ?, Anne Sanchez et Elizabeth Budo, lors de la campagne photographique \u00ab\u00a0J&rsquo;ai 10 ans\u00a0\u00bb, 2012.<\/h5>\n\n\n\n<p>\u00a9 Archives du Service Communication de l&rsquo;INUC.<\/p>\n<\/div><\/div>\n\n\n\n<div class=\"wp-block-media-text alignwide is-stacked-on-mobile\"><figure class=\"wp-block-media-text__media\"><img loading=\"lazy\" width=\"600\" height=\"900\" src=\"https:\/\/blogs.univ-jfc.fr\/archampo\/wp-content\/uploads\/sites\/125\/2024\/08\/yannick.jpg\" alt=\"\" class=\"wp-image-2024 size-full\" srcset=\"https:\/\/blogs.univ-jfc.fr\/archampo\/wp-content\/uploads\/sites\/125\/2024\/08\/yannick.jpg 600w, https:\/\/blogs.univ-jfc.fr\/archampo\/wp-content\/uploads\/sites\/125\/2024\/08\/yannick-200x300.jpg 200w\" sizes=\"(max-width: 600px) 100vw, 600px\" \/><\/figure><div class=\"wp-block-media-text__content\">\n<h5>Yannick Bardy (service technique), lors de la campagne photographique \u00ab\u00a0J&rsquo;ai 10 ans\u00a0\u00bb, 2012.<\/h5>\n<\/div><\/div>\n\n\n\n<div class=\"wp-block-media-text alignwide is-stacked-on-mobile\"><figure class=\"wp-block-media-text__media\"><img loading=\"lazy\" width=\"600\" height=\"400\" src=\"https:\/\/blogs.univ-jfc.fr\/archampo\/wp-content\/uploads\/sites\/125\/2024\/08\/Castres.jpg\" alt=\"\" class=\"wp-image-2010 size-full\" srcset=\"https:\/\/blogs.univ-jfc.fr\/archampo\/wp-content\/uploads\/sites\/125\/2024\/08\/Castres.jpg 600w, https:\/\/blogs.univ-jfc.fr\/archampo\/wp-content\/uploads\/sites\/125\/2024\/08\/Castres-300x200.jpg 300w\" sizes=\"(max-width: 600px) 100vw, 600px\" \/><\/figure><div class=\"wp-block-media-text__content\">\n<h5>L&rsquo;\u00e9quipe d&rsquo;ISIS \u00e0 Castres lors de la campagne photographique \u00ab\u00a0J&rsquo;ai 10 ans\u00a0\u00bb, 2012. A droite, Ely\u00e8s Lamine.<\/h5>\n\n\n\n<p>\u00a9 Archives du Service Communication de l&rsquo;INUC.<\/p>\n<\/div><\/div>\n\n\n\n<div class=\"wp-block-media-text alignwide is-stacked-on-mobile\"><figure class=\"wp-block-media-text__media\"><img loading=\"lazy\" width=\"600\" height=\"900\" src=\"https:\/\/blogs.univ-jfc.fr\/archampo\/wp-content\/uploads\/sites\/125\/2024\/08\/Romain-REY.jpg\" alt=\"\" class=\"wp-image-2012 size-full\" srcset=\"https:\/\/blogs.univ-jfc.fr\/archampo\/wp-content\/uploads\/sites\/125\/2024\/08\/Romain-REY.jpg 600w, https:\/\/blogs.univ-jfc.fr\/archampo\/wp-content\/uploads\/sites\/125\/2024\/08\/Romain-REY-200x300.jpg 200w\" sizes=\"(max-width: 600px) 100vw, 600px\" \/><\/figure><div class=\"wp-block-media-text__content\">\n<h5>Romain Rey DGS du site de Rodez, lors de la campagne photographique \u00ab\u00a0J&rsquo;ai 10 ans\u00a0\u00bb, 2012.<\/h5>\n\n\n\n<p>\u00a9 Archives du Service Communication de l&rsquo;INUC.<\/p>\n<\/div><\/div>\n\n\n\n<div class=\"wp-block-media-text alignwide is-stacked-on-mobile\"><figure class=\"wp-block-media-text__media\"><img loading=\"lazy\" width=\"600\" height=\"400\" src=\"https:\/\/blogs.univ-jfc.fr\/archampo\/wp-content\/uploads\/sites\/125\/2024\/08\/BU.jpg\" alt=\"\" class=\"wp-image-2014 size-full\" srcset=\"https:\/\/blogs.univ-jfc.fr\/archampo\/wp-content\/uploads\/sites\/125\/2024\/08\/BU.jpg 600w, https:\/\/blogs.univ-jfc.fr\/archampo\/wp-content\/uploads\/sites\/125\/2024\/08\/BU-300x200.jpg 300w\" sizes=\"(max-width: 600px) 100vw, 600px\" \/><\/figure><div class=\"wp-block-media-text__content\">\n<h5>Les biblioth\u00e9caires de la BU d&rsquo;Albi , lors de la campagne photographique \u00ab\u00a0J&rsquo;ai 10 ans\u00a0\u00bb, 2012. A droite Christine Andrieu-Dintillac, au centre Carole Rahoux.<\/h5>\n\n\n\n<p>\u00a9 Archives du Service Communication de l&rsquo;INUC.<\/p>\n<\/div><\/div>\n\n\n\n<div class=\"wp-block-media-text alignwide is-stacked-on-mobile\"><figure class=\"wp-block-media-text__media\"><img loading=\"lazy\" width=\"600\" height=\"400\" src=\"https:\/\/blogs.univ-jfc.fr\/archampo\/wp-content\/uploads\/sites\/125\/2024\/08\/IMG_7076.jpg\" alt=\"\" class=\"wp-image-2017 size-full\" srcset=\"https:\/\/blogs.univ-jfc.fr\/archampo\/wp-content\/uploads\/sites\/125\/2024\/08\/IMG_7076.jpg 600w, https:\/\/blogs.univ-jfc.fr\/archampo\/wp-content\/uploads\/sites\/125\/2024\/08\/IMG_7076-300x200.jpg 300w\" sizes=\"(max-width: 600px) 100vw, 600px\" \/><\/figure><div class=\"wp-block-media-text__content\">\n<h5>Dominique Montaud et ? dans les locaux de la caserne Burloup \u00e0 Rodez , lors de la campagne photographique \u00ab\u00a0J&rsquo;ai 10 ans\u00a0\u00bb, 2012. <\/h5>\n\n\n\n<p>\u00a9 Archives du Service Communication de l&rsquo;INUC.<\/p>\n<\/div><\/div>\n\n\n\n<div class=\"wp-block-media-text alignwide is-stacked-on-mobile\" style=\"grid-template-columns:42% auto\"><figure class=\"wp-block-media-text__media\"><img loading=\"lazy\" width=\"600\" height=\"900\" src=\"https:\/\/blogs.univ-jfc.fr\/archampo\/wp-content\/uploads\/sites\/125\/2024\/08\/Alain-michel.jpg\" alt=\"\" class=\"wp-image-2020 size-full\" srcset=\"https:\/\/blogs.univ-jfc.fr\/archampo\/wp-content\/uploads\/sites\/125\/2024\/08\/Alain-michel.jpg 600w, https:\/\/blogs.univ-jfc.fr\/archampo\/wp-content\/uploads\/sites\/125\/2024\/08\/Alain-michel-200x300.jpg 200w\" sizes=\"(max-width: 600px) 100vw, 600px\" \/><\/figure><div class=\"wp-block-media-text__content\">\n<h5>Alain Michel (service technique) , lors de la campagne photographique \u00ab\u00a0J&rsquo;ai 10 ans\u00a0\u00bb, 2012.<\/h5>\n\n\n\n<p>\u00a9 Archives du Service Communication de l&rsquo;INUC.<\/p>\n<\/div><\/div>\n\n\n\n<div class=\"wp-block-media-text alignwide is-stacked-on-mobile\" style=\"grid-template-columns:42% auto\"><figure class=\"wp-block-media-text__media\"><img loading=\"lazy\" width=\"600\" height=\"900\" src=\"https:\/\/blogs.univ-jfc.fr\/archampo\/wp-content\/uploads\/sites\/125\/2024\/08\/Sylvain-antoine.jpg\" alt=\"\" class=\"wp-image-2022 size-full\" srcset=\"https:\/\/blogs.univ-jfc.fr\/archampo\/wp-content\/uploads\/sites\/125\/2024\/08\/Sylvain-antoine.jpg 600w, https:\/\/blogs.univ-jfc.fr\/archampo\/wp-content\/uploads\/sites\/125\/2024\/08\/Sylvain-antoine-200x300.jpg 200w\" sizes=\"(max-width: 600px) 100vw, 600px\" \/><\/figure><div class=\"wp-block-media-text__content\">\n<h5>Sylvain Antoine (service informatique) , lors de la campagne photographique \u00ab\u00a0J&rsquo;ai 10 ans\u00a0\u00bb, 2012.<\/h5>\n\n\n\n<p>\u00a9 Archives du Service Communication de l&rsquo;INUC.<\/p>\n\n\n\n<p><\/p>\n<\/div><\/div>\n\n\n\n<div class=\"wp-block-media-text alignwide is-stacked-on-mobile\" style=\"grid-template-columns:42% auto\"><figure class=\"wp-block-media-text__media\"><img loading=\"lazy\" width=\"600\" height=\"900\" src=\"https:\/\/blogs.univ-jfc.fr\/archampo\/wp-content\/uploads\/sites\/125\/2024\/08\/bardy.jpg\" alt=\"\" class=\"wp-image-2023 size-full\" srcset=\"https:\/\/blogs.univ-jfc.fr\/archampo\/wp-content\/uploads\/sites\/125\/2024\/08\/bardy.jpg 600w, https:\/\/blogs.univ-jfc.fr\/archampo\/wp-content\/uploads\/sites\/125\/2024\/08\/bardy-200x300.jpg 200w\" sizes=\"(max-width: 600px) 100vw, 600px\" \/><\/figure><div class=\"wp-block-media-text__content\">\n<h5>Laurent Bardy (reprographie) , lors de la campagne photographique \u00ab\u00a0J&rsquo;ai 10 ans\u00a0\u00bb, 2012.<\/h5>\n\n\n\n<p>\u00a9 Archives du Service Communication de l&rsquo;INUC.<\/p>\n<\/div><\/div>\n\n\n\n<div class=\"wp-block-media-text alignwide is-stacked-on-mobile\"><figure class=\"wp-block-media-text__media\"><img loading=\"lazy\" width=\"600\" height=\"400\" src=\"https:\/\/blogs.univ-jfc.fr\/archampo\/wp-content\/uploads\/sites\/125\/2024\/08\/La-scol.jpg\" alt=\"\" class=\"wp-image-2034 size-full\" srcset=\"https:\/\/blogs.univ-jfc.fr\/archampo\/wp-content\/uploads\/sites\/125\/2024\/08\/La-scol.jpg 600w, https:\/\/blogs.univ-jfc.fr\/archampo\/wp-content\/uploads\/sites\/125\/2024\/08\/La-scol-300x200.jpg 300w\" sizes=\"(max-width: 600px) 100vw, 600px\" \/><\/figure><div class=\"wp-block-media-text__content\">\n<h5>La \u00ab\u00a0Scol\u00a0\u00bb , lors de la campagne photographique \u00ab\u00a0J&rsquo;ai 10 ans\u00a0\u00bb, 2012. De gauche \u00e0 droite : Fr\u00e9d\u00e9ric Hamberger, Karine Foures, Lydie Adami, Marina Claustre, Nacera Benama (cheffe de service), X&#8230;, Val\u00e9rie Garros, Elisabeth Massat.<\/h5>\n\n\n\n<p>\u00a9 Archives du Service Communication de l&rsquo;INUC.<\/p>\n<\/div><\/div>\n","protected":false},"excerpt":{"rendered":"<p>PAGE EN CONSTRUCTION S\u00e9ance de travail du comit\u00e9 de pilotage des c\u00e9r\u00e9monies des 10 ans. Au centre, herv\u00e9 Pingaud, directeur. A gauche, Marie Louren\u00e7o (Communication). Debout \u00e0 gauche, Michel Pillon, professeur agr\u00e9g\u00e9 d&rsquo;histoire. \u00a9 Archives du Service Communication de l&rsquo;INUC. Le directeur du CUFR Champollion et Christine Racour, lors de la campagne photographique \u00ab\u00a0J&rsquo;ai 10 &hellip; <a href=\"https:\/\/blogs.univ-jfc.fr\/archampo\/2002-les-dix-ans-du-cufr\/\" class=\"more-link\">Continuer la lecture de <span class=\"screen-reader-text\">2012 &#8211; Les Dix ans du CUFR<\/span> <span class=\"meta-nav\">&rarr;<\/span><\/a><\/p>\n","protected":false},"author":19,"featured_media":0,"parent":0,"menu_order":0,"comment_status":"closed","ping_status":"closed","template":"","meta":[],"_links":{"self":[{"href":"https:\/\/blogs.univ-jfc.fr\/archampo\/wp-json\/wp\/v2\/pages\/1805"}],"collection":[{"href":"https:\/\/blogs.univ-jfc.fr\/archampo\/wp-json\/wp\/v2\/pages"}],"about":[{"href":"https:\/\/blogs.univ-jfc.fr\/archampo\/wp-json\/wp\/v2\/types\/page"}],"author":[{"embeddable":true,"href":"https:\/\/blogs.univ-jfc.fr\/archampo\/wp-json\/wp\/v2\/users\/19"}],"replies":[{"embeddable":true,"href":"https:\/\/blogs.univ-jfc.fr\/archampo\/wp-json\/wp\/v2\/comments?post=1805"}],"version-history":[{"count":18,"href":"https:\/\/blogs.univ-jfc.fr\/archampo\/wp-json\/wp\/v2\/pages\/1805\/revisions"}],"predecessor-version":[{"id":2042,"href":"https:\/\/blogs.univ-jfc.fr\/archampo\/wp-json\/wp\/v2\/pages\/1805\/revisions\/2042"}],"wp:attachment":[{"href":"https:\/\/blogs.univ-jfc.fr\/archampo\/wp-json\/wp\/v2\/media?parent=1805"}],"curies":[{"name":"wp","href":"https:\/\/api.w.org\/{rel}","templated":true}]}}