{"id":214,"date":"2024-03-30T10:59:24","date_gmt":"2024-03-30T09:59:24","guid":{"rendered":"https:\/\/blogs.univ-jfc.fr\/archampo\/?page_id=214"},"modified":"2024-04-04T10:06:15","modified_gmt":"2024-04-04T08:06:15","slug":"inauguration-du-gymnase-du-campus-dalbi-le-5-mars-2012","status":"publish","type":"page","link":"https:\/\/blogs.univ-jfc.fr\/archampo\/inauguration-du-gymnase-du-campus-dalbi-le-5-mars-2012\/","title":{"rendered":"Inauguration du gymnase du campus d&rsquo;Albi le 5 mars 2012"},"content":{"rendered":"\n<div class=\"wp-block-media-text alignwide is-stacked-on-mobile\"><figure class=\"wp-block-media-text__media\"><img loading=\"lazy\" width=\"600\" height=\"400\" src=\"https:\/\/blogs.univ-jfc.fr\/archampo\/wp-content\/uploads\/sites\/125\/2024\/03\/5.3.2012-inaug-gym-2.jpg\" alt=\"\" class=\"wp-image-218 size-full\" srcset=\"https:\/\/blogs.univ-jfc.fr\/archampo\/wp-content\/uploads\/sites\/125\/2024\/03\/5.3.2012-inaug-gym-2.jpg 600w, https:\/\/blogs.univ-jfc.fr\/archampo\/wp-content\/uploads\/sites\/125\/2024\/03\/5.3.2012-inaug-gym-2-300x200.jpg 300w\" sizes=\"(max-width: 600px) 100vw, 600px\" \/><\/figure><div class=\"wp-block-media-text__content\">\n<h6>Inauguration du gymnase du campus albigeois du CUFR Champollion, le 5 mars 2012, en pr\u00e9sence  (de gauche \u00e0 droite) de Christian Desmoulin (pr\u00e9sident du CA de Champolion), de Thierry Carcenac (pr\u00e9sident du Conseil g\u00e9n\u00e9ral du Tarn), de Martin Malvy (pr\u00e9sident du Conseil r\u00e9gional de la r\u00e9gion Midi-Pyr\u00e9n\u00e9es), du recteur Olivier Dugrip, de Nicole Belloubet (vice-pr\u00e9sidente du Conseil r\u00e9gional de la r\u00e9gion Midi-Pyr\u00e9n\u00e9es), Herv\u00e9 Pingaud (directeur du CUFR) et de Philippe Bonnecarr\u00e8re (maire d&rsquo;Albi).<\/h6>\n\n\n\n<p>\u00a9 Archives du Service Communication de l\u2019INU Champollion.<\/p>\n\n\n\n<p><\/p>\n<\/div><\/div>\n\n\n\n<div class=\"wp-block-media-text alignwide is-stacked-on-mobile\"><figure class=\"wp-block-media-text__media\"><img loading=\"lazy\" width=\"600\" height=\"400\" src=\"https:\/\/blogs.univ-jfc.fr\/archampo\/wp-content\/uploads\/sites\/125\/2024\/03\/inauguration-gymnase_11963642895_o-1.jpg\" alt=\"\" class=\"wp-image-221 size-full\" srcset=\"https:\/\/blogs.univ-jfc.fr\/archampo\/wp-content\/uploads\/sites\/125\/2024\/03\/inauguration-gymnase_11963642895_o-1.jpg 600w, https:\/\/blogs.univ-jfc.fr\/archampo\/wp-content\/uploads\/sites\/125\/2024\/03\/inauguration-gymnase_11963642895_o-1-300x200.jpg 300w\" sizes=\"(max-width: 600px) 100vw, 600px\" \/><\/figure><div class=\"wp-block-media-text__content\">\n<h6>Prise de parole de Herv\u00e9 Pingaud lors de l&rsquo;inauguration du gymnase du campus albigeois du CUFR Champollion, le 5 mars 2012, en pr\u00e9sence (de gauche \u00e0 droite) de Thierry Carcenac (pr\u00e9sident du Conseil g\u00e9n\u00e9ral du Tarn), de Martin Malvy (pr\u00e9sident du Conseil r\u00e9gional de la r\u00e9gion Midi-Pyr\u00e9n\u00e9es), du recteur Olivier Dugrip, de Philippe Bonnecarr\u00e8re (maire d&rsquo;Albi) et de Christian Desmoulins (pr\u00e9sident du CA du CUFR).<\/h6>\n\n\n\n<p>\u00a9 Archives du Service Communication de l\u2019INU Champollion.<\/p>\n<\/div><\/div>\n\n\n\n<div class=\"wp-block-media-text alignwide is-stacked-on-mobile\"><figure class=\"wp-block-media-text__media\"><img loading=\"lazy\" width=\"600\" height=\"400\" src=\"https:\/\/blogs.univ-jfc.fr\/archampo\/wp-content\/uploads\/sites\/125\/2024\/03\/inauguration-gymnase_11963950863_o.jpg\" alt=\"\" class=\"wp-image-223 size-full\" srcset=\"https:\/\/blogs.univ-jfc.fr\/archampo\/wp-content\/uploads\/sites\/125\/2024\/03\/inauguration-gymnase_11963950863_o.jpg 600w, https:\/\/blogs.univ-jfc.fr\/archampo\/wp-content\/uploads\/sites\/125\/2024\/03\/inauguration-gymnase_11963950863_o-300x200.jpg 300w\" sizes=\"(max-width: 600px) 100vw, 600px\" \/><\/figure><div class=\"wp-block-media-text__content\">\n<h6>Prise de parole de Herv\u00e9 Pingaud lors de l&rsquo;inauguration du gymnase du campus albigeois du CUFR Champollion, le 5 mars 2012, en pr\u00e9sence (de gauche \u00e0 droite) de Thierry Carcenac (pr\u00e9sident du Conseil g\u00e9n\u00e9ral du Tarn), de Martin Malvy (pr\u00e9sident du Conseil r\u00e9gional de la r\u00e9gion Midi-Pyr\u00e9n\u00e9es), du recteur Olivier Dugrip, de Philippe Bonnecarr\u00e8re (maire d&rsquo;Albi) et de Christian Desmoulins (pr\u00e9sident du CA du CUFR).<\/h6>\n\n\n\n<p>\u00a9 Archives du Service Communication de l\u2019INU Champollion.<\/p>\n<\/div><\/div>\n\n\n\n<div class=\"wp-block-media-text alignwide is-stacked-on-mobile\"><figure class=\"wp-block-media-text__media\"><img loading=\"lazy\" width=\"600\" height=\"400\" src=\"https:\/\/blogs.univ-jfc.fr\/archampo\/wp-content\/uploads\/sites\/125\/2024\/03\/inauguration-gymnase_11964062174_o.jpg\" alt=\"\" class=\"wp-image-225 size-full\" srcset=\"https:\/\/blogs.univ-jfc.fr\/archampo\/wp-content\/uploads\/sites\/125\/2024\/03\/inauguration-gymnase_11964062174_o.jpg 600w, https:\/\/blogs.univ-jfc.fr\/archampo\/wp-content\/uploads\/sites\/125\/2024\/03\/inauguration-gymnase_11964062174_o-300x200.jpg 300w\" sizes=\"(max-width: 600px) 100vw, 600px\" \/><\/figure><div class=\"wp-block-media-text__content\">\n<h6>De gauche \u00e0 droite : Herv\u00e9 Pingaud, directeur du CUFR,  Thierry Carcenac (pr\u00e9sident du Conseil g\u00e9n\u00e9ral du Tarn), Martin Malvy (pr\u00e9sident du Conseil r\u00e9gional de la r\u00e9gion Midi-Pyr\u00e9n\u00e9es), le recteur Olivier Dugrip. Ils \u00e9coutent les discours prononc\u00e9s lors de l&rsquo;inauguration du gymnase du campus albigeois le 5 mars 2012.<\/h6>\n\n\n\n<p>\u00a9 Archives du Service Communication de l\u2019INU Champollion.<\/p>\n<\/div><\/div>\n\n\n\n<div class=\"wp-block-media-text alignwide is-stacked-on-mobile\"><figure class=\"wp-block-media-text__media\"><img loading=\"lazy\" width=\"600\" height=\"400\" src=\"https:\/\/blogs.univ-jfc.fr\/archampo\/wp-content\/uploads\/sites\/125\/2024\/03\/inauguration-gymnase_11963783573_o-Copie.jpg\" alt=\"\" class=\"wp-image-226 size-full\" srcset=\"https:\/\/blogs.univ-jfc.fr\/archampo\/wp-content\/uploads\/sites\/125\/2024\/03\/inauguration-gymnase_11963783573_o-Copie.jpg 600w, https:\/\/blogs.univ-jfc.fr\/archampo\/wp-content\/uploads\/sites\/125\/2024\/03\/inauguration-gymnase_11963783573_o-Copie-300x200.jpg 300w\" sizes=\"(max-width: 600px) 100vw, 600px\" \/><\/figure><div class=\"wp-block-media-text__content\">\n<h6>Au premier plan : Marie-Claude Bascoul, directrice de la Formation continue du CUFR Champollion, Nicole Belloubet, vice-pr\u00e9sidente du Conseil r\u00e9gional de la r\u00e9gion Midi-Pyr\u00e9n\u00e9es(ministre de l\u2019\u00c9ducation nationale en 2024) ) et Thierry Carcenac, pr\u00e9sident du Conseil g\u00e9n\u00e9ral du Tarn. Au deuxi\u00e8me plan, Jean-Louis Darr\u00e9on, ancien directeur du CUFR. <\/h6>\n\n\n\n<p>\u00a9 Archives du Service Communication de l\u2019INU Champollion.<\/p>\n<\/div><\/div>\n\n\n\n<div class=\"wp-block-media-text alignwide is-stacked-on-mobile\" style=\"grid-template-columns:49% auto\"><figure class=\"wp-block-media-text__media\"><img loading=\"lazy\" width=\"600\" height=\"900\" src=\"https:\/\/blogs.univ-jfc.fr\/archampo\/wp-content\/uploads\/sites\/125\/2024\/03\/inauguration-gymnase_11964111564_o.jpg\" alt=\"\" class=\"wp-image-227 size-full\" srcset=\"https:\/\/blogs.univ-jfc.fr\/archampo\/wp-content\/uploads\/sites\/125\/2024\/03\/inauguration-gymnase_11964111564_o.jpg 600w, https:\/\/blogs.univ-jfc.fr\/archampo\/wp-content\/uploads\/sites\/125\/2024\/03\/inauguration-gymnase_11964111564_o-200x300.jpg 200w\" sizes=\"(max-width: 600px) 100vw, 600px\" \/><\/figure><div class=\"wp-block-media-text__content\">\n<h6>Apart\u00e9 entre Herv\u00e9 Pingaud, directeur du CUFR Champollion, Jacqueline Matha et Christian Desmoulins lors de l&rsquo;inauguration du gymnase du campus albigeois le 5 mars 2012.<\/h6>\n\n\n\n<p>\u00a9 Archives du Service Communication de l\u2019INU Champollion.<\/p>\n<\/div><\/div>\n\n\n\n<div class=\"wp-block-media-text alignwide is-stacked-on-mobile\"><figure class=\"wp-block-media-text__media\"><img loading=\"lazy\" width=\"600\" height=\"400\" src=\"https:\/\/blogs.univ-jfc.fr\/archampo\/wp-content\/uploads\/sites\/125\/2024\/03\/inauguration-gymnase_11963763643_o.jpg\" alt=\"\" class=\"wp-image-228 size-full\" srcset=\"https:\/\/blogs.univ-jfc.fr\/archampo\/wp-content\/uploads\/sites\/125\/2024\/03\/inauguration-gymnase_11963763643_o.jpg 600w, https:\/\/blogs.univ-jfc.fr\/archampo\/wp-content\/uploads\/sites\/125\/2024\/03\/inauguration-gymnase_11963763643_o-300x200.jpg 300w\" sizes=\"(max-width: 600px) 100vw, 600px\" \/><\/figure><div class=\"wp-block-media-text__content\">\n<h6>Retour du gymnase apr\u00e8s son inauguration. Herv\u00e9 Pingaud emm\u00e8ne les politiques visiter l&rsquo;\u00e9quipe de recherche SCOT \u00e0 l&rsquo;\u00e9tage recherche du b\u00e2timent Jaur\u00e8s.<\/h6>\n\n\n\n<p>\u00a9 Archives du Service Communication de l\u2019INU Champollion.<\/p>\n<\/div><\/div>\n\n\n\n<div class=\"wp-block-media-text alignwide is-stacked-on-mobile\"><figure class=\"wp-block-media-text__media\"><img loading=\"lazy\" width=\"600\" height=\"400\" src=\"https:\/\/blogs.univ-jfc.fr\/archampo\/wp-content\/uploads\/sites\/125\/2024\/03\/inauguration-gymnase_11963980153_o.jpg\" alt=\"\" class=\"wp-image-229 size-full\" srcset=\"https:\/\/blogs.univ-jfc.fr\/archampo\/wp-content\/uploads\/sites\/125\/2024\/03\/inauguration-gymnase_11963980153_o.jpg 600w, https:\/\/blogs.univ-jfc.fr\/archampo\/wp-content\/uploads\/sites\/125\/2024\/03\/inauguration-gymnase_11963980153_o-300x200.jpg 300w\" sizes=\"(max-width: 600px) 100vw, 600px\" \/><\/figure><div class=\"wp-block-media-text__content\">\n<h6>A gauche, le directeur g\u00e9n\u00e9ral des service de Champollion Pascal Gu\u00e9rin, \u00e0 droite Jacqueline Matha.<\/h6>\n\n\n\n<p>\u00a9 Archives du Service Communication de l\u2019INU Champollion.<\/p>\n<\/div><\/div>\n\n\n\n<div class=\"wp-block-media-text alignwide is-stacked-on-mobile\"><figure class=\"wp-block-media-text__media\"><img loading=\"lazy\" width=\"600\" height=\"400\" src=\"https:\/\/blogs.univ-jfc.fr\/archampo\/wp-content\/uploads\/sites\/125\/2024\/03\/inauguration-gymnase_11963482015_o.jpg\" alt=\"\" class=\"wp-image-230 size-full\" srcset=\"https:\/\/blogs.univ-jfc.fr\/archampo\/wp-content\/uploads\/sites\/125\/2024\/03\/inauguration-gymnase_11963482015_o.jpg 600w, https:\/\/blogs.univ-jfc.fr\/archampo\/wp-content\/uploads\/sites\/125\/2024\/03\/inauguration-gymnase_11963482015_o-300x200.jpg 300w\" sizes=\"(max-width: 600px) 100vw, 600px\" \/><\/figure><div class=\"wp-block-media-text__content\">\n<h6>A gauche, le recteur Olivier Dugrip en discussion avec Herv\u00e9 Pingaud, directeur du CUFR et Martin Malvy, (pr\u00e9sident du Conseil r\u00e9gional de la r\u00e9gion Midi-Pyr\u00e9n\u00e9es).<\/h6>\n\n\n\n<p>\u00a9 Archives du Service Communication de l\u2019INU Champollion.<\/p>\n<\/div><\/div>\n","protected":false},"excerpt":{"rendered":"<p>Inauguration du gymnase du campus albigeois du CUFR Champollion, le 5 mars 2012, en pr\u00e9sence (de gauche \u00e0 droite) de Christian Desmoulin (pr\u00e9sident du CA de Champolion), de Thierry Carcenac (pr\u00e9sident du Conseil g\u00e9n\u00e9ral du Tarn), de Martin Malvy (pr\u00e9sident du Conseil r\u00e9gional de la r\u00e9gion Midi-Pyr\u00e9n\u00e9es), du recteur Olivier Dugrip, de Nicole Belloubet (vice-pr\u00e9sidente &hellip; <a href=\"https:\/\/blogs.univ-jfc.fr\/archampo\/inauguration-du-gymnase-du-campus-dalbi-le-5-mars-2012\/\" class=\"more-link\">Continuer la lecture de <span class=\"screen-reader-text\">Inauguration du gymnase du campus d&rsquo;Albi le 5 mars 2012<\/span> <span class=\"meta-nav\">&rarr;<\/span><\/a><\/p>\n","protected":false},"author":19,"featured_media":0,"parent":0,"menu_order":0,"comment_status":"closed","ping_status":"closed","template":"","meta":[],"_links":{"self":[{"href":"https:\/\/blogs.univ-jfc.fr\/archampo\/wp-json\/wp\/v2\/pages\/214"}],"collection":[{"href":"https:\/\/blogs.univ-jfc.fr\/archampo\/wp-json\/wp\/v2\/pages"}],"about":[{"href":"https:\/\/blogs.univ-jfc.fr\/archampo\/wp-json\/wp\/v2\/types\/page"}],"author":[{"embeddable":true,"href":"https:\/\/blogs.univ-jfc.fr\/archampo\/wp-json\/wp\/v2\/users\/19"}],"replies":[{"embeddable":true,"href":"https:\/\/blogs.univ-jfc.fr\/archampo\/wp-json\/wp\/v2\/comments?post=214"}],"version-history":[{"count":5,"href":"https:\/\/blogs.univ-jfc.fr\/archampo\/wp-json\/wp\/v2\/pages\/214\/revisions"}],"predecessor-version":[{"id":728,"href":"https:\/\/blogs.univ-jfc.fr\/archampo\/wp-json\/wp\/v2\/pages\/214\/revisions\/728"}],"wp:attachment":[{"href":"https:\/\/blogs.univ-jfc.fr\/archampo\/wp-json\/wp\/v2\/media?parent=214"}],"curies":[{"name":"wp","href":"https:\/\/api.w.org\/{rel}","templated":true}]}}