{"id":241,"date":"2024-03-30T12:22:02","date_gmt":"2024-03-30T11:22:02","guid":{"rendered":"https:\/\/blogs.univ-jfc.fr\/archampo\/?page_id=241"},"modified":"2024-04-04T11:29:26","modified_gmt":"2024-04-04T09:29:26","slug":"le-site-burloup-a-rodez","status":"publish","type":"page","link":"https:\/\/blogs.univ-jfc.fr\/archampo\/le-site-burloup-a-rodez\/","title":{"rendered":"Le campus Burloup \u00e0 Rodez"},"content":{"rendered":"\n<div class=\"wp-block-media-text alignwide is-stacked-on-mobile\"><figure class=\"wp-block-media-text__media\"><img loading=\"lazy\" width=\"1024\" height=\"655\" src=\"https:\/\/blogs.univ-jfc.fr\/archampo\/wp-content\/uploads\/sites\/125\/2024\/03\/casernes-15e-RI.jpg\" alt=\"\" class=\"wp-image-254 size-full\" srcset=\"https:\/\/blogs.univ-jfc.fr\/archampo\/wp-content\/uploads\/sites\/125\/2024\/03\/casernes-15e-RI.jpg 1024w, https:\/\/blogs.univ-jfc.fr\/archampo\/wp-content\/uploads\/sites\/125\/2024\/03\/casernes-15e-RI-300x192.jpg 300w, https:\/\/blogs.univ-jfc.fr\/archampo\/wp-content\/uploads\/sites\/125\/2024\/03\/casernes-15e-RI-768x491.jpg 768w\" sizes=\"(max-width: 1024px) 100vw, 1024px\" \/><\/figure><div class=\"wp-block-media-text__content\">\n<h6>Carte postale des casernes Burloup construites dans les ann\u00e9es 1890.<\/h6>\n<\/div><\/div>\n\n\n\n<div class=\"wp-block-media-text alignwide is-stacked-on-mobile\"><figure class=\"wp-block-media-text__media\"><img loading=\"lazy\" width=\"600\" height=\"450\" src=\"https:\/\/blogs.univ-jfc.fr\/archampo\/wp-content\/uploads\/sites\/125\/2024\/04\/DSCF0473.jpg\" alt=\"\" class=\"wp-image-730 size-full\" srcset=\"https:\/\/blogs.univ-jfc.fr\/archampo\/wp-content\/uploads\/sites\/125\/2024\/04\/DSCF0473.jpg 600w, https:\/\/blogs.univ-jfc.fr\/archampo\/wp-content\/uploads\/sites\/125\/2024\/04\/DSCF0473-300x225.jpg 300w\" sizes=\"(max-width: 600px) 100vw, 600px\" \/><\/figure><div class=\"wp-block-media-text__content\">\n<h6>La fa\u00e7ade du campus Burloup du CUFR Champollion en mai 2007.<\/h6>\n\n\n\n<p>\u00a9 Archives du service Communication de l&rsquo;INUC &#8211; Fonds Fabien Cluzel.<\/p>\n<\/div><\/div>\n\n\n\n<div class=\"wp-block-media-text alignwide is-stacked-on-mobile\"><figure class=\"wp-block-media-text__media\"><img loading=\"lazy\" width=\"600\" height=\"450\" src=\"https:\/\/blogs.univ-jfc.fr\/archampo\/wp-content\/uploads\/sites\/125\/2024\/04\/DSCF0483.jpg\" alt=\"\" class=\"wp-image-731 size-full\" srcset=\"https:\/\/blogs.univ-jfc.fr\/archampo\/wp-content\/uploads\/sites\/125\/2024\/04\/DSCF0483.jpg 600w, https:\/\/blogs.univ-jfc.fr\/archampo\/wp-content\/uploads\/sites\/125\/2024\/04\/DSCF0483-300x225.jpg 300w\" sizes=\"(max-width: 600px) 100vw, 600px\" \/><\/figure><div class=\"wp-block-media-text__content\">\n<h6>La fa\u00e7ade du campus Burloup du CUFR Champollion en mai 2007.<\/h6>\n\n\n\n<p>\u00a9 Archives du service Communication de l&rsquo;INUC &#8211; Fonds Fabien Cluzel.<\/p>\n<\/div><\/div>\n\n\n\n<div class=\"wp-block-media-text alignwide is-stacked-on-mobile\"><figure class=\"wp-block-media-text__media\"><img loading=\"lazy\" width=\"600\" height=\"450\" src=\"https:\/\/blogs.univ-jfc.fr\/archampo\/wp-content\/uploads\/sites\/125\/2024\/03\/CB-2024-2.jpg\" alt=\"\" class=\"wp-image-255 size-full\" srcset=\"https:\/\/blogs.univ-jfc.fr\/archampo\/wp-content\/uploads\/sites\/125\/2024\/03\/CB-2024-2.jpg 600w, https:\/\/blogs.univ-jfc.fr\/archampo\/wp-content\/uploads\/sites\/125\/2024\/03\/CB-2024-2-300x225.jpg 300w\" sizes=\"(max-width: 600px) 100vw, 600px\" \/><\/figure><div class=\"wp-block-media-text__content\">\n<h6>Plaque comm\u00e9morative d\u00e9pos\u00e9e en 2009 en souvenir des prisonniers de confession juive qui y ont \u00e9t\u00e9 intern\u00e9s avant leur d\u00e9portation. <a href=\"https:\/\/france3-regions.francetvinfo.fr\/occitanie\/aveyron\/rodez\/il-y-74-ans-rafle-juifs-rodez-1462987.html\" data-type=\"URL\" data-id=\"https:\/\/france3-regions.francetvinfo.fr\/occitanie\/aveyron\/rodez\/il-y-74-ans-rafle-juifs-rodez-1462987.html\">Voir plus.<\/a><\/h6>\n\n\n\n<p>\u00a9 Caroline Barrera &#8211; Projet Archampo, clich\u00e9 photographique du 12 f\u00e9vrier 2024.<\/p>\n<\/div><\/div>\n\n\n\n<div class=\"wp-block-media-text alignwide is-stacked-on-mobile\"><figure class=\"wp-block-media-text__media\"><img loading=\"lazy\" width=\"600\" height=\"450\" src=\"https:\/\/blogs.univ-jfc.fr\/archampo\/wp-content\/uploads\/sites\/125\/2024\/03\/CB-2024.jpg\" alt=\"\" class=\"wp-image-256 size-full\" srcset=\"https:\/\/blogs.univ-jfc.fr\/archampo\/wp-content\/uploads\/sites\/125\/2024\/03\/CB-2024.jpg 600w, https:\/\/blogs.univ-jfc.fr\/archampo\/wp-content\/uploads\/sites\/125\/2024\/03\/CB-2024-300x225.jpg 300w\" sizes=\"(max-width: 600px) 100vw, 600px\" \/><\/figure><div class=\"wp-block-media-text__content\">\n<h6>\u00a9 Plaque comm\u00e9morative sur la fa\u00e7ade du campus Burloup.<\/h6>\n\n\n\n<p>\u00a9 Caroline Barrera &#8211; Projet Archampo, clich\u00e9 photographique du 12 f\u00e9vrier 2024.<\/p>\n<\/div><\/div>\n\n\n\n<div class=\"wp-block-media-text alignwide is-stacked-on-mobile\"><figure class=\"wp-block-media-text__media\"><img loading=\"lazy\" width=\"600\" height=\"400\" src=\"https:\/\/blogs.univ-jfc.fr\/archampo\/wp-content\/uploads\/sites\/125\/2024\/03\/campus-burloup-rodez_11978268936_o.jpg\" alt=\"\" class=\"wp-image-257 size-full\" srcset=\"https:\/\/blogs.univ-jfc.fr\/archampo\/wp-content\/uploads\/sites\/125\/2024\/03\/campus-burloup-rodez_11978268936_o.jpg 600w, https:\/\/blogs.univ-jfc.fr\/archampo\/wp-content\/uploads\/sites\/125\/2024\/03\/campus-burloup-rodez_11978268936_o-300x200.jpg 300w\" sizes=\"(max-width: 600px) 100vw, 600px\" \/><\/figure><div class=\"wp-block-media-text__content\">\n<h6>La fa\u00e7ade du campus CUFR Champolion de Rodez en 2011.<\/h6>\n\n\n\n<p>\u00a9 Archives du service Communication de l&rsquo;INUC.<\/p>\n\n\n\n<p><\/p>\n<\/div><\/div>\n\n\n\n<div class=\"wp-block-media-text alignwide is-stacked-on-mobile\"><figure class=\"wp-block-media-text__media\"><img loading=\"lazy\" width=\"600\" height=\"492\" src=\"https:\/\/blogs.univ-jfc.fr\/archampo\/wp-content\/uploads\/sites\/125\/2024\/03\/P1560278.jpg\" alt=\"\" class=\"wp-image-258 size-full\" srcset=\"https:\/\/blogs.univ-jfc.fr\/archampo\/wp-content\/uploads\/sites\/125\/2024\/03\/P1560278.jpg 600w, https:\/\/blogs.univ-jfc.fr\/archampo\/wp-content\/uploads\/sites\/125\/2024\/03\/P1560278-300x246.jpg 300w\" sizes=\"(max-width: 600px) 100vw, 600px\" \/><\/figure><div class=\"wp-block-media-text__content\">\n<h6>L&rsquo;entr\u00e9e de l&rsquo;INU Champollion du campus de Burloup \u00e0 Rodez \u00e0 l&rsquo;hiver 2024, quelques mois avant le d\u00e9m\u00e9nagement.<\/h6>\n\n\n\n<p>\u00a9 \u00a9 Caroline Barrera &#8211; Projet Archampo, clich\u00e9 photographique du 12 f\u00e9vrier 2024.<\/p>\n<\/div><\/div>\n\n\n\n<div class=\"wp-block-media-text alignwide is-stacked-on-mobile\"><figure class=\"wp-block-media-text__media\"><img loading=\"lazy\" width=\"842\" height=\"561\" src=\"https:\/\/blogs.univ-jfc.fr\/archampo\/wp-content\/uploads\/sites\/125\/2024\/03\/campus-burloup-rodez_6777151342_o.jpg\" alt=\"\" class=\"wp-image-259 size-full\" srcset=\"https:\/\/blogs.univ-jfc.fr\/archampo\/wp-content\/uploads\/sites\/125\/2024\/03\/campus-burloup-rodez_6777151342_o.jpg 842w, https:\/\/blogs.univ-jfc.fr\/archampo\/wp-content\/uploads\/sites\/125\/2024\/03\/campus-burloup-rodez_6777151342_o-300x200.jpg 300w, https:\/\/blogs.univ-jfc.fr\/archampo\/wp-content\/uploads\/sites\/125\/2024\/03\/campus-burloup-rodez_6777151342_o-768x512.jpg 768w\" sizes=\"(max-width: 842px) 100vw, 842px\" \/><\/figure><div class=\"wp-block-media-text__content\">\n<h6>Table de travail \u00e0 la biblioth\u00e8que universitaire du campus de Burloup \u00e0 Rodez.<\/h6>\n\n\n\n<p>\u00a9 Archives du service Communication de l&rsquo;INUC.<\/p>\n\n\n\n<p><\/p>\n<\/div><\/div>\n\n\n\n<div class=\"wp-block-media-text alignwide is-stacked-on-mobile\"><figure class=\"wp-block-media-text__media\"><img loading=\"lazy\" width=\"600\" height=\"450\" src=\"https:\/\/blogs.univ-jfc.fr\/archampo\/wp-content\/uploads\/sites\/125\/2024\/03\/cb-2024-accueil.jpg\" alt=\"\" class=\"wp-image-260 size-full\" srcset=\"https:\/\/blogs.univ-jfc.fr\/archampo\/wp-content\/uploads\/sites\/125\/2024\/03\/cb-2024-accueil.jpg 600w, https:\/\/blogs.univ-jfc.fr\/archampo\/wp-content\/uploads\/sites\/125\/2024\/03\/cb-2024-accueil-300x225.jpg 300w\" sizes=\"(max-width: 600px) 100vw, 600px\" \/><\/figure><div class=\"wp-block-media-text__content\">\n<h6>L&rsquo;accueil de l&rsquo;INU Champollion du campus de Burloup \u00e0 l&rsquo;hiver 2024, quelques mois avant le d\u00e9m\u00e9nagement.<\/h6>\n\n\n\n<p>\u00a9 Caroline Barrera &#8211; Projet Archampo, clich\u00e9 photographique du 12 f\u00e9vrier 2024.<\/p>\n<\/div><\/div>\n\n\n\n<div class=\"wp-block-media-text alignwide is-stacked-on-mobile\"><figure class=\"wp-block-media-text__media\"><img loading=\"lazy\" width=\"600\" height=\"450\" src=\"https:\/\/blogs.univ-jfc.fr\/archampo\/wp-content\/uploads\/sites\/125\/2024\/03\/cb-2024-ascen.jpg\" alt=\"\" class=\"wp-image-262 size-full\" srcset=\"https:\/\/blogs.univ-jfc.fr\/archampo\/wp-content\/uploads\/sites\/125\/2024\/03\/cb-2024-ascen.jpg 600w, https:\/\/blogs.univ-jfc.fr\/archampo\/wp-content\/uploads\/sites\/125\/2024\/03\/cb-2024-ascen-300x225.jpg 300w\" sizes=\"(max-width: 600px) 100vw, 600px\" \/><\/figure><div class=\"wp-block-media-text__content\">\n<h6>Signal\u00e9tique dans le hall d&rsquo;accueil de l&rsquo;INU Champollion du campus de Burloup \u00e0 l&rsquo;hiver 2024, quelques mois avant le d\u00e9m\u00e9nagement.<\/h6>\n\n\n\n<p>\u00a9 Caroline Barrera &#8211; Projet Archampo, clich\u00e9 photographique du 12 f\u00e9vrier 2024.<\/p>\n<\/div><\/div>\n\n\n\n<div class=\"wp-block-media-text alignwide is-stacked-on-mobile\"><figure class=\"wp-block-media-text__media\"><img loading=\"lazy\" width=\"600\" height=\"450\" src=\"https:\/\/blogs.univ-jfc.fr\/archampo\/wp-content\/uploads\/sites\/125\/2024\/03\/cb-2024-couloir.jpg\" alt=\"\" class=\"wp-image-263 size-full\" srcset=\"https:\/\/blogs.univ-jfc.fr\/archampo\/wp-content\/uploads\/sites\/125\/2024\/03\/cb-2024-couloir.jpg 600w, https:\/\/blogs.univ-jfc.fr\/archampo\/wp-content\/uploads\/sites\/125\/2024\/03\/cb-2024-couloir-300x225.jpg 300w\" sizes=\"(max-width: 600px) 100vw, 600px\" \/><\/figure><div class=\"wp-block-media-text__content\">\n<h6>Couloir de droite  dans le hall d&rsquo;accueil de l&rsquo;INU Champollion du campus de Burloup \u00e0 l&rsquo;hiver 2024, quelques mois avant le d\u00e9m\u00e9nagement.<\/h6>\n\n\n\n<p>\u00a9 Caroline Barrera &#8211; Projet Archampo, clich\u00e9 photographique du 12 f\u00e9vrier 2024.<\/p>\n<\/div><\/div>\n\n\n\n<div class=\"wp-block-media-text alignwide is-stacked-on-mobile\"><figure class=\"wp-block-media-text__media\"><img loading=\"lazy\" width=\"600\" height=\"450\" src=\"https:\/\/blogs.univ-jfc.fr\/archampo\/wp-content\/uploads\/sites\/125\/2024\/03\/P1560285.jpg\" alt=\"\" class=\"wp-image-264 size-full\" srcset=\"https:\/\/blogs.univ-jfc.fr\/archampo\/wp-content\/uploads\/sites\/125\/2024\/03\/P1560285.jpg 600w, https:\/\/blogs.univ-jfc.fr\/archampo\/wp-content\/uploads\/sites\/125\/2024\/03\/P1560285-300x225.jpg 300w\" sizes=\"(max-width: 600px) 100vw, 600px\" \/><\/figure><div class=\"wp-block-media-text__content\">\n<h6>Les panneaux d&rsquo;information &#8211;  Couloir de droite dans le hall d&rsquo;accueil de l&rsquo;INU Champollion du campus de Burloup \u00e0 l&rsquo;hiver 2024, quelques mois avant le d\u00e9m\u00e9nagement.<\/h6>\n\n\n\n<p>\u00a9 Caroline Barrera &#8211; Projet Archampo, clich\u00e9 photographique du 12 f\u00e9vrier 2024.<\/p>\n<\/div><\/div>\n\n\n\n<div class=\"wp-block-media-text alignwide is-stacked-on-mobile\"><figure class=\"wp-block-media-text__media\"><img loading=\"lazy\" width=\"600\" height=\"450\" src=\"https:\/\/blogs.univ-jfc.fr\/archampo\/wp-content\/uploads\/sites\/125\/2024\/03\/cb-2024P1560308.jpg\" alt=\"\" class=\"wp-image-265 size-full\" srcset=\"https:\/\/blogs.univ-jfc.fr\/archampo\/wp-content\/uploads\/sites\/125\/2024\/03\/cb-2024P1560308.jpg 600w, https:\/\/blogs.univ-jfc.fr\/archampo\/wp-content\/uploads\/sites\/125\/2024\/03\/cb-2024P1560308-300x225.jpg 300w\" sizes=\"(max-width: 600px) 100vw, 600px\" \/><\/figure><div class=\"wp-block-media-text__content\">\n<h6>L&rsquo;amphith\u00e9\u00e2tre de l&rsquo;INU Champollion du campus de Burloup \u00e0 l&rsquo;hiver 2024, quelques mois avant le d\u00e9m\u00e9nagement.<\/h6>\n\n\n\n<p>\u00a9 Caroline Barrera &#8211; Projet Archampo, clich\u00e9 photographique du 12 f\u00e9vrier 2024.<\/p>\n<\/div><\/div>\n\n\n\n<div class=\"wp-block-media-text alignwide is-stacked-on-mobile\"><figure class=\"wp-block-media-text__media\"><img loading=\"lazy\" width=\"600\" height=\"400\" src=\"https:\/\/blogs.univ-jfc.fr\/archampo\/wp-content\/uploads\/sites\/125\/2024\/03\/campus-burloup-rodez_6941392266_o.jpg\" alt=\"\" class=\"wp-image-266 size-full\" srcset=\"https:\/\/blogs.univ-jfc.fr\/archampo\/wp-content\/uploads\/sites\/125\/2024\/03\/campus-burloup-rodez_6941392266_o.jpg 600w, https:\/\/blogs.univ-jfc.fr\/archampo\/wp-content\/uploads\/sites\/125\/2024\/03\/campus-burloup-rodez_6941392266_o-300x200.jpg 300w\" sizes=\"(max-width: 600px) 100vw, 600px\" \/><\/figure><div class=\"wp-block-media-text__content\">\n<h6>Salle de cours du CUFR Champollion du campus de Burloup \u00e0 Rodez en 2011.<\/h6>\n\n\n\n<p>\u00a9 Archives du service Communication de l&rsquo;INUC.<\/p>\n<\/div><\/div>\n\n\n\n<div class=\"wp-block-media-text alignwide is-stacked-on-mobile\"><figure class=\"wp-block-media-text__media\"><\/figure><div class=\"wp-block-media-text__content\">\n<p class=\"has-large-font-size\"><\/p>\n<\/div><\/div>\n","protected":false},"excerpt":{"rendered":"<p>Carte postale des casernes Burloup construites dans les ann\u00e9es 1890. La fa\u00e7ade du campus Burloup du CUFR Champollion en mai 2007. \u00a9 Archives du service Communication de l&rsquo;INUC &#8211; Fonds Fabien Cluzel. La fa\u00e7ade du campus Burloup du CUFR Champollion en mai 2007. \u00a9 Archives du service Communication de l&rsquo;INUC &#8211; Fonds Fabien Cluzel. Plaque &hellip; <a href=\"https:\/\/blogs.univ-jfc.fr\/archampo\/le-site-burloup-a-rodez\/\" class=\"more-link\">Continuer la lecture de <span class=\"screen-reader-text\">Le campus Burloup \u00e0 Rodez<\/span> <span class=\"meta-nav\">&rarr;<\/span><\/a><\/p>\n","protected":false},"author":19,"featured_media":0,"parent":0,"menu_order":0,"comment_status":"closed","ping_status":"closed","template":"","meta":[],"_links":{"self":[{"href":"https:\/\/blogs.univ-jfc.fr\/archampo\/wp-json\/wp\/v2\/pages\/241"}],"collection":[{"href":"https:\/\/blogs.univ-jfc.fr\/archampo\/wp-json\/wp\/v2\/pages"}],"about":[{"href":"https:\/\/blogs.univ-jfc.fr\/archampo\/wp-json\/wp\/v2\/types\/page"}],"author":[{"embeddable":true,"href":"https:\/\/blogs.univ-jfc.fr\/archampo\/wp-json\/wp\/v2\/users\/19"}],"replies":[{"embeddable":true,"href":"https:\/\/blogs.univ-jfc.fr\/archampo\/wp-json\/wp\/v2\/comments?post=241"}],"version-history":[{"count":7,"href":"https:\/\/blogs.univ-jfc.fr\/archampo\/wp-json\/wp\/v2\/pages\/241\/revisions"}],"predecessor-version":[{"id":733,"href":"https:\/\/blogs.univ-jfc.fr\/archampo\/wp-json\/wp\/v2\/pages\/241\/revisions\/733"}],"wp:attachment":[{"href":"https:\/\/blogs.univ-jfc.fr\/archampo\/wp-json\/wp\/v2\/media?parent=241"}],"curies":[{"name":"wp","href":"https:\/\/api.w.org\/{rel}","templated":true}]}}