{"id":250,"date":"2024-03-30T15:35:01","date_gmt":"2024-03-30T14:35:01","guid":{"rendered":"https:\/\/blogs.univ-jfc.fr\/archampo\/?page_id=250"},"modified":"2024-04-06T05:28:52","modified_gmt":"2024-04-06T03:28:52","slug":"le-campus-disis-a-castres","status":"publish","type":"page","link":"https:\/\/blogs.univ-jfc.fr\/archampo\/le-campus-disis-a-castres\/","title":{"rendered":"Le campus ISIS \u00e0  la Borde-Basse \u00e0 Castres"},"content":{"rendered":"\n<div class=\"wp-block-media-text alignwide is-stacked-on-mobile\"><figure class=\"wp-block-media-text__media\"><img loading=\"lazy\" width=\"600\" height=\"400\" src=\"https:\/\/blogs.univ-jfc.fr\/archampo\/wp-content\/uploads\/sites\/125\/2024\/03\/2010campus-de-la-borde-basse-castres-universit-champollion_11977849535_o.jpg\" alt=\"\" class=\"wp-image-404 size-full\" srcset=\"https:\/\/blogs.univ-jfc.fr\/archampo\/wp-content\/uploads\/sites\/125\/2024\/03\/2010campus-de-la-borde-basse-castres-universit-champollion_11977849535_o.jpg 600w, https:\/\/blogs.univ-jfc.fr\/archampo\/wp-content\/uploads\/sites\/125\/2024\/03\/2010campus-de-la-borde-basse-castres-universit-champollion_11977849535_o-300x200.jpg 300w\" sizes=\"(max-width: 600px) 100vw, 600px\" \/><\/figure><div class=\"wp-block-media-text__content\">\n<h6>Le campus de la Borde-Basse de l&rsquo;\u00e9cole d&rsquo;ing\u00e9nieurs ISIS, du CUFR Champollion \u00e0 Castres en 2010.<\/h6>\n\n\n\n<p>\u00a9 Archives du Service Communication de l\u2019INUC.<\/p>\n<\/div><\/div>\n\n\n\n<div class=\"wp-block-media-text alignwide is-stacked-on-mobile\"><figure class=\"wp-block-media-text__media\"><img loading=\"lazy\" width=\"600\" height=\"400\" src=\"https:\/\/blogs.univ-jfc.fr\/archampo\/wp-content\/uploads\/sites\/125\/2024\/03\/2010campus-de-la-borde-basse-catre-2.jpg\" alt=\"\" class=\"wp-image-407 size-full\" srcset=\"https:\/\/blogs.univ-jfc.fr\/archampo\/wp-content\/uploads\/sites\/125\/2024\/03\/2010campus-de-la-borde-basse-catre-2.jpg 600w, https:\/\/blogs.univ-jfc.fr\/archampo\/wp-content\/uploads\/sites\/125\/2024\/03\/2010campus-de-la-borde-basse-catre-2-300x200.jpg 300w\" sizes=\"(max-width: 600px) 100vw, 600px\" \/><\/figure><div class=\"wp-block-media-text__content\">\n<h6>Le campus de la Borde-Basse de l&rsquo;\u00e9cole d&rsquo;ing\u00e9nieurs ISIS, du CUFR Champollion \u00e0 Castres en 2010.<\/h6>\n\n\n\n<p>\u00a9 Archives du Service Communication de l\u2019INUC.<\/p>\n<\/div><\/div>\n\n\n\n<div class=\"wp-block-media-text alignwide is-stacked-on-mobile\"><figure class=\"wp-block-media-text__media\"><img loading=\"lazy\" width=\"1024\" height=\"683\" src=\"https:\/\/blogs.univ-jfc.fr\/archampo\/wp-content\/uploads\/sites\/125\/2024\/03\/2010campus-de-la-borde-basse-castres-universit-champollion_11978231263_o-1024x683.jpg\" alt=\"\" class=\"wp-image-408 size-full\" srcset=\"https:\/\/blogs.univ-jfc.fr\/archampo\/wp-content\/uploads\/sites\/125\/2024\/03\/2010campus-de-la-borde-basse-castres-universit-champollion_11978231263_o-1024x683.jpg 1024w, https:\/\/blogs.univ-jfc.fr\/archampo\/wp-content\/uploads\/sites\/125\/2024\/03\/2010campus-de-la-borde-basse-castres-universit-champollion_11978231263_o-300x200.jpg 300w, https:\/\/blogs.univ-jfc.fr\/archampo\/wp-content\/uploads\/sites\/125\/2024\/03\/2010campus-de-la-borde-basse-castres-universit-champollion_11978231263_o-768x512.jpg 768w, https:\/\/blogs.univ-jfc.fr\/archampo\/wp-content\/uploads\/sites\/125\/2024\/03\/2010campus-de-la-borde-basse-castres-universit-champollion_11978231263_o-1536x1024.jpg 1536w, https:\/\/blogs.univ-jfc.fr\/archampo\/wp-content\/uploads\/sites\/125\/2024\/03\/2010campus-de-la-borde-basse-castres-universit-champollion_11978231263_o-2048x1365.jpg 2048w\" sizes=\"(max-width: 1024px) 100vw, 1024px\" \/><\/figure><div class=\"wp-block-media-text__content\">\n<h6>Le campus de la Borde-Basse de l&rsquo;\u00e9cole d&rsquo;ing\u00e9nieurs ISIS, du CUFR Champollion \u00e0 Castres en 2010.<\/h6>\n\n\n\n<p>\u00a9 Archives du Service Communication de l\u2019INUC.<\/p>\n\n\n\n<p><\/p>\n<\/div><\/div>\n\n\n\n<div class=\"wp-block-media-text alignwide is-stacked-on-mobile\"><figure class=\"wp-block-media-text__media\"><img loading=\"lazy\" width=\"600\" height=\"400\" src=\"https:\/\/blogs.univ-jfc.fr\/archampo\/wp-content\/uploads\/sites\/125\/2024\/03\/campus-de-la-borde-basse_6923331365_o.jpg\" alt=\"\" class=\"wp-image-410 size-full\" srcset=\"https:\/\/blogs.univ-jfc.fr\/archampo\/wp-content\/uploads\/sites\/125\/2024\/03\/campus-de-la-borde-basse_6923331365_o.jpg 600w, https:\/\/blogs.univ-jfc.fr\/archampo\/wp-content\/uploads\/sites\/125\/2024\/03\/campus-de-la-borde-basse_6923331365_o-300x200.jpg 300w\" sizes=\"(max-width: 600px) 100vw, 600px\" \/><\/figure><div class=\"wp-block-media-text__content\">\n<h6>\u00c9tudiants sur le campus de la Borde-Basse de l&rsquo;\u00e9cole d&rsquo;ing\u00e9nieurs ISIS, du CUFR Champollion \u00e0 Castres en 2010.<\/h6>\n\n\n\n<p>\u00a9 Archives du Service Communication de l\u2019INUC.<\/p>\n<\/div><\/div>\n\n\n\n<div class=\"wp-block-media-text alignwide is-stacked-on-mobile\"><figure class=\"wp-block-media-text__media\"><img loading=\"lazy\" width=\"600\" height=\"400\" src=\"https:\/\/blogs.univ-jfc.fr\/archampo\/wp-content\/uploads\/sites\/125\/2024\/03\/2017-ISIS-Castres-oct-2017-213.jpg\" alt=\"\" class=\"wp-image-411 size-full\" srcset=\"https:\/\/blogs.univ-jfc.fr\/archampo\/wp-content\/uploads\/sites\/125\/2024\/03\/2017-ISIS-Castres-oct-2017-213.jpg 600w, https:\/\/blogs.univ-jfc.fr\/archampo\/wp-content\/uploads\/sites\/125\/2024\/03\/2017-ISIS-Castres-oct-2017-213-300x200.jpg 300w\" sizes=\"(max-width: 600px) 100vw, 600px\" \/><\/figure><div class=\"wp-block-media-text__content\">\n<h6>Salle de p\u00e9dagogie de simulation de l&rsquo;\u00e9cole d&rsquo;ing\u00e9nieurs ISIS, de l&rsquo;INU Champollion \u00e0 Castres en octobre 2017.<\/h6>\n\n\n\n<p>\u00a9 Archives du Service Communication de l\u2019INUC.<\/p>\n<\/div><\/div>\n\n\n\n<div class=\"wp-block-media-text alignwide is-stacked-on-mobile\"><figure class=\"wp-block-media-text__media\"><img loading=\"lazy\" width=\"600\" height=\"400\" src=\"https:\/\/blogs.univ-jfc.fr\/archampo\/wp-content\/uploads\/sites\/125\/2024\/03\/2017ISIS-Castres-oct-2017-154.jpg\" alt=\"\" class=\"wp-image-412 size-full\" srcset=\"https:\/\/blogs.univ-jfc.fr\/archampo\/wp-content\/uploads\/sites\/125\/2024\/03\/2017ISIS-Castres-oct-2017-154.jpg 600w, https:\/\/blogs.univ-jfc.fr\/archampo\/wp-content\/uploads\/sites\/125\/2024\/03\/2017ISIS-Castres-oct-2017-154-300x200.jpg 300w\" sizes=\"(max-width: 600px) 100vw, 600px\" \/><\/figure><div class=\"wp-block-media-text__content\">\n<h6>L&rsquo;amphith\u00e9\u00e2tre de l&rsquo;\u00e9cole d&rsquo;ing\u00e9nieurs ISIS, de l&rsquo;INU Champollion, \u00e0 Castres en octobre 2017.<\/h6>\n\n\n\n<p>\u00a9 Archives du Service Communication de l\u2019INUC.<\/p>\n<\/div><\/div>\n\n\n\n<div class=\"wp-block-media-text alignwide is-stacked-on-mobile\"><figure class=\"wp-block-media-text__media\"><img loading=\"lazy\" width=\"600\" height=\"400\" src=\"https:\/\/blogs.univ-jfc.fr\/archampo\/wp-content\/uploads\/sites\/125\/2024\/04\/Photo-Florence-1.jpg\" alt=\"\" class=\"wp-image-676 size-full\" srcset=\"https:\/\/blogs.univ-jfc.fr\/archampo\/wp-content\/uploads\/sites\/125\/2024\/04\/Photo-Florence-1.jpg 600w, https:\/\/blogs.univ-jfc.fr\/archampo\/wp-content\/uploads\/sites\/125\/2024\/04\/Photo-Florence-1-300x200.jpg 300w\" sizes=\"(max-width: 600px) 100vw, 600px\" \/><\/figure><div class=\"wp-block-media-text__content\">\n<h6>Inauguration de la Maison de Campus \u00e0 Castres par la pr\u00e9sidente de la r\u00e9gion Occitanie, Carole Delga le 12 septembre 2019.<\/h6>\n\n\n\n<p>\u00a9 Photographie de Florence Lunardi &#8211; Projet Archampo.<\/p>\n<\/div><\/div>\n\n\n\n<div class=\"wp-block-media-text alignwide is-stacked-on-mobile\"><figure class=\"wp-block-media-text__media\"><img loading=\"lazy\" width=\"960\" height=\"640\" src=\"https:\/\/blogs.univ-jfc.fr\/archampo\/wp-content\/uploads\/sites\/125\/2024\/04\/photoflorence-2.jpg\" alt=\"\" class=\"wp-image-679 size-full\" srcset=\"https:\/\/blogs.univ-jfc.fr\/archampo\/wp-content\/uploads\/sites\/125\/2024\/04\/photoflorence-2.jpg 960w, https:\/\/blogs.univ-jfc.fr\/archampo\/wp-content\/uploads\/sites\/125\/2024\/04\/photoflorence-2-300x200.jpg 300w, https:\/\/blogs.univ-jfc.fr\/archampo\/wp-content\/uploads\/sites\/125\/2024\/04\/photoflorence-2-768x512.jpg 768w\" sizes=\"(max-width: 960px) 100vw, 960px\" \/><\/figure><div class=\"wp-block-media-text__content\">\n<h6>Inauguration de la Maison de Campus \u00e0 Castres par la pr\u00e9sidente de la r\u00e9gion Occitanie, Carole Delga le 12 septembre 2019. Sont pr\u00e9sents le s\u00e9nateur Limouzy,la pr\u00e9sidente de r\u00e9gion Carole Delga, le directeur de l&rsquo;IUT Patrick Laurens, la directrice de l&rsquo;INU Champollion Brigitte Pradin.<\/h6>\n\n\n\n<p>\u00a9 Photographie de Florence Lunardi &#8211; Projet Archampo.<\/p>\n<\/div><\/div>\n\n\n\n<div class=\"wp-block-media-text alignwide is-stacked-on-mobile\"><figure class=\"wp-block-media-text__media\"><img loading=\"lazy\" width=\"600\" height=\"400\" src=\"https:\/\/blogs.univ-jfc.fr\/archampo\/wp-content\/uploads\/sites\/125\/2024\/03\/2019-Maison_Campus__LF5D8247.jpg\" alt=\"\" class=\"wp-image-413 size-full\" srcset=\"https:\/\/blogs.univ-jfc.fr\/archampo\/wp-content\/uploads\/sites\/125\/2024\/03\/2019-Maison_Campus__LF5D8247.jpg 600w, https:\/\/blogs.univ-jfc.fr\/archampo\/wp-content\/uploads\/sites\/125\/2024\/03\/2019-Maison_Campus__LF5D8247-300x200.jpg 300w\" sizes=\"(max-width: 600px) 100vw, 600px\" \/><\/figure><div class=\"wp-block-media-text__content\">\n<h6>La Maison de campus de l&rsquo;\u00e9cole d&rsquo;ing\u00e9nieurs ISIS, de l&rsquo;INU Champollion, \u00e0 Castres en 2019.<\/h6>\n\n\n\n<p>\u00a9 Archives du Service Communication de l\u2019INUC.<\/p>\n<\/div><\/div>\n\n\n\n<div class=\"wp-block-media-text alignwide is-stacked-on-mobile\"><figure class=\"wp-block-media-text__media\"><img loading=\"lazy\" width=\"600\" height=\"400\" src=\"https:\/\/blogs.univ-jfc.fr\/archampo\/wp-content\/uploads\/sites\/125\/2024\/03\/2019-Maison-campus-castres.jpg\" alt=\"\" class=\"wp-image-414 size-full\" srcset=\"https:\/\/blogs.univ-jfc.fr\/archampo\/wp-content\/uploads\/sites\/125\/2024\/03\/2019-Maison-campus-castres.jpg 600w, https:\/\/blogs.univ-jfc.fr\/archampo\/wp-content\/uploads\/sites\/125\/2024\/03\/2019-Maison-campus-castres-300x200.jpg 300w\" sizes=\"(max-width: 600px) 100vw, 600px\" \/><\/figure><div class=\"wp-block-media-text__content\">\n<h6>La biblioth\u00e8que de la Maison de campus de l&rsquo;\u00e9cole d&rsquo;ing\u00e9nieurs ISIS, de l&rsquo;INU Champollion, \u00e0 Castres en 2019.<\/h6>\n\n\n\n<p>\u00a9 Archives du Service Communication de l\u2019INUC.<\/p>\n<\/div><\/div>\n\n\n\n<div class=\"wp-block-media-text alignwide is-stacked-on-mobile\"><figure class=\"wp-block-media-text__media\"><img loading=\"lazy\" width=\"600\" height=\"403\" src=\"https:\/\/blogs.univ-jfc.fr\/archampo\/wp-content\/uploads\/sites\/125\/2024\/04\/EquipeBUCastres.jpg\" alt=\"\" class=\"wp-image-681 size-full\" srcset=\"https:\/\/blogs.univ-jfc.fr\/archampo\/wp-content\/uploads\/sites\/125\/2024\/04\/EquipeBUCastres.jpg 600w, https:\/\/blogs.univ-jfc.fr\/archampo\/wp-content\/uploads\/sites\/125\/2024\/04\/EquipeBUCastres-300x202.jpg 300w\" sizes=\"(max-width: 600px) 100vw, 600px\" \/><\/figure><div class=\"wp-block-media-text__content\">\n<h6>L&rsquo;\u00e9quipe de la biblioth\u00e8que universitaire \u00e0 Castres, le 12 septembre 2019, jour de l&rsquo;inauguration de la Maison de Campus. De gauche \u00e0 droite :  Florence Lunardi, Ga\u00eblle Pascalet, Anne Maincent-Bourdal\u00e9, Catherine Roussy, Ma\u00eft\u00e9 Hermen. Au second rang, de gauche \u00e0 droite : R\u00e9my Ginestet et Pierre Funk.<\/h6>\n\n\n\n<p>\u00a9 Photographie de Florence Lunardi &#8211; Projet Archampo.<\/p>\n<\/div><\/div>\n","protected":false},"excerpt":{"rendered":"<p>Le campus de la Borde-Basse de l&rsquo;\u00e9cole d&rsquo;ing\u00e9nieurs ISIS, du CUFR Champollion \u00e0 Castres en 2010. \u00a9 Archives du Service Communication de l\u2019INUC. Le campus de la Borde-Basse de l&rsquo;\u00e9cole d&rsquo;ing\u00e9nieurs ISIS, du CUFR Champollion \u00e0 Castres en 2010. \u00a9 Archives du Service Communication de l\u2019INUC. Le campus de la Borde-Basse de l&rsquo;\u00e9cole d&rsquo;ing\u00e9nieurs ISIS, &hellip; <a href=\"https:\/\/blogs.univ-jfc.fr\/archampo\/le-campus-disis-a-castres\/\" class=\"more-link\">Continuer la lecture de <span class=\"screen-reader-text\">Le campus ISIS \u00e0  la Borde-Basse \u00e0 Castres<\/span> <span class=\"meta-nav\">&rarr;<\/span><\/a><\/p>\n","protected":false},"author":19,"featured_media":0,"parent":0,"menu_order":0,"comment_status":"closed","ping_status":"closed","template":"","meta":[],"_links":{"self":[{"href":"https:\/\/blogs.univ-jfc.fr\/archampo\/wp-json\/wp\/v2\/pages\/250"}],"collection":[{"href":"https:\/\/blogs.univ-jfc.fr\/archampo\/wp-json\/wp\/v2\/pages"}],"about":[{"href":"https:\/\/blogs.univ-jfc.fr\/archampo\/wp-json\/wp\/v2\/types\/page"}],"author":[{"embeddable":true,"href":"https:\/\/blogs.univ-jfc.fr\/archampo\/wp-json\/wp\/v2\/users\/19"}],"replies":[{"embeddable":true,"href":"https:\/\/blogs.univ-jfc.fr\/archampo\/wp-json\/wp\/v2\/comments?post=250"}],"version-history":[{"count":9,"href":"https:\/\/blogs.univ-jfc.fr\/archampo\/wp-json\/wp\/v2\/pages\/250\/revisions"}],"predecessor-version":[{"id":835,"href":"https:\/\/blogs.univ-jfc.fr\/archampo\/wp-json\/wp\/v2\/pages\/250\/revisions\/835"}],"wp:attachment":[{"href":"https:\/\/blogs.univ-jfc.fr\/archampo\/wp-json\/wp\/v2\/media?parent=250"}],"curies":[{"name":"wp","href":"https:\/\/api.w.org\/{rel}","templated":true}]}}