{"id":37,"date":"2024-03-29T09:49:52","date_gmt":"2024-03-29T08:49:52","guid":{"rendered":"https:\/\/blogs.univ-jfc.fr\/archampo\/?page_id=37"},"modified":"2024-05-13T07:21:10","modified_gmt":"2024-05-13T05:21:10","slug":"participer","status":"publish","type":"page","link":"https:\/\/blogs.univ-jfc.fr\/archampo\/participer\/","title":{"rendered":"Participer"},"content":{"rendered":"\n<div class=\"wp-block-media-text alignwide is-stacked-on-mobile\"><figure class=\"wp-block-media-text__media\"><img loading=\"lazy\" width=\"1024\" height=\"576\" src=\"https:\/\/blogs.univ-jfc.fr\/archampo\/wp-content\/uploads\/sites\/125\/2024\/03\/collection-1024x576.jpg\" alt=\"\" class=\"wp-image-419 size-full\" srcset=\"https:\/\/blogs.univ-jfc.fr\/archampo\/wp-content\/uploads\/sites\/125\/2024\/03\/collection-1024x576.jpg 1024w, https:\/\/blogs.univ-jfc.fr\/archampo\/wp-content\/uploads\/sites\/125\/2024\/03\/collection-300x169.jpg 300w, https:\/\/blogs.univ-jfc.fr\/archampo\/wp-content\/uploads\/sites\/125\/2024\/03\/collection-768x432.jpg 768w, https:\/\/blogs.univ-jfc.fr\/archampo\/wp-content\/uploads\/sites\/125\/2024\/03\/collection.jpg 1151w\" sizes=\"(max-width: 1024px) 100vw, 1024px\" \/><\/figure><div class=\"wp-block-media-text__content\">\n<h6>La \u00ab\u00a0Grande collecte\u00a0\u00bb, lanc\u00e9e au printemps 2023 est toujours en cours. Si vous avez des archives relatives \u00e0 l&rsquo;histoire de Champollion, vous pouvez les d\u00e9poser dans le fonds des archives historiques de l&rsquo;INU Champollion.<\/h6>\n\n\n\n<p><\/p>\n<\/div><\/div>\n\n\n\n<div class=\"wp-block-media-text alignwide is-stacked-on-mobile\"><figure class=\"wp-block-media-text__media\"><img loading=\"lazy\" width=\"870\" height=\"489\" src=\"https:\/\/blogs.univ-jfc.fr\/archampo\/wp-content\/uploads\/sites\/125\/2024\/03\/870x489_gettyimages-468877597.jpg\" alt=\"\" class=\"wp-image-420 size-full\" srcset=\"https:\/\/blogs.univ-jfc.fr\/archampo\/wp-content\/uploads\/sites\/125\/2024\/03\/870x489_gettyimages-468877597.jpg 870w, https:\/\/blogs.univ-jfc.fr\/archampo\/wp-content\/uploads\/sites\/125\/2024\/03\/870x489_gettyimages-468877597-300x169.jpg 300w, https:\/\/blogs.univ-jfc.fr\/archampo\/wp-content\/uploads\/sites\/125\/2024\/03\/870x489_gettyimages-468877597-768x432.jpg 768w\" sizes=\"(max-width: 870px) 100vw, 870px\" \/><\/figure><div class=\"wp-block-media-text__content\">\n<h6>\u00c9crire et d\u00e9poser son ego-histoire : le projet ARCHAMPO vous encourage \u00e0 \u00e9crire votre histoire et votre histoire \u00e0 Champollion. Votre r\u00e9cit sera archiv\u00e9 et mis \u00e0 la disposition des chercheurs du futur dans le d\u00e9lai que vous d\u00e9ciderez.<\/h6>\n\n\n\n<p><\/p>\n<\/div><\/div>\n\n\n\n<div class=\"wp-block-media-text alignwide is-stacked-on-mobile\"><figure class=\"wp-block-media-text__media\"><img loading=\"lazy\" width=\"600\" height=\"400\" src=\"https:\/\/blogs.univ-jfc.fr\/archampo\/wp-content\/uploads\/sites\/125\/2024\/04\/IMG_4202.jpg\" alt=\"\" class=\"wp-image-627 size-full\" srcset=\"https:\/\/blogs.univ-jfc.fr\/archampo\/wp-content\/uploads\/sites\/125\/2024\/04\/IMG_4202.jpg 600w, https:\/\/blogs.univ-jfc.fr\/archampo\/wp-content\/uploads\/sites\/125\/2024\/04\/IMG_4202-300x200.jpg 300w\" sizes=\"(max-width: 600px) 100vw, 600px\" \/><\/figure><div class=\"wp-block-media-text__content\">\n<h6>Participer \u00e0 la \u00ab\u00a0Grande Chrono\u00a0\u00bb : si vous avez une date (jour, mois, ann\u00e9e) relative \u00e0 l&rsquo;histoire de Champollion \u00e0 signaler, n&rsquo;h\u00e9sitez pas ! <\/h6>\n\n\n\n<p><\/p>\n\n\n\n<h6><\/h6>\n<\/div><\/div>\n\n\n\n<p class=\"has-text-align-center\"><span class=\"has-inline-color has-medium-orange-color\"><strong>Contact : caroline.barrera@univ-jfc.fr<\/strong><\/span><\/p>\n","protected":false},"excerpt":{"rendered":"<p>La \u00ab\u00a0Grande collecte\u00a0\u00bb, lanc\u00e9e au printemps 2023 est toujours en cours. Si vous avez des archives relatives \u00e0 l&rsquo;histoire de Champollion, vous pouvez les d\u00e9poser dans le fonds des archives historiques de l&rsquo;INU Champollion. \u00c9crire et d\u00e9poser son ego-histoire : le projet ARCHAMPO vous encourage \u00e0 \u00e9crire votre histoire et votre histoire \u00e0 Champollion. Votre &hellip; <a href=\"https:\/\/blogs.univ-jfc.fr\/archampo\/participer\/\" class=\"more-link\">Continuer la lecture de <span class=\"screen-reader-text\">Participer<\/span> <span class=\"meta-nav\">&rarr;<\/span><\/a><\/p>\n","protected":false},"author":242,"featured_media":0,"parent":0,"menu_order":0,"comment_status":"closed","ping_status":"closed","template":"","meta":[],"_links":{"self":[{"href":"https:\/\/blogs.univ-jfc.fr\/archampo\/wp-json\/wp\/v2\/pages\/37"}],"collection":[{"href":"https:\/\/blogs.univ-jfc.fr\/archampo\/wp-json\/wp\/v2\/pages"}],"about":[{"href":"https:\/\/blogs.univ-jfc.fr\/archampo\/wp-json\/wp\/v2\/types\/page"}],"author":[{"embeddable":true,"href":"https:\/\/blogs.univ-jfc.fr\/archampo\/wp-json\/wp\/v2\/users\/242"}],"replies":[{"embeddable":true,"href":"https:\/\/blogs.univ-jfc.fr\/archampo\/wp-json\/wp\/v2\/comments?post=37"}],"version-history":[{"count":8,"href":"https:\/\/blogs.univ-jfc.fr\/archampo\/wp-json\/wp\/v2\/pages\/37\/revisions"}],"predecessor-version":[{"id":1485,"href":"https:\/\/blogs.univ-jfc.fr\/archampo\/wp-json\/wp\/v2\/pages\/37\/revisions\/1485"}],"wp:attachment":[{"href":"https:\/\/blogs.univ-jfc.fr\/archampo\/wp-json\/wp\/v2\/media?parent=37"}],"curies":[{"name":"wp","href":"https:\/\/api.w.org\/{rel}","templated":true}]}}