{"id":511,"date":"2024-04-02T07:42:57","date_gmt":"2024-04-02T05:42:57","guid":{"rendered":"https:\/\/blogs.univ-jfc.fr\/archampo\/?page_id=511"},"modified":"2024-10-22T11:59:48","modified_gmt":"2024-10-22T09:59:48","slug":"le-gt-archampo-au-travail","status":"publish","type":"page","link":"https:\/\/blogs.univ-jfc.fr\/archampo\/le-gt-archampo-au-travail\/","title":{"rendered":"Le GT Archampo au travail"},"content":{"rendered":"\n<div class=\"wp-block-media-text alignwide is-stacked-on-mobile\"><figure class=\"wp-block-media-text__media\"><img loading=\"lazy\" width=\"600\" height=\"450\" src=\"https:\/\/blogs.univ-jfc.fr\/archampo\/wp-content\/uploads\/sites\/125\/2024\/04\/P1540020.jpg\" alt=\"\" class=\"wp-image-513 size-full\" srcset=\"https:\/\/blogs.univ-jfc.fr\/archampo\/wp-content\/uploads\/sites\/125\/2024\/04\/P1540020.jpg 600w, https:\/\/blogs.univ-jfc.fr\/archampo\/wp-content\/uploads\/sites\/125\/2024\/04\/P1540020-300x225.jpg 300w\" sizes=\"(max-width: 600px) 100vw, 600px\" \/><\/figure><div class=\"wp-block-media-text__content\">\n<h6>Florence Lunardi, Directrice du Service Commun de Documentation de l&rsquo;INU Champollion et C\u00e9cile Pri\u00e9, archiviste, en pleine discussion sur des documents \u00e0 conserver, dans le bureau de Florence Lunardi \u00e0 la Biblioth\u00e8que universitaire d&rsquo;Albi, le 4 mai 2023.<\/h6>\n\n\n\n<p>\u00a9 Projet Archampo &#8211; Archives photographiques de l&rsquo;INUC.<\/p>\n<\/div><\/div>\n\n\n\n<div class=\"wp-block-media-text alignwide is-stacked-on-mobile\"><figure class=\"wp-block-media-text__media\"><img loading=\"lazy\" width=\"600\" height=\"450\" src=\"https:\/\/blogs.univ-jfc.fr\/archampo\/wp-content\/uploads\/sites\/125\/2024\/04\/oui.jpg\" alt=\"\" class=\"wp-image-517 size-full\" srcset=\"https:\/\/blogs.univ-jfc.fr\/archampo\/wp-content\/uploads\/sites\/125\/2024\/04\/oui.jpg 600w, https:\/\/blogs.univ-jfc.fr\/archampo\/wp-content\/uploads\/sites\/125\/2024\/04\/oui-300x225.jpg 300w\" sizes=\"(max-width: 600px) 100vw, 600px\" \/><\/figure><div class=\"wp-block-media-text__content\">\n<h6>Florence Lunardi, Directrice du Service Commun de Documentation de l&rsquo;INU Champollion et C\u00e9cile Pri\u00e9, archiviste, en rep\u00e9rage dans une des salles d&rsquo;archives de l&rsquo;INU Champollion, le 4 mai 2023.<\/h6>\n\n\n\n<p>\u00a9 Projet Archampo &#8211; Archives photographiques de l&rsquo;INUC.<\/p>\n<\/div><\/div>\n\n\n\n<div class=\"wp-block-media-text alignwide is-stacked-on-mobile\"><figure class=\"wp-block-media-text__media\"><img loading=\"lazy\" width=\"600\" height=\"450\" src=\"https:\/\/blogs.univ-jfc.fr\/archampo\/wp-content\/uploads\/sites\/125\/2024\/04\/P1540029.jpg\" alt=\"\" class=\"wp-image-519 size-full\" srcset=\"https:\/\/blogs.univ-jfc.fr\/archampo\/wp-content\/uploads\/sites\/125\/2024\/04\/P1540029.jpg 600w, https:\/\/blogs.univ-jfc.fr\/archampo\/wp-content\/uploads\/sites\/125\/2024\/04\/P1540029-300x225.jpg 300w\" sizes=\"(max-width: 600px) 100vw, 600px\" \/><\/figure><div class=\"wp-block-media-text__content\">\n<h6>Florence Lunardi, Directrice du Service Commun de Documentation de l&rsquo;INU Champollion d\u00e9couvrant un vieux classeur de revue de presse dans une des salles d&rsquo;archives de l&rsquo;INU Champollion, le 4 mai 2023.<\/h6>\n\n\n\n<p>\u00a9 Projet Archampo &#8211; Archives photographiques de l&rsquo;INUC.<\/p>\n<\/div><\/div>\n\n\n\n<div class=\"wp-block-media-text alignwide is-stacked-on-mobile\"><figure class=\"wp-block-media-text__media\"><img loading=\"lazy\" width=\"600\" height=\"450\" src=\"https:\/\/blogs.univ-jfc.fr\/archampo\/wp-content\/uploads\/sites\/125\/2024\/04\/P1540032.jpg\" alt=\"\" class=\"wp-image-520 size-full\" srcset=\"https:\/\/blogs.univ-jfc.fr\/archampo\/wp-content\/uploads\/sites\/125\/2024\/04\/P1540032.jpg 600w, https:\/\/blogs.univ-jfc.fr\/archampo\/wp-content\/uploads\/sites\/125\/2024\/04\/P1540032-300x225.jpg 300w\" sizes=\"(max-width: 600px) 100vw, 600px\" \/><\/figure><div class=\"wp-block-media-text__content\">\n<h6>C\u00e9cile Pri\u00e9, archiviste et Marie Louren\u00e7o et Beno\u00eet Lacroux du Service communication red\u00e9couvrant de vieux documents.<\/h6>\n\n\n\n<p>\u00a9 Projet Archampo &#8211; Archives photographiques de l&rsquo;INUC.<\/p>\n<\/div><\/div>\n\n\n\n<div class=\"wp-block-media-text alignwide is-stacked-on-mobile\"><figure class=\"wp-block-media-text__media\"><img loading=\"lazy\" width=\"600\" height=\"450\" src=\"https:\/\/blogs.univ-jfc.fr\/archampo\/wp-content\/uploads\/sites\/125\/2024\/04\/P1540035.jpg\" alt=\"\" class=\"wp-image-521 size-full\" srcset=\"https:\/\/blogs.univ-jfc.fr\/archampo\/wp-content\/uploads\/sites\/125\/2024\/04\/P1540035.jpg 600w, https:\/\/blogs.univ-jfc.fr\/archampo\/wp-content\/uploads\/sites\/125\/2024\/04\/P1540035-300x225.jpg 300w\" sizes=\"(max-width: 600px) 100vw, 600px\" \/><\/figure><div class=\"wp-block-media-text__content\">\n<h6>Marie Louren\u00e7o et Beno\u00eet Lacroux en pleine s\u00e9lection des documents du Service communication \u00e0 archiver.<\/h6>\n\n\n\n<p>\u00a9 Projet Archampo &#8211; Archives photographiques de l&rsquo;INUC.<\/p>\n<\/div><\/div>\n\n\n\n<div class=\"wp-block-media-text alignwide is-stacked-on-mobile\"><figure class=\"wp-block-media-text__media\"><img loading=\"lazy\" width=\"600\" height=\"450\" src=\"https:\/\/blogs.univ-jfc.fr\/archampo\/wp-content\/uploads\/sites\/125\/2024\/04\/12.07.23.jpg\" alt=\"\" class=\"wp-image-545 size-full\" srcset=\"https:\/\/blogs.univ-jfc.fr\/archampo\/wp-content\/uploads\/sites\/125\/2024\/04\/12.07.23.jpg 600w, https:\/\/blogs.univ-jfc.fr\/archampo\/wp-content\/uploads\/sites\/125\/2024\/04\/12.07.23-300x225.jpg 300w\" sizes=\"(max-width: 600px) 100vw, 600px\" \/><\/figure><div class=\"wp-block-media-text__content\">\n<h6>La vid\u00e9aste de Champollion, Nathalie Boutounet, pr\u00e9parant son mat\u00e9riel avant l&rsquo;interview de Christian Desmoulins, pr\u00e9sident du Conseil d&rsquo;administration de Champollion \u00e0 partir de 2012, le 12 juillet 2023 dans \u00ab\u00a0Le Cube\u00a0\u00bb (ancien Pavillon de la garde) sur le campus albigeois.<\/h6>\n\n\n\n<p>\u00a9 Projet Archampo &#8211; Archives photographiques de l&rsquo;INUC.<\/p>\n<\/div><\/div>\n\n\n\n<div class=\"wp-block-media-text alignwide is-stacked-on-mobile\"><figure class=\"wp-block-media-text__media\"><img loading=\"lazy\" width=\"600\" height=\"450\" src=\"https:\/\/blogs.univ-jfc.fr\/archampo\/wp-content\/uploads\/sites\/125\/2024\/04\/12.07.2023.jpg\" alt=\"\" class=\"wp-image-546 size-full\" srcset=\"https:\/\/blogs.univ-jfc.fr\/archampo\/wp-content\/uploads\/sites\/125\/2024\/04\/12.07.2023.jpg 600w, https:\/\/blogs.univ-jfc.fr\/archampo\/wp-content\/uploads\/sites\/125\/2024\/04\/12.07.2023-300x225.jpg 300w\" sizes=\"(max-width: 600px) 100vw, 600px\" \/><\/figure><div class=\"wp-block-media-text__content\">\n<h6>Bruno Vargas et Ygal Fijalkow avant l&rsquo;interview de Christian Desmoulins, pr\u00e9sident du Conseil d&rsquo;administration de Champollion \u00e0 partir de 2012, le 12 juillet 2023 dans \u00ab\u00a0Le Cube\u00a0\u00bb (ancien Pavillon de la garde) sur le campus albigeois.<\/h6>\n\n\n\n<p>\u00a9 Projet Archampo &#8211; Archives photographiques de l&rsquo;INUC.<\/p>\n<\/div><\/div>\n\n\n\n<div class=\"wp-block-media-text alignwide is-stacked-on-mobile\"><figure class=\"wp-block-media-text__media\"><img loading=\"lazy\" width=\"600\" height=\"450\" src=\"https:\/\/blogs.univ-jfc.fr\/archampo\/wp-content\/uploads\/sites\/125\/2024\/04\/12.07.23-3.jpg\" alt=\"\" class=\"wp-image-547 size-full\" srcset=\"https:\/\/blogs.univ-jfc.fr\/archampo\/wp-content\/uploads\/sites\/125\/2024\/04\/12.07.23-3.jpg 600w, https:\/\/blogs.univ-jfc.fr\/archampo\/wp-content\/uploads\/sites\/125\/2024\/04\/12.07.23-3-300x225.jpg 300w\" sizes=\"(max-width: 600px) 100vw, 600px\" \/><\/figure><div class=\"wp-block-media-text__content\">\n<h6>La vid\u00e9aste de Champollion, Nathalie Boutounet \u00e9quipant l&rsquo;ancien pr\u00e9sident du Conseil d&rsquo;administration de Champollion, Christian Desmoulins, avant son interview, men\u00e9e le 12 juillet 2023 par Ygal Fijalkow et Bruno Vargas,  dans \u00ab\u00a0Le Cube\u00a0\u00bb (ancien Pavillon de la garde) sur le campus albigeois.<\/h6>\n\n\n\n<p>\u00a9 Projet Archampo &#8211; Archives photographiques de l&rsquo;INUC.<\/p>\n<\/div><\/div>\n\n\n\n<div class=\"wp-block-media-text alignwide is-stacked-on-mobile\"><figure class=\"wp-block-media-text__media\"><img loading=\"lazy\" width=\"600\" height=\"450\" src=\"https:\/\/blogs.univ-jfc.fr\/archampo\/wp-content\/uploads\/sites\/125\/2024\/04\/IMG_20231116_142640.jpg\" alt=\"\" class=\"wp-image-523 size-full\" srcset=\"https:\/\/blogs.univ-jfc.fr\/archampo\/wp-content\/uploads\/sites\/125\/2024\/04\/IMG_20231116_142640.jpg 600w, https:\/\/blogs.univ-jfc.fr\/archampo\/wp-content\/uploads\/sites\/125\/2024\/04\/IMG_20231116_142640-300x225.jpg 300w\" sizes=\"(max-width: 600px) 100vw, 600px\" \/><\/figure><div class=\"wp-block-media-text__content\">\n<h6>C\u00e9cile Pri\u00e9, archiviste, Christelle Dreuilhe et Lo\u00efc Faure du Service Patrimoine, Hygi\u00e8ne, S\u00e9curit\u00e9 lors du d\u00e9m\u00e9nagement des archives historiques de Champollion, le 16 novembre 2023.<\/h6>\n\n\n\n<p>\u00a9 Projet Archampo &#8211; Archives photographiques de l&rsquo;INUC.<\/p>\n<\/div><\/div>\n\n\n\n<div class=\"wp-block-media-text alignwide is-stacked-on-mobile\"><figure class=\"wp-block-media-text__media\"><img loading=\"lazy\" width=\"600\" height=\"450\" src=\"https:\/\/blogs.univ-jfc.fr\/archampo\/wp-content\/uploads\/sites\/125\/2024\/10\/20241021_100038.jpg\" alt=\"\" class=\"wp-image-2074 size-full\" srcset=\"https:\/\/blogs.univ-jfc.fr\/archampo\/wp-content\/uploads\/sites\/125\/2024\/10\/20241021_100038.jpg 600w, https:\/\/blogs.univ-jfc.fr\/archampo\/wp-content\/uploads\/sites\/125\/2024\/10\/20241021_100038-300x225.jpg 300w\" sizes=\"(max-width: 600px) 100vw, 600px\" \/><\/figure><div class=\"wp-block-media-text__content\">\n<h6>Nathalie Boutounet, vid\u00e9aste et Caroline Barrera \u00e0 l&rsquo;INU Champollion de Rodez dans la salle de d\u00e9tente des \u00e9tudiants de la BU, effectuant les derniers r\u00e9glages avant une s\u00e9rie d&rsquo;interviews le 21 octobre 2024.<\/h6>\n<\/div><\/div>\n\n\n\n<div class=\"wp-block-media-text alignwide is-stacked-on-mobile\"><figure class=\"wp-block-media-text__media\"><img loading=\"lazy\" width=\"600\" height=\"884\" src=\"https:\/\/blogs.univ-jfc.fr\/archampo\/wp-content\/uploads\/sites\/125\/2024\/10\/20241021_102757.jpg\" alt=\"\" class=\"wp-image-2077 size-full\" srcset=\"https:\/\/blogs.univ-jfc.fr\/archampo\/wp-content\/uploads\/sites\/125\/2024\/10\/20241021_102757.jpg 600w, https:\/\/blogs.univ-jfc.fr\/archampo\/wp-content\/uploads\/sites\/125\/2024\/10\/20241021_102757-204x300.jpg 204w\" sizes=\"(max-width: 600px) 100vw, 600px\" \/><\/figure><div class=\"wp-block-media-text__content\">\n<h6>David Kahn (au centre) et Ga\u00eblle Vranckx (\u00e0 droite), accueillant Marc Censi, le 21 octobre 2024 \u00e0 la BU du campus de Rodez avant son interview.<\/h6>\n<\/div><\/div>\n","protected":false},"excerpt":{"rendered":"<p>Florence Lunardi, Directrice du Service Commun de Documentation de l&rsquo;INU Champollion et C\u00e9cile Pri\u00e9, archiviste, en pleine discussion sur des documents \u00e0 conserver, dans le bureau de Florence Lunardi \u00e0 la Biblioth\u00e8que universitaire d&rsquo;Albi, le 4 mai 2023. \u00a9 Projet Archampo &#8211; Archives photographiques de l&rsquo;INUC. Florence Lunardi, Directrice du Service Commun de Documentation de &hellip; <a href=\"https:\/\/blogs.univ-jfc.fr\/archampo\/le-gt-archampo-au-travail\/\" class=\"more-link\">Continuer la lecture de <span class=\"screen-reader-text\">Le GT Archampo au travail<\/span> <span class=\"meta-nav\">&rarr;<\/span><\/a><\/p>\n","protected":false},"author":19,"featured_media":0,"parent":0,"menu_order":0,"comment_status":"closed","ping_status":"closed","template":"","meta":[],"_links":{"self":[{"href":"https:\/\/blogs.univ-jfc.fr\/archampo\/wp-json\/wp\/v2\/pages\/511"}],"collection":[{"href":"https:\/\/blogs.univ-jfc.fr\/archampo\/wp-json\/wp\/v2\/pages"}],"about":[{"href":"https:\/\/blogs.univ-jfc.fr\/archampo\/wp-json\/wp\/v2\/types\/page"}],"author":[{"embeddable":true,"href":"https:\/\/blogs.univ-jfc.fr\/archampo\/wp-json\/wp\/v2\/users\/19"}],"replies":[{"embeddable":true,"href":"https:\/\/blogs.univ-jfc.fr\/archampo\/wp-json\/wp\/v2\/comments?post=511"}],"version-history":[{"count":11,"href":"https:\/\/blogs.univ-jfc.fr\/archampo\/wp-json\/wp\/v2\/pages\/511\/revisions"}],"predecessor-version":[{"id":2081,"href":"https:\/\/blogs.univ-jfc.fr\/archampo\/wp-json\/wp\/v2\/pages\/511\/revisions\/2081"}],"wp:attachment":[{"href":"https:\/\/blogs.univ-jfc.fr\/archampo\/wp-json\/wp\/v2\/media?parent=511"}],"curies":[{"name":"wp","href":"https:\/\/api.w.org\/{rel}","templated":true}]}}