{"id":65,"date":"2024-03-29T18:54:24","date_gmt":"2024-03-29T17:54:24","guid":{"rendered":"https:\/\/blogs.univ-jfc.fr\/archampo\/?page_id=65"},"modified":"2024-06-17T18:08:31","modified_gmt":"2024-06-17T16:08:31","slug":"inventaire","status":"publish","type":"page","link":"https:\/\/blogs.univ-jfc.fr\/archampo\/inventaire\/","title":{"rendered":"Inventaire"},"content":{"rendered":"\n<figure class=\"wp-block-table\"><table><tbody><tr><td><strong>Cote<\/strong><\/td><td><strong>Description<\/strong><\/td><td><strong>Ann\u00e9es<\/strong><\/td><td>Communicabilit\u00e9<\/td><\/tr><tr><td>1W1<\/td><td>\u00c9quipements mobilier et mat\u00e9riels divers pour l\u2019antenne en droit Albi<\/td><td>1990<\/td><td>Communicable<\/td><\/tr><tr><td>1W2<\/td><td>Construction : documents financiers pour la construction, R\u00e9f\u00e9rentiel des constructions universitaires, Rapports SEM,<\/td><td>1993-1994<\/td><td>Communicable<\/td><\/tr><tr><td>1W3<\/td><td>Construction du b\u00e2timent sciences (actuel b\u00e2timent Borel)<\/td><td>1991-1996<\/td><td>Communicable<\/td><\/tr><tr><td>1W4<\/td><td>Retour d\u2019appel d\u2019offres denr\u00e9es alimentaires, construction restaurant universitaire 3e tranche<\/td><td>1993-1997<\/td><td>Communicable<\/td><\/tr><tr><td>1W5<\/td><td>Travaux 3e \u00e9tage Mirail (Bat Jean Jaur\u00e8s)<\/td><td>1999<\/td><td>Communicable<\/td><\/tr><tr><td>1W6<\/td><td>Caserne Lap\u00e9rouse&nbsp;: implantation du centre universitaire \u00e0 la caserne Lap\u00e9rouse, diagnostiques techniques (R\u00e9seau d\u2019\u00e9gouts, toitures, chauffage, t\u00e9l\u00e9phone, gaz)<\/td><td>1990-1992<\/td><td>Communicable<\/td><\/tr><tr><td>1W7<\/td><td>Gymnase, Halle sportive, projet vestiaire stade universitaire<\/td><td>1993-1997<\/td><td>Communicable<\/td><\/tr><tr><td>1W8<\/td><td>Dossier consultation entreprises droit, lettres administrations&nbsp;: plans planning travaux<\/td><td>1992<\/td><td>Communicable<\/td><\/tr><tr><td>1W9<\/td><td>Plans&nbsp;: B\u00e2timents administration, DEUG Droit, Lettres<\/td><td>1992<\/td><td>Communicable<\/td><\/tr><tr><td>1W10<\/td><td>Plan Centre Universitaire d\u2019Albi U- 3000<\/td><td>2000<\/td><td>Communicable en 2025<\/td><\/tr><tr><td>1W11<\/td><td>Test de c\u00e2blages, r\u00e9unions inter-universitaires, gestion et cr\u00e9ation GIP, dossier chantier Lap\u00e9rouse, plans, budget, am\u00e9nagement du site Lap\u00e9rouse.<\/td><td>1990-1994<\/td><td>Communicable<\/td><\/tr><tr><td>1W12<\/td><td>Informatique<\/td><td>1997-1998<\/td><td>Communicable<\/td><\/tr><tr><td>1W13<\/td><td>Permis de construire du B\u00e2timent  droit,-lettres (Jean Jaur\u00e8s+administration)<\/td><td>1992<\/td><td>Communicable<\/td><\/tr><tr><td>1W14<\/td><td>\u00c9cole des Mines<\/td><td>1990-1991<\/td><td>Communicable<\/td><\/tr><tr><td>1W15<\/td><td>Biblioth\u00e8que, B\u00e2timent droit-letrres, b\u00e2timent de l&rsquo;administration, logement \u00e9tudiants, compte-rendu SEM Am\u00e9nagement, r\u00e9f\u00e9rentiel.<\/td><td>1989-1997<\/td><td>Communicable<\/td><\/tr><tr><td>1W16<\/td><td>B\u00e2timent Multim\u00e9dia<\/td><td>2000-2006<\/td><td>Communicable en 2026<\/td><\/tr><tr><td>1W17<\/td><td>Am\u00e9nagement ext\u00e9rieur, inventaires, cl\u00e9s, logement fonction (r\u00e9habilitation caserne) compte-rendus travaux<\/td><td>1993-2001<\/td><td>Communicable<\/td><\/tr><tr><td>1W18<\/td><td>Plans r\u00e9habilitation Lap\u00e9rouse<\/td><td>1994-2001<\/td><td>Communicable<\/td><\/tr><tr><td>1W19<\/td><td>Construction Universit\u00e9 &#8211; DEUG Sciences<\/td><td>1991-1992<\/td><td>Communicable<\/td><\/tr><tr><td>1W20<\/td><td>DEUG Droit lettres travaux<\/td><td>1992-1994<\/td><td>Communicable<\/td><\/tr><tr><td>1W21<\/td><td>R\u00e9habilitation caserne Lap\u00e9rouse am\u00e9nagement biblioth\u00e8que : plans, extension universit\u00e9 Albi, visite ach\u00e8vement, cahier des clauses techniques<\/td><td>Ann\u00e9es 1990-2015<\/td><td>Communicable en 2040<\/td><\/tr><tr><td>2W1<\/td><td>Contrats Etat-Etablissement<\/td><td>2003-2006<\/td><td>Communicable en 2026<\/td><\/tr><tr><td>2W2<\/td><td>Sch\u00e9ma r\u00e9gional de l\u2019Enseignement Sup\u00e9rieur Recherche, rapports activit\u00e9s UPS ALBI<\/td><td>1992-1999<\/td><td>Communicable<\/td><\/tr><tr><td>2W3<\/td><td>UPS&nbsp;: rapports d\u2019activit\u00e9s<\/td><td>1992-1999<\/td><td>Communicable<\/td><\/tr><tr><td>2W4<\/td><td>Antenne droit Albi&nbsp;: correspondances institutionnelles, brochures, personnel, fonds Th\u00e9r\u00e8se Gloro-Voizard : photographies, guide de l\u2019\u00e9tudiant Champollion, livret \u00e9tudiant, organigramme UT1, livret de l\u2019\u00e9tudiant, fiches indicatives des antennes<\/td><td>1990-2003<\/td><td>Communicable<\/td><\/tr><tr><td>2W5<\/td><td>R\u00e9unions cr\u00e9ation enseignement sup\u00e9rieur Albi, Albi croisade pour un nouvel avenir<\/td><td>1989-1991<\/td><td>Communicable<\/td><\/tr><tr><td>2W6<\/td><td>Universit\u00e9 d\u2019\u00e9t\u00e9 2000<\/td><td>2000<\/td><td>Communicable<\/td><\/tr><tr><td>2W7<\/td><td>Dossier administratif licence pro agent de d\u00e9veloppement culturel, fili\u00e8re G\u00e9ographie, DESS<\/td><td>1999-2006<\/td><td>Communicable en 2025<\/td><\/tr><tr><td>2W8<\/td><td>Fili\u00e8re Histoire <\/td><td>2011-2017<\/td><td>Communicable en 2042<\/td><\/tr><tr><td>2W9<\/td><td>Fili\u00e8re Histoire CSP transmis par Sandrine Victor grande collecte 2023<\/td><td>2014-2015<\/td><td>Communicable<\/td><\/tr><tr><td>2W10<\/td><td>Fili\u00e8re Histoire UEO, CA, CT, FSDIE<\/td><td>2011-2016<\/td><td>Communicable (sauf FSDIE)<\/td><\/tr><tr><td>2W11<\/td><td>Biblioth\u00e8que universitaire Albi-Rodez, fonds Cristal : photographies, plans BU, correspondances, memo formateur<\/td><td>2018<\/td><td>Communicable<\/td><\/tr><tr><td>2W12<\/td><td>Fili\u00e8re Histoire<\/td><td>2013-2016<\/td><td>Communicable<\/td><\/tr><tr><td>2W13<\/td><td>Ve Universit\u00e9<\/td><td>1995-2002<\/td><td>Communicable<\/td><\/tr><tr><td>2W14<\/td><td>Ve Universit\u00e9<\/td><td>1996-1997<\/td><td>Communicable<\/td><\/tr><tr><td>2W15<\/td><td>Ve Universit\u00e9<\/td><td>1998-2000<\/td><td>Communicable<\/td><\/tr><tr><td>2W16<\/td><td>Ve Universit\u00e9<\/td><td>1999-2002<\/td><td>Communicable<\/td><\/tr><tr><td>2W17<\/td><td>Destruction 5e Universit\u00e9<\/td><td>1998-2004<\/td><td>Communicable<\/td><\/tr><tr><td>2W18<\/td><td>Ve Universit\u00e9<\/td><td>1999<\/td><td>Communicable<\/td><\/tr><tr><td>2W19<\/td><td>Ve Universit\u00e9<\/td><td>2001-2002<\/td><td>Communicable<\/td><\/tr><tr><td>2W20<\/td><td>Ve Universit\u00e9<\/td><td>2004<\/td><td>Communicable<\/td><\/tr><tr><td>2W21<\/td><td>EPA&nbsp;: Etablissement public d\u2019enseignement sup\u00e9rieur : maquettes formations et recherche, IG Agen<\/td><td>1998-2006<\/td><td>Communicable<\/td><\/tr><tr><td>2W22<\/td><td>Dossiers de presse<\/td><td>1992-1997<\/td><td>Communicable<\/td><\/tr><tr><td>2W23<\/td><td>Dossiers de presse et agenda<\/td><td>1996-1997<\/td><td>Communicable<\/td><\/tr><tr><td>2W24<\/td><td>Documents \u00e9lections diverses<\/td><td>1993-1998<\/td><td>Communicable<\/td><\/tr><tr><td>2W25<\/td><td>Documents concernant \u00e9lections<\/td><td>1998<\/td><td>Communicable<\/td><\/tr><tr><td>2W26<\/td><td>Mirail<\/td><td>1991-1993<\/td><td>Communicable<\/td><\/tr><tr><td>2W27<\/td><td>D\u00e9localisation deug droit, am\u00e9nagement locaux et statistiques<\/td><td>1988-1993<\/td><td>Communicable<\/td><\/tr><tr><td>2W28<\/td><td>Mirail<\/td><td>2000-2001<\/td><td>Communicable<\/td><\/tr><tr><td>2W29<\/td><td>UPS<\/td><td>1993-1994<\/td><td>Communicable<\/td><\/tr><tr><td>2W30<\/td><td>Direction des antennes<\/td><td>1998-1999<\/td><td>Communicable<\/td><\/tr><tr><td>2W31<\/td><td>Direction Divers<\/td><td>2000-2004<\/td><td>Communicable<\/td><\/tr><tr><td>2W32<\/td><td>Direction Divers<\/td><td>2002<\/td><td>Communicable<\/td><\/tr><tr><td>2W33<\/td><td>Premi\u00e8res assises enseignement sup\u00e9rieur Albi, rapport Pouyet, projet JEP, projet universit\u00e9 3\u00e8me mill\u00e9naire, faisabilit\u00e9, enseignement sup\u00e9rieur \u00e0 Albi, Agence d\u00e9veloppement universitaire Drome-Ard\u00e8che<\/td><td>1999<\/td><td>Communicable<\/td><\/tr><tr><td>2W34<\/td><td>Rapport Courvoisier, projet \u00e9tablissement<\/td><td>2000-2003<\/td><td>Communicable<\/td><\/tr><tr><td>2W35<\/td><td>Comptabilit\u00e9 biblioth\u00e8que universitaire, documents communication<\/td><td>1992-2008<\/td><td>Communicable<\/td><\/tr><tr><td>2W36<\/td><td>Fili\u00e8re Psycho<\/td><td><\/td><td><\/td><\/tr><tr><td>3W1<\/td><td>Examens Antenne droit, scolarit\u00e9 examens<\/td><td><\/td><td>Communicable en 2048<\/td><\/tr><tr><td>3W2<\/td><td>P\u00e9dagogie antenne Mirail: correspondances P\u00e9dagogiques Poyet<\/td><td>1993-1998<\/td><td>Communicable<\/td><\/tr><tr><td>3W3<\/td><td>Enqu\u00eates \u00e9coles enseignement sup\u00e9rieur Albi<\/td><td>1998-1999<\/td><td>Communicable<\/td><\/tr><tr><td>3W4<\/td><td>P\u00e9dagogie ST R\u00e9unions<\/td><td>2009-2010<\/td><td>Communicable<\/td><\/tr><tr><td>4W1<\/td><td>Volumes (Jeff Champo, romans annuels produit par les \u00e9tudiants de Champollion)<\/td><td>2007-2018<\/td><td>Communicable<\/td><\/tr><tr><td>5W1<\/td><td>Cr\u00e9ation de l\u2019Universit\u00e9 1 r\u00e9unions 2 projets; d\u00e9lib\u00e9rations du comit\u00e9 syndicale, r\u00e9unions du comit\u00e9 syndicale<\/td><td>1988-1997<\/td><td>Communicable<\/td><\/tr><tr><td>5W2<\/td><td>Correspondances entre le maire d\u2019Albi et Jean-Pierre Cabrol (DGS et Directeur Syndicat mixte)<\/td><td>1997-1999<\/td><td>Communicable<\/td><\/tr><tr><td>5W3<\/td><td>R\u00e9unions coordination syndicat mixte, 5 \u00e8me universit\u00e9, correspondance syndicat mixte, notes d\u2019information du syndicat mixte, livret de l\u2019\u00e9tudiant, plans, ensignement sup\u00e9rieur et collectivit\u00e9 locale tableau de bord<\/td><td>1991-1995<\/td><td>Communicable<\/td><\/tr><tr><td>5W4<\/td><td>Syndicat mixte&nbsp;: courriers, comptes-rendus de r\u00e9union, ARTT, R\u00e9somption d\u2019emploi pr\u00e9carit\u00e9<\/td><td>1994-2006<\/td><td>Communicable en 2026 sauf dossier resomption en 2050<\/td><\/tr><tr><td>5W5<\/td><td>R\u00e9unions comit\u00e9s syndicaux<\/td><td>2009-2011<\/td><td>2009-2011<\/td><\/tr><tr><td>5W6<\/td><td>Sup\u2019Albi r\u00e9union des comit\u00e9s syndicaux<\/td><td>2010<\/td><td>Communicable en 2036<\/td><\/tr><tr><td>5W7<\/td><td>Syndicat mixte divers<\/td><td>1997-1999<\/td><td>Communicable<\/td><\/tr><tr><td>5W8<\/td><td>Reconversion du site Lap\u00e9rouse en centre universitaire<\/td><td>1991<\/td><td>Communicable<\/td><\/tr><tr><td>6W1<\/td><td>Articles de presse<\/td><td>1991-2007<\/td><td>Communicable<\/td><\/tr><tr><td>6W2<\/td><td>COM&nbsp;: Plaquettes, boites de v\u0153ux, photographies, CD photographiques<\/td><td>2003-2023<\/td><td>Communicable<\/td><\/tr><tr><td>6W3<\/td><td>COM&nbsp;: Plaquettes formations, guides \u00e9tudiant, guides num\u00e9rique, photos, conclusions des travaux sur l\u2019\u00e9volution du statut<\/td><td>2003-2023<\/td><td>Communicable<\/td><\/tr><tr><td>6W4<\/td><td>COMMUNICATION&nbsp;: Affiches (meuble \u00e0 carte)<\/td><td>2022-2023<\/td><td>Communicable<\/td><\/tr><tr><td>7W1<\/td><td>Colloques<\/td><td>1996-2000<\/td><td>Communicable<\/td><\/tr><tr><td>1FI<\/td><td>Album photos, pochette photos et articles de presse <\/td><td>1990-2002<\/td><td>Communicable<\/td><\/tr><tr><td>1AV<\/td><td>Cassettes et CD des conf\u00e9rences organis\u00e9s par l&rsquo;Association Jaur\u00e8s Tarn<\/td><td><\/td><td>Communicable<\/td><\/tr><tr><td><\/td><td><\/td><td><\/td><td><\/td><\/tr><tr><td><\/td><td><\/td><td><\/td><td><\/td><\/tr><tr><td><\/td><td><\/td><td><\/td><td><\/td><\/tr><tr><td><\/td><td><\/td><td><\/td><td><\/td><\/tr><tr><td><\/td><td><\/td><td><\/td><td><\/td><\/tr><tr><td><\/td><td><\/td><td><\/td><td><\/td><\/tr><tr><td><\/td><td><\/td><td><\/td><td><\/td><\/tr><tr><td><\/td><td><\/td><td><\/td><td><\/td><\/tr><\/tbody><\/table><\/figure>\n","protected":false},"excerpt":{"rendered":"<p>Cote Description Ann\u00e9es Communicabilit\u00e9 1W1 \u00c9quipements mobilier et mat\u00e9riels divers pour l\u2019antenne en droit Albi 1990 Communicable 1W2 Construction : documents financiers pour la construction, R\u00e9f\u00e9rentiel des constructions universitaires, Rapports SEM, 1993-1994 Communicable 1W3 Construction du b\u00e2timent sciences (actuel b\u00e2timent Borel) 1991-1996 Communicable 1W4 Retour d\u2019appel d\u2019offres denr\u00e9es alimentaires, construction restaurant universitaire 3e tranche 1993-1997 &hellip; <a href=\"https:\/\/blogs.univ-jfc.fr\/archampo\/inventaire\/\" class=\"more-link\">Continuer la lecture de <span class=\"screen-reader-text\">Inventaire<\/span> <span class=\"meta-nav\">&rarr;<\/span><\/a><\/p>\n","protected":false},"author":19,"featured_media":0,"parent":0,"menu_order":0,"comment_status":"closed","ping_status":"closed","template":"","meta":[],"_links":{"self":[{"href":"https:\/\/blogs.univ-jfc.fr\/archampo\/wp-json\/wp\/v2\/pages\/65"}],"collection":[{"href":"https:\/\/blogs.univ-jfc.fr\/archampo\/wp-json\/wp\/v2\/pages"}],"about":[{"href":"https:\/\/blogs.univ-jfc.fr\/archampo\/wp-json\/wp\/v2\/types\/page"}],"author":[{"embeddable":true,"href":"https:\/\/blogs.univ-jfc.fr\/archampo\/wp-json\/wp\/v2\/users\/19"}],"replies":[{"embeddable":true,"href":"https:\/\/blogs.univ-jfc.fr\/archampo\/wp-json\/wp\/v2\/comments?post=65"}],"version-history":[{"count":9,"href":"https:\/\/blogs.univ-jfc.fr\/archampo\/wp-json\/wp\/v2\/pages\/65\/revisions"}],"predecessor-version":[{"id":1841,"href":"https:\/\/blogs.univ-jfc.fr\/archampo\/wp-json\/wp\/v2\/pages\/65\/revisions\/1841"}],"wp:attachment":[{"href":"https:\/\/blogs.univ-jfc.fr\/archampo\/wp-json\/wp\/v2\/media?parent=65"}],"curies":[{"name":"wp","href":"https:\/\/api.w.org\/{rel}","templated":true}]}}