{"id":688,"date":"2024-04-04T06:30:38","date_gmt":"2024-04-04T04:30:38","guid":{"rendered":"https:\/\/blogs.univ-jfc.fr\/archampo\/?page_id=688"},"modified":"2024-06-04T09:50:23","modified_gmt":"2024-06-04T07:50:23","slug":"communication-sur-les-formation","status":"publish","type":"page","link":"https:\/\/blogs.univ-jfc.fr\/archampo\/communication-sur-les-formation\/","title":{"rendered":"Affiches sur la Formation"},"content":{"rendered":"\n<div class=\"wp-block-media-text alignwide is-stacked-on-mobile\" style=\"grid-template-columns:59% auto\"><figure class=\"wp-block-media-text__media\"><img loading=\"lazy\" width=\"600\" height=\"848\" src=\"https:\/\/blogs.univ-jfc.fr\/archampo\/wp-content\/uploads\/sites\/125\/2024\/04\/censure-A47.12.2005-Fds-Cluzel.jpg\" alt=\"\" class=\"wp-image-753 size-full\" srcset=\"https:\/\/blogs.univ-jfc.fr\/archampo\/wp-content\/uploads\/sites\/125\/2024\/04\/censure-A47.12.2005-Fds-Cluzel.jpg 600w, https:\/\/blogs.univ-jfc.fr\/archampo\/wp-content\/uploads\/sites\/125\/2024\/04\/censure-A47.12.2005-Fds-Cluzel-212x300.jpg 212w\" sizes=\"(max-width: 600px) 100vw, 600px\" \/><\/figure><div class=\"wp-block-media-text__content\">\n<h6>Affiche de la campagne de communication sur l&rsquo;universit\u00e9 Champollion, 2004-2005.<\/h6>\n\n\n\n<p>\u00a9 Archives du service Communication de l\u2019INUC \u2013 Fonds Cluzel.<\/p>\n<\/div><\/div>\n\n\n\n<div class=\"wp-block-media-text alignwide is-stacked-on-mobile\" style=\"grid-template-columns:55% auto\"><figure class=\"wp-block-media-text__media\"><img loading=\"lazy\" width=\"724\" height=\"1024\" src=\"https:\/\/blogs.univ-jfc.fr\/archampo\/wp-content\/uploads\/sites\/125\/2024\/04\/capteursaffiche-21.3.2005-Fds-cluzel-724x1024.jpg\" alt=\"\" class=\"wp-image-754 size-full\" srcset=\"https:\/\/blogs.univ-jfc.fr\/archampo\/wp-content\/uploads\/sites\/125\/2024\/04\/capteursaffiche-21.3.2005-Fds-cluzel-724x1024.jpg 724w, https:\/\/blogs.univ-jfc.fr\/archampo\/wp-content\/uploads\/sites\/125\/2024\/04\/capteursaffiche-21.3.2005-Fds-cluzel-212x300.jpg 212w, https:\/\/blogs.univ-jfc.fr\/archampo\/wp-content\/uploads\/sites\/125\/2024\/04\/capteursaffiche-21.3.2005-Fds-cluzel-768x1086.jpg 768w, https:\/\/blogs.univ-jfc.fr\/archampo\/wp-content\/uploads\/sites\/125\/2024\/04\/capteursaffiche-21.3.2005-Fds-cluzel-1086x1536.jpg 1086w, https:\/\/blogs.univ-jfc.fr\/archampo\/wp-content\/uploads\/sites\/125\/2024\/04\/capteursaffiche-21.3.2005-Fds-cluzel-1448x2048.jpg 1448w, https:\/\/blogs.univ-jfc.fr\/archampo\/wp-content\/uploads\/sites\/125\/2024\/04\/capteursaffiche-21.3.2005-Fds-cluzel-scaled.jpg 1810w\" sizes=\"(max-width: 724px) 100vw, 724px\" \/><\/figure><div class=\"wp-block-media-text__content\">\n<h6>Affiche de la campagne de communication sur la licence pro Gestion des mesures, contr\u00f4les et capteurs en agro-alimentaire, 21 mars 2005.<\/h6>\n\n\n\n<p>\u00a9 Archives du service Communication de l\u2019INUC \u2013 Fonds Cluzel.<\/p>\n<\/div><\/div>\n\n\n\n<div class=\"wp-block-media-text alignwide is-stacked-on-mobile\" style=\"grid-template-columns:55% auto\"><figure class=\"wp-block-media-text__media\"><img loading=\"lazy\" width=\"724\" height=\"1024\" src=\"https:\/\/blogs.univ-jfc.fr\/archampo\/wp-content\/uploads\/sites\/125\/2024\/04\/developpementaffiche-21.3.2005-Fds-Cluzel-724x1024.jpg\" alt=\"\" class=\"wp-image-755 size-full\" srcset=\"https:\/\/blogs.univ-jfc.fr\/archampo\/wp-content\/uploads\/sites\/125\/2024\/04\/developpementaffiche-21.3.2005-Fds-Cluzel-724x1024.jpg 724w, https:\/\/blogs.univ-jfc.fr\/archampo\/wp-content\/uploads\/sites\/125\/2024\/04\/developpementaffiche-21.3.2005-Fds-Cluzel-212x300.jpg 212w, https:\/\/blogs.univ-jfc.fr\/archampo\/wp-content\/uploads\/sites\/125\/2024\/04\/developpementaffiche-21.3.2005-Fds-Cluzel-768x1086.jpg 768w, https:\/\/blogs.univ-jfc.fr\/archampo\/wp-content\/uploads\/sites\/125\/2024\/04\/developpementaffiche-21.3.2005-Fds-Cluzel-1086x1536.jpg 1086w, https:\/\/blogs.univ-jfc.fr\/archampo\/wp-content\/uploads\/sites\/125\/2024\/04\/developpementaffiche-21.3.2005-Fds-Cluzel-1448x2048.jpg 1448w, https:\/\/blogs.univ-jfc.fr\/archampo\/wp-content\/uploads\/sites\/125\/2024\/04\/developpementaffiche-21.3.2005-Fds-Cluzel-scaled.jpg 1810w\" sizes=\"(max-width: 724px) 100vw, 724px\" \/><\/figure><div class=\"wp-block-media-text__content\">\n<h6>Affiche de la campagne de communication sur la licence pro Agent de d\u00e9veloppement culturel en milieu rural, 21 mars 2005.<\/h6>\n\n\n\n<p>\u00a9 Archives du service Communication de l\u2019INUC \u2013 Fonds Cluzel.<\/p>\n<\/div><\/div>\n\n\n\n<div class=\"wp-block-media-text alignwide is-stacked-on-mobile\" style=\"grid-template-columns:55% auto\"><figure class=\"wp-block-media-text__media\"><img loading=\"lazy\" width=\"724\" height=\"1024\" src=\"https:\/\/blogs.univ-jfc.fr\/archampo\/wp-content\/uploads\/sites\/125\/2024\/04\/valorisationaffiche-21.3.2005-Fds-Cluzel-724x1024.jpg\" alt=\"\" class=\"wp-image-756 size-full\" srcset=\"https:\/\/blogs.univ-jfc.fr\/archampo\/wp-content\/uploads\/sites\/125\/2024\/04\/valorisationaffiche-21.3.2005-Fds-Cluzel-724x1024.jpg 724w, https:\/\/blogs.univ-jfc.fr\/archampo\/wp-content\/uploads\/sites\/125\/2024\/04\/valorisationaffiche-21.3.2005-Fds-Cluzel-212x300.jpg 212w, https:\/\/blogs.univ-jfc.fr\/archampo\/wp-content\/uploads\/sites\/125\/2024\/04\/valorisationaffiche-21.3.2005-Fds-Cluzel-768x1086.jpg 768w, https:\/\/blogs.univ-jfc.fr\/archampo\/wp-content\/uploads\/sites\/125\/2024\/04\/valorisationaffiche-21.3.2005-Fds-Cluzel-1086x1536.jpg 1086w, https:\/\/blogs.univ-jfc.fr\/archampo\/wp-content\/uploads\/sites\/125\/2024\/04\/valorisationaffiche-21.3.2005-Fds-Cluzel-1448x2048.jpg 1448w, https:\/\/blogs.univ-jfc.fr\/archampo\/wp-content\/uploads\/sites\/125\/2024\/04\/valorisationaffiche-21.3.2005-Fds-Cluzel-scaled.jpg 1810w\" sizes=\"(max-width: 724px) 100vw, 724px\" \/><\/figure><div class=\"wp-block-media-text__content\">\n<h6>Affiche de la campagne de communication sur la licence pro Ing\u00e9nierie de la valorisation des produits agro-alimentaires, 21 mars 2005.<\/h6>\n\n\n\n<p>\u00a9 Archives du service Communication de l\u2019INUC \u2013 Fonds Cluzel.<\/p>\n<\/div><\/div>\n\n\n\n<div class=\"wp-block-media-text alignwide is-stacked-on-mobile\" style=\"grid-template-columns:55% auto\"><figure class=\"wp-block-media-text__media\"><img loading=\"lazy\" width=\"724\" height=\"1024\" src=\"https:\/\/blogs.univ-jfc.fr\/archampo\/wp-content\/uploads\/sites\/125\/2024\/04\/A4-studyrama-13.-2006-Fds-Cluzel-724x1024.jpg\" alt=\"\" class=\"wp-image-737 size-full\" srcset=\"https:\/\/blogs.univ-jfc.fr\/archampo\/wp-content\/uploads\/sites\/125\/2024\/04\/A4-studyrama-13.-2006-Fds-Cluzel-724x1024.jpg 724w, https:\/\/blogs.univ-jfc.fr\/archampo\/wp-content\/uploads\/sites\/125\/2024\/04\/A4-studyrama-13.-2006-Fds-Cluzel-212x300.jpg 212w, https:\/\/blogs.univ-jfc.fr\/archampo\/wp-content\/uploads\/sites\/125\/2024\/04\/A4-studyrama-13.-2006-Fds-Cluzel-768x1087.jpg 768w, https:\/\/blogs.univ-jfc.fr\/archampo\/wp-content\/uploads\/sites\/125\/2024\/04\/A4-studyrama-13.-2006-Fds-Cluzel-1086x1536.jpg 1086w, https:\/\/blogs.univ-jfc.fr\/archampo\/wp-content\/uploads\/sites\/125\/2024\/04\/A4-studyrama-13.-2006-Fds-Cluzel.jpg 1169w\" sizes=\"(max-width: 724px) 100vw, 724px\" \/><\/figure><div class=\"wp-block-media-text__content\">\n<h6>Affiche de synth\u00e8se sur les formation du CUFR en 2006.<\/h6>\n\n\n\n<p>\u00a9 Archives du service Communication de l\u2019INUC \u2013 Fonds Cluzel.<\/p>\n<\/div><\/div>\n\n\n\n<div class=\"wp-block-media-text alignwide is-stacked-on-mobile\" style=\"grid-template-columns:55% auto\"><figure class=\"wp-block-media-text__media\"><img loading=\"lazy\" width=\"600\" height=\"893\" src=\"https:\/\/blogs.univ-jfc.fr\/archampo\/wp-content\/uploads\/sites\/125\/2024\/04\/sorbonne40603.4.2006.jpg\" alt=\"\" class=\"wp-image-740 size-full\" srcset=\"https:\/\/blogs.univ-jfc.fr\/archampo\/wp-content\/uploads\/sites\/125\/2024\/04\/sorbonne40603.4.2006.jpg 600w, https:\/\/blogs.univ-jfc.fr\/archampo\/wp-content\/uploads\/sites\/125\/2024\/04\/sorbonne40603.4.2006-202x300.jpg 202w\" sizes=\"(max-width: 600px) 100vw, 600px\" \/><\/figure><div class=\"wp-block-media-text__content\">\n<h6>Affiche de la campagne de communication sur l&rsquo;universit\u00e9 Champollion, 2005-2006.<\/h6>\n\n\n\n<p>\u00a9 Archives du service Communication de l\u2019INUC \u2013 Fonds Cluzel.<\/p>\n<\/div><\/div>\n\n\n\n<div class=\"wp-block-media-text alignwide is-stacked-on-mobile\" style=\"grid-template-columns:55% auto\"><figure class=\"wp-block-media-text__media\"><img loading=\"lazy\" width=\"724\" height=\"1024\" src=\"https:\/\/blogs.univ-jfc.fr\/archampo\/wp-content\/uploads\/sites\/125\/2024\/04\/sorbonne-A47.12.2005-Fds-cluzel-724x1024.jpg\" alt=\"\" class=\"wp-image-743 size-full\" srcset=\"https:\/\/blogs.univ-jfc.fr\/archampo\/wp-content\/uploads\/sites\/125\/2024\/04\/sorbonne-A47.12.2005-Fds-cluzel-724x1024.jpg 724w, https:\/\/blogs.univ-jfc.fr\/archampo\/wp-content\/uploads\/sites\/125\/2024\/04\/sorbonne-A47.12.2005-Fds-cluzel-212x300.jpg 212w, https:\/\/blogs.univ-jfc.fr\/archampo\/wp-content\/uploads\/sites\/125\/2024\/04\/sorbonne-A47.12.2005-Fds-cluzel-768x1086.jpg 768w, https:\/\/blogs.univ-jfc.fr\/archampo\/wp-content\/uploads\/sites\/125\/2024\/04\/sorbonne-A47.12.2005-Fds-cluzel-1086x1536.jpg 1086w, https:\/\/blogs.univ-jfc.fr\/archampo\/wp-content\/uploads\/sites\/125\/2024\/04\/sorbonne-A47.12.2005-Fds-cluzel-1448x2048.jpg 1448w, https:\/\/blogs.univ-jfc.fr\/archampo\/wp-content\/uploads\/sites\/125\/2024\/04\/sorbonne-A47.12.2005-Fds-cluzel.jpg 1654w\" sizes=\"(max-width: 724px) 100vw, 724px\" \/><\/figure><div class=\"wp-block-media-text__content\">\n<h6>Affiche de la campagne de communication sur l&rsquo;universit\u00e9 Champollion, 2005-2006.<\/h6>\n\n\n\n<p>\u00a9 Archives du service Communication de l\u2019INUC \u2013 Fonds Cluzel.<\/p>\n<\/div><\/div>\n\n\n\n<div class=\"wp-block-media-text alignwide is-stacked-on-mobile\" style=\"grid-template-columns:51% auto\"><figure class=\"wp-block-media-text__media\"><img loading=\"lazy\" width=\"600\" height=\"893\" src=\"https:\/\/blogs.univ-jfc.fr\/archampo\/wp-content\/uploads\/sites\/125\/2024\/04\/arbre-13.2.2006-Fds-Cluzel.jpg\" alt=\"\" class=\"wp-image-744 size-full\" srcset=\"https:\/\/blogs.univ-jfc.fr\/archampo\/wp-content\/uploads\/sites\/125\/2024\/04\/arbre-13.2.2006-Fds-Cluzel.jpg 600w, https:\/\/blogs.univ-jfc.fr\/archampo\/wp-content\/uploads\/sites\/125\/2024\/04\/arbre-13.2.2006-Fds-Cluzel-202x300.jpg 202w\" sizes=\"(max-width: 600px) 100vw, 600px\" \/><\/figure><div class=\"wp-block-media-text__content\">\n<h6>Affiche de la campagne de communication sur l&rsquo;universit\u00e9 Champollion, 2005-2006.<\/h6>\n\n\n\n<p>\u00a9 Archives du service Communication de l\u2019INUC \u2013 Fonds Cluzel.<\/p>\n<\/div><\/div>\n\n\n\n<div class=\"wp-block-media-text alignwide is-stacked-on-mobile\" style=\"grid-template-columns:51% auto\"><figure class=\"wp-block-media-text__media\"><img loading=\"lazy\" width=\"600\" height=\"893\" src=\"https:\/\/blogs.univ-jfc.fr\/archampo\/wp-content\/uploads\/sites\/125\/2024\/04\/lune-3.4.2006-Fds-Cluzel.jpg\" alt=\"\" class=\"wp-image-746 size-full\" srcset=\"https:\/\/blogs.univ-jfc.fr\/archampo\/wp-content\/uploads\/sites\/125\/2024\/04\/lune-3.4.2006-Fds-Cluzel.jpg 600w, https:\/\/blogs.univ-jfc.fr\/archampo\/wp-content\/uploads\/sites\/125\/2024\/04\/lune-3.4.2006-Fds-Cluzel-202x300.jpg 202w\" sizes=\"(max-width: 600px) 100vw, 600px\" \/><\/figure><div class=\"wp-block-media-text__content\">\n<h6>Affiche de la campagne de communication sur l&rsquo;universit\u00e9 Champollion, 2005-2006.<\/h6>\n\n\n\n<p>\u00a9 Archives du service Communication de l\u2019INUC \u2013 Fonds Cluzel.<\/p>\n<\/div><\/div>\n\n\n\n<div class=\"wp-block-media-text alignwide is-stacked-on-mobile\" style=\"grid-template-columns:55% auto\"><figure class=\"wp-block-media-text__media\"><img loading=\"lazy\" width=\"600\" height=\"848\" src=\"https:\/\/blogs.univ-jfc.fr\/archampo\/wp-content\/uploads\/sites\/125\/2024\/04\/lune-A47.12.2005-Fds-Cluzel.jpg\" alt=\"\" class=\"wp-image-748 size-full\" srcset=\"https:\/\/blogs.univ-jfc.fr\/archampo\/wp-content\/uploads\/sites\/125\/2024\/04\/lune-A47.12.2005-Fds-Cluzel.jpg 600w, https:\/\/blogs.univ-jfc.fr\/archampo\/wp-content\/uploads\/sites\/125\/2024\/04\/lune-A47.12.2005-Fds-Cluzel-212x300.jpg 212w\" sizes=\"(max-width: 600px) 100vw, 600px\" \/><\/figure><div class=\"wp-block-media-text__content\">\n<h6>Affiche de la campagne de communication sur l&rsquo;universit\u00e9 Champollion, 2005-2006.<\/h6>\n\n\n\n<p>\u00a9 Archives du service Communication de l\u2019INUC \u2013 Fonds Cluzel.<\/p>\n<\/div><\/div>\n\n\n\n<div class=\"wp-block-media-text alignwide is-stacked-on-mobile\" style=\"grid-template-columns:56% auto\"><figure class=\"wp-block-media-text__media\"><img loading=\"lazy\" width=\"724\" height=\"1024\" src=\"https:\/\/blogs.univ-jfc.fr\/archampo\/wp-content\/uploads\/sites\/125\/2024\/04\/stopA47.12.2005-Fds-Cluzel-724x1024.jpg\" alt=\"\" class=\"wp-image-749 size-full\" srcset=\"https:\/\/blogs.univ-jfc.fr\/archampo\/wp-content\/uploads\/sites\/125\/2024\/04\/stopA47.12.2005-Fds-Cluzel-724x1024.jpg 724w, https:\/\/blogs.univ-jfc.fr\/archampo\/wp-content\/uploads\/sites\/125\/2024\/04\/stopA47.12.2005-Fds-Cluzel-212x300.jpg 212w, https:\/\/blogs.univ-jfc.fr\/archampo\/wp-content\/uploads\/sites\/125\/2024\/04\/stopA47.12.2005-Fds-Cluzel-768x1086.jpg 768w, https:\/\/blogs.univ-jfc.fr\/archampo\/wp-content\/uploads\/sites\/125\/2024\/04\/stopA47.12.2005-Fds-Cluzel-1086x1536.jpg 1086w, https:\/\/blogs.univ-jfc.fr\/archampo\/wp-content\/uploads\/sites\/125\/2024\/04\/stopA47.12.2005-Fds-Cluzel-1448x2048.jpg 1448w, https:\/\/blogs.univ-jfc.fr\/archampo\/wp-content\/uploads\/sites\/125\/2024\/04\/stopA47.12.2005-Fds-Cluzel.jpg 1654w\" sizes=\"(max-width: 724px) 100vw, 724px\" \/><\/figure><div class=\"wp-block-media-text__content\">\n<h6>Affiche de la campagne de communication sur l&rsquo;universit\u00e9 Champollion, 2005-2006.<\/h6>\n\n\n\n<p>\u00a9 Archives du service Communication de l\u2019INUC \u2013 Fonds Cluzel.<\/p>\n<\/div><\/div>\n\n\n\n<div class=\"wp-block-media-text alignwide is-stacked-on-mobile\" style=\"grid-template-columns:52% auto\"><figure class=\"wp-block-media-text__media\"><img loading=\"lazy\" width=\"600\" height=\"893\" src=\"https:\/\/blogs.univ-jfc.fr\/archampo\/wp-content\/uploads\/sites\/125\/2024\/04\/13.2.2006-Fds-cluzel.jpg\" alt=\"\" class=\"wp-image-750 size-full\" srcset=\"https:\/\/blogs.univ-jfc.fr\/archampo\/wp-content\/uploads\/sites\/125\/2024\/04\/13.2.2006-Fds-cluzel.jpg 600w, https:\/\/blogs.univ-jfc.fr\/archampo\/wp-content\/uploads\/sites\/125\/2024\/04\/13.2.2006-Fds-cluzel-202x300.jpg 202w\" sizes=\"(max-width: 600px) 100vw, 600px\" \/><\/figure><div class=\"wp-block-media-text__content\">\n<h6>Affiche de la campagne de communication sur l&rsquo;universit\u00e9 Champollion, 2005-2006.<\/h6>\n\n\n\n<p>\u00a9 Archives du service Communication de l\u2019INUC \u2013 Fonds Cluzel.<\/p>\n<\/div><\/div>\n\n\n\n<div class=\"wp-block-media-text alignwide is-stacked-on-mobile\" style=\"grid-template-columns:53% auto\"><figure class=\"wp-block-media-text__media\"><img loading=\"lazy\" width=\"614\" height=\"1024\" src=\"https:\/\/blogs.univ-jfc.fr\/archampo\/wp-content\/uploads\/sites\/125\/2024\/06\/Affiche-JFC_30x50_3-2-614x1024.jpg\" alt=\"\" class=\"wp-image-1762 size-full\" srcset=\"https:\/\/blogs.univ-jfc.fr\/archampo\/wp-content\/uploads\/sites\/125\/2024\/06\/Affiche-JFC_30x50_3-2-614x1024.jpg 614w, https:\/\/blogs.univ-jfc.fr\/archampo\/wp-content\/uploads\/sites\/125\/2024\/06\/Affiche-JFC_30x50_3-2-180x300.jpg 180w, https:\/\/blogs.univ-jfc.fr\/archampo\/wp-content\/uploads\/sites\/125\/2024\/06\/Affiche-JFC_30x50_3-2-768x1280.jpg 768w, https:\/\/blogs.univ-jfc.fr\/archampo\/wp-content\/uploads\/sites\/125\/2024\/06\/Affiche-JFC_30x50_3-2.jpg 850w\" sizes=\"(max-width: 614px) 100vw, 614px\" \/><\/figure><div class=\"wp-block-media-text__content\">\n<h6>Affiche de promotion de la formation continue, s. d.<\/h6>\n\n\n\n<p>\u00a9 Archives du service Communication de l\u2019INUC<\/p>\n<\/div><\/div>\n\n\n\n<div class=\"wp-block-media-text alignwide is-stacked-on-mobile\" style=\"grid-template-columns:53% auto\"><figure class=\"wp-block-media-text__media\"><img loading=\"lazy\" width=\"512\" height=\"1024\" src=\"https:\/\/blogs.univ-jfc.fr\/archampo\/wp-content\/uploads\/sites\/125\/2024\/06\/Affiche_CHINOIS_JFC_210x420-512x1024.jpg\" alt=\"\" class=\"wp-image-1770 size-full\" srcset=\"https:\/\/blogs.univ-jfc.fr\/archampo\/wp-content\/uploads\/sites\/125\/2024\/06\/Affiche_CHINOIS_JFC_210x420-512x1024.jpg 512w, https:\/\/blogs.univ-jfc.fr\/archampo\/wp-content\/uploads\/sites\/125\/2024\/06\/Affiche_CHINOIS_JFC_210x420-150x300.jpg 150w, https:\/\/blogs.univ-jfc.fr\/archampo\/wp-content\/uploads\/sites\/125\/2024\/06\/Affiche_CHINOIS_JFC_210x420.jpg 595w\" sizes=\"(max-width: 512px) 100vw, 512px\" \/><\/figure><div class=\"wp-block-media-text__content\">\n<h6>Affiche d&rsquo;annonce de l&rsquo;ouverture de cours de chinois au CUFR Champollion en partenariat avec l&rsquo;institut Confucius.<\/h6>\n\n\n\n<p>\u00a9 Archives du service Communication de l\u2019INUC<\/p>\n<\/div><\/div>\n\n\n\n<div class=\"wp-block-media-text alignwide is-stacked-on-mobile\" style=\"grid-template-columns:52% auto\"><figure class=\"wp-block-media-text__media\"><img loading=\"lazy\" width=\"480\" height=\"720\" src=\"https:\/\/blogs.univ-jfc.fr\/archampo\/wp-content\/uploads\/sites\/125\/2024\/06\/28788_127847040561009_2943756_n.jpg\" alt=\"\" class=\"wp-image-1707 size-full\" srcset=\"https:\/\/blogs.univ-jfc.fr\/archampo\/wp-content\/uploads\/sites\/125\/2024\/06\/28788_127847040561009_2943756_n.jpg 480w, https:\/\/blogs.univ-jfc.fr\/archampo\/wp-content\/uploads\/sites\/125\/2024\/06\/28788_127847040561009_2943756_n-200x300.jpg 200w\" sizes=\"(max-width: 480px) 100vw, 480px\" \/><\/figure><div class=\"wp-block-media-text__content\">\n<h6>Affiche de la campagne de communication sur l&rsquo;universit\u00e9 Champollion, 2010.<\/h6>\n\n\n\n<p>\u00a9 Archives du service Communication de l\u2019INUC.<\/p>\n<\/div><\/div>\n\n\n\n<div class=\"wp-block-media-text alignwide is-stacked-on-mobile\"><figure class=\"wp-block-media-text__media\"><img loading=\"lazy\" width=\"594\" height=\"1024\" src=\"https:\/\/blogs.univ-jfc.fr\/archampo\/wp-content\/uploads\/sites\/125\/2024\/06\/Affiche_relation_inter_2-2-1-594x1024.jpg\" alt=\"\" class=\"wp-image-1775 size-full\" srcset=\"https:\/\/blogs.univ-jfc.fr\/archampo\/wp-content\/uploads\/sites\/125\/2024\/06\/Affiche_relation_inter_2-2-1-594x1024.jpg 594w, https:\/\/blogs.univ-jfc.fr\/archampo\/wp-content\/uploads\/sites\/125\/2024\/06\/Affiche_relation_inter_2-2-1-174x300.jpg 174w, https:\/\/blogs.univ-jfc.fr\/archampo\/wp-content\/uploads\/sites\/125\/2024\/06\/Affiche_relation_inter_2-2-1-768x1325.jpg 768w, https:\/\/blogs.univ-jfc.fr\/archampo\/wp-content\/uploads\/sites\/125\/2024\/06\/Affiche_relation_inter_2-2-1.jpg 850w\" sizes=\"(max-width: 594px) 100vw, 594px\" \/><\/figure><div class=\"wp-block-media-text__content\">\n<h6>Affiche r\u00e9alis\u00e9e pour l&rsquo;ouverture du master \u00c9tudes europ\u00e9ennes et internationales en 2011. La p\u00e9riode est \u00e0 l&rsquo;ouverture de formations pluridisciplinaires et le master est port\u00e9 par les d\u00e9partements SHS et ALL.<\/h6>\n\n\n\n<p>\u00a9 Archives du service Communication de l\u2019INUC.<\/p>\n<\/div><\/div>\n\n\n\n<div class=\"wp-block-media-text alignwide is-stacked-on-mobile\" style=\"grid-template-columns:52% auto\"><figure class=\"wp-block-media-text__media\"><img loading=\"lazy\" width=\"512\" height=\"1024\" src=\"https:\/\/blogs.univ-jfc.fr\/archampo\/wp-content\/uploads\/sites\/125\/2024\/06\/Affiche_relation_inter_2-2-2-512x1024.jpg\" alt=\"\" class=\"wp-image-1776 size-full\" srcset=\"https:\/\/blogs.univ-jfc.fr\/archampo\/wp-content\/uploads\/sites\/125\/2024\/06\/Affiche_relation_inter_2-2-2-512x1024.jpg 512w, https:\/\/blogs.univ-jfc.fr\/archampo\/wp-content\/uploads\/sites\/125\/2024\/06\/Affiche_relation_inter_2-2-2-150x300.jpg 150w, https:\/\/blogs.univ-jfc.fr\/archampo\/wp-content\/uploads\/sites\/125\/2024\/06\/Affiche_relation_inter_2-2-2-768x1536.jpg 768w, https:\/\/blogs.univ-jfc.fr\/archampo\/wp-content\/uploads\/sites\/125\/2024\/06\/Affiche_relation_inter_2-2-2.jpg 850w\" sizes=\"(max-width: 512px) 100vw, 512px\" \/><\/figure><div class=\"wp-block-media-text__content\">\n<h6>Affiche r\u00e9alis\u00e9e pour l&rsquo;ouverture du master \u00c9tudes europ\u00e9ennes et internationales en 2011. La p\u00e9riode est \u00e0 l&rsquo;ouverture de formations pluridisciplinaires et le master est port\u00e9 par les d\u00e9partements SHS et ALL.<\/h6>\n\n\n\n<p>\u00a9 Archives du service Communication de l\u2019INUC.<\/p>\n<\/div><\/div>\n\n\n\n<div class=\"wp-block-media-text alignwide is-stacked-on-mobile\" style=\"grid-template-columns:52% auto\"><figure class=\"wp-block-media-text__media\"><img loading=\"lazy\" width=\"728\" height=\"1024\" src=\"https:\/\/blogs.univ-jfc.fr\/archampo\/wp-content\/uploads\/sites\/125\/2024\/06\/194796_466942203318156_1805228158_o-728x1024.jpg\" alt=\"\" class=\"wp-image-1709 size-full\" srcset=\"https:\/\/blogs.univ-jfc.fr\/archampo\/wp-content\/uploads\/sites\/125\/2024\/06\/194796_466942203318156_1805228158_o-728x1024.jpg 728w, https:\/\/blogs.univ-jfc.fr\/archampo\/wp-content\/uploads\/sites\/125\/2024\/06\/194796_466942203318156_1805228158_o-213x300.jpg 213w, https:\/\/blogs.univ-jfc.fr\/archampo\/wp-content\/uploads\/sites\/125\/2024\/06\/194796_466942203318156_1805228158_o-768x1080.jpg 768w, https:\/\/blogs.univ-jfc.fr\/archampo\/wp-content\/uploads\/sites\/125\/2024\/06\/194796_466942203318156_1805228158_o-1092x1536.jpg 1092w, https:\/\/blogs.univ-jfc.fr\/archampo\/wp-content\/uploads\/sites\/125\/2024\/06\/194796_466942203318156_1805228158_o.jpg 1456w\" sizes=\"(max-width: 728px) 100vw, 728px\" \/><\/figure><div class=\"wp-block-media-text__content\">\n<h6>Affiche de la campagne de communication sur l&rsquo;universit\u00e9 Champollion, 2012.<\/h6>\n\n\n\n<p>\u00a9 Archives du service Communication de l\u2019INUC.<\/p>\n<\/div><\/div>\n\n\n\n<div class=\"wp-block-media-text alignwide is-stacked-on-mobile\"><figure class=\"wp-block-media-text__media\"><img loading=\"lazy\" width=\"724\" height=\"1024\" src=\"https:\/\/blogs.univ-jfc.fr\/archampo\/wp-content\/uploads\/sites\/125\/2024\/06\/Affiche_Inscription2013-724x1024.jpg\" alt=\"\" class=\"wp-image-1773 size-full\" srcset=\"https:\/\/blogs.univ-jfc.fr\/archampo\/wp-content\/uploads\/sites\/125\/2024\/06\/Affiche_Inscription2013-724x1024.jpg 724w, https:\/\/blogs.univ-jfc.fr\/archampo\/wp-content\/uploads\/sites\/125\/2024\/06\/Affiche_Inscription2013-212x300.jpg 212w, https:\/\/blogs.univ-jfc.fr\/archampo\/wp-content\/uploads\/sites\/125\/2024\/06\/Affiche_Inscription2013-768x1086.jpg 768w, https:\/\/blogs.univ-jfc.fr\/archampo\/wp-content\/uploads\/sites\/125\/2024\/06\/Affiche_Inscription2013-1086x1536.jpg 1086w, https:\/\/blogs.univ-jfc.fr\/archampo\/wp-content\/uploads\/sites\/125\/2024\/06\/Affiche_Inscription2013.jpg 1181w\" sizes=\"(max-width: 724px) 100vw, 724px\" \/><\/figure><div class=\"wp-block-media-text__content\">\n<h6>Affiche de promotion de la rentr\u00e9e 2013.<\/h6>\n\n\n\n<p>\u00a9 Archives du service Communication de l\u2019INUC<\/p>\n<\/div><\/div>\n\n\n\n<div class=\"wp-block-media-text alignwide is-stacked-on-mobile\" style=\"grid-template-columns:53% auto\"><figure class=\"wp-block-media-text__media\"><img loading=\"lazy\" width=\"683\" height=\"1024\" src=\"https:\/\/blogs.univ-jfc.fr\/archampo\/wp-content\/uploads\/sites\/125\/2024\/06\/16487827_1531557340189965_4753303078223106396_o-683x1024.jpg\" alt=\"\" class=\"wp-image-1720 size-full\" srcset=\"https:\/\/blogs.univ-jfc.fr\/archampo\/wp-content\/uploads\/sites\/125\/2024\/06\/16487827_1531557340189965_4753303078223106396_o-683x1024.jpg 683w, https:\/\/blogs.univ-jfc.fr\/archampo\/wp-content\/uploads\/sites\/125\/2024\/06\/16487827_1531557340189965_4753303078223106396_o-200x300.jpg 200w, https:\/\/blogs.univ-jfc.fr\/archampo\/wp-content\/uploads\/sites\/125\/2024\/06\/16487827_1531557340189965_4753303078223106396_o-768x1152.jpg 768w, https:\/\/blogs.univ-jfc.fr\/archampo\/wp-content\/uploads\/sites\/125\/2024\/06\/16487827_1531557340189965_4753303078223106396_o-1024x1536.jpg 1024w, https:\/\/blogs.univ-jfc.fr\/archampo\/wp-content\/uploads\/sites\/125\/2024\/06\/16487827_1531557340189965_4753303078223106396_o.jpg 1134w\" sizes=\"(max-width: 683px) 100vw, 683px\" \/><\/figure><div class=\"wp-block-media-text__content\">\n<h6>Affiche de la campagne de communication sur l&rsquo;universit\u00e9 Champollion, 2017.<\/h6>\n\n\n\n<p>\u00a9 Archives du service Communication de l\u2019INUC.<\/p>\n<\/div><\/div>\n","protected":false},"excerpt":{"rendered":"<p>Affiche de la campagne de communication sur l&rsquo;universit\u00e9 Champollion, 2004-2005. \u00a9 Archives du service Communication de l\u2019INUC \u2013 Fonds Cluzel. Affiche de la campagne de communication sur la licence pro Gestion des mesures, contr\u00f4les et capteurs en agro-alimentaire, 21 mars 2005. \u00a9 Archives du service Communication de l\u2019INUC \u2013 Fonds Cluzel. Affiche de la campagne &hellip; <a href=\"https:\/\/blogs.univ-jfc.fr\/archampo\/communication-sur-les-formation\/\" class=\"more-link\">Continuer la lecture de <span class=\"screen-reader-text\">Affiches sur la Formation<\/span> <span class=\"meta-nav\">&rarr;<\/span><\/a><\/p>\n","protected":false},"author":19,"featured_media":0,"parent":0,"menu_order":0,"comment_status":"closed","ping_status":"closed","template":"","meta":[],"_links":{"self":[{"href":"https:\/\/blogs.univ-jfc.fr\/archampo\/wp-json\/wp\/v2\/pages\/688"}],"collection":[{"href":"https:\/\/blogs.univ-jfc.fr\/archampo\/wp-json\/wp\/v2\/pages"}],"about":[{"href":"https:\/\/blogs.univ-jfc.fr\/archampo\/wp-json\/wp\/v2\/types\/page"}],"author":[{"embeddable":true,"href":"https:\/\/blogs.univ-jfc.fr\/archampo\/wp-json\/wp\/v2\/users\/19"}],"replies":[{"embeddable":true,"href":"https:\/\/blogs.univ-jfc.fr\/archampo\/wp-json\/wp\/v2\/comments?post=688"}],"version-history":[{"count":13,"href":"https:\/\/blogs.univ-jfc.fr\/archampo\/wp-json\/wp\/v2\/pages\/688\/revisions"}],"predecessor-version":[{"id":1777,"href":"https:\/\/blogs.univ-jfc.fr\/archampo\/wp-json\/wp\/v2\/pages\/688\/revisions\/1777"}],"wp:attachment":[{"href":"https:\/\/blogs.univ-jfc.fr\/archampo\/wp-json\/wp\/v2\/media?parent=688"}],"curies":[{"name":"wp","href":"https:\/\/api.w.org\/{rel}","templated":true}]}}