{"id":69,"date":"2024-03-29T18:56:11","date_gmt":"2024-03-29T17:56:11","guid":{"rendered":"https:\/\/blogs.univ-jfc.fr\/archampo\/?page_id=69"},"modified":"2024-03-30T21:33:05","modified_gmt":"2024-03-30T20:33:05","slug":"champollion-dans-les-autres-archives","status":"publish","type":"page","link":"https:\/\/blogs.univ-jfc.fr\/archampo\/champollion-dans-les-autres-archives\/","title":{"rendered":"Champollion dans les autres archives"},"content":{"rendered":"\n<div class=\"wp-block-media-text alignwide is-stacked-on-mobile\" style=\"grid-template-columns:18% auto\"><figure class=\"wp-block-media-text__media\"><img loading=\"lazy\" width=\"224\" height=\"224\" src=\"https:\/\/blogs.univ-jfc.fr\/archampo\/wp-content\/uploads\/sites\/125\/2024\/03\/UT1.png\" alt=\"\" class=\"wp-image-282 size-full\" srcset=\"https:\/\/blogs.univ-jfc.fr\/archampo\/wp-content\/uploads\/sites\/125\/2024\/03\/UT1.png 224w, https:\/\/blogs.univ-jfc.fr\/archampo\/wp-content\/uploads\/sites\/125\/2024\/03\/UT1-150x150.png 150w\" sizes=\"(max-width: 224px) 100vw, 224px\" \/><\/figure><div class=\"wp-block-media-text__content\">\n<h5>Archives de l&rsquo;Universit\u00e9 de Toulouse 1 Capitole<\/h5>\n\n\n\n<p>Elodie Lorin  : <a href=\"melA('archives','','','ut-capitole.fr');\">archives@ut-capitole.fr<\/a><\/p>\n<\/div><\/div>\n\n\n\n<div class=\"wp-block-media-text alignwide is-stacked-on-mobile\" style=\"grid-template-columns:28% auto\"><figure class=\"wp-block-media-text__media\"><img loading=\"lazy\" width=\"387\" height=\"130\" src=\"https:\/\/blogs.univ-jfc.fr\/archampo\/wp-content\/uploads\/sites\/125\/2024\/03\/UT2J.png\" alt=\"\" class=\"wp-image-283 size-full\" srcset=\"https:\/\/blogs.univ-jfc.fr\/archampo\/wp-content\/uploads\/sites\/125\/2024\/03\/UT2J.png 387w, https:\/\/blogs.univ-jfc.fr\/archampo\/wp-content\/uploads\/sites\/125\/2024\/03\/UT2J-300x101.png 300w\" sizes=\"(max-width: 387px) 100vw, 387px\" \/><\/figure><div class=\"wp-block-media-text__content\">\n<h5>Archives de l&rsquo;Universit\u00e9 Toulouse Jean Jaur\u00e8s<\/h5>\n\n\n\n<p>Oph\u00e9lie Regat : <a href=\"mailto:ophelie%2Eregat%40univ-tlse2%2Efr\">ophelie.regat@univ-tlse2.fr<\/a><\/p>\n<\/div><\/div>\n\n\n\n<div class=\"wp-block-media-text alignwide is-stacked-on-mobile\" style=\"grid-template-columns:23% auto\"><figure class=\"wp-block-media-text__media\"><img loading=\"lazy\" width=\"412\" height=\"158\" src=\"https:\/\/blogs.univ-jfc.fr\/archampo\/wp-content\/uploads\/sites\/125\/2024\/03\/UPS.png\" alt=\"\" class=\"wp-image-284 size-full\" srcset=\"https:\/\/blogs.univ-jfc.fr\/archampo\/wp-content\/uploads\/sites\/125\/2024\/03\/UPS.png 412w, https:\/\/blogs.univ-jfc.fr\/archampo\/wp-content\/uploads\/sites\/125\/2024\/03\/UPS-300x115.png 300w\" sizes=\"(max-width: 412px) 100vw, 412px\" \/><\/figure><div class=\"wp-block-media-text__content\">\n<h6>Archives de l&rsquo;Universit\u00e9 Paul Sabatier<\/h6>\n\n\n\n<p>Pauline Gorla: <a class=\"\" href=\"mailto:pauline.gorla@univ-tlse3.fr\">pauline.gorla@univ-tlse3.fr<\/a><\/p>\n<\/div><\/div>\n\n\n\n<div class=\"wp-block-media-text alignwide is-stacked-on-mobile\" style=\"grid-template-columns:23% auto\"><figure class=\"wp-block-media-text__media\"><img loading=\"lazy\" width=\"200\" height=\"200\" src=\"https:\/\/blogs.univ-jfc.fr\/archampo\/wp-content\/uploads\/sites\/125\/2024\/03\/Logo-ArchivesDepartementalesTarn.png\" alt=\"\" class=\"wp-image-285 size-full\" srcset=\"https:\/\/blogs.univ-jfc.fr\/archampo\/wp-content\/uploads\/sites\/125\/2024\/03\/Logo-ArchivesDepartementalesTarn.png 200w, https:\/\/blogs.univ-jfc.fr\/archampo\/wp-content\/uploads\/sites\/125\/2024\/03\/Logo-ArchivesDepartementalesTarn-150x150.png 150w\" sizes=\"(max-width: 200px) 100vw, 200px\" \/><\/figure><div class=\"wp-block-media-text__content\">\n<h5><a href=\"https:\/\/archives.tarn.fr\/accueil\" data-type=\"URL\" data-id=\"https:\/\/archives.tarn.fr\/accueil\">Archives d\u00e9partementales du Tarn<\/a><\/h5>\n<\/div><\/div>\n\n\n\n<div class=\"wp-block-media-text alignwide is-stacked-on-mobile\" style=\"grid-template-columns:25% auto\"><figure class=\"wp-block-media-text__media\"><img loading=\"lazy\" width=\"850\" height=\"567\" src=\"https:\/\/blogs.univ-jfc.fr\/archampo\/wp-content\/uploads\/sites\/125\/2024\/03\/archives_municipales_albi.jpg\" alt=\"\" class=\"wp-image-288 size-full\" srcset=\"https:\/\/blogs.univ-jfc.fr\/archampo\/wp-content\/uploads\/sites\/125\/2024\/03\/archives_municipales_albi.jpg 850w, https:\/\/blogs.univ-jfc.fr\/archampo\/wp-content\/uploads\/sites\/125\/2024\/03\/archives_municipales_albi-300x200.jpg 300w, https:\/\/blogs.univ-jfc.fr\/archampo\/wp-content\/uploads\/sites\/125\/2024\/03\/archives_municipales_albi-768x512.jpg 768w\" sizes=\"(max-width: 850px) 100vw, 850px\" \/><\/figure><div class=\"wp-block-media-text__content\">\n<h5>Archives municipales d&rsquo;Albi<\/h5>\n\n\n\n<p><a href=\"https:\/\/www.mairie-albi.fr\/fr\/les-archives-municipales\" data-type=\"URL\" data-id=\"https:\/\/www.mairie-albi.fr\/fr\/les-archives-municipales\">Voir<\/a><\/p>\n<\/div><\/div>\n\n\n\n<div class=\"wp-block-media-text alignwide is-stacked-on-mobile\" style=\"grid-template-columns:26% auto\"><figure class=\"wp-block-media-text__media\"><img loading=\"lazy\" width=\"885\" height=\"500\" src=\"https:\/\/blogs.univ-jfc.fr\/archampo\/wp-content\/uploads\/sites\/125\/2024\/03\/ADA.jpg\" alt=\"\" class=\"wp-image-289 size-full\" srcset=\"https:\/\/blogs.univ-jfc.fr\/archampo\/wp-content\/uploads\/sites\/125\/2024\/03\/ADA.jpg 885w, https:\/\/blogs.univ-jfc.fr\/archampo\/wp-content\/uploads\/sites\/125\/2024\/03\/ADA-300x169.jpg 300w, https:\/\/blogs.univ-jfc.fr\/archampo\/wp-content\/uploads\/sites\/125\/2024\/03\/ADA-768x434.jpg 768w\" sizes=\"(max-width: 885px) 100vw, 885px\" \/><\/figure><div class=\"wp-block-media-text__content\">\n<h5>Archives d\u00e9partementales de l&rsquo;Aveyron<\/h5>\n\n\n\n<p><a href=\"https:\/\/archives.aveyron.fr\/\" data-type=\"URL\" data-id=\"https:\/\/archives.aveyron.fr\/\">Voir<\/a><\/p>\n<\/div><\/div>\n","protected":false},"excerpt":{"rendered":"<p>Archives de l&rsquo;Universit\u00e9 de Toulouse 1 Capitole Elodie Lorin : archives@ut-capitole.fr Archives de l&rsquo;Universit\u00e9 Toulouse Jean Jaur\u00e8s Oph\u00e9lie Regat : ophelie.regat@univ-tlse2.fr Archives de l&rsquo;Universit\u00e9 Paul Sabatier Pauline Gorla: pauline.gorla@univ-tlse3.fr Archives d\u00e9partementales du Tarn Archives municipales d&rsquo;Albi Voir Archives d\u00e9partementales de l&rsquo;Aveyron Voir<\/p>\n","protected":false},"author":19,"featured_media":0,"parent":0,"menu_order":0,"comment_status":"closed","ping_status":"closed","template":"","meta":[],"_links":{"self":[{"href":"https:\/\/blogs.univ-jfc.fr\/archampo\/wp-json\/wp\/v2\/pages\/69"}],"collection":[{"href":"https:\/\/blogs.univ-jfc.fr\/archampo\/wp-json\/wp\/v2\/pages"}],"about":[{"href":"https:\/\/blogs.univ-jfc.fr\/archampo\/wp-json\/wp\/v2\/types\/page"}],"author":[{"embeddable":true,"href":"https:\/\/blogs.univ-jfc.fr\/archampo\/wp-json\/wp\/v2\/users\/19"}],"replies":[{"embeddable":true,"href":"https:\/\/blogs.univ-jfc.fr\/archampo\/wp-json\/wp\/v2\/comments?post=69"}],"version-history":[{"count":4,"href":"https:\/\/blogs.univ-jfc.fr\/archampo\/wp-json\/wp\/v2\/pages\/69\/revisions"}],"predecessor-version":[{"id":290,"href":"https:\/\/blogs.univ-jfc.fr\/archampo\/wp-json\/wp\/v2\/pages\/69\/revisions\/290"}],"wp:attachment":[{"href":"https:\/\/blogs.univ-jfc.fr\/archampo\/wp-json\/wp\/v2\/media?parent=69"}],"curies":[{"name":"wp","href":"https:\/\/api.w.org\/{rel}","templated":true}]}}