{"id":708,"date":"2024-04-04T08:22:19","date_gmt":"2024-04-04T06:22:19","guid":{"rendered":"https:\/\/blogs.univ-jfc.fr\/archampo\/?page_id=708"},"modified":"2024-04-04T08:45:20","modified_gmt":"2024-04-04T06:45:20","slug":"visite-de-martin-malvy-le-19-janvier-2005","status":"publish","type":"page","link":"https:\/\/blogs.univ-jfc.fr\/archampo\/visite-de-martin-malvy-le-19-janvier-2005\/","title":{"rendered":"Visite de Martin Malvy le 19 janvier 2005"},"content":{"rendered":"\n<div class=\"wp-block-media-text alignwide is-stacked-on-mobile\"><figure class=\"wp-block-media-text__media\"><img loading=\"lazy\" width=\"600\" height=\"399\" src=\"https:\/\/blogs.univ-jfc.fr\/archampo\/wp-content\/uploads\/sites\/125\/2024\/04\/DSC_1505.jpg\" alt=\"\" class=\"wp-image-711 size-full\" srcset=\"https:\/\/blogs.univ-jfc.fr\/archampo\/wp-content\/uploads\/sites\/125\/2024\/04\/DSC_1505.jpg 600w, https:\/\/blogs.univ-jfc.fr\/archampo\/wp-content\/uploads\/sites\/125\/2024\/04\/DSC_1505-300x200.jpg 300w\" sizes=\"(max-width: 600px) 100vw, 600px\" \/><\/figure><div class=\"wp-block-media-text__content\">\n<h6>Martin Malvy, pr\u00e9sident du Conseil r\u00e9gional de Midi-Pyr\u00e9n\u00e9es (1998-2015) visite le chantier de la Maison Multim\u00e9dia du CUFR Champollion le 19 janvier 2005. A sa gauche, Marie-Claude Bascoul, responsable de la Formation continue.<\/h6>\n\n\n\n<p>\u00a9 Archives du Service Communication de l&rsquo;INUC &#8211; Fonds Fabien Cluzel.<\/p>\n<\/div><\/div>\n\n\n\n<div class=\"wp-block-media-text alignwide is-stacked-on-mobile\"><figure class=\"wp-block-media-text__media\"><img loading=\"lazy\" width=\"600\" height=\"399\" src=\"https:\/\/blogs.univ-jfc.fr\/archampo\/wp-content\/uploads\/sites\/125\/2024\/04\/DSC_1506.jpg\" alt=\"\" class=\"wp-image-713 size-full\" srcset=\"https:\/\/blogs.univ-jfc.fr\/archampo\/wp-content\/uploads\/sites\/125\/2024\/04\/DSC_1506.jpg 600w, https:\/\/blogs.univ-jfc.fr\/archampo\/wp-content\/uploads\/sites\/125\/2024\/04\/DSC_1506-300x200.jpg 300w\" sizes=\"(max-width: 600px) 100vw, 600px\" \/><\/figure><div class=\"wp-block-media-text__content\">\n<h6>Martin Malvy, pr\u00e9sident du Conseil r\u00e9gional de Midi-Pyr\u00e9n\u00e9es (1998-2015) visite le chantier de la Maison Multim\u00e9dia du CUFR Champollion le 19 janvier 2005. A sa gauche, Marie-Claude Bascoul, responsable de la Formation continue. Au centre du clich\u00e9, Mme Carasco (manteau noir), directrice des Ressources humaines du CUFR.<\/h6>\n\n\n\n<p>\u00a9 Archives du Service Communication de l&rsquo;INUC &#8211; Fonds Fabien Cluzel.<\/p>\n<\/div><\/div>\n\n\n\n<div class=\"wp-block-media-text alignwide is-stacked-on-mobile\"><figure class=\"wp-block-media-text__media\"><img loading=\"lazy\" width=\"600\" height=\"399\" src=\"https:\/\/blogs.univ-jfc.fr\/archampo\/wp-content\/uploads\/sites\/125\/2024\/04\/DSC_1510.jpg\" alt=\"\" class=\"wp-image-714 size-full\" srcset=\"https:\/\/blogs.univ-jfc.fr\/archampo\/wp-content\/uploads\/sites\/125\/2024\/04\/DSC_1510.jpg 600w, https:\/\/blogs.univ-jfc.fr\/archampo\/wp-content\/uploads\/sites\/125\/2024\/04\/DSC_1510-300x200.jpg 300w\" sizes=\"(max-width: 600px) 100vw, 600px\" \/><\/figure><div class=\"wp-block-media-text__content\">\n<h6>Martin Malvy, pr\u00e9sident du Conseil r\u00e9gional de Midi-Pyr\u00e9n\u00e9es (1998-2015) visite le chantier de la Maison Multim\u00e9dia du CUFR Champollion le 19 janvier 2005. A sa gauche, Marie-Claude Bascoul, responsable de la Formation continue.<\/h6>\n\n\n\n<p>\u00a9 Archives du Service Communication de l&rsquo;INUC &#8211; Fonds Fabien Cluzel.<\/p>\n<\/div><\/div>\n\n\n\n<div class=\"wp-block-media-text alignwide is-stacked-on-mobile\"><figure class=\"wp-block-media-text__media\"><img loading=\"lazy\" width=\"600\" height=\"902\" src=\"https:\/\/blogs.univ-jfc.fr\/archampo\/wp-content\/uploads\/sites\/125\/2024\/04\/DSC_1511-rotated.jpg\" alt=\"\" class=\"wp-image-715 size-full\" srcset=\"https:\/\/blogs.univ-jfc.fr\/archampo\/wp-content\/uploads\/sites\/125\/2024\/04\/DSC_1511-rotated.jpg 600w, https:\/\/blogs.univ-jfc.fr\/archampo\/wp-content\/uploads\/sites\/125\/2024\/04\/DSC_1511-200x300.jpg 200w\" sizes=\"(max-width: 600px) 100vw, 600px\" \/><\/figure><div class=\"wp-block-media-text__content\">\n<h6>Jean-Louis Darr\u00e9on, directeur du CUFR Champollion donnant des explications lors de la visite du Pr\u00e9sident Malvy le 19 janvier 2005.<\/h6>\n\n\n\n<p>\u00a9 Archives du Service Communication de l&rsquo;INUC &#8211; Fonds Fabien Cluzel.<\/p>\n<\/div><\/div>\n\n\n\n<div class=\"wp-block-media-text alignwide is-stacked-on-mobile\"><figure class=\"wp-block-media-text__media\"><img loading=\"lazy\" width=\"600\" height=\"399\" src=\"https:\/\/blogs.univ-jfc.fr\/archampo\/wp-content\/uploads\/sites\/125\/2024\/04\/DSC_1512.jpg\" alt=\"\" class=\"wp-image-716 size-full\" srcset=\"https:\/\/blogs.univ-jfc.fr\/archampo\/wp-content\/uploads\/sites\/125\/2024\/04\/DSC_1512.jpg 600w, https:\/\/blogs.univ-jfc.fr\/archampo\/wp-content\/uploads\/sites\/125\/2024\/04\/DSC_1512-300x200.jpg 300w\" sizes=\"(max-width: 600px) 100vw, 600px\" \/><\/figure><div class=\"wp-block-media-text__content\">\n<h6>Martin Malvy, pr\u00e9sident du Conseil r\u00e9gional de Midi-Pyr\u00e9n\u00e9es (1998-2015) visite le chantier de la Maison Multim\u00e9dia du CUFR Champollion le 19 janvier 2005.<\/h6>\n\n\n\n<p>\u00a9 Archives du Service Communication de l&rsquo;INUC &#8211; Fonds Fabien Cluzel.<\/p>\n<\/div><\/div>\n\n\n\n<div class=\"wp-block-media-text alignwide is-stacked-on-mobile\"><figure class=\"wp-block-media-text__media\"><img loading=\"lazy\" width=\"600\" height=\"399\" src=\"https:\/\/blogs.univ-jfc.fr\/archampo\/wp-content\/uploads\/sites\/125\/2024\/04\/DSC_1516.jpg\" alt=\"\" class=\"wp-image-717 size-full\" srcset=\"https:\/\/blogs.univ-jfc.fr\/archampo\/wp-content\/uploads\/sites\/125\/2024\/04\/DSC_1516.jpg 600w, https:\/\/blogs.univ-jfc.fr\/archampo\/wp-content\/uploads\/sites\/125\/2024\/04\/DSC_1516-300x200.jpg 300w\" sizes=\"(max-width: 600px) 100vw, 600px\" \/><\/figure><div class=\"wp-block-media-text__content\">\n<h6>Martin Malvy, pr\u00e9sident du Conseil r\u00e9gional de Midi-Pyr\u00e9n\u00e9es (1998-2015) lors de sa visite du  chantier de la Maison Multim\u00e9dia du CUFR Champollion le 19 janvier 2005.  Il se rend au restaurant universitaire. <\/h6>\n\n\n\n<p>\u00a9 Archives du Service Communication de l&rsquo;INUC &#8211; Fonds Fabien Cluzel.<\/p>\n<\/div><\/div>\n\n\n\n<div class=\"wp-block-media-text alignwide is-stacked-on-mobile\"><figure class=\"wp-block-media-text__media\"><img loading=\"lazy\" width=\"600\" height=\"399\" src=\"https:\/\/blogs.univ-jfc.fr\/archampo\/wp-content\/uploads\/sites\/125\/2024\/04\/DSC_1524.jpg\" alt=\"\" class=\"wp-image-718 size-full\" srcset=\"https:\/\/blogs.univ-jfc.fr\/archampo\/wp-content\/uploads\/sites\/125\/2024\/04\/DSC_1524.jpg 600w, https:\/\/blogs.univ-jfc.fr\/archampo\/wp-content\/uploads\/sites\/125\/2024\/04\/DSC_1524-300x200.jpg 300w\" sizes=\"(max-width: 600px) 100vw, 600px\" \/><\/figure><div class=\"wp-block-media-text__content\">\n<h6>Martin Malvy, pr\u00e9sident du Conseil r\u00e9gional de Midi-Pyr\u00e9n\u00e9es (1998-2015) au restaurant universitaire d&rsquo;Albi le 19 janvier 2005. <\/h6>\n\n\n\n<p>\u00a9 Archives du Service Communication de l&rsquo;INUC &#8211; Fonds Fabien Cluzel.<\/p>\n<\/div><\/div>\n\n\n\n<div class=\"wp-block-media-text alignwide is-stacked-on-mobile\"><figure class=\"wp-block-media-text__media\"><img loading=\"lazy\" width=\"600\" height=\"902\" src=\"https:\/\/blogs.univ-jfc.fr\/archampo\/wp-content\/uploads\/sites\/125\/2024\/04\/DSC_1525-rotated.jpg\" alt=\"\" class=\"wp-image-719 size-full\" srcset=\"https:\/\/blogs.univ-jfc.fr\/archampo\/wp-content\/uploads\/sites\/125\/2024\/04\/DSC_1525-rotated.jpg 600w, https:\/\/blogs.univ-jfc.fr\/archampo\/wp-content\/uploads\/sites\/125\/2024\/04\/DSC_1525-200x300.jpg 200w\" sizes=\"(max-width: 600px) 100vw, 600px\" \/><\/figure><div class=\"wp-block-media-text__content\">\n<h6>Tabl\u00e9e institutionnelle au restaurant universitaire d&rsquo;Albi , le 19 janvier 2005.<\/h6>\n\n\n\n<p>\u00a9 Archives du Service Communication de l&rsquo;INUC &#8211; Fonds Fabien Cluzel.<\/p>\n<\/div><\/div>\n","protected":false},"excerpt":{"rendered":"<p>Martin Malvy, pr\u00e9sident du Conseil r\u00e9gional de Midi-Pyr\u00e9n\u00e9es (1998-2015) visite le chantier de la Maison Multim\u00e9dia du CUFR Champollion le 19 janvier 2005. A sa gauche, Marie-Claude Bascoul, responsable de la Formation continue. \u00a9 Archives du Service Communication de l&rsquo;INUC &#8211; Fonds Fabien Cluzel. Martin Malvy, pr\u00e9sident du Conseil r\u00e9gional de Midi-Pyr\u00e9n\u00e9es (1998-2015) visite le &hellip; <a href=\"https:\/\/blogs.univ-jfc.fr\/archampo\/visite-de-martin-malvy-le-19-janvier-2005\/\" class=\"more-link\">Continuer la lecture de <span class=\"screen-reader-text\">Visite de Martin Malvy le 19 janvier 2005<\/span> <span class=\"meta-nav\">&rarr;<\/span><\/a><\/p>\n","protected":false},"author":19,"featured_media":0,"parent":0,"menu_order":0,"comment_status":"closed","ping_status":"closed","template":"","meta":[],"_links":{"self":[{"href":"https:\/\/blogs.univ-jfc.fr\/archampo\/wp-json\/wp\/v2\/pages\/708"}],"collection":[{"href":"https:\/\/blogs.univ-jfc.fr\/archampo\/wp-json\/wp\/v2\/pages"}],"about":[{"href":"https:\/\/blogs.univ-jfc.fr\/archampo\/wp-json\/wp\/v2\/types\/page"}],"author":[{"embeddable":true,"href":"https:\/\/blogs.univ-jfc.fr\/archampo\/wp-json\/wp\/v2\/users\/19"}],"replies":[{"embeddable":true,"href":"https:\/\/blogs.univ-jfc.fr\/archampo\/wp-json\/wp\/v2\/comments?post=708"}],"version-history":[{"count":3,"href":"https:\/\/blogs.univ-jfc.fr\/archampo\/wp-json\/wp\/v2\/pages\/708\/revisions"}],"predecessor-version":[{"id":720,"href":"https:\/\/blogs.univ-jfc.fr\/archampo\/wp-json\/wp\/v2\/pages\/708\/revisions\/720"}],"wp:attachment":[{"href":"https:\/\/blogs.univ-jfc.fr\/archampo\/wp-json\/wp\/v2\/media?parent=708"}],"curies":[{"name":"wp","href":"https:\/\/api.w.org\/{rel}","templated":true}]}}