{"id":71,"date":"2024-03-29T18:56:45","date_gmt":"2024-03-29T17:56:45","guid":{"rendered":"https:\/\/blogs.univ-jfc.fr\/archampo\/?page_id=71"},"modified":"2024-05-31T10:59:25","modified_gmt":"2024-05-31T08:59:25","slug":"bibliographie","status":"publish","type":"page","link":"https:\/\/blogs.univ-jfc.fr\/archampo\/bibliographie\/","title":{"rendered":"Bibliographie"},"content":{"rendered":"\n<div class=\"wp-block-media-text alignwide is-stacked-on-mobile\" style=\"grid-template-columns:45% auto\"><figure class=\"wp-block-media-text__media\"><img loading=\"lazy\" width=\"724\" height=\"1024\" src=\"https:\/\/blogs.univ-jfc.fr\/archampo\/wp-content\/uploads\/sites\/125\/2024\/03\/largepreview-724x1024.png\" alt=\"\" class=\"wp-image-181 size-full\" srcset=\"https:\/\/blogs.univ-jfc.fr\/archampo\/wp-content\/uploads\/sites\/125\/2024\/03\/largepreview-724x1024.png 724w, https:\/\/blogs.univ-jfc.fr\/archampo\/wp-content\/uploads\/sites\/125\/2024\/03\/largepreview-212x300.png 212w, https:\/\/blogs.univ-jfc.fr\/archampo\/wp-content\/uploads\/sites\/125\/2024\/03\/largepreview-768x1086.png 768w, https:\/\/blogs.univ-jfc.fr\/archampo\/wp-content\/uploads\/sites\/125\/2024\/03\/largepreview.png 850w\" sizes=\"(max-width: 724px) 100vw, 724px\" \/><\/figure><div class=\"wp-block-media-text__content\">\n<h2 class=\"has-text-align-center\"><a href=\"https:\/\/hal.science\/tel-01540019\" data-type=\"URL\" data-id=\"https:\/\/hal.science\/tel-01540019\">Acc\u00e9der au texte<\/a><\/h2>\n<\/div><\/div>\n\n\n\n<div class=\"wp-block-media-text alignwide is-stacked-on-mobile\" style=\"grid-template-columns:42% auto\"><figure class=\"wp-block-media-text__media\"><img loading=\"lazy\" width=\"750\" height=\"1000\" src=\"https:\/\/blogs.univ-jfc.fr\/archampo\/wp-content\/uploads\/sites\/125\/2024\/05\/71SxBJ8hIjL._AC_UF10001000_QL80_.jpg\" alt=\"\" class=\"wp-image-1651 size-full\" srcset=\"https:\/\/blogs.univ-jfc.fr\/archampo\/wp-content\/uploads\/sites\/125\/2024\/05\/71SxBJ8hIjL._AC_UF10001000_QL80_.jpg 750w, https:\/\/blogs.univ-jfc.fr\/archampo\/wp-content\/uploads\/sites\/125\/2024\/05\/71SxBJ8hIjL._AC_UF10001000_QL80_-225x300.jpg 225w\" sizes=\"(max-width: 750px) 100vw, 750px\" \/><\/figure><div class=\"wp-block-media-text__content\">\n<p class=\"has-text-align-center has-large-font-size\"><strong>Sur l&rsquo;histoire de la caserne<\/strong><\/p>\n\n\n\n<h5>Sylvie Vabre,  \u00ab\u00a0La construction de la caserne d&rsquo;Albi : enjeux politiques et urbanistiques\u00a0\u00bb, Philippe N\u00e9lidoff et Olivier Devaux,<em> Pouvoirs et soci\u00e9t\u00e9 en pays albigeois<\/em>, Toulouse, PUSS, 1997, p. 357-368.<\/h5>\n<\/div><\/div>\n","protected":false},"excerpt":{"rendered":"<p>Acc\u00e9der au texte Sur l&rsquo;histoire de la caserne Sylvie Vabre, \u00ab\u00a0La construction de la caserne d&rsquo;Albi : enjeux politiques et urbanistiques\u00a0\u00bb, Philippe N\u00e9lidoff et Olivier Devaux, Pouvoirs et soci\u00e9t\u00e9 en pays albigeois, Toulouse, PUSS, 1997, p. 357-368.<\/p>\n","protected":false},"author":19,"featured_media":0,"parent":0,"menu_order":0,"comment_status":"closed","ping_status":"closed","template":"","meta":[],"_links":{"self":[{"href":"https:\/\/blogs.univ-jfc.fr\/archampo\/wp-json\/wp\/v2\/pages\/71"}],"collection":[{"href":"https:\/\/blogs.univ-jfc.fr\/archampo\/wp-json\/wp\/v2\/pages"}],"about":[{"href":"https:\/\/blogs.univ-jfc.fr\/archampo\/wp-json\/wp\/v2\/types\/page"}],"author":[{"embeddable":true,"href":"https:\/\/blogs.univ-jfc.fr\/archampo\/wp-json\/wp\/v2\/users\/19"}],"replies":[{"embeddable":true,"href":"https:\/\/blogs.univ-jfc.fr\/archampo\/wp-json\/wp\/v2\/comments?post=71"}],"version-history":[{"count":6,"href":"https:\/\/blogs.univ-jfc.fr\/archampo\/wp-json\/wp\/v2\/pages\/71\/revisions"}],"predecessor-version":[{"id":1652,"href":"https:\/\/blogs.univ-jfc.fr\/archampo\/wp-json\/wp\/v2\/pages\/71\/revisions\/1652"}],"wp:attachment":[{"href":"https:\/\/blogs.univ-jfc.fr\/archampo\/wp-json\/wp\/v2\/media?parent=71"}],"curies":[{"name":"wp","href":"https:\/\/api.w.org\/{rel}","templated":true}]}}