{"id":813,"date":"2024-04-05T10:02:37","date_gmt":"2024-04-05T08:02:37","guid":{"rendered":"https:\/\/blogs.univ-jfc.fr\/archampo\/?page_id=813"},"modified":"2024-04-05T10:03:50","modified_gmt":"2024-04-05T08:03:50","slug":"14-juillet-1995-des-etudiants-albigeois-a-la-garden-party-de-lelysee","status":"publish","type":"page","link":"https:\/\/blogs.univ-jfc.fr\/archampo\/14-juillet-1995-des-etudiants-albigeois-a-la-garden-party-de-lelysee\/","title":{"rendered":"14 juillet 1995 &#8211; Des \u00e9tudiants albigeois \u00e0 la Garden party de l&rsquo;Elys\u00e9e"},"content":{"rendered":"\n<div class=\"wp-block-media-text alignwide is-stacked-on-mobile\" style=\"grid-template-columns:32% auto\"><figure class=\"wp-block-media-text__media\"><img loading=\"lazy\" width=\"799\" height=\"1024\" src=\"https:\/\/blogs.univ-jfc.fr\/archampo\/wp-content\/uploads\/sites\/125\/2024\/04\/jj-799x1024.jpeg\" alt=\"\" class=\"wp-image-814 size-full\" srcset=\"https:\/\/blogs.univ-jfc.fr\/archampo\/wp-content\/uploads\/sites\/125\/2024\/04\/jj-799x1024.jpeg 799w, https:\/\/blogs.univ-jfc.fr\/archampo\/wp-content\/uploads\/sites\/125\/2024\/04\/jj-234x300.jpeg 234w, https:\/\/blogs.univ-jfc.fr\/archampo\/wp-content\/uploads\/sites\/125\/2024\/04\/jj-768x985.jpeg 768w, https:\/\/blogs.univ-jfc.fr\/archampo\/wp-content\/uploads\/sites\/125\/2024\/04\/jj.jpeg 1091w\" sizes=\"(max-width: 799px) 100vw, 799px\" \/><\/figure><div class=\"wp-block-media-text__content\">\n<h6>\u00c9tudiant albigeois dans le jardin de l\u2019\u00c9lys\u00e9e le 14 juillet 1995.<\/h6>\n\n\n\n<p>\u00a9 Archives de l\u2019INU Champollion \u2013 1FI.<\/p>\n<\/div><\/div>\n\n\n\n<div class=\"wp-block-media-text alignwide is-stacked-on-mobile\" style=\"grid-template-columns:32% auto\"><figure class=\"wp-block-media-text__media\"><img loading=\"lazy\" width=\"681\" height=\"1024\" src=\"https:\/\/blogs.univ-jfc.fr\/archampo\/wp-content\/uploads\/sites\/125\/2024\/04\/tt-681x1024.jpeg\" alt=\"\" class=\"wp-image-815 size-full\" srcset=\"https:\/\/blogs.univ-jfc.fr\/archampo\/wp-content\/uploads\/sites\/125\/2024\/04\/tt-681x1024.jpeg 681w, https:\/\/blogs.univ-jfc.fr\/archampo\/wp-content\/uploads\/sites\/125\/2024\/04\/tt-199x300.jpeg 199w, https:\/\/blogs.univ-jfc.fr\/archampo\/wp-content\/uploads\/sites\/125\/2024\/04\/tt-768x1155.jpeg 768w, https:\/\/blogs.univ-jfc.fr\/archampo\/wp-content\/uploads\/sites\/125\/2024\/04\/tt-1021x1536.jpeg 1021w, https:\/\/blogs.univ-jfc.fr\/archampo\/wp-content\/uploads\/sites\/125\/2024\/04\/tt.jpeg 1172w\" sizes=\"(max-width: 681px) 100vw, 681px\" \/><\/figure><div class=\"wp-block-media-text__content\">\n<h6>\u00c9tudiant albigeois dans le jardin de l\u2019\u00c9lys\u00e9e le 14 juillet 1995, discutant avec l&rsquo;\u00e9crivain et pol\u00e9miste Jean-Edern Hallier (1936-1997).<\/h6>\n\n\n\n<p>\u00a9 Archives de l\u2019INU Champollion \u2013 1FI.<\/p>\n<\/div><\/div>\n\n\n\n<div class=\"wp-block-media-text alignwide is-stacked-on-mobile\" style=\"grid-template-columns:39% auto\"><figure class=\"wp-block-media-text__media\"><img loading=\"lazy\" width=\"1024\" height=\"686\" src=\"https:\/\/blogs.univ-jfc.fr\/archampo\/wp-content\/uploads\/sites\/125\/2024\/04\/hh-1024x686.jpeg\" alt=\"\" class=\"wp-image-816 size-full\" srcset=\"https:\/\/blogs.univ-jfc.fr\/archampo\/wp-content\/uploads\/sites\/125\/2024\/04\/hh-1024x686.jpeg 1024w, https:\/\/blogs.univ-jfc.fr\/archampo\/wp-content\/uploads\/sites\/125\/2024\/04\/hh-300x201.jpeg 300w, https:\/\/blogs.univ-jfc.fr\/archampo\/wp-content\/uploads\/sites\/125\/2024\/04\/hh-768x515.jpeg 768w, https:\/\/blogs.univ-jfc.fr\/archampo\/wp-content\/uploads\/sites\/125\/2024\/04\/hh-1536x1029.jpeg 1536w, https:\/\/blogs.univ-jfc.fr\/archampo\/wp-content\/uploads\/sites\/125\/2024\/04\/hh.jpeg 1740w\" sizes=\"(max-width: 1024px) 100vw, 1024px\" \/><\/figure><div class=\"wp-block-media-text__content\">\n<h6>\u00c9tudiants albigeois dans le jardin de l\u2019\u00c9lys\u00e9e le 14 juillet 1995 avec le pr\u00e9sident du Conseil constitutionnel Roland Dumas (au centre).<\/h6>\n\n\n\n<p>\u00a9 Archives de l\u2019INU Champollion \u2013 1FI.<\/p>\n<\/div><\/div>\n","protected":false},"excerpt":{"rendered":"<p>\u00c9tudiant albigeois dans le jardin de l\u2019\u00c9lys\u00e9e le 14 juillet 1995. \u00a9 Archives de l\u2019INU Champollion \u2013 1FI. \u00c9tudiant albigeois dans le jardin de l\u2019\u00c9lys\u00e9e le 14 juillet 1995, discutant avec l&rsquo;\u00e9crivain et pol\u00e9miste Jean-Edern Hallier (1936-1997). \u00a9 Archives de l\u2019INU Champollion \u2013 1FI. \u00c9tudiants albigeois dans le jardin de l\u2019\u00c9lys\u00e9e le 14 juillet 1995 &hellip; <a href=\"https:\/\/blogs.univ-jfc.fr\/archampo\/14-juillet-1995-des-etudiants-albigeois-a-la-garden-party-de-lelysee\/\" class=\"more-link\">Continuer la lecture de <span class=\"screen-reader-text\">14 juillet 1995 &#8211; Des \u00e9tudiants albigeois \u00e0 la Garden party de l&rsquo;Elys\u00e9e<\/span> <span class=\"meta-nav\">&rarr;<\/span><\/a><\/p>\n","protected":false},"author":19,"featured_media":0,"parent":0,"menu_order":0,"comment_status":"closed","ping_status":"closed","template":"","meta":[],"_links":{"self":[{"href":"https:\/\/blogs.univ-jfc.fr\/archampo\/wp-json\/wp\/v2\/pages\/813"}],"collection":[{"href":"https:\/\/blogs.univ-jfc.fr\/archampo\/wp-json\/wp\/v2\/pages"}],"about":[{"href":"https:\/\/blogs.univ-jfc.fr\/archampo\/wp-json\/wp\/v2\/types\/page"}],"author":[{"embeddable":true,"href":"https:\/\/blogs.univ-jfc.fr\/archampo\/wp-json\/wp\/v2\/users\/19"}],"replies":[{"embeddable":true,"href":"https:\/\/blogs.univ-jfc.fr\/archampo\/wp-json\/wp\/v2\/comments?post=813"}],"version-history":[{"count":2,"href":"https:\/\/blogs.univ-jfc.fr\/archampo\/wp-json\/wp\/v2\/pages\/813\/revisions"}],"predecessor-version":[{"id":819,"href":"https:\/\/blogs.univ-jfc.fr\/archampo\/wp-json\/wp\/v2\/pages\/813\/revisions\/819"}],"wp:attachment":[{"href":"https:\/\/blogs.univ-jfc.fr\/archampo\/wp-json\/wp\/v2\/media?parent=813"}],"curies":[{"name":"wp","href":"https:\/\/api.w.org\/{rel}","templated":true}]}}