{"id":840,"date":"2024-04-06T06:02:37","date_gmt":"2024-04-06T04:02:37","guid":{"rendered":"https:\/\/blogs.univ-jfc.fr\/archampo\/?page_id=840"},"modified":"2025-05-26T14:22:27","modified_gmt":"2025-05-26T12:22:27","slug":"albi-2","status":"publish","type":"page","link":"https:\/\/blogs.univ-jfc.fr\/archampo\/albi-2\/","title":{"rendered":"Campus d&rsquo;Albi"},"content":{"rendered":"\n<h1><span class=\"has-inline-color has-light-orange-color\">1994<\/span><\/h1>\n\n\n\n<p><\/p>\n\n\n\n<div class=\"wp-block-media-text alignwide is-stacked-on-mobile\"><figure class=\"wp-block-media-text__media\"><img loading=\"lazy\" width=\"746\" height=\"427\" src=\"https:\/\/blogs.univ-jfc.fr\/archampo\/wp-content\/uploads\/sites\/125\/2025\/05\/rentree-1994-1.png\" alt=\"\" class=\"wp-image-2131 size-full\" srcset=\"https:\/\/blogs.univ-jfc.fr\/archampo\/wp-content\/uploads\/sites\/125\/2025\/05\/rentree-1994-1.png 746w, https:\/\/blogs.univ-jfc.fr\/archampo\/wp-content\/uploads\/sites\/125\/2025\/05\/rentree-1994-1-300x172.png 300w\" sizes=\"(max-width: 746px) 100vw, 746px\" \/><\/figure><div class=\"wp-block-media-text__content\">\n<p class=\"has-large-font-size\">Rentr\u00e9e solennelle de l&rsquo;universit\u00e9 toulousaine \u00e0 Albi, 7 f\u00e9vrier 1994<\/p>\n\n\n\n<h2><a rel=\"noreferrer noopener\" href=\"https:\/\/media.univ-jfc.fr\/videos\/MEDIA250523153651603\/multimedia\/MEDIA250523153651603.mp4\" target=\"_blank\"><strong>Voir l&rsquo;archive<\/strong><\/a><\/h2>\n\n\n\n<p>La num\u00e9risation de ce document a \u00e9t\u00e9 possible gr\u00e2ce \u00e0 Mme Th\u00e9r\u00e8se Voizard qui a communiqu\u00e9 au projet Archampo son exemplaire personnel. <\/p>\n<\/div><\/div>\n\n\n\n<h1><span class=\"has-inline-color has-light-orange-color\">2007<\/span><\/h1>\n\n\n\n<figure class=\"wp-block-embed is-type-video is-provider-youtube wp-block-embed-youtube wp-embed-aspect-4-3 wp-has-aspect-ratio\"><div class=\"wp-block-embed__wrapper\">\n<iframe title=\"En 2007, Champollion r\u00e9agit \u00e0 la transformation du CUFR de N\u00eemes en universit\u00e9 (1\/2)\" width=\"604\" height=\"453\" src=\"https:\/\/www.youtube.com\/embed\/9O-lkNRrHqc?feature=oembed\" frameborder=\"0\" allow=\"accelerometer; autoplay; clipboard-write; encrypted-media; gyroscope; picture-in-picture; web-share\" referrerpolicy=\"strict-origin-when-cross-origin\" allowfullscreen><\/iframe>\n<\/div><\/figure>\n\n\n\n<h1><span class=\"has-inline-color has-light-orange-color\">2011<\/span><\/h1>\n\n\n\n<figure class=\"wp-block-embed is-type-video is-provider-youtube wp-block-embed-youtube wp-embed-aspect-4-3 wp-has-aspect-ratio\"><div class=\"wp-block-embed__wrapper\">\n<iframe title=\"Complot Sur le Campus (Partie 1)\" width=\"604\" height=\"453\" src=\"https:\/\/www.youtube.com\/embed\/64nqHanFgFE?feature=oembed\" frameborder=\"0\" allow=\"accelerometer; autoplay; clipboard-write; encrypted-media; gyroscope; picture-in-picture; web-share\" referrerpolicy=\"strict-origin-when-cross-origin\" allowfullscreen><\/iframe>\n<\/div><\/figure>\n\n\n\n<h1><span class=\"has-inline-color has-light-orange-color\">2012<\/span><\/h1>\n\n\n\n<figure class=\"wp-block-embed is-type-video is-provider-dailymotion wp-block-embed-dailymotion wp-embed-aspect-4-3 wp-has-aspect-ratio\"><div class=\"wp-block-embed__wrapper\">\n<iframe title=\"Conf\u00e9rence de Boris Cyrulnik - 1 \/ 3\" frameborder=\"0\" width=\"604\" height=\"453\" src=\"https:\/\/geo.dailymotion.com\/player.html?video=xojdny&#038;\" allowfullscreen allow=\"autoplay; fullscreen; picture-in-picture; web-share\"><\/iframe>\n<\/div><\/figure>\n\n\n\n<figure class=\"wp-block-embed is-type-video is-provider-youtube wp-block-embed-youtube wp-embed-aspect-16-9 wp-has-aspect-ratio\"><div class=\"wp-block-embed__wrapper\">\n<iframe title=\"Etudier \u00e0 Albi\" width=\"604\" height=\"340\" src=\"https:\/\/www.youtube.com\/embed\/w5MtGoZeDnc?feature=oembed\" frameborder=\"0\" allow=\"accelerometer; autoplay; clipboard-write; encrypted-media; gyroscope; picture-in-picture; web-share\" referrerpolicy=\"strict-origin-when-cross-origin\" allowfullscreen><\/iframe>\n<\/div><\/figure>\n\n\n\n<figure class=\"wp-block-embed is-type-video is-provider-youtube wp-block-embed-youtube wp-embed-aspect-16-9 wp-has-aspect-ratio\"><div class=\"wp-block-embed__wrapper\">\n<iframe title=\"Master Psychologie de l&#039;Accompagnement Professionnel - Albi\" width=\"604\" height=\"340\" src=\"https:\/\/www.youtube.com\/embed\/EL_TNJutCzs?feature=oembed\" frameborder=\"0\" allow=\"accelerometer; autoplay; clipboard-write; encrypted-media; gyroscope; picture-in-picture; web-share\" referrerpolicy=\"strict-origin-when-cross-origin\" allowfullscreen><\/iframe>\n<\/div><\/figure>\n\n\n\n<figure class=\"wp-block-embed is-type-video is-provider-youtube wp-block-embed-youtube wp-embed-aspect-16-9 wp-has-aspect-ratio\"><div class=\"wp-block-embed__wrapper\">\n<iframe title=\"Master Am\u00e9nagement D\u00e9veloppement Environnement - Albi\" width=\"604\" height=\"340\" src=\"https:\/\/www.youtube.com\/embed\/6mYvZBMCx0M?feature=oembed\" frameborder=\"0\" allow=\"accelerometer; autoplay; clipboard-write; encrypted-media; gyroscope; picture-in-picture; web-share\" referrerpolicy=\"strict-origin-when-cross-origin\" allowfullscreen><\/iframe>\n<\/div><\/figure>\n\n\n\n<figure class=\"wp-block-embed is-type-video is-provider-youtube wp-block-embed-youtube wp-embed-aspect-16-9 wp-has-aspect-ratio\"><div class=\"wp-block-embed__wrapper\">\n<iframe title=\"Master Strat\u00e9gies Culturelles Internationales - Albi\" width=\"604\" height=\"340\" src=\"https:\/\/www.youtube.com\/embed\/ouQdY9gvHQQ?feature=oembed\" frameborder=\"0\" allow=\"accelerometer; autoplay; clipboard-write; encrypted-media; gyroscope; picture-in-picture; web-share\" referrerpolicy=\"strict-origin-when-cross-origin\" allowfullscreen><\/iframe>\n<\/div><\/figure>\n\n\n\n<h1><span class=\"has-inline-color has-light-orange-color\">2013<\/span><\/h1>\n\n\n\n<figure class=\"wp-block-embed is-type-video is-provider-youtube wp-block-embed-youtube wp-embed-aspect-16-9 wp-has-aspect-ratio\"><div class=\"wp-block-embed__wrapper\">\n<iframe title=\"Spot Universit\u00e9 Champollion\" width=\"604\" height=\"340\" src=\"https:\/\/www.youtube.com\/embed\/SDbkCsWiUoU?feature=oembed\" frameborder=\"0\" allow=\"accelerometer; autoplay; clipboard-write; encrypted-media; gyroscope; picture-in-picture; web-share\" referrerpolicy=\"strict-origin-when-cross-origin\" allowfullscreen><\/iframe>\n<\/div><\/figure>\n\n\n\n<h1><span class=\"has-inline-color has-light-orange-color\">2014<\/span><\/h1>\n\n\n\n<figure class=\"wp-block-embed is-type-video is-provider-youtube wp-block-embed-youtube wp-embed-aspect-16-9 wp-has-aspect-ratio\"><div class=\"wp-block-embed__wrapper\">\n<iframe title=\"NOTRE UNIVERSITE - centre universitaire Champollion\" width=\"604\" height=\"340\" src=\"https:\/\/www.youtube.com\/embed\/jtWfeXaA8RE?feature=oembed\" frameborder=\"0\" allow=\"accelerometer; autoplay; clipboard-write; encrypted-media; gyroscope; picture-in-picture; web-share\" referrerpolicy=\"strict-origin-when-cross-origin\" allowfullscreen><\/iframe>\n<\/div><\/figure>\n\n\n\n<figure class=\"wp-block-embed is-type-video is-provider-youtube wp-block-embed-youtube wp-embed-aspect-16-9 wp-has-aspect-ratio\"><div class=\"wp-block-embed__wrapper\">\n<iframe title=\"RENCONTRE DEVANT L&#039;UNIVERSITE CHAMPOLLION\" width=\"604\" height=\"340\" src=\"https:\/\/www.youtube.com\/embed\/wK82zquTC-4?feature=oembed\" frameborder=\"0\" allow=\"accelerometer; autoplay; clipboard-write; encrypted-media; gyroscope; picture-in-picture; web-share\" referrerpolicy=\"strict-origin-when-cross-origin\" allowfullscreen><\/iframe>\n<\/div><\/figure>\n\n\n\n<h1><span class=\"has-inline-color has-light-orange-color\">2015<\/span><\/h1>\n\n\n\n<figure class=\"wp-block-embed is-type-video is-provider-youtube wp-block-embed-youtube wp-embed-aspect-16-9 wp-has-aspect-ratio\"><div class=\"wp-block-embed__wrapper\">\n<iframe title=\"Colloque International : Performances Po\u00e9tiques (Albi \/ Mars 2015)\" width=\"604\" height=\"340\" src=\"https:\/\/www.youtube.com\/embed\/70AYsAZXoG8?feature=oembed\" frameborder=\"0\" allow=\"accelerometer; autoplay; clipboard-write; encrypted-media; gyroscope; picture-in-picture; web-share\" referrerpolicy=\"strict-origin-when-cross-origin\" allowfullscreen><\/iframe>\n<\/div><\/figure>\n\n\n\n<h1><span class=\"has-inline-color has-light-orange-color\">2016<\/span><\/h1>\n\n\n\n<figure class=\"wp-block-embed is-type-video is-provider-youtube wp-block-embed-youtube wp-embed-aspect-16-9 wp-has-aspect-ratio\"><div class=\"wp-block-embed__wrapper\">\n<iframe title=\"Rentr\u00e9e Universitaire \u00e0 Champollion, &quot;Instants Tarnais&quot;\" width=\"604\" height=\"340\" src=\"https:\/\/www.youtube.com\/embed\/TTFXawjQ4UY?feature=oembed\" frameborder=\"0\" allow=\"accelerometer; autoplay; clipboard-write; encrypted-media; gyroscope; picture-in-picture; web-share\" referrerpolicy=\"strict-origin-when-cross-origin\" allowfullscreen><\/iframe>\n<\/div><\/figure>\n\n\n\n<h1><span class=\"has-inline-color has-light-orange-color\">2017<\/span><\/h1>\n\n\n\n<figure class=\"wp-block-embed is-type-video is-provider-youtube wp-block-embed-youtube wp-embed-aspect-16-9 wp-has-aspect-ratio\"><div class=\"wp-block-embed__wrapper\">\n<iframe title=\"AlbimagTV | Mathieu Vidal et la ville du futur\" width=\"604\" height=\"340\" src=\"https:\/\/www.youtube.com\/embed\/0abZgkwa8q8?feature=oembed\" frameborder=\"0\" allow=\"accelerometer; autoplay; clipboard-write; encrypted-media; gyroscope; picture-in-picture; web-share\" referrerpolicy=\"strict-origin-when-cross-origin\" allowfullscreen><\/iframe>\n<\/div><\/figure>\n\n\n\n<h1><span class=\"has-inline-color has-light-orange-color\">2018<\/span><\/h1>\n\n\n\n<figure class=\"wp-block-embed is-type-video is-provider-youtube wp-block-embed-youtube wp-embed-aspect-16-9 wp-has-aspect-ratio\"><div class=\"wp-block-embed__wrapper\">\n<iframe title=\"COMPLOT SUR LE CAMPUS XII (version courte)\" width=\"604\" height=\"340\" src=\"https:\/\/www.youtube.com\/embed\/JKdZGdrLoyI?feature=oembed\" frameborder=\"0\" allow=\"accelerometer; autoplay; clipboard-write; encrypted-media; gyroscope; picture-in-picture; web-share\" referrerpolicy=\"strict-origin-when-cross-origin\" allowfullscreen><\/iframe>\n<\/div><\/figure>\n\n\n\n<h1><span class=\"has-inline-color has-light-orange-color\">2019<\/span><\/h1>\n\n\n\n<figure class=\"wp-block-embed is-type-video is-provider-youtube wp-block-embed-youtube wp-embed-aspect-16-9 wp-has-aspect-ratio\"><div class=\"wp-block-embed__wrapper\">\n<iframe title=\"Albi, l&#039;universit\u00e9 qui s\u00e9duit les \u00e9tudiants en qu\u00eate de campus \u00e0 taille humaine\" width=\"604\" height=\"340\" src=\"https:\/\/www.youtube.com\/embed\/jZ65mPhod6o?feature=oembed\" frameborder=\"0\" allow=\"accelerometer; autoplay; clipboard-write; encrypted-media; gyroscope; picture-in-picture; web-share\" referrerpolicy=\"strict-origin-when-cross-origin\" allowfullscreen><\/iframe>\n<\/div><\/figure>\n\n\n\n<figure class=\"wp-block-embed is-type-video is-provider-youtube wp-block-embed-youtube wp-embed-aspect-16-9 wp-has-aspect-ratio\"><div class=\"wp-block-embed__wrapper\">\n<iframe title=\"Albi, l&#039;universit\u00e9 qui s\u00e9duit les \u00e9tudiants en qu\u00eate de campus \u00e0 taille humaine\" width=\"604\" height=\"340\" src=\"https:\/\/www.youtube.com\/embed\/chxre6O-0tU?feature=oembed\" frameborder=\"0\" allow=\"accelerometer; autoplay; clipboard-write; encrypted-media; gyroscope; picture-in-picture; web-share\" referrerpolicy=\"strict-origin-when-cross-origin\" allowfullscreen><\/iframe>\n<\/div><\/figure>\n\n\n\n<figure class=\"wp-block-embed is-type-video is-provider-youtube wp-block-embed-youtube wp-embed-aspect-16-9 wp-has-aspect-ratio\"><div class=\"wp-block-embed__wrapper\">\n<iframe title=\"COMPLOT SUR LE CAMPUS XIII\" width=\"604\" height=\"340\" src=\"https:\/\/www.youtube.com\/embed\/t_YkKn_t03c?feature=oembed\" frameborder=\"0\" allow=\"accelerometer; autoplay; clipboard-write; encrypted-media; gyroscope; picture-in-picture; web-share\" referrerpolicy=\"strict-origin-when-cross-origin\" allowfullscreen><\/iframe>\n<\/div><\/figure>\n\n\n\n<h1><span class=\"has-inline-color has-light-orange-color\">2020<\/span><\/h1>\n\n\n\n<figure class=\"wp-block-embed is-type-video is-provider-youtube wp-block-embed-youtube wp-embed-aspect-16-9 wp-has-aspect-ratio\"><div class=\"wp-block-embed__wrapper\">\n<iframe title=\"Tarn : des examens en pr\u00e9sentiel pour les \u00e9tudiants de l&#039;universit\u00e9 Champollion d&#039;Albi\" width=\"604\" height=\"340\" src=\"https:\/\/www.youtube.com\/embed\/X9Hgtd6eNsI?feature=oembed\" frameborder=\"0\" allow=\"accelerometer; autoplay; clipboard-write; encrypted-media; gyroscope; picture-in-picture; web-share\" referrerpolicy=\"strict-origin-when-cross-origin\" allowfullscreen><\/iframe>\n<\/div><\/figure>\n\n\n\n<h1><span class=\"has-inline-color has-light-orange-color\">2021<\/span><\/h1>\n\n\n\n<figure class=\"wp-block-embed is-type-video is-provider-youtube wp-block-embed-youtube wp-embed-aspect-16-9 wp-has-aspect-ratio\"><div class=\"wp-block-embed__wrapper\">\n<iframe title=\"Tarn : des \u00e9tudes confin\u00e9es pour les 4000 \u00e9tudiants de l&#039;universit\u00e9 Champollion \u00e0 Albi\" width=\"604\" height=\"340\" src=\"https:\/\/www.youtube.com\/embed\/8l0rkbr2TiY?feature=oembed\" frameborder=\"0\" allow=\"accelerometer; autoplay; clipboard-write; encrypted-media; gyroscope; picture-in-picture; web-share\" referrerpolicy=\"strict-origin-when-cross-origin\" allowfullscreen><\/iframe>\n<\/div><\/figure>\n\n\n\n<figure class=\"wp-block-embed is-type-video is-provider-youtube wp-block-embed-youtube wp-embed-aspect-16-9 wp-has-aspect-ratio\"><div class=\"wp-block-embed__wrapper\">\n<iframe title=\"Etudier et vivre \u00e0 Champollion, campus d&#039;Albi\" width=\"604\" height=\"340\" src=\"https:\/\/www.youtube.com\/embed\/5zg2rxc5iA8?feature=oembed\" frameborder=\"0\" allow=\"accelerometer; autoplay; clipboard-write; encrypted-media; gyroscope; picture-in-picture; web-share\" referrerpolicy=\"strict-origin-when-cross-origin\" allowfullscreen><\/iframe>\n<\/div><\/figure>\n\n\n\n<figure class=\"wp-block-embed is-type-video is-provider-youtube wp-block-embed-youtube wp-embed-aspect-16-9 wp-has-aspect-ratio\"><div class=\"wp-block-embed__wrapper\">\n<iframe title=\"Choisir une petite ville pour voir l&#039;avenir en grand : Albi\" width=\"604\" height=\"340\" src=\"https:\/\/www.youtube.com\/embed\/0l8I0Jdrqmg?feature=oembed\" frameborder=\"0\" allow=\"accelerometer; autoplay; clipboard-write; encrypted-media; gyroscope; picture-in-picture; web-share\" referrerpolicy=\"strict-origin-when-cross-origin\" allowfullscreen><\/iframe>\n<\/div><\/figure>\n\n\n\n<figure class=\"wp-block-embed is-type-video is-provider-youtube wp-block-embed-youtube wp-embed-aspect-16-9 wp-has-aspect-ratio\"><div class=\"wp-block-embed__wrapper\">\n<iframe title=\"Sas&#039;Labs : le passe-plat d\u00e9contaminant made in Champollion\" width=\"604\" height=\"340\" src=\"https:\/\/www.youtube.com\/embed\/88w4ENZwzek?feature=oembed\" frameborder=\"0\" allow=\"accelerometer; autoplay; clipboard-write; encrypted-media; gyroscope; picture-in-picture; web-share\" referrerpolicy=\"strict-origin-when-cross-origin\" allowfullscreen><\/iframe>\n<\/div><\/figure>\n\n\n\n<h1><span class=\"has-inline-color has-light-orange-color\">2022<\/span><\/h1>\n\n\n\n<figure class=\"wp-block-embed is-type-video is-provider-youtube wp-block-embed-youtube wp-embed-aspect-16-9 wp-has-aspect-ratio\"><div class=\"wp-block-embed__wrapper\">\n<iframe title=\"Vie \u00e9tudiante \u00e0 Albi : entre logement, loisirs et \u00e9tudes\" width=\"604\" height=\"340\" src=\"https:\/\/www.youtube.com\/embed\/eO9CbhwVgsU?feature=oembed\" frameborder=\"0\" allow=\"accelerometer; autoplay; clipboard-write; encrypted-media; gyroscope; picture-in-picture; web-share\" referrerpolicy=\"strict-origin-when-cross-origin\" allowfullscreen><\/iframe>\n<\/div><\/figure>\n\n\n\n<h1><span class=\"has-inline-color has-light-orange-color\">2023<\/span><\/h1>\n\n\n\n<p><\/p>\n\n\n\n<figure class=\"wp-block-embed is-type-video is-provider-youtube wp-block-embed-youtube wp-embed-aspect-4-3 wp-has-aspect-ratio\"><div class=\"wp-block-embed__wrapper\">\n<iframe title=\"C&#039;est quoi cette histoire\" width=\"604\" height=\"453\" src=\"https:\/\/www.youtube.com\/embed\/FUXuZl28HNI?feature=oembed\" frameborder=\"0\" allow=\"accelerometer; autoplay; clipboard-write; encrypted-media; gyroscope; picture-in-picture; web-share\" referrerpolicy=\"strict-origin-when-cross-origin\" allowfullscreen><\/iframe>\n<\/div><\/figure>\n\n\n\n<figure class=\"wp-block-embed is-type-video is-provider-youtube wp-block-embed-youtube wp-embed-aspect-16-9 wp-has-aspect-ratio\"><div class=\"wp-block-embed__wrapper\">\n<iframe title=\"Mois sans tabac : les \u00e9tudiants au c\u0153ur de la pr\u00e9vention \u00e0 Albi\" width=\"604\" height=\"340\" src=\"https:\/\/www.youtube.com\/embed\/59QbJe4V7pQ?feature=oembed\" frameborder=\"0\" allow=\"accelerometer; autoplay; clipboard-write; encrypted-media; gyroscope; picture-in-picture; web-share\" referrerpolicy=\"strict-origin-when-cross-origin\" allowfullscreen><\/iframe>\n<\/div><\/figure>\n\n\n\n<h1><span class=\"has-inline-color has-light-orange-color\">2024<\/span><\/h1>\n\n\n\n<figure class=\"wp-block-embed is-type-video is-provider-youtube wp-block-embed-youtube wp-embed-aspect-16-9 wp-has-aspect-ratio\"><div class=\"wp-block-embed__wrapper\">\n<iframe title=\"\u00catre \u00e9tudiant \u00e0 l\u2019INU Champollion\" width=\"604\" height=\"340\" src=\"https:\/\/www.youtube.com\/embed\/hN6TlSO8oj4?feature=oembed\" frameborder=\"0\" allow=\"accelerometer; autoplay; clipboard-write; encrypted-media; gyroscope; picture-in-picture; web-share\" referrerpolicy=\"strict-origin-when-cross-origin\" allowfullscreen><\/iframe>\n<\/div><\/figure>\n\n\n\n<figure class=\"wp-block-embed is-type-rich is-provider-prise-en-charge-des-contenus-embarques wp-block-embed-prise-en-charge-des-contenus-embarques\"><div class=\"wp-block-embed__wrapper\">\n<div style=\"width: 604px;\" class=\"wp-video\"><!--[if lt IE 9]><script>document.createElement('video');<\/script><![endif]-->\n<video class=\"wp-video-shortcode\" id=\"video-840-1\" width=\"604\" height=\"340\" preload=\"metadata\" controls=\"controls\"><source type=\"video\/mp4\" src=\"https:\/\/media.univ-jfc.fr\/videos\/MEDIA240610093122827\/multimedia\/MEDIA240610093122827.mp4?_=1\" \/><a href=\"https:\/\/media.univ-jfc.fr\/videos\/MEDIA240610093122827\/multimedia\/MEDIA240610093122827.mp4\">https:\/\/media.univ-jfc.fr\/videos\/MEDIA240610093122827\/multimedia\/MEDIA240610093122827.mp4<\/a><\/video><\/div>\n<\/div><\/figure>\n\n\n\n<figure class=\"wp-block-embed is-type-rich is-provider-prise-en-charge-des-contenus-embarques wp-block-embed-prise-en-charge-des-contenus-embarques\"><div class=\"wp-block-embed__wrapper\">\n<div style=\"width: 604px;\" class=\"wp-video\"><video class=\"wp-video-shortcode\" id=\"video-840-2\" width=\"604\" height=\"340\" preload=\"metadata\" controls=\"controls\"><source type=\"video\/mp4\" src=\"https:\/\/media.univ-jfc.fr\/videos\/MEDIA240624155636200\/multimedia\/MEDIA240624155636200.mp4?_=2\" \/><a href=\"https:\/\/media.univ-jfc.fr\/videos\/MEDIA240624155636200\/multimedia\/MEDIA240624155636200.mp4\">https:\/\/media.univ-jfc.fr\/videos\/MEDIA240624155636200\/multimedia\/MEDIA240624155636200.mp4<\/a><\/video><\/div>\n<\/div><\/figure>\n","protected":false},"excerpt":{"rendered":"<p>1994 Rentr\u00e9e solennelle de l&rsquo;universit\u00e9 toulousaine \u00e0 Albi, 7 f\u00e9vrier 1994 Voir l&rsquo;archive La num\u00e9risation de ce document a \u00e9t\u00e9 possible gr\u00e2ce \u00e0 Mme Th\u00e9r\u00e8se Voizard qui a communiqu\u00e9 au projet Archampo son exemplaire personnel. 2007 2011 2012 2013 2014 2015 2016 2017 2018 2019 2020 2021 2022 2023 2024<\/p>\n","protected":false},"author":19,"featured_media":0,"parent":0,"menu_order":0,"comment_status":"closed","ping_status":"closed","template":"","meta":[],"_links":{"self":[{"href":"https:\/\/blogs.univ-jfc.fr\/archampo\/wp-json\/wp\/v2\/pages\/840"}],"collection":[{"href":"https:\/\/blogs.univ-jfc.fr\/archampo\/wp-json\/wp\/v2\/pages"}],"about":[{"href":"https:\/\/blogs.univ-jfc.fr\/archampo\/wp-json\/wp\/v2\/types\/page"}],"author":[{"embeddable":true,"href":"https:\/\/blogs.univ-jfc.fr\/archampo\/wp-json\/wp\/v2\/users\/19"}],"replies":[{"embeddable":true,"href":"https:\/\/blogs.univ-jfc.fr\/archampo\/wp-json\/wp\/v2\/comments?post=840"}],"version-history":[{"count":30,"href":"https:\/\/blogs.univ-jfc.fr\/archampo\/wp-json\/wp\/v2\/pages\/840\/revisions"}],"predecessor-version":[{"id":2139,"href":"https:\/\/blogs.univ-jfc.fr\/archampo\/wp-json\/wp\/v2\/pages\/840\/revisions\/2139"}],"wp:attachment":[{"href":"https:\/\/blogs.univ-jfc.fr\/archampo\/wp-json\/wp\/v2\/media?parent=840"}],"curies":[{"name":"wp","href":"https:\/\/api.w.org\/{rel}","templated":true}]}}