{"id":248,"date":"2026-01-15T10:15:39","date_gmt":"2026-01-15T09:15:39","guid":{"rendered":"http:\/\/blogs.univ-jfc.fr\/bec\/?page_id=248"},"modified":"2026-02-09T14:49:23","modified_gmt":"2026-02-09T13:49:23","slug":"contact","status":"publish","type":"page","link":"https:\/\/blogs.univ-jfc.fr\/bec\/contact\/","title":{"rendered":"Contact"},"content":{"rendered":"\n<p class=\"date-content\">Premi\u00e8re biennale des \u00e9critures contemporaines<\/p>\n\n\n\n<p>S\u00e9verine  ABIKER<\/p>\n\n\n\n<p class=\"etiquette\"><span class=\"\"><a href=\"mailto:severine.abiker@univ-jfc.fr\" data-type=\"mailto\" data-id=\"mailto:severine.abiker@univ-jfc.fr\">severine.abiker@univ-jfc.fr<\/a><\/span><\/p>\n\n\n\n<p>Cyrielle DODET<\/p>\n\n\n\n<p class=\"etiquette\"><span class=\"\"><a href=\"mailto:cyrielle.dodet@univ-jfc.fr\">cyrielle.dodet@univ-jfc.fr<\/a><\/span><\/p>\n","protected":false},"excerpt":{"rendered":"<p>Premi\u00e8re biennale des \u00e9critures contemporaines S\u00e9verine ABIKER severine.abiker@univ-jfc.fr Cyrielle DODET cyrielle.dodet@univ-jfc.fr<\/p>\n","protected":false},"author":1805,"featured_media":0,"parent":0,"menu_order":0,"comment_status":"closed","ping_status":"closed","template":"","meta":[],"_links":{"self":[{"href":"https:\/\/blogs.univ-jfc.fr\/bec\/wp-json\/wp\/v2\/pages\/248"}],"collection":[{"href":"https:\/\/blogs.univ-jfc.fr\/bec\/wp-json\/wp\/v2\/pages"}],"about":[{"href":"https:\/\/blogs.univ-jfc.fr\/bec\/wp-json\/wp\/v2\/types\/page"}],"author":[{"embeddable":true,"href":"https:\/\/blogs.univ-jfc.fr\/bec\/wp-json\/wp\/v2\/users\/1805"}],"replies":[{"embeddable":true,"href":"https:\/\/blogs.univ-jfc.fr\/bec\/wp-json\/wp\/v2\/comments?post=248"}],"version-history":[{"count":16,"href":"https:\/\/blogs.univ-jfc.fr\/bec\/wp-json\/wp\/v2\/pages\/248\/revisions"}],"predecessor-version":[{"id":472,"href":"https:\/\/blogs.univ-jfc.fr\/bec\/wp-json\/wp\/v2\/pages\/248\/revisions\/472"}],"wp:attachment":[{"href":"https:\/\/blogs.univ-jfc.fr\/bec\/wp-json\/wp\/v2\/media?parent=248"}],"curies":[{"name":"wp","href":"https:\/\/api.w.org\/{rel}","templated":true}]}}