{"id":251,"date":"2026-01-15T10:17:05","date_gmt":"2026-01-15T09:17:05","guid":{"rendered":"http:\/\/blogs.univ-jfc.fr\/bec\/?page_id=251"},"modified":"2026-02-23T10:26:05","modified_gmt":"2026-02-23T09:26:05","slug":"partenariat","status":"publish","type":"page","link":"https:\/\/blogs.univ-jfc.fr\/bec\/partenariat\/","title":{"rendered":"Partenariats"},"content":{"rendered":"\n<p>A l\u2019initiative de S\u00e9verine Abiker et Cyrielle Dodet, enseignantes-chercheuses avec le soutien de l\u2019INU Champollion en partenariat avec les acteurs culturels et associatifs du territoire<\/p>\n\n\n\n<div style=\"height:15px\" aria-hidden=\"true\" class=\"wp-block-spacer\"><\/div>\n\n\n\n<p>Nous remercions chaleureusement tous les partenaires : <\/p>\n\n\n\n<ul><li><a href=\"https:\/\/www.univ-tlse2.fr\/\" data-type=\"URL\" data-id=\"https:\/\/www.univ-tlse2.fr\/\">Universit\u00e9 Toulouse Jean Jaures<\/a><\/li><li><a href=\"https:\/\/www.grand-albigeois.fr\/\" data-type=\"URL\" data-id=\"https:\/\/www.grand-albigeois.fr\/\">Communaut\u00e9 d&rsquo;agglom\u00e9ration de l&rsquo;albigeois<\/a><\/li><li><a href=\"https:\/\/www.sn-albi.fr\/\" data-type=\"URL\" data-id=\"https:\/\/www.sn-albi.fr\/\">La Sc\u00e8ne Nationale d&rsquo;Albi Tarn<\/a><\/li><li><a href=\"https:\/\/adda81.fr\/\" data-type=\"URL\" data-id=\"https:\/\/adda81.fr\/\">Adda Tarn<\/a><\/li><li><a href=\"https:\/\/mediatarn.org\/actions\/cinema-a-l-ecole\/\" data-type=\"URL\" data-id=\"https:\/\/mediatarn.org\/actions\/cinema-a-l-ecole\/\">M\u00e9diatarn<\/a><\/li><li><a href=\"https:\/\/www.universitepourtous81.fr\/\" data-type=\"URL\" data-id=\"https:\/\/www.universitepourtous81.fr\/\">Universit\u00e9 pour tous du Tarn<\/a><\/li><li><a href=\"https:\/\/lagenceunique-occitanieculture.fr\/\" data-type=\"URL\" data-id=\"https:\/\/lagenceunique-occitanieculture.fr\/\">L&rsquo;Agence unique Occitanie Culture<\/a><\/li><li>La librairie <a href=\"https:\/\/www.librairie-clairobscur.fr\/\" data-type=\"URL\" data-id=\"https:\/\/www.librairie-clairobscur.fr\/\">Clair obscur<\/a>  d&rsquo;Albi<\/li><li>la ville d&rsquo;Albi<\/li><li><a href=\"https:\/\/laliguefol81.org\/\" data-type=\"URL\" data-id=\"https:\/\/laliguefol81.org\/\">Ligue de l\u2019enseignement \u2013 FOL du Tarn<\/a><\/li><li>Commission Culture de l&rsquo;Universit\u00e9 Toulouse Jean Jaur\u00e8s<\/li><\/ul>\n\n\n\n<p><\/p>\n","protected":false},"excerpt":{"rendered":"<p>A l\u2019initiative de S\u00e9verine Abiker et Cyrielle Dodet, enseignantes-chercheuses avec le soutien de l\u2019INU Champollion en partenariat avec les acteurs culturels et associatifs du territoire Nous remercions chaleureusement tous les partenaires : Universit\u00e9 Toulouse Jean Jaures Communaut\u00e9 d&rsquo;agglom\u00e9ration de l&rsquo;albigeois La Sc\u00e8ne Nationale d&rsquo;Albi Tarn Adda Tarn M\u00e9diatarn Universit\u00e9 pour tous du Tarn L&rsquo;Agence unique [&hellip;]<\/p>\n","protected":false},"author":1805,"featured_media":0,"parent":0,"menu_order":0,"comment_status":"closed","ping_status":"closed","template":"","meta":[],"_links":{"self":[{"href":"https:\/\/blogs.univ-jfc.fr\/bec\/wp-json\/wp\/v2\/pages\/251"}],"collection":[{"href":"https:\/\/blogs.univ-jfc.fr\/bec\/wp-json\/wp\/v2\/pages"}],"about":[{"href":"https:\/\/blogs.univ-jfc.fr\/bec\/wp-json\/wp\/v2\/types\/page"}],"author":[{"embeddable":true,"href":"https:\/\/blogs.univ-jfc.fr\/bec\/wp-json\/wp\/v2\/users\/1805"}],"replies":[{"embeddable":true,"href":"https:\/\/blogs.univ-jfc.fr\/bec\/wp-json\/wp\/v2\/comments?post=251"}],"version-history":[{"count":16,"href":"https:\/\/blogs.univ-jfc.fr\/bec\/wp-json\/wp\/v2\/pages\/251\/revisions"}],"predecessor-version":[{"id":493,"href":"https:\/\/blogs.univ-jfc.fr\/bec\/wp-json\/wp\/v2\/pages\/251\/revisions\/493"}],"wp:attachment":[{"href":"https:\/\/blogs.univ-jfc.fr\/bec\/wp-json\/wp\/v2\/media?parent=251"}],"curies":[{"name":"wp","href":"https:\/\/api.w.org\/{rel}","templated":true}]}}