{"id":253,"date":"2026-01-15T10:22:46","date_gmt":"2026-01-15T09:22:46","guid":{"rendered":"http:\/\/blogs.univ-jfc.fr\/bec\/?page_id=253"},"modified":"2026-02-09T14:47:37","modified_gmt":"2026-02-09T13:47:37","slug":"scolaire","status":"publish","type":"page","link":"https:\/\/blogs.univ-jfc.fr\/bec\/scolaire\/","title":{"rendered":"Jeune public"},"content":{"rendered":"\n<h4><em>Spectacles et ateliers propos\u00e9s dans les \u00e9coles, coll\u00e8ges et lyc\u00e9es d\u00e8s l\u2019automne 2025<\/em><\/h4>\n\n\n\n<div style=\"height:100px\" aria-hidden=\"true\" class=\"wp-block-spacer\"><\/div>\n\n\n\n<h2>Spectacles<\/h2>\n\n\n\n<ul><li><strong>Tourn\u00e9e spectacle <\/strong><em>L\u2019Heure blanche<\/em><strong>, Cie Rumeur des vents<\/strong>&nbsp;: 4 repr\u00e9sentations, du 6 au 10 octobre, pour 24 classes de primaire du Tarn).<\/li><\/ul>\n\n\n\n<div style=\"height:104px\" aria-hidden=\"true\" class=\"wp-block-spacer\"><\/div>\n\n\n\n<h2>Ateliers <\/h2>\n\n\n\n<ul><li><strong>Atelier-stage d\u2019\u00e9criture avec Clara Petazzoni<\/strong> \u00e0 partir et autour de l\u2019album <em>Au Pays de Titus <\/em>en CM \u00e0 l\u2019\u00e9cole Victor Hugo de Graulhet, du 9 au 13 mars.<\/li><\/ul>\n\n\n\n<div style=\"height:42px\" aria-hidden=\"true\" class=\"wp-block-spacer\"><\/div>\n\n\n\n<ul><li><strong>Programme <\/strong>\u00ab&nbsp;Les classiques du contemporain&nbsp;\u00bb <strong>du CM2 \u00e0 la 5\u00e8<\/strong>&nbsp;: parcours de d\u00e9couverte traversant les \u0153uvres de plusieurs auteurs, dont Claudine Galea, et animation p\u00e9dagogique pour les enseignants des classes inscrites.<\/li><\/ul>\n\n\n\n<div style=\"height:50px\" aria-hidden=\"true\" class=\"wp-block-spacer\"><\/div>\n\n\n\n<ul><li><strong>Parcours d\u00e9couverte ou parcours approfondi <\/strong>\u00ab&nbsp;Toutes et tous au th\u00e9\u00e2tre&nbsp;\u00bb <strong>pour les classes de 4\u00e8-3\u00e8<\/strong>&nbsp;: sur le th\u00e8me des maux de l\u2019adolescence, avec les pi\u00e8ces <em>Fake <\/em>et <em>Noircisse<\/em> de Claudine Galea et <em>Mon Corps vif<\/em> de Sophie Merceron (inclus le spectacle <em>Fake<\/em> \u00e0 la SNA).<\/li><\/ul>\n\n\n\n<div style=\"height:49px\" aria-hidden=\"true\" class=\"wp-block-spacer\"><\/div>\n\n\n\n<ul><li><strong>Atelier d\u2019\u00e9criture au long cours avec Clara Petazonni en classe de 4\u00e8<\/strong> aux coll\u00e8ges de Dourgne et de R\u00e9almont&nbsp;: autour de <em>Noircisse <\/em>de Claudine Galea.<\/li><\/ul>\n\n\n\n<div style=\"height:57px\" aria-hidden=\"true\" class=\"wp-block-spacer\"><\/div>\n\n\n\n<ul><li><strong>Atelier d\u2019\u00e9criture<\/strong> \u00e0 partir de quelques \u0153uvres de Claudine Galea, anim\u00e9 par les \u00e9tudiants de la licence de lettres, en classe de <strong>1<\/strong><sup><strong>\u00e8re<\/strong><\/sup><strong> HLP<\/strong> au lyc\u00e9e Bellevue d\u2019Albi le 10 mars.<\/li><\/ul>\n\n\n\n<div style=\"height:100px\" aria-hidden=\"true\" class=\"wp-block-spacer\"><\/div>\n\n\n\n<p class=\"cadre\"><em>Nous remercions chaleureusement les partenaires qui ont port\u00e9 ces propositions pour le public scolaire\u00a0: l\u2019Adda du Tarn, la Sc\u00e8ne Nationale d\u2019Albi Tarn, La Ligue de l\u2019enseignement-FOL 81, et M\u00e9dia-Tarn.<\/em><\/p>\n","protected":false},"excerpt":{"rendered":"<p>Spectacles et ateliers propos\u00e9s dans les \u00e9coles, coll\u00e8ges et lyc\u00e9es d\u00e8s l\u2019automne 2025 Spectacles Tourn\u00e9e spectacle L\u2019Heure blanche, Cie Rumeur des vents&nbsp;: 4 repr\u00e9sentations, du 6 au 10 octobre, pour 24 classes de primaire du Tarn). Ateliers Atelier-stage d\u2019\u00e9criture avec Clara Petazzoni \u00e0 partir et autour de l\u2019album Au Pays de Titus en CM \u00e0 [&hellip;]<\/p>\n","protected":false},"author":1805,"featured_media":0,"parent":0,"menu_order":0,"comment_status":"closed","ping_status":"closed","template":"","meta":[],"_links":{"self":[{"href":"https:\/\/blogs.univ-jfc.fr\/bec\/wp-json\/wp\/v2\/pages\/253"}],"collection":[{"href":"https:\/\/blogs.univ-jfc.fr\/bec\/wp-json\/wp\/v2\/pages"}],"about":[{"href":"https:\/\/blogs.univ-jfc.fr\/bec\/wp-json\/wp\/v2\/types\/page"}],"author":[{"embeddable":true,"href":"https:\/\/blogs.univ-jfc.fr\/bec\/wp-json\/wp\/v2\/users\/1805"}],"replies":[{"embeddable":true,"href":"https:\/\/blogs.univ-jfc.fr\/bec\/wp-json\/wp\/v2\/comments?post=253"}],"version-history":[{"count":18,"href":"https:\/\/blogs.univ-jfc.fr\/bec\/wp-json\/wp\/v2\/pages\/253\/revisions"}],"predecessor-version":[{"id":470,"href":"https:\/\/blogs.univ-jfc.fr\/bec\/wp-json\/wp\/v2\/pages\/253\/revisions\/470"}],"wp:attachment":[{"href":"https:\/\/blogs.univ-jfc.fr\/bec\/wp-json\/wp\/v2\/media?parent=253"}],"curies":[{"name":"wp","href":"https:\/\/api.w.org\/{rel}","templated":true}]}}