{"id":258,"date":"2026-01-15T10:25:19","date_gmt":"2026-01-15T09:25:19","guid":{"rendered":"http:\/\/blogs.univ-jfc.fr\/bec\/?page_id=258"},"modified":"2026-02-23T09:39:58","modified_gmt":"2026-02-23T08:39:58","slug":"a-propos-de-claudine-galea","status":"publish","type":"page","link":"https:\/\/blogs.univ-jfc.fr\/bec\/a-propos-de-claudine-galea\/","title":{"rendered":"Claudine Galea"},"content":{"rendered":"\n<figure class=\"wp-block-image size-large is-resized\"><img loading=\"lazy\" src=\"http:\/\/blogs.univ-jfc.fr\/bec\/wp-content\/uploads\/sites\/147\/2026\/01\/Photo-Sophie-Kandaouroff1-rotated.jpg\" alt=\"\" class=\"wp-image-221\" width=\"329\" height=\"493\" srcset=\"https:\/\/blogs.univ-jfc.fr\/bec\/wp-content\/uploads\/sites\/147\/2026\/01\/Photo-Sophie-Kandaouroff1-rotated.jpg 506w, https:\/\/blogs.univ-jfc.fr\/bec\/wp-content\/uploads\/sites\/147\/2026\/01\/Photo-Sophie-Kandaouroff1-200x300.jpg 200w\" sizes=\"(max-width: 329px) 100vw, 329px\" \/><\/figure>\n\n\n\n<h2>Traverser l\u2019\u0153uvre de Claudine Galea<\/h2>\n\n\n\n<p>Destin\u00e9e \u00e0 tous les publics (enfants, adolescents et adultes), l\u2019\u0153uvre de Claudine Galea s\u2019est impos\u00e9e pour cette premi\u00e8re \u00e9dition, parce qu\u2019elle prend le parti de la diversit\u00e9 et se d\u00e9cline en roman, en texte th\u00e9\u00e2tral, en album, en fiction radiophonique ou chor\u00e9graphique. Dans ces multiples formes litt\u00e9raires, elle questionne la fa\u00e7on dont la culture nous construit&nbsp;: l\u2019incidence des images m\u00e9diatiques, des r\u00e9cits patrimoniaux, et l\u2019impact des histoires que l\u2019on se raconte, par exemple le r\u00e9cit familial avec ses l\u00e9gendes et ses ombres. Dans un style sobre, minutieux, d\u2019une grande sensibilit\u00e9 \u2013 et non d\u00e9pourvu d\u2019humour \u2013, Claudine Galea fouille les moments charni\u00e8res de l\u2019existence, les mani\u00e8res d\u2019affronter nos contradictions intimes et l\u2019impr\u00e9vu de nos affects. Pour elle, \u00e9crire, c\u2019est \u00e9galement cr\u00e9er \u00e0 plusieurs et s\u2019ouvrir \u00e0 d\u2019autres esth\u00e9tiques&nbsp;: ainsi, certains de ses textes s\u2019allient \u00e0 l\u2019image fixe, et d\u2019autres s\u2019incarnent \u00e0 la sc\u00e8ne et \u00e0 l\u2019\u00e9cran, offrant des lectures chaque fois renouvel\u00e9es.<\/p>\n\n\n\n<h2><strong>\u00c0 l\u2019\u00e9coute&nbsp;!<\/strong> <\/h2>\n\n\n\n<p>Claudine Galea lit des extraits de ses \u0153uvres (\u00c9ditions Espaces 34)<\/p>\n\n\n\n<figure class=\"wp-block-embed is-type-rich is-provider-soundcloud wp-block-embed-soundcloud wp-embed-aspect-4-3 wp-has-aspect-ratio\"><div class=\"wp-block-embed__wrapper\">\n<iframe title=\"Lecture par l&#039;auteure. CLAUDINE GALEA - CA NE PASSE PAS. by Editions Espaces 34\" width=\"640\" height=\"400\" scrolling=\"no\" frameborder=\"no\" src=\"https:\/\/w.soundcloud.com\/player\/?visual=true&#038;url=https%3A%2F%2Fapi.soundcloud.com%2Ftracks%2F1271796478&#038;show_artwork=true&#038;maxheight=960&#038;maxwidth=640\"><\/iframe>\n<\/div><\/figure>\n\n\n\n<figure class=\"wp-block-embed is-type-rich is-provider-soundcloud wp-block-embed-soundcloud wp-embed-aspect-4-3 wp-has-aspect-ratio\"><div class=\"wp-block-embed__wrapper\">\n<iframe title=\"JE REVIENS DE LOIN - CLAUDINE GALEA by Editions Espaces 34\" width=\"640\" height=\"400\" scrolling=\"no\" frameborder=\"no\" src=\"https:\/\/w.soundcloud.com\/player\/?visual=true&#038;url=https%3A%2F%2Fapi.soundcloud.com%2Ftracks%2F1114246375&#038;show_artwork=true&#038;maxheight=960&#038;maxwidth=640\"><\/iframe> \n<\/div><\/figure>\n\n\n\n<figure class=\"wp-block-embed is-type-rich is-provider-soundcloud wp-block-embed-soundcloud wp-embed-aspect-4-3 wp-has-aspect-ratio\"><div class=\"wp-block-embed__wrapper\">\n<iframe title=\"UN SENTIMENT DE VIE - CLAUDINE GALEA by Editions Espaces 34\" width=\"640\" height=\"400\" scrolling=\"no\" frameborder=\"no\" src=\"https:\/\/w.soundcloud.com\/player\/?visual=true&#038;url=https%3A%2F%2Fapi.soundcloud.com%2Ftracks%2F1044725629&#038;show_artwork=true&#038;maxheight=960&#038;maxwidth=640\"><\/iframe> \n<\/div><\/figure>\n\n\n\n<figure class=\"wp-block-embed is-type-rich is-provider-soundcloud wp-block-embed-soundcloud wp-embed-aspect-4-3 wp-has-aspect-ratio\"><div class=\"wp-block-embed__wrapper\">\n<iframe title=\"LECTURE PAR L&#039;AUTRICE : MUNITIONS D&#039;AMOUR DE CLAUDINE GALEA by Editions Espaces 34\" width=\"640\" height=\"400\" scrolling=\"no\" frameborder=\"no\" src=\"https:\/\/w.soundcloud.com\/player\/?visual=true&#038;url=https%3A%2F%2Fapi.soundcloud.com%2Ftracks%2F2047413988&#038;show_artwork=true&#038;maxheight=960&#038;maxwidth=640\"><\/iframe>\n<\/div><\/figure>\n\n\n\n<figure class=\"wp-block-embed is-type-rich is-provider-soundcloud wp-block-embed-soundcloud wp-embed-aspect-4-3 wp-has-aspect-ratio\"><div class=\"wp-block-embed__wrapper\">\n<iframe title=\"Lecture par l&#039;autrice - Trois fois Ulysse de Claudine Galea. by Editions Espaces 34\" width=\"640\" height=\"400\" scrolling=\"no\" frameborder=\"no\" src=\"https:\/\/w.soundcloud.com\/player\/?visual=true&#038;url=https%3A%2F%2Fapi.soundcloud.com%2Ftracks%2F1783290144&#038;show_artwork=true&#038;maxheight=960&#038;maxwidth=640\"><\/iframe>\n<\/div><\/figure>\n\n\n\n<h2><em>Lear for real <\/em>(premi\u00e8re partie)<\/h2>\n\n\n\n<p>Fiction sonore r\u00e9alis\u00e9e par Tidiane Thiang pour l\u2019Atelier fiction de France Culture. Premi\u00e8re partie d\u2019un travail en cours dont le second volet sera pr\u00e9sent\u00e9 en sc\u00e8ne, sous forme de work in progress par Claudine Galea, avec la metteuse en sc\u00e8ne Sophie Lahayville, et Laurent Ziserman, le 19 mars \u00e0 18h30 \u00e0 l\u2019INU Champollion.<\/p>\n\n\n\n<p><a href=\"https:\/\/www.radiofrance.fr\/franceculture\/podcasts\/fictions-theatre-et-cie\/lear-for-real-de-claudine-galea-8961063\" data-type=\"URL\" data-id=\"https:\/\/www.radiofrance.fr\/franceculture\/podcasts\/fictions-theatre-et-cie\/lear-for-real-de-claudine-galea-8961063\">Ecouter ici <\/a><\/p>\n\n\n\n<h2><strong>Et bien d\u2019autres ouvrages \u00e0 retrouver dans la bibliographie\u2026<\/strong><\/h2>\n\n\n\n<div class=\"wp-block-file\"><a href=\"https:\/\/blogs.univ-jfc.fr\/bec\/wp-content\/uploads\/sites\/147\/2026\/02\/Bibliographie-de-Claudine-Galea.pdf\">Bibliographie-de-Claudine-Galea<\/a><a href=\"https:\/\/blogs.univ-jfc.fr\/bec\/wp-content\/uploads\/sites\/147\/2026\/02\/Bibliographie-de-Claudine-Galea.pdf\" class=\"wp-block-file__button\" download>T\u00e9l\u00e9charger<\/a><\/div>\n\n\n\n<p><\/p>\n","protected":false},"excerpt":{"rendered":"<p>Traverser l\u2019\u0153uvre de Claudine Galea Destin\u00e9e \u00e0 tous les publics (enfants, adolescents et adultes), l\u2019\u0153uvre de Claudine Galea s\u2019est impos\u00e9e pour cette premi\u00e8re \u00e9dition, parce qu\u2019elle prend le parti de la diversit\u00e9 et se d\u00e9cline en roman, en texte th\u00e9\u00e2tral, en album, en fiction radiophonique ou chor\u00e9graphique. Dans ces multiples formes litt\u00e9raires, elle questionne la [&hellip;]<\/p>\n","protected":false},"author":1805,"featured_media":0,"parent":0,"menu_order":0,"comment_status":"closed","ping_status":"closed","template":"","meta":[],"_links":{"self":[{"href":"https:\/\/blogs.univ-jfc.fr\/bec\/wp-json\/wp\/v2\/pages\/258"}],"collection":[{"href":"https:\/\/blogs.univ-jfc.fr\/bec\/wp-json\/wp\/v2\/pages"}],"about":[{"href":"https:\/\/blogs.univ-jfc.fr\/bec\/wp-json\/wp\/v2\/types\/page"}],"author":[{"embeddable":true,"href":"https:\/\/blogs.univ-jfc.fr\/bec\/wp-json\/wp\/v2\/users\/1805"}],"replies":[{"embeddable":true,"href":"https:\/\/blogs.univ-jfc.fr\/bec\/wp-json\/wp\/v2\/comments?post=258"}],"version-history":[{"count":12,"href":"https:\/\/blogs.univ-jfc.fr\/bec\/wp-json\/wp\/v2\/pages\/258\/revisions"}],"predecessor-version":[{"id":492,"href":"https:\/\/blogs.univ-jfc.fr\/bec\/wp-json\/wp\/v2\/pages\/258\/revisions\/492"}],"wp:attachment":[{"href":"https:\/\/blogs.univ-jfc.fr\/bec\/wp-json\/wp\/v2\/media?parent=258"}],"curies":[{"name":"wp","href":"https:\/\/api.w.org\/{rel}","templated":true}]}}