{"id":63,"date":"2026-01-13T12:28:04","date_gmt":"2026-01-13T11:28:04","guid":{"rendered":"http:\/\/blogs.univ-jfc.fr\/bec\/?page_id=63"},"modified":"2026-02-09T14:55:49","modified_gmt":"2026-02-09T13:55:49","slug":"edito","status":"publish","type":"page","link":"https:\/\/blogs.univ-jfc.fr\/bec\/edito\/","title":{"rendered":"Edito"},"content":{"rendered":"\n<p>La Biennale des \u00c9critures Contemporaines est un nouveau rendez-vous dans l\u2019agenda culturel de l\u2019Albigeois et du Tarn. Elle installe r\u00e9solument la recherche universitaire au c\u0153ur des territoires artistiques et litt\u00e9raires d\u2019aujourd\u2019hui. Pendant quelques jours, elle va convier artistes, universitaires, lectrices et lecteurs de tous \u00e2ges \u00e0 une conversation collective et active, o\u00f9 confronter leurs approches, leurs id\u00e9es et leur langage. Les uns r\u00e9v\u00e8leront leurs secrets de fabrications et leurs outils th\u00e9oriques, les autres \u00e9changeront leurs engouements ou leurs perplexit\u00e9s, chacun \u00e0 l\u2019\u00e9coute des \u00e9motions et de l\u2019intelligence des \u0153uvres. Le festival sera scand\u00e9 par de nombreux moments de partage sensible, avec plusieurs propositions th\u00e9\u00e2trales, cin\u00e9matographiques et sonores, \u00e0 vivre ensemble comme autant de renouvellements des textes initiaux, autant de d\u00e9placements de nos lectures. Dans le m\u00eame esprit, des ateliers invitent \u00e0 mettre la main \u00e0 la plume pour mieux saisir et \u00e9prouver les dynamiques de cr\u00e9ation comme le mouvement singulier d\u2019une \u0153uvre.<\/p>\n\n\n\n<div style=\"height:100px\" aria-hidden=\"true\" class=\"wp-block-spacer\"><\/div>\n\n\n\n<p>Comme la litt\u00e9rature est notre bien commun, comme la recherche est l\u2019affaire de toutes et de tous, nous avons \u0153uvr\u00e9 avec la complicit\u00e9 de professionnelles de la culture, anim\u00e9es par le m\u00eame d\u00e9sir de faire vivre l\u2019\u00e9criture dans et hors des livres. Leur exp\u00e9rience et leur confiance nous ont aid\u00e9es \u00e0 \u00e9laborer cette premi\u00e8re \u00e9dition de la \u00ab&nbsp;<em>BEC&nbsp;<\/em>\u00bb, qui entend privil\u00e9gier le dialogue, voire le d\u00e9bat, entre artistes, m\u00e9diateur.ices, chercheur.e.s, et tous les lecteurs et lectrices que nous sommes.<\/p>\n\n\n\n<div style=\"height:100px\" aria-hidden=\"true\" class=\"wp-block-spacer\"><\/div>\n\n\n\n<p>Cette premi\u00e8re \u00e9dition portera un \u00e9clairage particulier sur l\u2019\u0153uvre de Claudine Galea, dont le travail a \u00e9t\u00e9 reconnu par diff\u00e9rents prix litt\u00e9raires. Elle est publi\u00e9e depuis une trentaine d\u2019ann\u00e9es et ses textes sont aujourd\u2019hui traduits et jou\u00e9s dans plusieurs langues \u00e0 travers le monde. Nous vous invitons chaleureusement \u00e0 venir \u00e0 la rencontre de cette \u0153uvre et de son autrice, et \u00e0 participer, comme vous le souhaiterez, \u00e0 cette Biennale.<\/p>\n\n\n\n<p class=\"has-text-align-right\">S\u00e9verine Abiker &amp; Cyrielle Dodet<\/p>\n\n\n\n<p class=\"has-text-align-right\">Enseignantes-chercheuses \u00e0 l\u2019INU Champollion \/ Cofondatrices de la Biennale des Ecritures Contemporaines<\/p>\n\n\n\n<div style=\"height:100px\" aria-hidden=\"true\" class=\"wp-block-spacer\"><\/div>\n\n\n\n<div style=\"height:100px\" aria-hidden=\"true\" class=\"wp-block-spacer\"><\/div>\n\n\n\n<p><\/p>\n","protected":false},"excerpt":{"rendered":"<p>La Biennale des \u00c9critures Contemporaines est un nouveau rendez-vous dans l\u2019agenda culturel de l\u2019Albigeois et du Tarn. Elle installe r\u00e9solument la recherche universitaire au c\u0153ur des territoires artistiques et litt\u00e9raires d\u2019aujourd\u2019hui. Pendant quelques jours, elle va convier artistes, universitaires, lectrices et lecteurs de tous \u00e2ges \u00e0 une conversation collective et active, o\u00f9 confronter leurs approches, [&hellip;]<\/p>\n","protected":false},"author":242,"featured_media":0,"parent":0,"menu_order":0,"comment_status":"closed","ping_status":"closed","template":"","meta":[],"_links":{"self":[{"href":"https:\/\/blogs.univ-jfc.fr\/bec\/wp-json\/wp\/v2\/pages\/63"}],"collection":[{"href":"https:\/\/blogs.univ-jfc.fr\/bec\/wp-json\/wp\/v2\/pages"}],"about":[{"href":"https:\/\/blogs.univ-jfc.fr\/bec\/wp-json\/wp\/v2\/types\/page"}],"author":[{"embeddable":true,"href":"https:\/\/blogs.univ-jfc.fr\/bec\/wp-json\/wp\/v2\/users\/242"}],"replies":[{"embeddable":true,"href":"https:\/\/blogs.univ-jfc.fr\/bec\/wp-json\/wp\/v2\/comments?post=63"}],"version-history":[{"count":8,"href":"https:\/\/blogs.univ-jfc.fr\/bec\/wp-json\/wp\/v2\/pages\/63\/revisions"}],"predecessor-version":[{"id":477,"href":"https:\/\/blogs.univ-jfc.fr\/bec\/wp-json\/wp\/v2\/pages\/63\/revisions\/477"}],"wp:attachment":[{"href":"https:\/\/blogs.univ-jfc.fr\/bec\/wp-json\/wp\/v2\/media?parent=63"}],"curies":[{"name":"wp","href":"https:\/\/api.w.org\/{rel}","templated":true}]}}