{"id":100,"date":"2016-01-30T08:35:36","date_gmt":"2016-01-30T07:35:36","guid":{"rendered":"http:\/\/blogs.univ-jfc.fr\/campsdusudouest\/?page_id=100"},"modified":"2016-03-31T15:15:59","modified_gmt":"2016-03-31T14:15:59","slug":"1945-et-apres","status":"publish","type":"page","link":"https:\/\/blogs.univ-jfc.fr\/campsdusudouest\/1945-et-apres\/","title":{"rendered":"1945&#8230; et apr\u00e8s ?"},"content":{"rendered":"<p align=\"JUSTIFY\"><span style=\"font-family: Arial,sans-serif\">La fin de la guerre ne signifie pas la fermeture des camps. Ils sont \u00e9vacu\u00e9s \u00e0 la Lib\u00e9ration pour certains, reconvertis pour d&rsquo;autres, ou encore ont retrouv\u00e9 leur fonction d&rsquo;avant-guerre. Des camps ont pu rester actifs jusqu&rsquo;en 1946 pour des populations comme les tziganes, ainsi que pour les prisonniers de guerre en attente de jugement. Les camps d&rsquo;internements ont donc \u00e9volu\u00e9 dans leur statut\u00a0: camp d&rsquo;internement, de d\u00e9portation, de prisonniers&#8230; Mais aussi en servant de support \u00e0 la m\u00e9moire, \u00e0 travers la transformation en mus\u00e9es, ou encore la pose de plaques comm\u00e9moratives.<\/span><\/p>\n<p align=\"JUSTIFY\"><span style=\"font-family: Arial,sans-serif\">M\u00eame apr\u00e8s leur fermeture ou <a title=\"La reconversion des camps d\u2019internement du Sud-Ouest de la France\" href=\"http:\/\/blogs.univ-jfc.fr\/campsdusudouest\/1945-et-apres\/reconversion-des-camps\/\">leur reconversion<\/a>, la trace des camps reste vive. <a title=\"Images des camps\" href=\"http:\/\/blogs.univ-jfc.fr\/campsdusudouest\/1945-et-apres\/images-des-camps\/\">Les images prises pendant le conflit ou juste apr\u00e8s deviennent des sources \u00e0 part enti\u00e8re pour l&rsquo;historien<\/a>. Les images sont donc multiples, entre productions d&rsquo;intern\u00e9s et commandes iconographiques des autorit\u00e9s, les repr\u00e9sentations des camps diff\u00e8rent. L&rsquo;historien va ainsi travailler l&rsquo;image afin de d\u00e9voiler leurs messages, et au del\u00e0, ouvrir le d\u00e9bat sur le devoir de m\u00e9moire. Ce <a title=\"Devoir de m\u00e9moire\" href=\"http:\/\/blogs.univ-jfc.fr\/campsdusudouest\/1945-et-apres\/devoir-de-memoire\/\">devoir de M\u00e9moire<\/a>, in fine, est ce qui continue \u00e0 faire vivre le souvenir des camps. Les diff\u00e9rents gouvernements, de <a title=\"Les camps \u00e0 la Lib\u00e9ration\" href=\"http:\/\/blogs.univ-jfc.fr\/campsdusudouest\/1945-et-apres\/les-camps-a-la-liberation\/\">la Lib\u00e9ration \u00e0 nos jours<\/a>, ont \u0153uvr\u00e9 pour entretenir cette m\u00e9moire. Celle-ci prend plusieurs formes, qui s&rsquo;illustrent dans ce que l&rsquo;on appelle les lieux de m\u00e9moire. Aussi, ce devoir de m\u00e9moire appara\u00eet tr\u00e8s souvent comme in\u00e9galement mis en \u0153uvre selon les camps.<\/span><\/p>\n","protected":false},"excerpt":{"rendered":"<p>La fin de la guerre ne signifie pas la fermeture des camps. Ils sont \u00e9vacu\u00e9s \u00e0 la Lib\u00e9ration pour certains, reconvertis pour d&rsquo;autres, ou encore ont retrouv\u00e9 leur fonction d&rsquo;avant-guerre. Des camps ont pu rester actifs jusqu&rsquo;en 1946 pour des &hellip; <a href=\"https:\/\/blogs.univ-jfc.fr\/campsdusudouest\/1945-et-apres\/\">Lire la suite <span class=\"meta-nav\">&rarr;<\/span><\/a><\/p>\n","protected":false},"author":15,"featured_media":0,"parent":0,"menu_order":0,"comment_status":"closed","ping_status":"open","template":"","meta":[],"_links":{"self":[{"href":"https:\/\/blogs.univ-jfc.fr\/campsdusudouest\/wp-json\/wp\/v2\/pages\/100"}],"collection":[{"href":"https:\/\/blogs.univ-jfc.fr\/campsdusudouest\/wp-json\/wp\/v2\/pages"}],"about":[{"href":"https:\/\/blogs.univ-jfc.fr\/campsdusudouest\/wp-json\/wp\/v2\/types\/page"}],"author":[{"embeddable":true,"href":"https:\/\/blogs.univ-jfc.fr\/campsdusudouest\/wp-json\/wp\/v2\/users\/15"}],"replies":[{"embeddable":true,"href":"https:\/\/blogs.univ-jfc.fr\/campsdusudouest\/wp-json\/wp\/v2\/comments?post=100"}],"version-history":[{"count":8,"href":"https:\/\/blogs.univ-jfc.fr\/campsdusudouest\/wp-json\/wp\/v2\/pages\/100\/revisions"}],"predecessor-version":[{"id":4332,"href":"https:\/\/blogs.univ-jfc.fr\/campsdusudouest\/wp-json\/wp\/v2\/pages\/100\/revisions\/4332"}],"wp:attachment":[{"href":"https:\/\/blogs.univ-jfc.fr\/campsdusudouest\/wp-json\/wp\/v2\/media?parent=100"}],"curies":[{"name":"wp","href":"https:\/\/api.w.org\/{rel}","templated":true}]}}