{"id":1029,"date":"2016-03-10T09:40:10","date_gmt":"2016-03-10T08:40:10","guid":{"rendered":"http:\/\/blogs.univ-jfc.fr\/campsdusudouest\/?page_id=1029"},"modified":"2016-04-06T07:23:51","modified_gmt":"2016-04-06T06:23:51","slug":"leon-degrelle","status":"publish","type":"page","link":"https:\/\/blogs.univ-jfc.fr\/campsdusudouest\/leon-degrelle\/","title":{"rendered":"L\u00e9on Degrelle"},"content":{"rendered":"<p align=\"justify\"><span style=\"color: #000000\"><span style=\"font-size: medium\">Cet \u00e9crivain et journaliste belge, n\u00e9 le 15 juin 1906 et mort le 31 mars 1994, est proche de la mouvance catholique. Il fonde le mouvement Rex, qui devient rapidement un parti d&rsquo;extr\u00eame-droite proche des id\u00e9es nazies. En mai 1940, il est arr\u00eat\u00e9 par les autorit\u00e9s belges car il repr\u00e9sente un danger pour la nation et par un incroyable concours de circonstances, il est livr\u00e9 aux autorit\u00e9s fran\u00e7aises et se retrouve intern\u00e9 dans le camp du Vernet. Il y tente de faire adh\u00e9rer les intern\u00e9s \u00e0 ses id\u00e9es, ce qui provoque des tensions au sein du camp. Il est lib\u00e9r\u00e9 en juillet 1940 et s&rsquo;enr\u00f4le dans l&rsquo;arm\u00e9e allemande et combat sur le front russe. Apr\u00e8s la guerre, il trouve refuge aupr\u00e8s du r\u00e9gime de Franco et finit sa vie en Espagne, apr\u00e8s \u00eatre devenu une r\u00e9f\u00e9rence pour les milieux n\u00e9o-nazis des ann\u00e9es 80. (R.<\/span><\/span><a href=\"https:\/\/fr.wikipedia.org\/wiki\/Robert_Brasillach\"><span style=\"color: #000000\"><span style=\"font-family: Times New Roman,serif\"><span style=\"font-size: medium\"> BRASILLACH<\/span><\/span><\/span><\/a><span style=\"color: #000000\"><span style=\"font-family: Times New Roman,serif\"><span style=\"font-size: medium\">,\u00a0<\/span><\/span><\/span><span style=\"color: #000000\"><span style=\"font-family: Times New Roman,serif\"><span style=\"font-size: medium\"><i>L\u00e9on Degrelle et l&rsquo;avenir de Rex<\/i><\/span><\/span><\/span><span style=\"color: #000000\"><span style=\"font-family: Times New Roman,serif\"><span style=\"font-size: medium\">, Plon, 1936)<\/span><\/span><\/span><\/p>\n<div id=\"attachment_1103\" style=\"width: 160px\" class=\"wp-caption aligncenter\"><a href=\"http:\/\/blogs.univ-jfc.fr\/campsdusudouest\/wp-content\/uploads\/sites\/48\/2016\/03\/degrelle.jpg\"><img aria-describedby=\"caption-attachment-1103\" loading=\"lazy\" class=\"size-thumbnail wp-image-1103   \" title=\"notimeforsilence.wordpress.com\" alt=\"\" src=\"http:\/\/blogs.univ-jfc.fr\/campsdusudouest\/wp-content\/uploads\/sites\/48\/2016\/03\/degrelle-150x150.jpg\" width=\"150\" height=\"150\" \/><\/a><p id=\"caption-attachment-1103\" class=\"wp-caption-text\">L\u00e9on Degrelle (vers 1941)<\/p><\/div>\n","protected":false},"excerpt":{"rendered":"<p>Cet \u00e9crivain et journaliste belge, n\u00e9 le 15 juin 1906 et mort le 31 mars 1994, est proche de la mouvance catholique. Il fonde le mouvement Rex, qui devient rapidement un parti d&rsquo;extr\u00eame-droite proche des id\u00e9es nazies. En mai 1940, &hellip; <a href=\"https:\/\/blogs.univ-jfc.fr\/campsdusudouest\/leon-degrelle\/\">Lire la suite <span class=\"meta-nav\">&rarr;<\/span><\/a><\/p>\n","protected":false},"author":127,"featured_media":0,"parent":0,"menu_order":0,"comment_status":"closed","ping_status":"open","template":"","meta":[],"_links":{"self":[{"href":"https:\/\/blogs.univ-jfc.fr\/campsdusudouest\/wp-json\/wp\/v2\/pages\/1029"}],"collection":[{"href":"https:\/\/blogs.univ-jfc.fr\/campsdusudouest\/wp-json\/wp\/v2\/pages"}],"about":[{"href":"https:\/\/blogs.univ-jfc.fr\/campsdusudouest\/wp-json\/wp\/v2\/types\/page"}],"author":[{"embeddable":true,"href":"https:\/\/blogs.univ-jfc.fr\/campsdusudouest\/wp-json\/wp\/v2\/users\/127"}],"replies":[{"embeddable":true,"href":"https:\/\/blogs.univ-jfc.fr\/campsdusudouest\/wp-json\/wp\/v2\/comments?post=1029"}],"version-history":[{"count":6,"href":"https:\/\/blogs.univ-jfc.fr\/campsdusudouest\/wp-json\/wp\/v2\/pages\/1029\/revisions"}],"predecessor-version":[{"id":4384,"href":"https:\/\/blogs.univ-jfc.fr\/campsdusudouest\/wp-json\/wp\/v2\/pages\/1029\/revisions\/4384"}],"wp:attachment":[{"href":"https:\/\/blogs.univ-jfc.fr\/campsdusudouest\/wp-json\/wp\/v2\/media?parent=1029"}],"curies":[{"name":"wp","href":"https:\/\/api.w.org\/{rel}","templated":true}]}}