{"id":104,"date":"2016-01-30T08:36:20","date_gmt":"2016-01-30T07:36:20","guid":{"rendered":"http:\/\/blogs.univ-jfc.fr\/campsdusudouest\/?page_id=104"},"modified":"2016-04-12T08:44:34","modified_gmt":"2016-04-12T07:44:34","slug":"reconversion-des-camps","status":"publish","type":"page","link":"https:\/\/blogs.univ-jfc.fr\/campsdusudouest\/1945-et-apres\/reconversion-des-camps\/","title":{"rendered":"Reconversion des camps"},"content":{"rendered":"<p style=\"text-align: justify\">La fin de la guerre ne signifie pas la disparition des camps. En effet, ils sont rest\u00e9s actifs jusqu&rsquo;en 1946 pour certaines populations comme les tziganes ainsi que les prisonniers de guerre en attente de jugement. Les camps devenus inactifs ont pour certains \u00e9t\u00e9 d\u00e9sert\u00e9s, pill\u00e9s et oubli\u00e9s et d&rsquo;autres vont reprendre leurs activit\u00e9s d&rsquo;origine. La m\u00e9moire collective de l&rsquo;\u00e9poque r\u00e9fute l&rsquo;existence des camps et les anciens intern\u00e9s se murent dans le silence. Ces lieux vont r\u00e9appara\u00eetre dans la m\u00e9moire au fur et \u00e0 mesure de l&rsquo;avanc\u00e9e des \u00e9tudes sur la Seconde Guerre Mondiale et en particulier dans les ann\u00e9es 1990 avec les premiers ouvrages scientifiques. Les anciens intern\u00e9s commenc\u00e8rent alors \u00e0 t\u00e9moigner et la naissance d&rsquo;associations permit un tournant dans la mise en valeur de ces camps (r\u00e9novations, mus\u00e9es, plaques comm\u00e9moratives&#8230;etc). Par ailleurs, ces ann\u00e9es-l\u00e0 sont marqu\u00e9es en France par le discours du Pr\u00e9sident de la R\u00e9publique, Jacques Chirac, sur l&rsquo;implication du r\u00e9gime de Vichy, et de l\u2019\u00c9tat fran\u00e7ais dans la politique nazie appliqu\u00e9e sur le territoire. \u00c0 partir de l\u00e0, la m\u00e9moire a \u00e9volu\u00e9 et on y int\u00e8gre les camps d&rsquo;internement en France. La mise en avant de ce patrimoine par les rescap\u00e9s effectu\u00e9e \u00e0 partir des ann\u00e9es 1990 marque la volont\u00e9 de conservation du pass\u00e9 et permet la mise en valeur des camps au travers des mus\u00e9es ou des m\u00e9moriaux. Cependant certains camps ont \u00e9t\u00e9 ras\u00e9s, parfois ins\u00e9r\u00e9s dans de nouvelles structures urbaines par choix \u00e9conomique, politique et touristique.<\/p>\n<p style=\"text-align: justify\">En quoi les mutations du statut des camps correspondent \u00e0 des objectifs distincts\u00a0?<\/p>\n<p style=\"text-align: justify\">Les camps d&rsquo;internement ont d&rsquo;abord \u00e9t\u00e9 sujets \u00e0<a title=\"La valorisation politique des camps pendant la Seconde Guerre mondiale\" href=\"http:\/\/blogs.univ-jfc.fr\/campsdusudouest\/1945-et-apres\/reconversion-des-camps\/i-la-valorisation-politique-des-camps-pendant-la-seconde-guerre-mondiale\/\"> une valorisation diff\u00e9renci\u00e9e selon les r\u00e9gimes en place pendant et apr\u00e8s la seconde Guerre Mondiale<\/a>, il vont par la suite faire face \u00e0 <a title=\"Apr\u00e8s la guerre, p\u00e9riode ind\u00e9cise sur comment utiliser ces camps provoqu\u00e9 par la volont\u00e9 collective d\u2019oublier\" href=\"http:\/\/blogs.univ-jfc.fr\/campsdusudouest\/1945-et-apres\/reconversion-des-camps\/apres-la-guerre-periode-indecise-sur-comment-utiliser-ces-camps-provoque-par-la-volonte-collective-doublier\/\">une p\u00e9riode d&rsquo;oubli et d&rsquo;incertitude quand \u00e0 leur devenir<\/a>. Enfin, ils vont \u00eatre<a title=\"Volont\u00e9 d\u2019ins\u00e9rer dans la m\u00e9moire cors comm\u00e9orations et leurs int\u00e9grations dans la soci\u00e9t\u00e9 llective les camps d\u2019internement \u00e0 travers leu\" href=\"http:\/\/blogs.univ-jfc.fr\/campsdusudouest\/volonte-dinserer-dans-la-memoire-cors-commeorations-et-leurs-integrations-dans-la-societe-llective-les-camps-dinternement-a-travers-leu\/\"> int\u00e9gr\u00e9s \u00e0 la m\u00e9moire collective au travers des comm\u00e9morations<\/a>.<\/p>\n<div id=\"attachment_2198\" style=\"width: 747px\" class=\"wp-caption aligncenter\"><a href=\"http:\/\/blogs.univ-jfc.fr\/campsdusudouest\/wp-content\/uploads\/sites\/48\/2016\/01\/Capture.png\"><img aria-describedby=\"caption-attachment-2198\" loading=\"lazy\" class=\"size-full wp-image-2198\" alt=\"Camp de Rivesaltes\" src=\"http:\/\/blogs.univ-jfc.fr\/campsdusudouest\/wp-content\/uploads\/sites\/48\/2016\/01\/Capture.png\" width=\"737\" height=\"477\" srcset=\"https:\/\/blogs.univ-jfc.fr\/campsdusudouest\/wp-content\/uploads\/sites\/48\/2016\/01\/Capture.png 737w, https:\/\/blogs.univ-jfc.fr\/campsdusudouest\/wp-content\/uploads\/sites\/48\/2016\/01\/Capture-300x194.png 300w, https:\/\/blogs.univ-jfc.fr\/campsdusudouest\/wp-content\/uploads\/sites\/48\/2016\/01\/Capture-463x300.png 463w\" sizes=\"(max-width: 737px) 100vw, 737px\" \/><\/a><p id=\"caption-attachment-2198\" class=\"wp-caption-text\">Camp de Rivesaltes un m\u00e9morial pour l&rsquo;histoire, Paris Match n\u00b03465 du 15 au 21 octobre 2015<\/p><\/div>\n","protected":false},"excerpt":{"rendered":"<p>La fin de la guerre ne signifie pas la disparition des camps. En effet, ils sont rest\u00e9s actifs jusqu&rsquo;en 1946 pour certaines populations comme les tziganes ainsi que les prisonniers de guerre en attente de jugement. Les camps devenus inactifs &hellip; <a href=\"https:\/\/blogs.univ-jfc.fr\/campsdusudouest\/1945-et-apres\/reconversion-des-camps\/\">Lire la suite <span class=\"meta-nav\">&rarr;<\/span><\/a><\/p>\n","protected":false},"author":15,"featured_media":4339,"parent":100,"menu_order":1,"comment_status":"closed","ping_status":"open","template":"","meta":[],"_links":{"self":[{"href":"https:\/\/blogs.univ-jfc.fr\/campsdusudouest\/wp-json\/wp\/v2\/pages\/104"}],"collection":[{"href":"https:\/\/blogs.univ-jfc.fr\/campsdusudouest\/wp-json\/wp\/v2\/pages"}],"about":[{"href":"https:\/\/blogs.univ-jfc.fr\/campsdusudouest\/wp-json\/wp\/v2\/types\/page"}],"author":[{"embeddable":true,"href":"https:\/\/blogs.univ-jfc.fr\/campsdusudouest\/wp-json\/wp\/v2\/users\/15"}],"replies":[{"embeddable":true,"href":"https:\/\/blogs.univ-jfc.fr\/campsdusudouest\/wp-json\/wp\/v2\/comments?post=104"}],"version-history":[{"count":7,"href":"https:\/\/blogs.univ-jfc.fr\/campsdusudouest\/wp-json\/wp\/v2\/pages\/104\/revisions"}],"predecessor-version":[{"id":4463,"href":"https:\/\/blogs.univ-jfc.fr\/campsdusudouest\/wp-json\/wp\/v2\/pages\/104\/revisions\/4463"}],"up":[{"embeddable":true,"href":"https:\/\/blogs.univ-jfc.fr\/campsdusudouest\/wp-json\/wp\/v2\/pages\/100"}],"wp:featuredmedia":[{"embeddable":true,"href":"https:\/\/blogs.univ-jfc.fr\/campsdusudouest\/wp-json\/wp\/v2\/media\/4339"}],"wp:attachment":[{"href":"https:\/\/blogs.univ-jfc.fr\/campsdusudouest\/wp-json\/wp\/v2\/media?parent=104"}],"curies":[{"name":"wp","href":"https:\/\/api.w.org\/{rel}","templated":true}]}}