{"id":106,"date":"2016-01-30T08:36:50","date_gmt":"2016-01-30T07:36:50","guid":{"rendered":"http:\/\/blogs.univ-jfc.fr\/campsdusudouest\/?page_id=106"},"modified":"2016-04-01T10:27:20","modified_gmt":"2016-04-01T09:27:20","slug":"devoir-de-memoire","status":"publish","type":"page","link":"https:\/\/blogs.univ-jfc.fr\/campsdusudouest\/1945-et-apres\/devoir-de-memoire\/","title":{"rendered":"Devoir de m\u00e9moire"},"content":{"rendered":"<p align=\"JUSTIFY\">Le <a title=\"Le devoir de m\u00e9moire\" href=\"http:\/\/blogs.univ-jfc.fr\/campsdusudouest\/le-devoir-de-memoire\/\">devoir de m\u00e9moire<\/a> s&rsquo;est construit progressivement de 1945 \u00e0 nos jours. Diff\u00e9rents acteurs ont permis cette \u00e9volution. La soci\u00e9t\u00e9 dans celle-ci, joue un r\u00f4le majeur. C&rsquo;est elle qui influence les politiques et permet la construction de la m\u00e9moire. Trois p\u00e9riodes sont distinguables, une de 1945 \u00e0 1970 caract\u00e9ris\u00e9e par le mythe r\u00e9sistancialiste, une autre de 1970 \u00e0 1990 que l&rsquo;on peut qualifier de \u00ab r\u00e9veil m\u00e9moriel\u00a0\u00bb et une derni\u00e8re de 1990 \u00e0 nos jours, au cours de laquelle, la m\u00e9moire s\u2019institutionnalise peu \u00e0 peu. Mais dans cet immense \u00ab\u00a0champ\u00a0\u00bb de l&rsquo;Histoire qu&rsquo;est la Seconde Guerre mondiale, il est int\u00e9ressant de se demander quelle place occupent les camps d&rsquo;internement et de d\u00e9portation fran\u00e7ais et quels r\u00f4les ils ont dans la construction progressive du devoir de m\u00e9moire.<\/p>\n<p align=\"JUSTIFY\">Les politiques m\u00e9morielles sont illustr\u00e9es par diff\u00e9rents <a title=\"L\u2019illustration des politiques m\u00e9morielles \u00e0 travers les lieux de m\u00e9moire\" href=\"http:\/\/blogs.univ-jfc.fr\/campsdusudouest\/1945-et-apres\/devoir-de-memoire\/lillustration-des-politiques-memorielles-a-travers-les-lieux-de-memoire\/\">lieux de m\u00e9moire<\/a>. Ils rev\u00eatent plusieurs formes, physiques ou non (st\u00e8les, c\u00e9l\u00e9brations, m\u00e9moriaux, \u0153uvres artistiques&#8230;). Les acteurs de chaque p\u00e9riode mettent en place leurs propres lieux de m\u00e9moire dans un but de promotion m\u00e9morielle.<\/p>\n<p align=\"JUSTIFY\">Par une <a title=\"Etudes de cas : le devoir de m\u00e9moire \u00e0 travers les exemples des camps de Rivesaltes et de Brens\" href=\"http:\/\/blogs.univ-jfc.fr\/campsdusudouest\/1945-et-apres\/devoir-de-memoire\/etudes-de-cas-le-devoir-de-memoire-a-travers-les-exemples-des-camps-de-rivesaltes-et-de-brens\/\">\u00e9tude de cas compar\u00e9e des camps de Rivesaltes et de Brens<\/a>, le devoir de m\u00e9moire appara\u00eet comme in\u00e9gal : d\u00e9velopp\u00e9 pour l&rsquo;un et d\u00e9laiss\u00e9 pour l&rsquo;autre.<\/p>\n","protected":false},"excerpt":{"rendered":"<p>Le devoir de m\u00e9moire s&rsquo;est construit progressivement de 1945 \u00e0 nos jours. Diff\u00e9rents acteurs ont permis cette \u00e9volution. La soci\u00e9t\u00e9 dans celle-ci, joue un r\u00f4le majeur. C&rsquo;est elle qui influence les politiques et permet la construction de la m\u00e9moire. Trois &hellip; <a href=\"https:\/\/blogs.univ-jfc.fr\/campsdusudouest\/1945-et-apres\/devoir-de-memoire\/\">Lire la suite <span class=\"meta-nav\">&rarr;<\/span><\/a><\/p>\n","protected":false},"author":15,"featured_media":4341,"parent":100,"menu_order":2,"comment_status":"closed","ping_status":"open","template":"","meta":[],"_links":{"self":[{"href":"https:\/\/blogs.univ-jfc.fr\/campsdusudouest\/wp-json\/wp\/v2\/pages\/106"}],"collection":[{"href":"https:\/\/blogs.univ-jfc.fr\/campsdusudouest\/wp-json\/wp\/v2\/pages"}],"about":[{"href":"https:\/\/blogs.univ-jfc.fr\/campsdusudouest\/wp-json\/wp\/v2\/types\/page"}],"author":[{"embeddable":true,"href":"https:\/\/blogs.univ-jfc.fr\/campsdusudouest\/wp-json\/wp\/v2\/users\/15"}],"replies":[{"embeddable":true,"href":"https:\/\/blogs.univ-jfc.fr\/campsdusudouest\/wp-json\/wp\/v2\/comments?post=106"}],"version-history":[{"count":14,"href":"https:\/\/blogs.univ-jfc.fr\/campsdusudouest\/wp-json\/wp\/v2\/pages\/106\/revisions"}],"predecessor-version":[{"id":4333,"href":"https:\/\/blogs.univ-jfc.fr\/campsdusudouest\/wp-json\/wp\/v2\/pages\/106\/revisions\/4333"}],"up":[{"embeddable":true,"href":"https:\/\/blogs.univ-jfc.fr\/campsdusudouest\/wp-json\/wp\/v2\/pages\/100"}],"wp:featuredmedia":[{"embeddable":true,"href":"https:\/\/blogs.univ-jfc.fr\/campsdusudouest\/wp-json\/wp\/v2\/media\/4341"}],"wp:attachment":[{"href":"https:\/\/blogs.univ-jfc.fr\/campsdusudouest\/wp-json\/wp\/v2\/media?parent=106"}],"curies":[{"name":"wp","href":"https:\/\/api.w.org\/{rel}","templated":true}]}}