{"id":1077,"date":"2016-03-10T09:47:29","date_gmt":"2016-03-10T08:47:29","guid":{"rendered":"http:\/\/blogs.univ-jfc.fr\/campsdusudouest\/?page_id=1077"},"modified":"2016-04-13T23:33:57","modified_gmt":"2016-04-13T22:33:57","slug":"les-financements-des-oeuvres-juives","status":"publish","type":"page","link":"https:\/\/blogs.univ-jfc.fr\/campsdusudouest\/les-camps-et-leur-environnement\/les-humanitaires\/les-financements-des-oeuvres-juives\/","title":{"rendered":"Les financements des \u0153uvres juives\u00a0"},"content":{"rendered":"<p align=\"justify\">L&rsquo;action humanitaire juive a pu \u00eatre aussi diversifi\u00e9e et aussi massive uniquement gr\u00e2ce \u00e0 des moyens financiers consid\u00e9rables. L&rsquo;urgence de la situation des juifs fran\u00e7ais et \u00e9trangers dans les camps d&rsquo;internement du Sud-Ouest n\u00e9cessite de mobiliser des moyens humains et financiers \u00e0 la hauteur de la menace qui p\u00e8se sur ces populations. Les fonds per\u00e7us par les \u0153uvres juives d\u00e8s le d\u00e9but de la guerre proviennent essentiellement de la solidarit\u00e9 de la communaut\u00e9 juive am\u00e9ricaine.<\/p>\n<p align=\"justify\">Le Joint (American Jewish Joint Distribution Committee) est le principal organe de financement des \u0153uvres humanitaires juives partout dans le monde depuis 1914. Gr\u00e2ce \u00e0 ce titre de principal pourvoyeur de fonds aupr\u00e8s des \u0153uvres juives, le Joint est la plus grande et la plus riche association humanitaire juive du monde. Les sommes d&rsquo;argent r\u00e9unies pour venir en aide aux communaut\u00e9s juives europ\u00e9ennes atteignent 70 milllions de dollars entre 1939 et 1945. Le joint constate l&rsquo;urgence de la situation dans les camps fran\u00e7ais d\u00e8s 1940<a href=\"#sdfootnote1sym\" name=\"sdfootnote1anc\"><\/a>.<\/p>\n<p align=\"justify\">L&rsquo;argent est r\u00e9cup\u00e9r\u00e9 en Suisse par des membres des associations b\u00e9n\u00e9ficiaires dignes de confiance. L&rsquo;argent est d&rsquo;abord transf\u00e9r\u00e9 des banques am\u00e9ricaines via les banques suisses par des montages financiers complexes. L&rsquo;argent est amen\u00e9 en France dans des mallettes. La voiture et le train sont les moyens de transport des fonds les plus courants<a href=\"#sdfootnote2sym\" name=\"sdfootnote2anc\"><\/a>. Les humanitaires ont sans cesse la crainte de devoir justifier la provenance de l&rsquo;argent liquide aupr\u00e8s des forces de l&rsquo;ordre en cas de contr\u00f4les d&rsquo;identit\u00e9. Le risque \u00e9tant l&rsquo;arrestation et la saisie des sommes transport\u00e9es. De 1942 \u00e0 la fin de la guerre, les \u0153uvres juives per\u00e7oivent pas moins de 500 000 francs par mois de la part du Joint.<\/p>\n<p align=\"justify\">Les \u0153uvres juives b\u00e9n\u00e9ficient \u00e9galement de fonds publics non n\u00e9gligeables pour appuyer leurs actions humanitaires. Les <a title=\"Les \u00c9claireurs isra\u00e9lites de France\u00a0(EIF)\" href=\"http:\/\/blogs.univ-jfc.fr\/campsdusudouest\/les-camps-et-leur-environnement\/les-humanitaires\/les-financements-des-oeuvres-juives\/les-eclaireurs-israelites-de-france-eif\/\">\u00c9claireurs isra\u00e9lites<\/a> de France re\u00e7oivent l&rsquo;approbation des services publics dans le cadre de leur \u00ab\u00a0plan de retour \u00e0 la terre\u00a0\u00bb qui consiste \u00e0 former des jeunes juifs aux m\u00e9tiers agricoles. Pour mener \u00e0 bien cette mission, les \u00e9claireurs s&rsquo;installent sur des terres en friches avec le consentement des pr\u00e9fectures et du Minist\u00e8re de l&rsquo;Agriculture.<\/p>\n<p align=\"justify\">Le gouvernement de Vichy n&rsquo;entrave pas les actions humanitaires juives dans la mesure o\u00f9 elles peuvent \u00eatre b\u00e9n\u00e9fiques \u00e0 l&rsquo;\u00c9tat. La prise en charge des intern\u00e9s par les \u0153uvres priv\u00e9es permet \u00e0 l&rsquo;\u00c9tat de ne pas avoir \u00e0 assurer lui m\u00eame l&rsquo;entretien de ces populations. C&rsquo;est donc par pragmatisme que le r\u00e9gime de Vichy accepte de coop\u00e9rer avec les associations juives. L&rsquo;Organisation de Reconstruction du Travail (ORT) met en place des ateliers professionnels dans les camps pour former une main d\u2019\u0153uvre qui puisse se rendre utile \u00e0 l&rsquo;\u00c9tat. Dans un contexte de p\u00e9nurie de mobilier dans les camps, les ateliers de l&rsquo;ORT sont l&rsquo;occasion pour l&rsquo;\u00c9tat de confectionner des meubles \u00e0 moindre co\u00fbt. Le minist\u00e8re de l&rsquo;Int\u00e9rieur accepte d&rsquo;assumer les d\u00e9penses d&rsquo;\u00e9lectricit\u00e9 et de fournir \u00e0 l&rsquo;association les locaux n\u00e9cessaires \u00e0 l&rsquo;implantation des ateliers. Les \u0153uvres juives coop\u00e8rent sans difficult\u00e9s avec le Secours National, l&rsquo;association humanitaire d&rsquo;\u00c9tat par excellence. A partir de 1943, le Minist\u00e8re de l&rsquo;Int\u00e9rieur confisque le mobilier des \u0153uvres juives (les locaux appartiennent \u00e0 l&rsquo;\u00c9tat mais les ateliers sont la propri\u00e9t\u00e9 de l&rsquo;ORT) en raison du durcissement de la politique de r\u00e9pression contre les juifs. Vichy \u00e0 partir de 1943 pr\u00e9f\u00e8re confier les missions humanitaires des \u0153uvres juives au Secours National. Les \u0153uvres juives ne peuvent compter que sur leurs financements priv\u00e9s apr\u00e8s les grandes rafles d&rsquo;ao\u00fbt 1942.<\/p>\n<p align=\"justify\">Une fois la guerre termin\u00e9e le Joint s&rsquo;engage dans une vaste action sociale via une \u0153uvre sp\u00e9cialement cr\u00e9\u00e9e \u00e0 cet effet, le COJASOR (Comit\u00e9 juif d&rsquo;action sociale et de reconstruction). Le COJASOR dirige plusieurs \u00e9tablissements dans toute la France destin\u00e9s en priorit\u00e9 \u00e0 accueillir les personnes \u00e2g\u00e9es les plus d\u00e9munies. Les seniors sont log\u00e9s dans des maisons de retraite et ont acc\u00e8s \u00e0 des maisons de la culture dans toute la France. L&rsquo;association met \u00e9galement en place des bourses et des pr\u00eats pour les \u00e9tudiants. Elle interc\u00e8de aupr\u00e8s des \u00c9tats pour obtenir des indemnisations aux rescap\u00e9s de la Shoah. Environ 20 000 personnes sont soutenues par l&rsquo;action sociale du COJASOR.<\/p>\n<div id=\"attachment_3862\" style=\"width: 212px\" class=\"wp-caption aligncenter\"><a href=\"http:\/\/blogs.univ-jfc.fr\/campsdusudouest\/wp-content\/uploads\/sites\/48\/2016\/03\/cojasor.jpg\"><img aria-describedby=\"caption-attachment-3862\" loading=\"lazy\" class=\"size-medium wp-image-3862 \" title=\"http:\/\/ajl.celeonet.fr\/docs\/cojasor.JPG\" alt=\"Couverture du livre de Sandra Marc repr\u00e9sentant les maisons de repos du Cojasor de Lacaune.\" src=\"http:\/\/blogs.univ-jfc.fr\/campsdusudouest\/wp-content\/uploads\/sites\/48\/2016\/03\/cojasor-202x300.jpg\" width=\"202\" height=\"300\" srcset=\"https:\/\/blogs.univ-jfc.fr\/campsdusudouest\/wp-content\/uploads\/sites\/48\/2016\/03\/cojasor-202x300.jpg 202w, https:\/\/blogs.univ-jfc.fr\/campsdusudouest\/wp-content\/uploads\/sites\/48\/2016\/03\/cojasor.jpg 547w\" sizes=\"(max-width: 202px) 100vw, 202px\" \/><\/a><p id=\"caption-attachment-3862\" class=\"wp-caption-text\">Couverture du livre de Sandra Marc repr\u00e9sentant la maison de repos du Cojasor de Lacaune.<\/p><\/div>\n<p style=\"text-align: center\">\n","protected":false},"excerpt":{"rendered":"<p>L&rsquo;action humanitaire juive a pu \u00eatre aussi diversifi\u00e9e et aussi massive uniquement gr\u00e2ce \u00e0 des moyens financiers consid\u00e9rables. L&rsquo;urgence de la situation des juifs fran\u00e7ais et \u00e9trangers dans les camps d&rsquo;internement du Sud-Ouest n\u00e9cessite de mobiliser des moyens humains et &hellip; <a href=\"https:\/\/blogs.univ-jfc.fr\/campsdusudouest\/les-camps-et-leur-environnement\/les-humanitaires\/les-financements-des-oeuvres-juives\/\">Lire la suite <span class=\"meta-nav\">&rarr;<\/span><\/a><\/p>\n","protected":false},"author":203,"featured_media":0,"parent":123,"menu_order":0,"comment_status":"closed","ping_status":"open","template":"","meta":[],"_links":{"self":[{"href":"https:\/\/blogs.univ-jfc.fr\/campsdusudouest\/wp-json\/wp\/v2\/pages\/1077"}],"collection":[{"href":"https:\/\/blogs.univ-jfc.fr\/campsdusudouest\/wp-json\/wp\/v2\/pages"}],"about":[{"href":"https:\/\/blogs.univ-jfc.fr\/campsdusudouest\/wp-json\/wp\/v2\/types\/page"}],"author":[{"embeddable":true,"href":"https:\/\/blogs.univ-jfc.fr\/campsdusudouest\/wp-json\/wp\/v2\/users\/203"}],"replies":[{"embeddable":true,"href":"https:\/\/blogs.univ-jfc.fr\/campsdusudouest\/wp-json\/wp\/v2\/comments?post=1077"}],"version-history":[{"count":12,"href":"https:\/\/blogs.univ-jfc.fr\/campsdusudouest\/wp-json\/wp\/v2\/pages\/1077\/revisions"}],"predecessor-version":[{"id":4561,"href":"https:\/\/blogs.univ-jfc.fr\/campsdusudouest\/wp-json\/wp\/v2\/pages\/1077\/revisions\/4561"}],"up":[{"embeddable":true,"href":"https:\/\/blogs.univ-jfc.fr\/campsdusudouest\/wp-json\/wp\/v2\/pages\/123"}],"wp:attachment":[{"href":"https:\/\/blogs.univ-jfc.fr\/campsdusudouest\/wp-json\/wp\/v2\/media?parent=1077"}],"curies":[{"name":"wp","href":"https:\/\/api.w.org\/{rel}","templated":true}]}}