{"id":1107,"date":"2016-03-10T09:52:31","date_gmt":"2016-03-10T08:52:31","guid":{"rendered":"http:\/\/blogs.univ-jfc.fr\/campsdusudouest\/?page_id=1107"},"modified":"2016-04-13T23:44:26","modified_gmt":"2016-04-13T22:44:26","slug":"lugif-et-les-rapports-entre-etat-et-oeuvres","status":"publish","type":"page","link":"https:\/\/blogs.univ-jfc.fr\/campsdusudouest\/les-camps-et-leur-environnement\/les-humanitaires\/lugif-et-les-rapports-entre-etat-et-oeuvres\/","title":{"rendered":"L&rsquo;UGIF et les rapports entre \u00c9tat et \u0153uvres"},"content":{"rendered":"<p align=\"justify\">La cr\u00e9ation de l&rsquo;Union g\u00e9n\u00e9rale de isra\u00e9lites de France le 29 mars 1941 marque un tournant majeur dans l&rsquo;aide humanitaire juive. Toutes les \u0153uvres juives sont dissoutes de force et sont incorpor\u00e9es dans un organe qui repr\u00e9sente la communaut\u00e9 juive de France dans sa totalit\u00e9. Cette institution repr\u00e9sente la tentative de mainmise du pouvoir de Vichy sur l&rsquo;action humanitaire juive priv\u00e9e. La cr\u00e9ation de l&rsquo;UGIF a \u00e9t\u00e9 ordonn\u00e9e par l&rsquo;Allemagne, ce n&rsquo;est donc pas une initiative fran\u00e7aise. L&rsquo;UGIF constitue \u00e0 partir de la fin de l&rsquo;ann\u00e9e 1941 le seul interm\u00e9diaire entre les juifs fran\u00e7ais et les autorit\u00e9s vichyssoises. Cette institution est directement sous la tutelle du Minist\u00e8re de l&rsquo;Int\u00e9rieur. Le conseil d\u2019administration de l&rsquo;UGIF est n\u00e9anmoins constitu\u00e9 de personnalit\u00e9s \u00e9minentes de l&rsquo;humanitaire juif. Les \u0153uvres ne perdent donc pas totalement leur ind\u00e9pendance.Les humanitaires travaillent d\u00e9sormais officiellement pour Vichy mais ils tentent de trouver un compromis entre la transparence exig\u00e9e par Vichy (au profit de l&rsquo;Allemagne) et l&rsquo;autonomie n\u00e9cessaire \u00e0 une aide humanitaire de qualit\u00e9. Concr\u00e8tement, le fonctionnement des oeuvres n&rsquo;est pas r\u00e9ellement affect\u00e9 par la cr\u00e9ation de l&rsquo;UGIF. Le principal inconv\u00e9nient r\u00e9side dans le fait que toutes les informations d\u00e9tenues par les \u0153uvres concernant les intern\u00e9s lib\u00e9r\u00e9s et pris en charge par celles-ci sont accessibles aux services de Vichy et en dernier lieu \u00e0 l&rsquo;Allemagne<a href=\"#sdfootnote1sym\" name=\"sdfootnote1anc\"><\/a>. L&rsquo;UGIF est charg\u00e9e de r\u00e9colter la somme d&rsquo;un milliard de francs exig\u00e9e par l&rsquo;Allemagne \u00e0 titre d&rsquo;amende contre la communaut\u00e9 juive fran\u00e7aise. Les fonds capt\u00e9s par les \u0153uvres juives appartiennent d\u00e9sormais en th\u00e9orie \u00e0 l&rsquo;UGIF. En pratique, les \u0153uvres priv\u00e9es font appel \u00e0 du personnel inconnu des services de l&rsquo;UGIF \u00e0 partir de l&rsquo;ann\u00e9e 1943 pour r\u00e9colter l&rsquo;argent du Joint.<\/p>\n<p align=\"justify\">L&rsquo;UGIF est consid\u00e9r\u00e9e par Maurice Rajsfus comme une institution ayant facilit\u00e9 les pers\u00e9cutions contre les juifs dans son ouvrage <i>Des juifs dans la collaboration. L&rsquo;UGIF 1941-1944. <\/i>La principale critique adress\u00e9e \u00e0 l&rsquo;UGIF est de ne pas avoir pris au s\u00e9rieux la menace que constituait le r\u00e9gime de Vichy pour les juifs de France. Le mandat de Raymond Raoul-Lambert \u00e0 la pr\u00e9sidence de l&rsquo;UGIF dans la zone Sud est marqu\u00e9 par sa volont\u00e9 de pacifier les rapports avec l&rsquo;\u00c9tat et de se conformer \u00e0 la l\u00e9gislation anti-juive de Vichy (Les juifs de France se sentent avant tout fran\u00e7ais et le mar\u00e9chal P\u00e9tain jouit encore d&rsquo;une grande cr\u00e9dibilit\u00e9 aupr\u00e8s d&rsquo;eux avant les rafles de l&rsquo;\u00e9t\u00e9 1942).<\/p>\n<div id=\"attachment_949\" style=\"width: 310px\" class=\"wp-caption aligncenter\"><a href=\"http:\/\/blogs.univ-jfc.fr\/campsdusudouest\/wp-content\/uploads\/sites\/48\/2016\/03\/7-Raymond-Raoul-Lambert.jpg\"><img aria-describedby=\"caption-attachment-949\" loading=\"lazy\" class=\"size-medium wp-image-949 \" alt=\"Raymond-Raoul Lambert\" src=\"http:\/\/blogs.univ-jfc.fr\/campsdusudouest\/wp-content\/uploads\/sites\/48\/2016\/03\/7-Raymond-Raoul-Lambert-300x177.jpg\" width=\"300\" height=\"177\" srcset=\"https:\/\/blogs.univ-jfc.fr\/campsdusudouest\/wp-content\/uploads\/sites\/48\/2016\/03\/7-Raymond-Raoul-Lambert-300x177.jpg 300w, https:\/\/blogs.univ-jfc.fr\/campsdusudouest\/wp-content\/uploads\/sites\/48\/2016\/03\/7-Raymond-Raoul-Lambert-500x296.jpg 500w, https:\/\/blogs.univ-jfc.fr\/campsdusudouest\/wp-content\/uploads\/sites\/48\/2016\/03\/7-Raymond-Raoul-Lambert.jpg 725w\" sizes=\"(max-width: 300px) 100vw, 300px\" \/><\/a><p id=\"caption-attachment-949\" class=\"wp-caption-text\">Raymond-Raoul Lambert<\/p><\/div>\n<p align=\"justify\">L&rsquo;UGIF est d\u00e9cri\u00e9e pour son inaction et son incapacit\u00e9 \u00e0 prendre position contre l&rsquo;\u00c9tat malgr\u00e9 les pers\u00e9cutions r\u00e9elles men\u00e9es par Vichy. Jamais la fermeture des maisons de l&rsquo;OSE n&rsquo;est ordonn\u00e9e pour prot\u00e9ger les enfants des rafles. Le gouvernement de Vichy conf\u00e8re une immunit\u00e9 politique \u00e0 toutes les personnes travaillant au sein de l&rsquo;UGIF, ces personnes ne peuvent pas \u00eatre inqui\u00e9t\u00e9es en raison de leurs origines juives et ne peuvent pas subir les cons\u00e9quences de la politique r\u00e9pressive mise en place par l&rsquo;\u00c9tat. Dans les faits, bien qu&rsquo;utile \u00e0 l&rsquo;Allemagne, le personnel de l&rsquo;UGIF n&rsquo;\u00e9chappe pas aux pers\u00e9cutions. Le 9 f\u00e9vrier 1943, le bureau de l&rsquo;UGIF situ\u00e9 \u00e0 Lyon est victime d&rsquo;une descente de la part de la Gestapo et 84 personnes sont arr\u00eat\u00e9es. La plupart d&rsquo;entre elles sont d\u00e9port\u00e9es vers les camps de la mort. L&rsquo;Allemagne d\u00e9couvre au moment de cette descente les liens qu&rsquo;entretient l&rsquo;UGIF avec les fili\u00e8res clandestines de l&rsquo;humanitaire juif<a href=\"#sdfootnote2sym\" name=\"sdfootnote2anc\"><\/a>. L&rsquo;UGIF m\u00e8ne ainsi une v\u00e9ritable action humanitaire clandestine malgr\u00e9 son apparente complicit\u00e9 avec l&rsquo;\u00c9tat. Le parcours singulier de Raymond-Raoul Lambert et sa fin tragique d\u00e9montre que l&rsquo;UGIF ne peut pas \u00eatre qualifi\u00e9e d&rsquo;organe purement collaborationniste. Serge Klarsfeld se pose la question suivante pour mesurer le caract\u00e8re humanitaire ou collaborationniste de l&rsquo;UGIF : \u00abCombien de Juifs doivent leur arrestation \u00e0 leurs relations avec l\u2019UGIF et combien doivent leur survie \u00e0 l\u2019activit\u00e9 de l\u2019UGIF?<a href=\"#sdfootnote3sym\" name=\"sdfootnote3anc\"><\/a>\u00bb. Ce sont finalement ces rapports ambigus qu&rsquo;entretient l&rsquo;UGIF repr\u00e9sentante des juifs de France avec le r\u00e9gime de Vichy qui pousse les \u0153uvres juives \u00e0 s&rsquo;\u00e9manciper de la tutelle de cette institution cr\u00e9\u00e9e contre leur volont\u00e9 pour s&rsquo;orienter vers une action humanitaire clandestine.<\/p>\n<div id=\"sdfootnote1\"><\/div>\n<p>&nbsp;<\/p>\n","protected":false},"excerpt":{"rendered":"<p>La cr\u00e9ation de l&rsquo;Union g\u00e9n\u00e9rale de isra\u00e9lites de France le 29 mars 1941 marque un tournant majeur dans l&rsquo;aide humanitaire juive. Toutes les \u0153uvres juives sont dissoutes de force et sont incorpor\u00e9es dans un organe qui repr\u00e9sente la communaut\u00e9 juive &hellip; <a href=\"https:\/\/blogs.univ-jfc.fr\/campsdusudouest\/les-camps-et-leur-environnement\/les-humanitaires\/lugif-et-les-rapports-entre-etat-et-oeuvres\/\">Lire la suite <span class=\"meta-nav\">&rarr;<\/span><\/a><\/p>\n","protected":false},"author":203,"featured_media":0,"parent":123,"menu_order":0,"comment_status":"closed","ping_status":"open","template":"","meta":[],"_links":{"self":[{"href":"https:\/\/blogs.univ-jfc.fr\/campsdusudouest\/wp-json\/wp\/v2\/pages\/1107"}],"collection":[{"href":"https:\/\/blogs.univ-jfc.fr\/campsdusudouest\/wp-json\/wp\/v2\/pages"}],"about":[{"href":"https:\/\/blogs.univ-jfc.fr\/campsdusudouest\/wp-json\/wp\/v2\/types\/page"}],"author":[{"embeddable":true,"href":"https:\/\/blogs.univ-jfc.fr\/campsdusudouest\/wp-json\/wp\/v2\/users\/203"}],"replies":[{"embeddable":true,"href":"https:\/\/blogs.univ-jfc.fr\/campsdusudouest\/wp-json\/wp\/v2\/comments?post=1107"}],"version-history":[{"count":6,"href":"https:\/\/blogs.univ-jfc.fr\/campsdusudouest\/wp-json\/wp\/v2\/pages\/1107\/revisions"}],"predecessor-version":[{"id":4563,"href":"https:\/\/blogs.univ-jfc.fr\/campsdusudouest\/wp-json\/wp\/v2\/pages\/1107\/revisions\/4563"}],"up":[{"embeddable":true,"href":"https:\/\/blogs.univ-jfc.fr\/campsdusudouest\/wp-json\/wp\/v2\/pages\/123"}],"wp:attachment":[{"href":"https:\/\/blogs.univ-jfc.fr\/campsdusudouest\/wp-json\/wp\/v2\/media?parent=1107"}],"curies":[{"name":"wp","href":"https:\/\/api.w.org\/{rel}","templated":true}]}}