{"id":115,"date":"2016-01-30T08:38:59","date_gmt":"2016-01-30T07:38:59","guid":{"rendered":"http:\/\/blogs.univ-jfc.fr\/campsdusudouest\/?page_id=115"},"modified":"2016-03-31T08:32:17","modified_gmt":"2016-03-31T07:32:17","slug":"hommes-et-femmes-des-camps","status":"publish","type":"page","link":"https:\/\/blogs.univ-jfc.fr\/campsdusudouest\/hommes-et-femmes-des-camps\/","title":{"rendered":"Hommes et femmes des camps"},"content":{"rendered":"<p align=\"justify\">Lorsque l&rsquo;on parle des camps, nous pensons en premier lieu aux intern\u00e9s or, ces lieux ne peuvent fonctionner sans le personnel qui encadre les prisonniers.<\/p>\n<p align=\"justify\">Les camps d&rsquo;internement d\u00e9coulent d&rsquo;une \u00e9volution de la politique anti-r\u00e9fugi\u00e9s depuis 1933. Cette politique s&rsquo;amplifie avec la cr\u00e9ation des camps \u00e0 partir de la retirada et prend des proportions massives sous le r\u00e9gime de Vichy. Ainsi, ils regroupent deux grandes cat\u00e9gories d&rsquo;hommes et de femmes. D&rsquo;un c\u00f4t\u00e9, <a title=\"Les intern\u00e9s\" href=\"http:\/\/blogs.univ-jfc.fr\/campsdusudouest\/hommes-et-femmes-des-camps\/les-internes\/\">les intern\u00e9s<\/a> et de l&rsquo;autre, <a title=\"Le personnel des camps\" href=\"http:\/\/blogs.univ-jfc.fr\/campsdusudouest\/hommes-et-femmes-des-camps\/le-personnel-des-camps\/\">les personnes employ\u00e9es dans les camps<\/a>.<\/p>\n<div id=\"attachment_1267\" style=\"width: 375px\" class=\"wp-caption alignleft\"><a href=\"http:\/\/blogs.univ-jfc.fr\/campsdusudouest\/wp-content\/uploads\/sites\/48\/2016\/01\/Des-interne\u0301s-du-Camp-de-Septfonds-encadre\u0301s-par-des-gardiens-et-des-se\u0301ne\u0301galais-personnel-des-camps.jpg\"><img aria-describedby=\"caption-attachment-1267\" loading=\"lazy\" class=\" wp-image-1267     \" title=\"(source : http:\/\/www.loldf.org\/spip.php?article125)\" alt=\"1. Des intern\u00e9s du camp de Septfonds encadr\u00e9s par des gardiens et des s\u00e9n\u00e9galais.\" src=\"http:\/\/blogs.univ-jfc.fr\/campsdusudouest\/wp-content\/uploads\/sites\/48\/2016\/01\/Des-interne\u0301s-du-Camp-de-Septfonds-encadre\u0301s-par-des-gardiens-et-des-se\u0301ne\u0301galais-personnel-des-camps-300x203.jpg\" width=\"365\" height=\"251\" \/><\/a><p id=\"caption-attachment-1267\" class=\"wp-caption-text\">Des interne\u0301s du camp de Septfonds encadre\u0301s par des gardiens et des soldats se\u0301ne\u0301galais.<\/p><\/div>\n<p align=\"justify\">L&rsquo;arriv\u00e9e massive d&rsquo;espagnols en 1938 engendre des probl\u00e8mes de gestion en ce qui concerne l&rsquo;accueil des r\u00e9fugi\u00e9s. C&rsquo;est \u00e0 partir de ce moment-l\u00e0 que des camps d&rsquo;h\u00e9bergement sont mis en place par le gouvernement Daladier. Ces camps font des hommes de v\u00e9ritables prisonniers du fait des conditions de vie pr\u00e9caires. Avec la d\u00e9claration de guerre on passe d&rsquo;une politique d&rsquo;h\u00e9bergement \u00e0 une politique d&rsquo;internement administratif. La d\u00e9faite et l&rsquo;arriv\u00e9e de P\u00e9tain au pouvoir marquent un tournant dans l&rsquo;internement qui devient syst\u00e9matique et qui adopte de nouveaux crit\u00e8res de s\u00e9lection des intern\u00e9s. Le nombre important d&rsquo;intern\u00e9s n\u00e9cessite donc un personnel complet recrut\u00e9 par Vichy. Les autorit\u00e9s publiques successives instaurent une hi\u00e9rarchie pr\u00e9cise du personnel. \u00c0 la t\u00eate des camps nous retrouvons le personnel administratif charg\u00e9 de coordonner toutes les actions ou les services dans les \u00ab\u00a0centres d&rsquo;h\u00e9bergement administratif\u00a0\u00bb\u00a0: comme le personnel de surveillance, le personnel soignant ou les accompagnateurs religieux.<\/p>\n<p align=\"justify\">\n","protected":false},"excerpt":{"rendered":"<p>Lorsque l&rsquo;on parle des camps, nous pensons en premier lieu aux intern\u00e9s or, ces lieux ne peuvent fonctionner sans le personnel qui encadre les prisonniers. Les camps d&rsquo;internement d\u00e9coulent d&rsquo;une \u00e9volution de la politique anti-r\u00e9fugi\u00e9s depuis 1933. Cette politique s&rsquo;amplifie &hellip; <a href=\"https:\/\/blogs.univ-jfc.fr\/campsdusudouest\/hommes-et-femmes-des-camps\/\">Lire la suite <span class=\"meta-nav\">&rarr;<\/span><\/a><\/p>\n","protected":false},"author":15,"featured_media":0,"parent":0,"menu_order":0,"comment_status":"closed","ping_status":"open","template":"","meta":[],"_links":{"self":[{"href":"https:\/\/blogs.univ-jfc.fr\/campsdusudouest\/wp-json\/wp\/v2\/pages\/115"}],"collection":[{"href":"https:\/\/blogs.univ-jfc.fr\/campsdusudouest\/wp-json\/wp\/v2\/pages"}],"about":[{"href":"https:\/\/blogs.univ-jfc.fr\/campsdusudouest\/wp-json\/wp\/v2\/types\/page"}],"author":[{"embeddable":true,"href":"https:\/\/blogs.univ-jfc.fr\/campsdusudouest\/wp-json\/wp\/v2\/users\/15"}],"replies":[{"embeddable":true,"href":"https:\/\/blogs.univ-jfc.fr\/campsdusudouest\/wp-json\/wp\/v2\/comments?post=115"}],"version-history":[{"count":13,"href":"https:\/\/blogs.univ-jfc.fr\/campsdusudouest\/wp-json\/wp\/v2\/pages\/115\/revisions"}],"predecessor-version":[{"id":4027,"href":"https:\/\/blogs.univ-jfc.fr\/campsdusudouest\/wp-json\/wp\/v2\/pages\/115\/revisions\/4027"}],"wp:attachment":[{"href":"https:\/\/blogs.univ-jfc.fr\/campsdusudouest\/wp-json\/wp\/v2\/media?parent=115"}],"curies":[{"name":"wp","href":"https:\/\/api.w.org\/{rel}","templated":true}]}}