{"id":1160,"date":"2016-03-10T10:12:19","date_gmt":"2016-03-10T09:12:19","guid":{"rendered":"http:\/\/blogs.univ-jfc.fr\/campsdusudouest\/?page_id=1160"},"modified":"2016-04-13T23:29:30","modified_gmt":"2016-04-13T22:29:30","slug":"laction-de-loeuvre-de-secours-aux-enfants-ose","status":"publish","type":"page","link":"https:\/\/blogs.univ-jfc.fr\/campsdusudouest\/les-camps-et-leur-environnement\/les-humanitaires\/laction-de-loeuvre-de-secours-aux-enfants-ose\/","title":{"rendered":"L&rsquo;action de l&rsquo;Oeuvre de secours aux enfants (OSE)"},"content":{"rendered":"<p align=\"justify\">D\u00e8s 1940, l&rsquo;Oeuvre de secours aux enfants (OSE) consacre une action humanitaire \u00e0 l&rsquo;int\u00e9rieur des camps d&rsquo;internement en faveur des enfants. Cette association juive essaie, malgr\u00e9 de faibles aides financi\u00e8res, de prendre en charge les enfants \u00e0 l&rsquo;int\u00e9rieur des camps mais aussi \u00e0 l&rsquo;ext\u00e9rieur. En d\u00e9cembre 1940, Joseph Weill, un des responsables de l&rsquo;association en Zone Sud, pr\u00e9sente le programme de lib\u00e9ration provisoire de certaines cat\u00e9gories de personnes (enfants et adolescents principalement). C&rsquo;est aussi \u00e0 ce moment l\u00e0 que l&rsquo;OSE met en place un r\u00e9seau d&rsquo;assistance m\u00e9dico-social dans le but d&rsquo;aider les enfants. Elle ouvre\u00a0 des locaux, notamment \u00e0 Gurs et \u00e0 Rivesaltes, o\u00f9 un local est am\u00e9nag\u00e9 pour les enfants.<\/p>\n<div id=\"attachment_943\" style=\"width: 310px\" class=\"wp-caption aligncenter\"><a href=\"http:\/\/blogs.univ-jfc.fr\/campsdusudouest\/wp-content\/uploads\/sites\/48\/2016\/03\/1-Camp-denfants-de-Rivesaltes.jpg\"><img aria-describedby=\"caption-attachment-943\" loading=\"lazy\" class=\"size-medium wp-image-943 \" title=\"http:\/\/search.archives.jdc.org\/multimedia\/Photos\/Web_Images\/NY_02339_dt1.jpg\" alt=\"Baraque d'enfants de Rivesaltes\" src=\"http:\/\/blogs.univ-jfc.fr\/campsdusudouest\/wp-content\/uploads\/sites\/48\/2016\/03\/1-Camp-denfants-de-Rivesaltes-300x227.jpg\" width=\"300\" height=\"227\" srcset=\"https:\/\/blogs.univ-jfc.fr\/campsdusudouest\/wp-content\/uploads\/sites\/48\/2016\/03\/1-Camp-denfants-de-Rivesaltes-300x227.jpg 300w, https:\/\/blogs.univ-jfc.fr\/campsdusudouest\/wp-content\/uploads\/sites\/48\/2016\/03\/1-Camp-denfants-de-Rivesaltes-395x300.jpg 395w, https:\/\/blogs.univ-jfc.fr\/campsdusudouest\/wp-content\/uploads\/sites\/48\/2016\/03\/1-Camp-denfants-de-Rivesaltes.jpg 427w\" sizes=\"(max-width: 300px) 100vw, 300px\" \/><\/a><p id=\"caption-attachment-943\" class=\"wp-caption-text\">Baraque d&rsquo;enfants de Rivesaltes<\/p><\/div>\n<p align=\"justify\">L\u2019\u0153uvre s&rsquo;attache aussi \u00e0 la cr\u00e9ation de baraques sp\u00e9ciales afin de leur assurer un rationnement plus important en nourriture en cas de cachexie ou de d\u00e9ficience pond\u00e9rale moins prononc\u00e9e. De plus, cela permet de les \u00e9loigner de la promiscuit\u00e9 des adultes. L&rsquo;OSE travaille \u00e9galement conjointement avec des rabbins qui s&rsquo;occupent essentiellement de la vie religieuse des camps. <a title=\"L\u2019action humanitaire des rabbins\" href=\"http:\/\/blogs.univ-jfc.fr\/campsdusudouest\/les-camps-et-leur-environnement\/les-humanitaires\/laction-de-loeuvre-de-secours-aux-enfants-ose\/laction-humanitaire-des-rabbins\/\">L&rsquo;action des rabbins<\/a> constitue un pan \u00e0 part de l&rsquo;humanitaire juif.<\/p>\n<div id=\"attachment_945\" style=\"width: 268px\" class=\"wp-caption aligncenter\"><a href=\"http:\/\/blogs.univ-jfc.fr\/campsdusudouest\/wp-content\/uploads\/sites\/48\/2016\/03\/4-Maiosn-Le-petit-monde.jpg\"><img aria-describedby=\"caption-attachment-945\" loading=\"lazy\" class=\"size-medium wp-image-945 \" title=\"http:\/\/search.archives.jdc.org\/multimedia\/Photos\/Web_Images\/NY_02322_dt1.jpg\" alt=\"Maison d'enfants &quot;Le petit monde&quot;\" src=\"http:\/\/blogs.univ-jfc.fr\/campsdusudouest\/wp-content\/uploads\/sites\/48\/2016\/03\/4-Maiosn-Le-petit-monde-258x300.jpg\" width=\"258\" height=\"300\" srcset=\"https:\/\/blogs.univ-jfc.fr\/campsdusudouest\/wp-content\/uploads\/sites\/48\/2016\/03\/4-Maiosn-Le-petit-monde-258x300.jpg 258w, https:\/\/blogs.univ-jfc.fr\/campsdusudouest\/wp-content\/uploads\/sites\/48\/2016\/03\/4-Maiosn-Le-petit-monde.jpg 332w\" sizes=\"(max-width: 258px) 100vw, 258px\" \/><\/a><p id=\"caption-attachment-945\" class=\"wp-caption-text\">Maison d&rsquo;enfants \u00ab\u00a0Le petit monde\u00a0\u00bb<\/p><\/div>\n<p align=\"justify\">\u00c0 Rivesaltes, chaque dossier de lib\u00e9ration d&rsquo;enfant est pr\u00e9par\u00e9 individuellement. Gr\u00e2ce \u00e0 ce travail minutieux, environ 30 \u00e0 60% des enfants pr\u00e9sents dans les maisons d&rsquo;accueil de l&rsquo;OSE sont issus des camps. Au d\u00e9but de son action en 1939, l&rsquo;OSE est d\u00e9j\u00e0 en charge d&rsquo;environ 300 enfants r\u00e9fugi\u00e9s et h\u00e9berg\u00e9s dans des homes lou\u00e9es ou mises \u00e0 disposition par des propri\u00e9taires \u00e0 titre de dons pour les accueillir.<\/p>\n<p align=\"justify\">De plus, en d\u00e9couvrant l&rsquo;insalubrit\u00e9 des baraques dans le camp de Gurs, l&rsquo;OSE d\u00e9cide de mettre en place une maison de passage, destin\u00e9e \u00e0 lib\u00e9rer le plus d&rsquo;enfants possible. La maison de Palavas-les-Flots devient un v\u00e9ritable centre de triage ainsi qu&rsquo;une maison relais o\u00f9 les enfants b\u00e9n\u00e9ficient pour la plupart d&rsquo;un retour relatif \u00e0 la libert\u00e9. Cette maison permet de procurer les premiers soins aux enfants avant qu&rsquo;ils soient amen\u00e9s dans un lieu d&rsquo;h\u00e9bergement. Cependant, l&rsquo;action de l&rsquo;OSE ne se limite pas \u00e0 la lib\u00e9ration des enfants. En effet, elle joue aussi un r\u00f4le \u00e9ducatif, notamment par la cr\u00e9ation de classes d&rsquo;\u00e9coles avec le concours de l&rsquo;ORT (Organisation de Reconstruction du Travail) qui fournit le mat\u00e9riel. L&rsquo;OSE prend conscience en ao\u00fbt 1942 de la n\u00e9cessit\u00e9 de penser, au-del\u00e0 du sauvetage imm\u00e9diat des enfants, \u00e0 leur s\u00e9curit\u00e9 future. Un enfant sorti des camps n&rsquo;est pas sauv\u00e9, il demeure un \u00ab\u00a0ind\u00e9sirable\u00a0\u00bb pour l&rsquo;\u00c9tat fran\u00e7ais et il est susceptible d&rsquo;\u00eatre intern\u00e9 de nouveau voire d\u00e9port\u00e9. L&rsquo;OSE prend alors la d\u00e9cision de concentrer son action sur le sauvetage des enfants de tous \u00e2ges.<\/p>\n<p align=\"justify\">De nombreux papiers sont n\u00e9cessaires pour faire sortir les enfants des camps. Cette entrave administrative freine lourdement l&rsquo;action de cette \u0153uvre et cela l&rsquo;incite \u00e0 envisager des solutions ill\u00e9gales pour obtenir des r\u00e9sultats plus concluants. Malgr\u00e9 tout, l\u2019\u0153uvre juive a un bilan extr\u00eamement positif concernant la lib\u00e9ration des enfants de moins de quinze ans. En novembre 1940, le nombre d&rsquo;enfants intern\u00e9s de z\u00e9ro \u00e0 quinze ans est pass\u00e9 de 5000 \u00e0 540 au moment de la grande rafle d&rsquo;ao\u00fbt 1942.<\/p>\n","protected":false},"excerpt":{"rendered":"<p>D\u00e8s 1940, l&rsquo;Oeuvre de secours aux enfants (OSE) consacre une action humanitaire \u00e0 l&rsquo;int\u00e9rieur des camps d&rsquo;internement en faveur des enfants. Cette association juive essaie, malgr\u00e9 de faibles aides financi\u00e8res, de prendre en charge les enfants \u00e0 l&rsquo;int\u00e9rieur des camps &hellip; <a href=\"https:\/\/blogs.univ-jfc.fr\/campsdusudouest\/les-camps-et-leur-environnement\/les-humanitaires\/laction-de-loeuvre-de-secours-aux-enfants-ose\/\">Lire la suite <span class=\"meta-nav\">&rarr;<\/span><\/a><\/p>\n","protected":false},"author":203,"featured_media":0,"parent":123,"menu_order":0,"comment_status":"closed","ping_status":"open","template":"","meta":[],"_links":{"self":[{"href":"https:\/\/blogs.univ-jfc.fr\/campsdusudouest\/wp-json\/wp\/v2\/pages\/1160"}],"collection":[{"href":"https:\/\/blogs.univ-jfc.fr\/campsdusudouest\/wp-json\/wp\/v2\/pages"}],"about":[{"href":"https:\/\/blogs.univ-jfc.fr\/campsdusudouest\/wp-json\/wp\/v2\/types\/page"}],"author":[{"embeddable":true,"href":"https:\/\/blogs.univ-jfc.fr\/campsdusudouest\/wp-json\/wp\/v2\/users\/203"}],"replies":[{"embeddable":true,"href":"https:\/\/blogs.univ-jfc.fr\/campsdusudouest\/wp-json\/wp\/v2\/comments?post=1160"}],"version-history":[{"count":8,"href":"https:\/\/blogs.univ-jfc.fr\/campsdusudouest\/wp-json\/wp\/v2\/pages\/1160\/revisions"}],"predecessor-version":[{"id":4559,"href":"https:\/\/blogs.univ-jfc.fr\/campsdusudouest\/wp-json\/wp\/v2\/pages\/1160\/revisions\/4559"}],"up":[{"embeddable":true,"href":"https:\/\/blogs.univ-jfc.fr\/campsdusudouest\/wp-json\/wp\/v2\/pages\/123"}],"wp:attachment":[{"href":"https:\/\/blogs.univ-jfc.fr\/campsdusudouest\/wp-json\/wp\/v2\/media?parent=1160"}],"curies":[{"name":"wp","href":"https:\/\/api.w.org\/{rel}","templated":true}]}}