{"id":117,"date":"2016-01-30T08:39:24","date_gmt":"2016-01-30T07:39:24","guid":{"rendered":"http:\/\/blogs.univ-jfc.fr\/campsdusudouest\/?page_id=117"},"modified":"2016-03-31T08:15:09","modified_gmt":"2016-03-31T07:15:09","slug":"le-personnel-des-camps","status":"publish","type":"page","link":"https:\/\/blogs.univ-jfc.fr\/campsdusudouest\/hommes-et-femmes-des-camps\/le-personnel-des-camps\/","title":{"rendered":"Le personnel des camps"},"content":{"rendered":"<p style=\"text-align: justify\">Lorsque nous \u00e9voquons les camps du Sud-Ouest de la France, le plus souvent nous pensons aux victimes, aux d\u00e9tenus et \u00e0 leurs conditions de d\u00e9tention. Mais que savons-nous des acteurs et des organisateurs de ces camps d&rsquo;internement ? Qui sont les responsables\u00a0? Qui encadre les camps ?<\/p>\n<p style=\"text-align: justify\">Dans les diff\u00e9rentes parties que nous vous proposons, nous allons voir que de l&rsquo;administration aux gardiens des camps il existait un syst\u00e8me complexe de surveillance et d\u2019affectation. Des hauts responsables de l&rsquo;<a title=\"Le Personnel Administratif\" href=\"http:\/\/blogs.univ-jfc.fr\/campsdusudouest\/hommes-et-femmes-des-camps\/le-personnel-des-camps\/le-personnel-administratif\/\">administration<\/a> jusqu&rsquo;au simple gardien en passant par la <a title=\"Le Personnel Religieux et Educatif\" href=\"http:\/\/blogs.univ-jfc.fr\/campsdusudouest\/hommes-et-femmes-des-camps\/le-personnel-des-camps\/le-personnel-religieux-et-educatif\/\">religion et l&rsquo;\u00e9ducation<\/a> ainsi que les soins <a title=\"Le Personnel M\u00e9dical\" href=\"http:\/\/blogs.univ-jfc.fr\/campsdusudouest\/hommes-et-femmes-des-camps\/le-personnel-des-camps\/le-personnel-medical\/\">m\u00e9dicaux<\/a>, il est \u00e9vident que leurs activit\u00e9s restent encore aujourd&rsquo;hui peu connues. Il en va de m\u00eame pour les gardiens, nous pouvons voir que ces <a title=\"Les acteurs de la surveillance\" href=\"http:\/\/blogs.univ-jfc.fr\/campsdusudouest\/hommes-et-femmes-des-camps\/le-personnel-des-camps\/les-acteurs-de-la-surveillance\/\">acteurs de la surveillance <\/a>font preuve de certaines <a title=\"L\u2019incomp\u00e9tence des gardiens\" href=\"http:\/\/blogs.univ-jfc.fr\/campsdusudouest\/hommes-et-femmes-des-camps\/le-personnel-des-camps\/lincompetence-des-gardiens\/\">incomp\u00e9tences<\/a> dans l\u2019exercice de leur fonction, ce qui peut entra\u00eener <a title=\"Un syst\u00e8me de surveillance d\u00e9faillant\" href=\"http:\/\/blogs.univ-jfc.fr\/campsdusudouest\/hommes-et-femmes-des-camps\/le-personnel-des-camps\/un-systeme-de-surveillance-defaillant\/\">une d\u00e9faillance dans la surveillance.<\/a><\/p>\n<div id=\"attachment_2142\" style=\"width: 274px\" class=\"wp-caption aligncenter\"><a href=\"http:\/\/blogs.univ-jfc.fr\/campsdusudouest\/wp-content\/uploads\/sites\/48\/2016\/03\/Organisation-des-services-Noe\u0301.png\"><img aria-describedby=\"caption-attachment-2142\" loading=\"lazy\" class=\"size-medium wp-image-2142 \" title=\"Source : Peschanski D., La France des camps. L'internement, Paris, Gallimard, 2002\" alt=\"Organisation des services du camp de No\u00e9\" src=\"http:\/\/blogs.univ-jfc.fr\/campsdusudouest\/wp-content\/uploads\/sites\/48\/2016\/03\/Organisation-des-services-Noe\u0301-264x300.png\" width=\"264\" height=\"300\" srcset=\"https:\/\/blogs.univ-jfc.fr\/campsdusudouest\/wp-content\/uploads\/sites\/48\/2016\/03\/Organisation-des-services-Noe\u0301-264x300.png 264w, https:\/\/blogs.univ-jfc.fr\/campsdusudouest\/wp-content\/uploads\/sites\/48\/2016\/03\/Organisation-des-services-Noe\u0301.png 616w\" sizes=\"(max-width: 264px) 100vw, 264px\" \/><\/a><p id=\"caption-attachment-2142\" class=\"wp-caption-text\">Organisation des services du camp de No\u00e9<\/p><\/div>\n","protected":false},"excerpt":{"rendered":"<p>Lorsque nous \u00e9voquons les camps du Sud-Ouest de la France, le plus souvent nous pensons aux victimes, aux d\u00e9tenus et \u00e0 leurs conditions de d\u00e9tention. Mais que savons-nous des acteurs et des organisateurs de ces camps d&rsquo;internement ? Qui sont &hellip; <a href=\"https:\/\/blogs.univ-jfc.fr\/campsdusudouest\/hommes-et-femmes-des-camps\/le-personnel-des-camps\/\">Lire la suite <span class=\"meta-nav\">&rarr;<\/span><\/a><\/p>\n","protected":false},"author":15,"featured_media":0,"parent":115,"menu_order":0,"comment_status":"closed","ping_status":"open","template":"","meta":[],"_links":{"self":[{"href":"https:\/\/blogs.univ-jfc.fr\/campsdusudouest\/wp-json\/wp\/v2\/pages\/117"}],"collection":[{"href":"https:\/\/blogs.univ-jfc.fr\/campsdusudouest\/wp-json\/wp\/v2\/pages"}],"about":[{"href":"https:\/\/blogs.univ-jfc.fr\/campsdusudouest\/wp-json\/wp\/v2\/types\/page"}],"author":[{"embeddable":true,"href":"https:\/\/blogs.univ-jfc.fr\/campsdusudouest\/wp-json\/wp\/v2\/users\/15"}],"replies":[{"embeddable":true,"href":"https:\/\/blogs.univ-jfc.fr\/campsdusudouest\/wp-json\/wp\/v2\/comments?post=117"}],"version-history":[{"count":12,"href":"https:\/\/blogs.univ-jfc.fr\/campsdusudouest\/wp-json\/wp\/v2\/pages\/117\/revisions"}],"predecessor-version":[{"id":3914,"href":"https:\/\/blogs.univ-jfc.fr\/campsdusudouest\/wp-json\/wp\/v2\/pages\/117\/revisions\/3914"}],"up":[{"embeddable":true,"href":"https:\/\/blogs.univ-jfc.fr\/campsdusudouest\/wp-json\/wp\/v2\/pages\/115"}],"wp:attachment":[{"href":"https:\/\/blogs.univ-jfc.fr\/campsdusudouest\/wp-json\/wp\/v2\/media?parent=117"}],"curies":[{"name":"wp","href":"https:\/\/api.w.org\/{rel}","templated":true}]}}