{"id":1184,"date":"2016-03-10T10:18:50","date_gmt":"2016-03-10T09:18:50","guid":{"rendered":"http:\/\/blogs.univ-jfc.fr\/campsdusudouest\/?page_id=1184"},"modified":"2016-04-11T17:58:46","modified_gmt":"2016-04-11T16:58:46","slug":"i-geographie-localisation-et-ravitaillement-des-camps-dinternement","status":"publish","type":"page","link":"https:\/\/blogs.univ-jfc.fr\/campsdusudouest\/les-camps-et-leur-environnement\/les-camps-et-leur-environnement-local\/i-geographie-localisation-et-ravitaillement-des-camps-dinternement\/","title":{"rendered":"Localisation et ravitaillement des camps d&rsquo;internement"},"content":{"rendered":"<p style=\"text-align: justify\">La majorit\u00e9 des camps \u00e9tait situ\u00e9e dans des villages de campagne relativement peu peupl\u00e9s afin de les cacher le plus possible de la population. Dans la majeure partie des cas, les camps \u00e9taient localis\u00e9s sur des plaines. Le terrain y \u00e9tait le plus souvent plat pour optimiser l&rsquo;organisation du camp. Il s&rsquo;agissait souvent de terrains argileux sur lesquels l&rsquo;agriculture \u00e9tait difficile voire impossible comme c&rsquo;\u00e9tait le cas \u00e0 Gurs. Dans les Basses Pyr\u00e9n\u00e9es (Pyr\u00e9n\u00e9es-Atlantiques), le village de Gurs, environ 520 habitants entre 1936 et 1946, abritait un camp important situ\u00e9 \u00e0 20 kilom\u00e8tres de Pau (environ 43 000 habitants dans la m\u00eame p\u00e9riode), \u00e0 10 kilom\u00e8tres d&rsquo;Oloron-Sainte-Marie (environ 10 000 habitants). Ce camp \u00e9tait plac\u00e9 dans une plaine sans aucune v\u00e9g\u00e9tation, c&rsquo;\u00e9tait un lieu humide et le sol du camp \u00e9tait souvent boueux. Le plan du camp \u00e9tait tr\u00e8s r\u00e9gulier : plan rectangulaire de 28 hectares (1400 m\u00e8tres de long et 200 m\u00e8tres de large). On recensait 382 baraquements avec des \u00eelots de 200 m\u00e8tres de long sur 100 m\u00e8tres de large. La cl\u00f4ture form\u00e9e de barbel\u00e9s \u00e9tait tr\u00e8s sommaire.<br \/>\nCes endroits \u00e9taient aliment\u00e9s facilement en eau, car situ\u00e9s proches de cours d&rsquo;eau : des rivi\u00e8res comme le Tarn, le Gave de Pau ou bien encore le ruisseau du Rieucros. Ces cours d&rsquo;eau servaient \u00e0 l&rsquo;\u00e9vacuation des eaux us\u00e9es et des d\u00e9chets.<\/p>\n<div id=\"attachment_1495\" style=\"width: 310px\" class=\"wp-caption aligncenter\"><a href=\"http:\/\/blogs.univ-jfc.fr\/campsdusudouest\/wp-content\/uploads\/sites\/48\/2016\/03\/Vue-g\u00e9n\u00e9rale-du-Camp-de-Gurs-\u00e0-la-fin-de-lann\u00e9e-1940..jpg\"><img aria-describedby=\"caption-attachment-1495\" loading=\"lazy\" class=\"size-medium wp-image-1495 \" title=\"http:\/\/www.campgurs.com\/default.asp?type=S&amp;savoirplus=1&amp;idsection=1\" alt=\"Vue g\u00e9n\u00e9rale du Camp de Gurs \u00e0 la fin de l'ann\u00e9e 1940.\" src=\"http:\/\/blogs.univ-jfc.fr\/campsdusudouest\/wp-content\/uploads\/sites\/48\/2016\/03\/Vue-g\u00e9n\u00e9rale-du-Camp-de-Gurs-\u00e0-la-fin-de-lann\u00e9e-1940.-300x134.jpg\" width=\"300\" height=\"134\" srcset=\"https:\/\/blogs.univ-jfc.fr\/campsdusudouest\/wp-content\/uploads\/sites\/48\/2016\/03\/Vue-g\u00e9n\u00e9rale-du-Camp-de-Gurs-\u00e0-la-fin-de-lann\u00e9e-1940.-300x134.jpg 300w, https:\/\/blogs.univ-jfc.fr\/campsdusudouest\/wp-content\/uploads\/sites\/48\/2016\/03\/Vue-g\u00e9n\u00e9rale-du-Camp-de-Gurs-\u00e0-la-fin-de-lann\u00e9e-1940.-500x224.jpg 500w, https:\/\/blogs.univ-jfc.fr\/campsdusudouest\/wp-content\/uploads\/sites\/48\/2016\/03\/Vue-g\u00e9n\u00e9rale-du-Camp-de-Gurs-\u00e0-la-fin-de-lann\u00e9e-1940..jpg 585w\" sizes=\"(max-width: 300px) 100vw, 300px\" \/><\/a><p id=\"caption-attachment-1495\" class=\"wp-caption-text\">Vue g\u00e9n\u00e9rale du Camp de Gurs \u00e0 la fin de l&rsquo;ann\u00e9e 1940.<\/p><\/div>\n<p style=\"text-align: justify\">Les camps \u00e9taient situ\u00e9s souvent pr\u00e8s d&rsquo;axes routiers et de lignes ferroviaires. En effet, cette strat\u00e9gie permettait d&rsquo;optimiser l&rsquo;acheminement des intern\u00e9s et le fonctionnement du camp. Les acc\u00e8s routiers et ferroviaires autour des camps ont d\u00fb \u00eatre <a title=\"Le r\u00f4le des axes de circulation\" href=\"http:\/\/blogs.univ-jfc.fr\/campsdusudouest\/les-camps-et-leur-environnement\/les-camps-et-leur-environnement-local\/i-geographie-localisation-et-ravitaillement-des-camps-dinternement\/le-role-des-axes-de-circulation\/\">d\u00e9velopp\u00e9s et am\u00e9lior\u00e9s<\/a>. Ces axes \u00e9taient vitaux pour le fonctionnement du camp notamment pour le d\u00e9placement des intern\u00e9s, du personnel, et surtout pour le ravitaillement.<br \/>\nLe ravitaillement se d\u00e9finit comme la nourriture, le bois, les v\u00eatements, l&rsquo;eau, le tabac&#8230; Il \u00e9tait assur\u00e9 par le directeur du camp gr\u00e2ce \u00e0 des services de transports. On distinguait deux types de ravitaillement : avant 1941, le ravitaillement \u00e9tait g\u00e9r\u00e9 par les entreprises locales. Par exemple, les boulangers livraient les doses quotidiennes, ils \u00e9taient autoris\u00e9s \u00e0 fournir de l&rsquo;alimentation fra\u00eeche aux camps. Apr\u00e8s 1941, suite \u00e0 une augmentation de l&rsquo;affluence des r\u00e9fugi\u00e9s, il s&rsquo;av\u00e9rait primordial de fournir un ravitaillement beaucoup plus important. Le directeur du camp fit donc appel \u00e0 d&rsquo;autres industries et aux grossistes r\u00e9gionaux qui fournissaient l&rsquo;alimentation aux camps.<br \/>\nL&rsquo;organisation du <a title=\"L\u2019organisation du ravitaillement par les administrations d\u2019Etat\" href=\"http:\/\/blogs.univ-jfc.fr\/campsdusudouest\/les-camps-et-leur-environnement\/les-camps-et-leur-environnement-local\/i-geographie-localisation-et-ravitaillement-des-camps-dinternement\/lorganisation-du-ravitaillement-par-les-administrations-detat\/\">ravitaillement<\/a> \u00e9tait assur\u00e9e par les administrations qui organisaient des groupements d\u00e9partementaux de r\u00e9partition, g\u00e9r\u00e9es par l&rsquo;Etat de Vichy. M\u00eame si leur demande \u00e9tait g\u00e9n\u00e9ralement \u00e9lev\u00e9e, les camps isol\u00e9s g\u00e9ographiquement \u00e9taient moins bien livr\u00e9s que ceux situ\u00e9s \u00e0 proximit\u00e9 des villes: ceci cr\u00e9ait des tensions entre les directeurs des camps et les administrations d&rsquo;Etat. Les produits industriels \u00e9taient r\u00e9partis entre diff\u00e9rentes zones de la r\u00e9gion selon le type de ravitaillement.<br \/>\nD&rsquo;autres proc\u00e9dures lourdes existaient, comme la restriction alimentaire, qui causait la mort de beaucoup de r\u00e9fugi\u00e9s, notamment en hiver. En effet, chaque r\u00e9fugi\u00e9 avait droit \u00e0 30 grammes de viande et de pain par jour, except\u00e9 les permissionnaires, les malades et les enfants qui avaient droit \u00e0 quelques faveurs. Cependant, cela restait tr\u00e8s insuffisant pour vivre confortablement.<br \/>\nEnfin, le ravitaillement des camps posait parfois quelques difficult\u00e9s. En effet, plusieurs camps n&rsquo;avaient pas de locaux pour stocker le ravitaillement, comme par exemple l&rsquo;entrep\u00f4t de tabac de Lavaur qui livrait les camps de Saint-Sulpice et de Brens situ\u00e9s \u00e0 plus de 15 kilom\u00e8tres. Ainsi, il fallait transporter les r\u00e9serves, sur de longues distances jusqu&rsquo;aux camps dont les acc\u00e8s routiers ou de voies ferr\u00e9es \u00e9taient parfois par des r\u00e9sistants. De plus, de fr\u00e9quentes p\u00e9nuries d&rsquo;essence pouvaient perturber le transport, privant de nourriture les intern\u00e9s durant plusieurs jours. Enfin, certains entrep\u00f4ts \u00e9taient pill\u00e9s ou \u00e9taient victimes d&rsquo;incendies.<\/p>\n","protected":false},"excerpt":{"rendered":"<p>La majorit\u00e9 des camps \u00e9tait situ\u00e9e dans des villages de campagne relativement peu peupl\u00e9s afin de les cacher le plus possible de la population. Dans la majeure partie des cas, les camps \u00e9taient localis\u00e9s sur des plaines. Le terrain y &hellip; <a href=\"https:\/\/blogs.univ-jfc.fr\/campsdusudouest\/les-camps-et-leur-environnement\/les-camps-et-leur-environnement-local\/i-geographie-localisation-et-ravitaillement-des-camps-dinternement\/\">Lire la suite <span class=\"meta-nav\">&rarr;<\/span><\/a><\/p>\n","protected":false},"author":194,"featured_media":0,"parent":125,"menu_order":0,"comment_status":"closed","ping_status":"open","template":"","meta":[],"_links":{"self":[{"href":"https:\/\/blogs.univ-jfc.fr\/campsdusudouest\/wp-json\/wp\/v2\/pages\/1184"}],"collection":[{"href":"https:\/\/blogs.univ-jfc.fr\/campsdusudouest\/wp-json\/wp\/v2\/pages"}],"about":[{"href":"https:\/\/blogs.univ-jfc.fr\/campsdusudouest\/wp-json\/wp\/v2\/types\/page"}],"author":[{"embeddable":true,"href":"https:\/\/blogs.univ-jfc.fr\/campsdusudouest\/wp-json\/wp\/v2\/users\/194"}],"replies":[{"embeddable":true,"href":"https:\/\/blogs.univ-jfc.fr\/campsdusudouest\/wp-json\/wp\/v2\/comments?post=1184"}],"version-history":[{"count":16,"href":"https:\/\/blogs.univ-jfc.fr\/campsdusudouest\/wp-json\/wp\/v2\/pages\/1184\/revisions"}],"predecessor-version":[{"id":4454,"href":"https:\/\/blogs.univ-jfc.fr\/campsdusudouest\/wp-json\/wp\/v2\/pages\/1184\/revisions\/4454"}],"up":[{"embeddable":true,"href":"https:\/\/blogs.univ-jfc.fr\/campsdusudouest\/wp-json\/wp\/v2\/pages\/125"}],"wp:attachment":[{"href":"https:\/\/blogs.univ-jfc.fr\/campsdusudouest\/wp-json\/wp\/v2\/media?parent=1184"}],"curies":[{"name":"wp","href":"https:\/\/api.w.org\/{rel}","templated":true}]}}