{"id":1185,"date":"2016-03-10T10:16:05","date_gmt":"2016-03-10T09:16:05","guid":{"rendered":"http:\/\/blogs.univ-jfc.fr\/campsdusudouest\/?page_id=1185"},"modified":"2016-04-08T14:40:26","modified_gmt":"2016-04-08T13:40:26","slug":"laction-clandestine","status":"publish","type":"page","link":"https:\/\/blogs.univ-jfc.fr\/campsdusudouest\/les-camps-et-leur-environnement\/les-humanitaires\/laction-clandestine\/","title":{"rendered":"L&rsquo;action clandestine"},"content":{"rendered":"<p align=\"justify\">L&rsquo;instauration du r\u00e9gime de Vichy, en juillet 1940, change durablement le sort des intern\u00e9s juifs. La politique anti-juive de l\u2019\u00c9tat fran\u00e7ais impose de nombreuses restrictions aux \u0153uvres humanitaires. L&rsquo;Allemagne dispose \u00e9galement d&rsquo;un droit de regard sur toutes les informations d\u00e9tenues dans les camps de la Zone Sud concernant les intern\u00e9s allemands. Les intern\u00e9s juifs des camps du Sud-Ouest sont majoritairement des ressortissants allemands. Vichy met en place une politique de contr\u00f4le accablante pour les \u0153uvres. Celles-ci sont forc\u00e9es d&rsquo;agir dans la transparence et donc de divulguer les informations concernant le personnel des \u0153uvres et les enfants pris en charge par les associations. Les rafles d\u2019ao\u00fbt 1942 orchestr\u00e9es par les autorit\u00e9s fran\u00e7aises rendent l&rsquo;action des organismes difficile. Le personnel juif des \u0153uvres est progressivement interdit de p\u00e9n\u00e9trer dans les camps d&rsquo;internement. Le docteur Kapel, m\u00e9decin de l\u2019Oeuvre de secours aux enfants est une de ces victimes du rejet de la part des administrations, des camps et du gouvernement fran\u00e7ais. Les rabbins ne peuvent plus exercer leurs fonctions d&rsquo;aum\u00f4niers dans les camps \u00e0 partir de 1943. Les \u0153uvres juives sont donc contraintes d&rsquo;engager du personnel non juif.<\/p>\n<p align=\"justify\">Les juifs autrefois en s\u00e9curit\u00e9 au sein des structures d&rsquo;accueil d&rsquo;enfants sont plus que jamais en danger. Il ne s&rsquo;agit plus seulement de les accueillir mais de les mettre en s\u00e9curit\u00e9 contre d&rsquo;\u00e9ventuelles man\u0153uvres de pers\u00e9cutions de la part de l&rsquo;\u00c9tat fran\u00e7ais ou des Allemands pr\u00e9sents en Zone Sud depuis le franchissement de la ligne de d\u00e9marcation en novembre 1942.<\/p>\n<p align=\"justify\">Face \u00e0 la menace grandissante, les \u0153uvres m\u00e8nent leurs actions dans l&rsquo;ill\u00e9galit\u00e9 la plus totale. La priorit\u00e9 se trouve dans la n\u00e9cessit\u00e9 de fausser l&rsquo;identit\u00e9 des individus juifs (personnel et enfants), c&rsquo;est la raison pour laquelle de v\u00e9ritables \u00ab\u00a0usines\u00a0\u00bb d&rsquo;\u00e9laboration de faux papiers sont mises en place. Les principaux falsificateurs de papiers d&rsquo;identit\u00e9 sont les \u00c9claireurs isra\u00e9lites de France qui organisent le r\u00e9seau de r\u00e9sistance juive appel\u00e9 \u00abLa Sixi\u00e8me\u00a0\u00bb.<\/p>\n<div id=\"attachment_1249\" style=\"width: 125px\" class=\"wp-caption alignleft\"><a href=\"http:\/\/blogs.univ-jfc.fr\/campsdusudouest\/wp-content\/uploads\/sites\/48\/2016\/03\/12-Georges-Garel1.jpg\"><img aria-describedby=\"caption-attachment-1249\" loading=\"lazy\" class=\"size-full wp-image-1249 \" alt=\"Georges Garel\" src=\"http:\/\/blogs.univ-jfc.fr\/campsdusudouest\/wp-content\/uploads\/sites\/48\/2016\/03\/12-Georges-Garel1.jpg\" width=\"115\" height=\"145\" \/><\/a><p id=\"caption-attachment-1249\" class=\"wp-caption-text\">Le fondateur du r\u00e9seau, George Garel.<\/p><\/div>\n<p align=\"justify\">L&rsquo;OSE met en place un r\u00e9seau clandestin d&rsquo;\u00e9vacuation des enfants, le r\u00e9seau Garel du nom de son fondateur. Ce syst\u00e8me se divise en deux branches : l&rsquo;une a pour mission de r\u00e9pondre aux besoins des enfants en biens de premi\u00e8re n\u00e9cessit\u00e9 et de les maintenir en contact avec leurs familles. L&rsquo;autre branche se charge de leur fournir des papiers d&rsquo;identit\u00e9 et de les \u00e9vacuer vers des lieux plus s\u00fbrs (g\u00e9n\u00e9ralement en Suisse) o\u00f9 ils ne peuvent craindre les contr\u00f4les de police et les descentes dans les locaux des \u0153uvres. En dernier recours, les organismes font appel \u00e0 des filiales humanitaires \u00e9trang\u00e8res pour assurer l&rsquo;accueil des juifs \u00e9vacu\u00e9s de France. Quelques centaines d&rsquo;enfants \u00e9migrent ainsi vers les \u00c9tats-Unis gr\u00e2ce \u00e0 l&rsquo;action acharn\u00e9e de la HICEM (Soci\u00e9t\u00e9 d&rsquo;aide aux immigrants juifs) qui leur obtient des visas. Le bilan du r\u00e9seau Garel \u00e0 la fin de la guerre est flatteur puisque 1600 enfants ont pu \u00eatre sauv\u00e9s entre sa mise en place en d\u00e9cembre 1942 et la Lib\u00e9ration.<\/p>\n<div id=\"attachment_954\" style=\"width: 310px\" class=\"wp-caption aligncenter\"><a href=\"http:\/\/blogs.univ-jfc.fr\/campsdusudouest\/wp-content\/uploads\/sites\/48\/2016\/03\/9-Arriv\u00e9e-denfants-aux-Etats-Unis.jpg\"><img aria-describedby=\"caption-attachment-954\" loading=\"lazy\" class=\"size-medium wp-image-954 \" title=\"http:\/\/jewishtraces.org\/sauverlesenfants\/\" alt=\"Arriv\u00e9e d'enfants aux Etats-Unis\" src=\"http:\/\/blogs.univ-jfc.fr\/campsdusudouest\/wp-content\/uploads\/sites\/48\/2016\/03\/9-Arriv\u00e9e-denfants-aux-Etats-Unis-300x242.jpg\" width=\"300\" height=\"242\" srcset=\"https:\/\/blogs.univ-jfc.fr\/campsdusudouest\/wp-content\/uploads\/sites\/48\/2016\/03\/9-Arriv\u00e9e-denfants-aux-Etats-Unis-300x242.jpg 300w, https:\/\/blogs.univ-jfc.fr\/campsdusudouest\/wp-content\/uploads\/sites\/48\/2016\/03\/9-Arriv\u00e9e-denfants-aux-Etats-Unis-370x300.jpg 370w, https:\/\/blogs.univ-jfc.fr\/campsdusudouest\/wp-content\/uploads\/sites\/48\/2016\/03\/9-Arriv\u00e9e-denfants-aux-Etats-Unis.jpg 429w\" sizes=\"(max-width: 300px) 100vw, 300px\" \/><\/a><p id=\"caption-attachment-954\" class=\"wp-caption-text\">Arriv\u00e9e d&rsquo;enfants aux Etats-Unis<\/p><\/div>\n<p style=\"text-align: center\" align=\"justify\">\n","protected":false},"excerpt":{"rendered":"<p>L&rsquo;instauration du r\u00e9gime de Vichy, en juillet 1940, change durablement le sort des intern\u00e9s juifs. La politique anti-juive de l\u2019\u00c9tat fran\u00e7ais impose de nombreuses restrictions aux \u0153uvres humanitaires. L&rsquo;Allemagne dispose \u00e9galement d&rsquo;un droit de regard sur toutes les informations d\u00e9tenues &hellip; <a href=\"https:\/\/blogs.univ-jfc.fr\/campsdusudouest\/les-camps-et-leur-environnement\/les-humanitaires\/laction-clandestine\/\">Lire la suite <span class=\"meta-nav\">&rarr;<\/span><\/a><\/p>\n","protected":false},"author":203,"featured_media":0,"parent":123,"menu_order":0,"comment_status":"closed","ping_status":"open","template":"","meta":[],"_links":{"self":[{"href":"https:\/\/blogs.univ-jfc.fr\/campsdusudouest\/wp-json\/wp\/v2\/pages\/1185"}],"collection":[{"href":"https:\/\/blogs.univ-jfc.fr\/campsdusudouest\/wp-json\/wp\/v2\/pages"}],"about":[{"href":"https:\/\/blogs.univ-jfc.fr\/campsdusudouest\/wp-json\/wp\/v2\/types\/page"}],"author":[{"embeddable":true,"href":"https:\/\/blogs.univ-jfc.fr\/campsdusudouest\/wp-json\/wp\/v2\/users\/203"}],"replies":[{"embeddable":true,"href":"https:\/\/blogs.univ-jfc.fr\/campsdusudouest\/wp-json\/wp\/v2\/comments?post=1185"}],"version-history":[{"count":7,"href":"https:\/\/blogs.univ-jfc.fr\/campsdusudouest\/wp-json\/wp\/v2\/pages\/1185\/revisions"}],"predecessor-version":[{"id":4446,"href":"https:\/\/blogs.univ-jfc.fr\/campsdusudouest\/wp-json\/wp\/v2\/pages\/1185\/revisions\/4446"}],"up":[{"embeddable":true,"href":"https:\/\/blogs.univ-jfc.fr\/campsdusudouest\/wp-json\/wp\/v2\/pages\/123"}],"wp:attachment":[{"href":"https:\/\/blogs.univ-jfc.fr\/campsdusudouest\/wp-json\/wp\/v2\/media?parent=1185"}],"curies":[{"name":"wp","href":"https:\/\/api.w.org\/{rel}","templated":true}]}}