{"id":119,"date":"2016-01-30T08:39:43","date_gmt":"2016-01-30T07:39:43","guid":{"rendered":"http:\/\/blogs.univ-jfc.fr\/campsdusudouest\/?page_id=119"},"modified":"2016-03-31T09:46:22","modified_gmt":"2016-03-31T08:46:22","slug":"les-internes","status":"publish","type":"page","link":"https:\/\/blogs.univ-jfc.fr\/campsdusudouest\/hommes-et-femmes-des-camps\/les-internes\/","title":{"rendered":"Les intern\u00e9s"},"content":{"rendered":"<p align=\"justify\">Le profil des intern\u00e9s se d\u00e9cline selon diff\u00e9rentes p\u00e9riodes. Ainsi, on assiste \u00e0 une premi\u00e8re p\u00e9riode o\u00f9 se met en place une l\u00e9gislation anti-r\u00e9fugi\u00e9s. En effet, les politiques des gouvernements qui pr\u00e9c\u00e8dent le r\u00e9gime de Vichy (1933-1940) sont essentielles afin de comprendre l&rsquo;\u00e9volution du statut d&rsquo;\u00e9tranger, puis d&rsquo;intern\u00e9 en France. <a title=\"Une \u00ab\u00a0Arch\u00e9ologie\u00a0\u00bb de la l\u00e9gislation anti-r\u00e9fugi\u00e9s\" href=\"http:\/\/blogs.univ-jfc.fr\/campsdusudouest\/hommes-et-femmes-des-camps\/les-internes\/une-archeologie-de-la-legislation-anti-refugies\/\">Les gouvernements des ann\u00e9es 1933-1938<\/a> mettent en \u0153uvre diff\u00e9rentes politiques, issues de longs d\u00e9bats parlementaires, vis-\u00e0-vis de la place des \u00e9trangers en France. Le <a title=\"Le gouvernement Daladier et les \u00e9trangers\" href=\"http:\/\/blogs.univ-jfc.fr\/campsdusudouest\/hommes-et-femmes-des-camps\/les-internes\/le-gouvernement-daladier-et-les-etrangers\/\">gouvernement Daladier (1938-1940)<\/a> officialise une politique anti-r\u00e9fugi\u00e9s. Il instaure, par de multiples d\u00e9crets-lois, le statut \u00ab\u00a0d&rsquo;\u00e9trangers ind\u00e9sirables\u00a0\u00bb et proc\u00e8de au d\u00e9but de l&rsquo;internement administratif, notamment avec le traitement de la Retirada par les autorit\u00e9s fran\u00e7aises.<\/p>\n<div id=\"attachment_2663\" style=\"width: 310px\" class=\"wp-caption aligncenter\"><a href=\"http:\/\/blogs.univ-jfc.fr\/campsdusudouest\/wp-content\/uploads\/sites\/48\/2016\/03\/Intern\u00e9s-probablement-juifs-du-camp-du-Vernet-dAri\u00e8ge-en-1940-ou-1941.jpg\"><img aria-describedby=\"caption-attachment-2663\" loading=\"lazy\" class=\"size-medium wp-image-2663\" title=\"Source : Beth Hatefutstoth, the Nahum Goldmann Museum of Jewish Diaspora : http:\/\/www.ajpn.org\/internement-Camp-du-Vernet-d-Ariege-110.html\" alt=\"Intern\u00e9s probablement juifs du camp du Vernet d'Ari\u00e8ge en 1940 ou 1941\" src=\"http:\/\/blogs.univ-jfc.fr\/campsdusudouest\/wp-content\/uploads\/sites\/48\/2016\/03\/Intern\u00e9s-probablement-juifs-du-camp-du-Vernet-dAri\u00e8ge-en-1940-ou-1941-300x237.jpg\" width=\"300\" height=\"237\" srcset=\"https:\/\/blogs.univ-jfc.fr\/campsdusudouest\/wp-content\/uploads\/sites\/48\/2016\/03\/Intern\u00e9s-probablement-juifs-du-camp-du-Vernet-dAri\u00e8ge-en-1940-ou-1941-300x237.jpg 300w, https:\/\/blogs.univ-jfc.fr\/campsdusudouest\/wp-content\/uploads\/sites\/48\/2016\/03\/Intern\u00e9s-probablement-juifs-du-camp-du-Vernet-dAri\u00e8ge-en-1940-ou-1941-379x300.jpg 379w, https:\/\/blogs.univ-jfc.fr\/campsdusudouest\/wp-content\/uploads\/sites\/48\/2016\/03\/Intern\u00e9s-probablement-juifs-du-camp-du-Vernet-dAri\u00e8ge-en-1940-ou-1941.jpg 460w\" sizes=\"(max-width: 300px) 100vw, 300px\" \/><\/a><p id=\"caption-attachment-2663\" class=\"wp-caption-text\">Intern\u00e9s probablement juifs du camp du Vernet d&rsquo;Ari\u00e8ge en 1940 ou 1941<\/p><\/div>\n<p align=\"justify\">Enfin, la p\u00e9riode dite de <a title=\"L\u2019instabilit\u00e9 du dispositif d\u2019internement\" href=\"http:\/\/blogs.univ-jfc.fr\/campsdusudouest\/hommes-et-femmes-des-camps\/les-internes\/linstabilite-du-dispositif-dinternement\/\">\u00ab\u00a0la Dr\u00f4le de Guerre\u00a0\u00bb<\/a> rend compte de l&rsquo;instabilit\u00e9 de ce dispositif. Le profil des intern\u00e9s change constamment en fonction de la politique adopt\u00e9e par le gouvernement. En 1940, la mise en place du R\u00e9gime de Vichy entra\u00eene la g\u00e9n\u00e9ralisation de l&rsquo;internement et am\u00e8ne de nouveaux modes de s\u00e9lection des intern\u00e9s. Ces derniers sont d\u00e9sign\u00e9s par des <a title=\"Les triangles distinctifs\" href=\"http:\/\/blogs.univ-jfc.fr\/campsdusudouest\/hommes-et-femmes-des-camps\/les-internes\/les-triangles-distinctifs\/\" target=\"_blank\">triangles distinctifs<\/a> en fonction de leurs <a title=\"Appartenances culturelles et religieuses\" href=\"http:\/\/blogs.univ-jfc.fr\/campsdusudouest\/hommes-et-femmes-des-camps\/les-internes\/appartenances-culturelles-et-religieuses\/\" target=\"_blank\">appartenances religieuses et culturelles<\/a>, leurs\u00a0<a title=\"Les r\u00e9fugi\u00e9s et les prisonniers politiques\" href=\"http:\/\/blogs.univ-jfc.fr\/campsdusudouest\/hommes-et-femmes-des-camps\/les-internes\/les-refugies-et-les-prisonniers-politiques\/\" target=\"_blank\">appartenances politiques<\/a> et leurs\u00a0<a title=\"Appartenances sociales et ethniques\" href=\"http:\/\/blogs.univ-jfc.fr\/campsdusudouest\/hommes-et-femmes-des-camps\/les-internes\/appartenances-sociales-et-ethniques\/\" target=\"_blank\">appartenances sociales et ethniques<\/a>.<\/p>\n","protected":false},"excerpt":{"rendered":"<p>Le profil des intern\u00e9s se d\u00e9cline selon diff\u00e9rentes p\u00e9riodes. Ainsi, on assiste \u00e0 une premi\u00e8re p\u00e9riode o\u00f9 se met en place une l\u00e9gislation anti-r\u00e9fugi\u00e9s. En effet, les politiques des gouvernements qui pr\u00e9c\u00e8dent le r\u00e9gime de Vichy (1933-1940) sont essentielles afin &hellip; <a href=\"https:\/\/blogs.univ-jfc.fr\/campsdusudouest\/hommes-et-femmes-des-camps\/les-internes\/\">Lire la suite <span class=\"meta-nav\">&rarr;<\/span><\/a><\/p>\n","protected":false},"author":15,"featured_media":0,"parent":115,"menu_order":1,"comment_status":"closed","ping_status":"open","template":"","meta":[],"_links":{"self":[{"href":"https:\/\/blogs.univ-jfc.fr\/campsdusudouest\/wp-json\/wp\/v2\/pages\/119"}],"collection":[{"href":"https:\/\/blogs.univ-jfc.fr\/campsdusudouest\/wp-json\/wp\/v2\/pages"}],"about":[{"href":"https:\/\/blogs.univ-jfc.fr\/campsdusudouest\/wp-json\/wp\/v2\/types\/page"}],"author":[{"embeddable":true,"href":"https:\/\/blogs.univ-jfc.fr\/campsdusudouest\/wp-json\/wp\/v2\/users\/15"}],"replies":[{"embeddable":true,"href":"https:\/\/blogs.univ-jfc.fr\/campsdusudouest\/wp-json\/wp\/v2\/comments?post=119"}],"version-history":[{"count":15,"href":"https:\/\/blogs.univ-jfc.fr\/campsdusudouest\/wp-json\/wp\/v2\/pages\/119\/revisions"}],"predecessor-version":[{"id":4282,"href":"https:\/\/blogs.univ-jfc.fr\/campsdusudouest\/wp-json\/wp\/v2\/pages\/119\/revisions\/4282"}],"up":[{"embeddable":true,"href":"https:\/\/blogs.univ-jfc.fr\/campsdusudouest\/wp-json\/wp\/v2\/pages\/115"}],"wp:attachment":[{"href":"https:\/\/blogs.univ-jfc.fr\/campsdusudouest\/wp-json\/wp\/v2\/media?parent=119"}],"curies":[{"name":"wp","href":"https:\/\/api.w.org\/{rel}","templated":true}]}}