{"id":121,"date":"2016-01-30T08:40:02","date_gmt":"2016-01-30T07:40:02","guid":{"rendered":"http:\/\/blogs.univ-jfc.fr\/campsdusudouest\/?page_id=121"},"modified":"2016-03-31T08:47:32","modified_gmt":"2016-03-31T07:47:32","slug":"les-camps-et-leur-environnement","status":"publish","type":"page","link":"https:\/\/blogs.univ-jfc.fr\/campsdusudouest\/les-camps-et-leur-environnement\/","title":{"rendered":"Les camps et leur environnement"},"content":{"rendered":"<p style=\"text-align: justify\" align=\"justify\">D\u00e8s leur mise en place, les camps du Sud-Ouest de la France apparaissent comme des \u00eelots carc\u00e9raux coup\u00e9s du reste du monde. N\u00e9anmoins, le camp s&rsquo;int\u00e8gre dans un <a title=\"Les camps et leur environnement local\" href=\"http:\/\/blogs.univ-jfc.fr\/campsdusudouest\/les-camps-et-leur-environnement\/les-camps-et-leur-environnement-local\/\">environnement local<\/a> et interagit avec lui. En effet, ils sont construits de mani\u00e8re \u00e0 \u00eatre isol\u00e9s du reste de la population afin de dissimuler ce syst\u00e8me. Toutefois, certains d&rsquo;entre eux sont situ\u00e9s \u00e0 proximit\u00e9 des villages et de la population locale. Aussi, les conditions d&rsquo;acc\u00e8s au camp pour les transports d&rsquo;intern\u00e9s sont complexes au vu de l&rsquo;\u00e9tat des axes routiers et ferroviaires qui sont \u00e9galement utilis\u00e9s pour le ravitaillement. L&rsquo;implantation des camps a des r\u00e9percussions morales sur certains riverains. En effet, ils ne sont pas en autonomie totale, en contact avec l&rsquo;ext\u00e9rieur et plus particuli\u00e8rement avec leur environnement local. Pour survivre, les intern\u00e9s d\u00e9pendent d&rsquo;une aide locale qui demeure insuffisante.<\/p>\n<div id=\"attachment_815\" style=\"width: 310px\" class=\"wp-caption aligncenter\"><a href=\"http:\/\/blogs.univ-jfc.fr\/campsdusudouest\/wp-content\/uploads\/sites\/48\/2016\/03\/camp-de-brens-gaillac-en-fond.jpg\"><img aria-describedby=\"caption-attachment-815\" loading=\"lazy\" class=\"size-medium wp-image-815 \" alt=\"Vue du camp de Brens\" src=\"http:\/\/blogs.univ-jfc.fr\/campsdusudouest\/wp-content\/uploads\/sites\/48\/2016\/03\/camp-de-brens-gaillac-en-fond-300x205.jpg\" width=\"300\" height=\"205\" srcset=\"https:\/\/blogs.univ-jfc.fr\/campsdusudouest\/wp-content\/uploads\/sites\/48\/2016\/03\/camp-de-brens-gaillac-en-fond-300x205.jpg 300w, https:\/\/blogs.univ-jfc.fr\/campsdusudouest\/wp-content\/uploads\/sites\/48\/2016\/03\/camp-de-brens-gaillac-en-fond-437x300.jpg 437w, https:\/\/blogs.univ-jfc.fr\/campsdusudouest\/wp-content\/uploads\/sites\/48\/2016\/03\/camp-de-brens-gaillac-en-fond.jpg 712w\" sizes=\"(max-width: 300px) 100vw, 300px\" \/><\/a><p id=\"caption-attachment-815\" class=\"wp-caption-text\">Vue du camp de Brens<\/p><\/div>\n<p style=\"text-align: justify\" align=\"justify\">De ce fait, les centres d&rsquo;internement s&rsquo;int\u00e8grent dans un r\u00e9seau d&rsquo;assistance \u00e0 plus grande \u00e9chelle gr\u00e2ce \u00e0 la coop\u00e9ration avec certaines associations caritatives. En effet, le 3 Octobre 1940, le r\u00e9gime de Vichy promulgue les premi\u00e8res lois sur le statut des Juifs qui font de ceux-ci une communaut\u00e9 \u00e0 part et exclue de la soci\u00e9t\u00e9. Toute population consid\u00e9r\u00e9e comme ind\u00e9sirable est intern\u00e9e, l&rsquo;action <a title=\"Les humanitaires\" href=\"http:\/\/blogs.univ-jfc.fr\/campsdusudouest\/les-camps-et-leur-environnement\/les-humanitaires\/\">humanitaire<\/a> s&rsquo;en trouve boulevers\u00e9e. En effet, les camps, premi\u00e8rement destin\u00e9s \u00e0 l&rsquo;accueil des r\u00e9fugi\u00e9s espagnols puis allemands, se sont peu \u00e0 peu transform\u00e9s en \u00ab\u00a0antichambres de la d\u00e9portation\u00a0\u00bb (Denis Peschanski): en r\u00e9ponse \u00e0 cela, on observe le d\u00e9veloppement d\u2019une aide constante de b\u00e9n\u00e9voles afin d&rsquo;apporter un peu d&rsquo;humanit\u00e9 aux intern\u00e9s. Longtemps sans statut, mais \u00e9galement avec des moyens tr\u00e8s restreints, les associations ont pu peu \u00e0 peu int\u00e9grer la vie des camps au p\u00e9ril de la vie de leurs membres. Ainsi, la CIMADE, n\u00e9e dans les camps et cr\u00e9\u00e9e officiellement le 18 Octobre 1939 se donne comme objectif d\u2019agir et de t\u00e9moigner du message chr\u00e9tien aupr\u00e8s des \u00ab\u00a0ind\u00e9sirables\u00a0\u00bb tout en versant dans la r\u00e9sistance. C&rsquo;est par une coop\u00e9ration mutuelle et une organisation hi\u00e9rarchis\u00e9e que les \u0153uvres caritatives entreprennent la lib\u00e9ration des Juifs. De m\u00eame, l\u2019\u0153uvre concentre son action sur la prise en charge mat\u00e9rielle et psychologique des enfants.<\/p>\n<p align=\"justify\">\n","protected":false},"excerpt":{"rendered":"<p>D\u00e8s leur mise en place, les camps du Sud-Ouest de la France apparaissent comme des \u00eelots carc\u00e9raux coup\u00e9s du reste du monde. N\u00e9anmoins, le camp s&rsquo;int\u00e8gre dans un environnement local et interagit avec lui. En effet, ils sont construits de &hellip; <a href=\"https:\/\/blogs.univ-jfc.fr\/campsdusudouest\/les-camps-et-leur-environnement\/\">Lire la suite <span class=\"meta-nav\">&rarr;<\/span><\/a><\/p>\n","protected":false},"author":15,"featured_media":0,"parent":0,"menu_order":0,"comment_status":"closed","ping_status":"open","template":"","meta":[],"_links":{"self":[{"href":"https:\/\/blogs.univ-jfc.fr\/campsdusudouest\/wp-json\/wp\/v2\/pages\/121"}],"collection":[{"href":"https:\/\/blogs.univ-jfc.fr\/campsdusudouest\/wp-json\/wp\/v2\/pages"}],"about":[{"href":"https:\/\/blogs.univ-jfc.fr\/campsdusudouest\/wp-json\/wp\/v2\/types\/page"}],"author":[{"embeddable":true,"href":"https:\/\/blogs.univ-jfc.fr\/campsdusudouest\/wp-json\/wp\/v2\/users\/15"}],"replies":[{"embeddable":true,"href":"https:\/\/blogs.univ-jfc.fr\/campsdusudouest\/wp-json\/wp\/v2\/comments?post=121"}],"version-history":[{"count":14,"href":"https:\/\/blogs.univ-jfc.fr\/campsdusudouest\/wp-json\/wp\/v2\/pages\/121\/revisions"}],"predecessor-version":[{"id":4117,"href":"https:\/\/blogs.univ-jfc.fr\/campsdusudouest\/wp-json\/wp\/v2\/pages\/121\/revisions\/4117"}],"wp:attachment":[{"href":"https:\/\/blogs.univ-jfc.fr\/campsdusudouest\/wp-json\/wp\/v2\/media?parent=121"}],"curies":[{"name":"wp","href":"https:\/\/api.w.org\/{rel}","templated":true}]}}