{"id":1225,"date":"2016-03-10T10:18:58","date_gmt":"2016-03-10T09:18:58","guid":{"rendered":"http:\/\/blogs.univ-jfc.fr\/campsdusudouest\/?page_id=1225"},"modified":"2016-03-31T09:27:36","modified_gmt":"2016-03-31T08:27:36","slug":"image-du-camp-de-rivesaltes","status":"publish","type":"page","link":"https:\/\/blogs.univ-jfc.fr\/campsdusudouest\/1945-et-apres\/images-des-camps\/image-du-camp-de-rivesaltes\/","title":{"rendered":"Image du camp de Rivesaltes"},"content":{"rendered":"<p style=\"text-align: justify\">Friedel Bohny-Reiter \u00e9tait une infirmi\u00e8re du Secours suisse aux enfants qui a travaill\u00e9 volontairement au <a title=\"camp de Rivesaltes\" href=\"http:\/\/blogs.univ-jfc.fr\/campsdusudouest\/mongraphies-de-camps\/rivesaltes\/\">camp de Rivesaltes <\/a>de novembre 1941 \u00e0 novembre 1942. Lors de son s\u00e9jour elle tenait un journal intime, publi\u00e9 de nombreuses ann\u00e9es plus tard, \u00e0 l&rsquo;initiative de l&rsquo;historienne Mich\u00e8le Fleury-Seemuller. Elle y d\u00e9crit son quotidien et donc ce qu&rsquo;elle voit dans le camp. Elle pr\u00e9sente \u00e0 plusieurs reprises les conditions de vie de ce camp\u00a0: les personnes qui souffrent de la faim c&rsquo;est-\u00e0-dire les cachectiques, le froid, la pluie qui p\u00e9n\u00e8tre dans les baraques et aussi les difficult\u00e9s pour chausser les enfants dont les souliers sont us\u00e9s. Elle se plaint \u00e9galement du fait que les gens ext\u00e9rieurs au camp ne comprennent pas ce qui s&rsquo;y passe r\u00e9ellement\u00a0:<\/p>\n<blockquote>\n<p style=\"text-align: justify\">\u00ab\u00a0C&rsquo;est dur de ne pas pouvoir aider, mais nous n&rsquo;avons pas de chaussures. Est-ce que notre Conseil f\u00e9d\u00e9ral donnera suite \u00e0 notre demande pour des habits\u00a0? Si seulement beaucoup de ces gens pouvaient jeter un coup d\u2019\u0153il dans notre camp\u00a0!\u00a0\u00bb<\/p>\n<\/blockquote>\n<p style=\"text-align: justify\">Friedel Bohny-Reiter a particip\u00e9 dans l&rsquo;envoi d&rsquo;enfants et de femmes enceintes \u00e0 la maternit\u00e9 d&rsquo;Elne, afin qu&rsquo;ils soient dans de meilleures conditions pour leur sant\u00e9, ce dont t\u00e9moigne M. Charles Latsmann qui a s\u00e9journ\u00e9 dans cette maternit\u00e9.<\/p>\n<p style=\"text-align: justify\">Friedel Bohny-Reiter ne souhaitait pas publier son journal comme l&rsquo;explique Mich\u00e8le Fleury-Seemuller\u00a0:<\/p>\n<blockquote>\n<p style=\"text-align: justify\">\u00ab\u00a0Friedel Bohny-Reiter a beaucoup h\u00e9sit\u00e9 \u00e0 donner son accord \u00e0 la publication. Elle doutait de l&rsquo;int\u00e9r\u00eat de ses \u00e9crits, elle les trouvait trop personnels, trop sentimentaux. Finalement elle y a consenti avec quelques coupures.\u00a0\u00bb<\/p>\n<\/blockquote>\n<p style=\"text-align: justify\">On voit bien qu&rsquo;elle n&rsquo;avait pas l&rsquo;intention de transmettre son t\u00e9moignage, que sa repr\u00e9sentation du camp est personnelle et que ce journal lui servait \u00e0 assimiler ce qui se passait autour d&rsquo;elle. Pourtant, ce journal est une source \u00e0 part enti\u00e8re qui permet d&rsquo;avoir une repr\u00e9sentation du camp par une personne qui y vit et qui est plut\u00f4t neutre dans le conflit. Cette repr\u00e9sentation se transmet ici par le t\u00e9moignage, mais les photographies peuvent aussi donner une repr\u00e9sentation de ce camp.<\/p>\n<div style=\"width: 295px\" class=\"wp-caption alignright\"><a href=\"http:\/\/blogs.univ-jfc.fr\/campsdusudouest\/wp-content\/uploads\/sites\/48\/2016\/03\/Int\u00e9rieur-dune-baraque-en-1941-1942-Photo-Paul-Senn-Fonds-Leiter-Paul-Senn-Archiv-Kunstmuseum.jpg\"><img loading=\"lazy\" title=\"Int\u00e9rieur d'une baraque en 1941-1942, Photo Paul Senn, Fonds Leiter Paul Senn - Archiv Kunstmuseum\" alt=\"\" src=\"http:\/\/blogs.univ-jfc.fr\/campsdusudouest\/wp-content\/uploads\/sites\/48\/2016\/03\/Int\u00e9rieur-dune-baraque-en-1941-1942-Photo-Paul-Senn-Fonds-Leiter-Paul-Senn-Archiv-Kunstmuseum-285x300.jpg\" width=\"285\" height=\"300\" \/><\/a><p class=\"wp-caption-text\">Int\u00e9rieur d&rsquo;une baraque en 1941-1942, Photo Paul Senn, Fonds Leiter Paul Senn &#8211; Archiv Kunstmuseum<\/p><\/div>\n<p style=\"text-align: justify\">C&rsquo;est le cas de Paul Senn, photographe suisse engag\u00e9 par \u00ab\u00a0la division presse et radio de l\u2019arm\u00e9e suisse\u00a0\u00bb lors de la Seconde Guerre Mondiale, a effectu\u00e9 plusieurs reportages, dont un sur les camps d\u2019internement en France. Les deux photographies suivantes ont \u00e9t\u00e9 prises dans le camp de Rivesaltes. Sur toutes les photographies on peut observer que les personnes sont couvertes de plusieurs couches de v\u00eatements, ont des couvertures ou sont \u00e0 proximit\u00e9 de po\u00eales, ce qui correspond au climat d\u00e9crit par Friedel Bohny-Reiter. On peut \u00e9galement voir qu&rsquo;il y a un r\u00e9el souci d&rsquo;esth\u00e9tisme surtout sur les\u00a0deux photographies suivantes\u00a0:\u00a0elles sont<\/p>\n<div style=\"width: 297px\" class=\"wp-caption alignleft\"><a href=\"http:\/\/blogs.univ-jfc.fr\/campsdusudouest\/wp-content\/uploads\/sites\/48\/2016\/03\/Autre-int\u00e9rieur-dune-baraque-en-1941-1942-Photo-Paul-Senn-Archiv-Kunstmuseum.jpg\"><img loading=\"lazy\" title=\"Autre int\u00e9rieur d'une baraque en 1941-1942, Photo Paul Senn - Archiv Kunstmuseum\" alt=\"\" src=\"http:\/\/blogs.univ-jfc.fr\/campsdusudouest\/wp-content\/uploads\/sites\/48\/2016\/03\/Autre-int\u00e9rieur-dune-baraque-en-1941-1942-Photo-Paul-Senn-Archiv-Kunstmuseum-287x300.jpg\" width=\"287\" height=\"300\" \/><\/a><p class=\"wp-caption-text\">Autre int\u00e9rieur d&rsquo;une baraque en 1941-1942, Photo Paul Senn &#8211; Archiv Kunstmuseum<\/p><\/div>\n<p style=\"text-align: justify\">bien cadr\u00e9es et travaill\u00e9es, l&rsquo;\u00e9clairage est bien choisi. On voit que ces photos n&rsquo;ont pas \u00e9t\u00e9 prises en cachette, elles sont travaill\u00e9es et la plupart des gens regardent l&rsquo;objectif et lorsque ce n&rsquo;est pas le cas, on devine la mise en sc\u00e8ne. D&rsquo;o\u00f9 l&rsquo;importance de conna\u00eetre l&rsquo;auteur de la photographie, ce qui permet de comprendre qu&rsquo;il ne s&rsquo;agit pas de propagande mais d&rsquo;un reportage.<\/p>\n<p style=\"text-align: justify\">Contrairement \u00e0 la photographie ci-dessous, dont l&rsquo;auteur est inconnu, ce qui pose probl\u00e8me pour comprendre la raison de la prise de cette photographie. La sc\u00e8ne est mal cadr\u00e9e et semble avoir \u00e9t\u00e9 photographi\u00e9e depuis l\u2019int\u00e9rieur d\u2019un b\u00e2timent. La personne qui l\u2019a prise n\u2019est pas r\u00e9ellement sortie \u00e0 d\u00e9couvert. L&rsquo;auteur voulait-il laisser une trace de cette d\u00e9portation\u00a0? Voulait-il se souvenir des \u00e9v\u00e9nements\u00a0? L&rsquo;historien ne peut que \u00e9mettre des hypoth\u00e8ses concernant l&rsquo;identit\u00e9 du photographe : un d\u00e9port\u00e9 ou encore une personne travaillant dans le camp, dans tous les cas une personne qui se cache et qui se h\u00e2te pour photographier la sc\u00e8ne.<\/p>\n<div style=\"width: 310px\" class=\"wp-caption aligncenter\"><a href=\"http:\/\/blogs.univ-jfc.fr\/campsdusudouest\/wp-content\/uploads\/sites\/48\/2016\/03\/D\u00e9portation-de-Juifs-de-Rivesaltes-vers-Auschwitz-Photographe-inconnu-Fonds-Tracy-strong-1942.jpg\"><img loading=\"lazy\" title=\"D\u00e9portation de Juifs de Rivesaltes vers Auschwitz, Photographe inconnu - Fonds Tracy strong 1942\" alt=\"\" src=\"http:\/\/blogs.univ-jfc.fr\/campsdusudouest\/wp-content\/uploads\/sites\/48\/2016\/03\/D\u00e9portation-de-Juifs-de-Rivesaltes-vers-Auschwitz-Photographe-inconnu-Fonds-Tracy-strong-1942-300x216.jpg\" width=\"300\" height=\"216\" \/><\/a><p class=\"wp-caption-text\">D\u00e9portation de Juifs de Rivesaltes vers Auschwitz, Photographe inconnu &#8211; Fonds Tracy strong 1942<\/p><\/div>\n<p style=\"text-align: justify\">Enfin, pour ce qui est de la m\u00e9moire de ce camp et donc participer \u00e0 sa repr\u00e9sentation dans la <a href=\"http:\/\/blogs.univ-jfc.fr\/campsdusudouest\/1945-et-apres\/devoir-de-memoire\/\">m\u00e9moire collective<\/a>, Denis Peschanski explique qu&rsquo;il s&rsquo;agit d&rsquo;un lieu complexe. Dans le cadre de la construction du m\u00e9morial de Rivesaltes, <a title=\"interview de Denis Peschanski\" href=\"http:\/\/france3-regions.francetvinfo.fr\/languedoc-roussillon\/pyrenees-orientales\/denis-peschanski-l-historien-du-memorial-de-rivesaltes-829599.html\">il explique la difficult\u00e9<\/a> li\u00e9 \u00e0 la m\u00e9moire de ce camp\u00a0:<\/p>\n<blockquote>\n<p style=\"text-align: justify\">\u00ab\u00a0Comment on arrive \u00e0 construire un projet unique, avec des histoires plurielles et des m\u00e9moires plurielles. [\u2026] C&rsquo;est un d\u00e9fi extr\u00eamement compliqu\u00e9 \u00e0 relever, sauf \u00e0 essayer de trouver, au-del\u00e0 d&rsquo;une unit\u00e9 de lieu, une unit\u00e9 historique\u00a0\u00bb.<\/p>\n<\/blockquote>\n<p style=\"text-align: justify\"><a title=\"Bibliographie G\u00e9n\u00e9rale\" href=\"http:\/\/blogs.univ-jfc.fr\/campsdusudouest\/bibliographie-generale\/\">Pour aller plus loin&#8230;<\/a><\/p>\n","protected":false},"excerpt":{"rendered":"<p>Friedel Bohny-Reiter \u00e9tait une infirmi\u00e8re du Secours suisse aux enfants qui a travaill\u00e9 volontairement au camp de Rivesaltes de novembre 1941 \u00e0 novembre 1942. Lors de son s\u00e9jour elle tenait un journal intime, publi\u00e9 de nombreuses ann\u00e9es plus tard, \u00e0 &hellip; <a href=\"https:\/\/blogs.univ-jfc.fr\/campsdusudouest\/1945-et-apres\/images-des-camps\/image-du-camp-de-rivesaltes\/\">Lire la suite <span class=\"meta-nav\">&rarr;<\/span><\/a><\/p>\n","protected":false},"author":181,"featured_media":0,"parent":108,"menu_order":2,"comment_status":"closed","ping_status":"open","template":"","meta":[],"_links":{"self":[{"href":"https:\/\/blogs.univ-jfc.fr\/campsdusudouest\/wp-json\/wp\/v2\/pages\/1225"}],"collection":[{"href":"https:\/\/blogs.univ-jfc.fr\/campsdusudouest\/wp-json\/wp\/v2\/pages"}],"about":[{"href":"https:\/\/blogs.univ-jfc.fr\/campsdusudouest\/wp-json\/wp\/v2\/types\/page"}],"author":[{"embeddable":true,"href":"https:\/\/blogs.univ-jfc.fr\/campsdusudouest\/wp-json\/wp\/v2\/users\/181"}],"replies":[{"embeddable":true,"href":"https:\/\/blogs.univ-jfc.fr\/campsdusudouest\/wp-json\/wp\/v2\/comments?post=1225"}],"version-history":[{"count":17,"href":"https:\/\/blogs.univ-jfc.fr\/campsdusudouest\/wp-json\/wp\/v2\/pages\/1225\/revisions"}],"predecessor-version":[{"id":4278,"href":"https:\/\/blogs.univ-jfc.fr\/campsdusudouest\/wp-json\/wp\/v2\/pages\/1225\/revisions\/4278"}],"up":[{"embeddable":true,"href":"https:\/\/blogs.univ-jfc.fr\/campsdusudouest\/wp-json\/wp\/v2\/pages\/108"}],"wp:attachment":[{"href":"https:\/\/blogs.univ-jfc.fr\/campsdusudouest\/wp-json\/wp\/v2\/media?parent=1225"}],"curies":[{"name":"wp","href":"https:\/\/api.w.org\/{rel}","templated":true}]}}