{"id":127,"date":"2016-01-30T08:42:40","date_gmt":"2016-01-30T07:42:40","guid":{"rendered":"http:\/\/blogs.univ-jfc.fr\/campsdusudouest\/?page_id=127"},"modified":"2016-04-13T12:03:12","modified_gmt":"2016-04-13T11:03:12","slug":"le-role-des-pouvoirs-publics","status":"publish","type":"page","link":"https:\/\/blogs.univ-jfc.fr\/campsdusudouest\/le-role-des-pouvoirs-publics\/","title":{"rendered":"Le r\u00f4le des pouvoirs publics"},"content":{"rendered":"<p align=\"justify\">Les pr\u00e9fectures sont un des maillons essentiels dans l&rsquo;organisation du territoire fran\u00e7ais. De ce fait, elles jouent un r\u00f4le important dans l\u2019ex\u00e9cution des ordres gouvernementaux. Apr\u00e8s la \u00ab<i>Retirada<\/i>\u00bb espagnole \u00e0 partir de 1936 et les nombreux d\u00e9placements de populations que cela a engendr\u00e9, les responsables r\u00e9gionaux, en particulier ceux du sud-ouest, se sont retrouv\u00e9s en premi\u00e8re ligne pour g\u00e9rer cet afflux de r\u00e9fugi\u00e9s. De plus les diff\u00e9rents pouvoirs publics ont d\u00fb composer avec les diff\u00e9rentes formes de gouvernement qu&rsquo;elles ont connu de 1938 \u00e0 1946. Tout d&rsquo;abord la IIIe R\u00e9publique dirig\u00e9e par \u00c9douard Daladier puis par Paul Reynaud, puis la prise de pouvoir par le mar\u00e9chal P\u00e9tain en 1940 suite \u00e0 la d\u00e9faite fran\u00e7aise et enfin le gouvernement provisoire du g\u00e9n\u00e9ral De Gaulle qui succ\u00e9da \u00e0 la Lib\u00e9ration fran\u00e7aise.<\/p>\n<div id=\"attachment_4510\" style=\"width: 654px\" class=\"wp-caption aligncenter\"><a href=\"http:\/\/blogs.univ-jfc.fr\/campsdusudouest\/wp-content\/uploads\/sites\/48\/2016\/01\/exil-rc3a9publicains-espagnols.jpg\"><img aria-describedby=\"caption-attachment-4510\" loading=\"lazy\" class=\" wp-image-4510\" title=\"Photographie datant de mars 1939. Cr\u00e9dit photo : abc.es\" alt=\"exil-rc3a9publicains-espagnols\" src=\"http:\/\/blogs.univ-jfc.fr\/campsdusudouest\/wp-content\/uploads\/sites\/48\/2016\/01\/exil-rc3a9publicains-espagnols.jpg\" width=\"644\" height=\"362\" srcset=\"https:\/\/blogs.univ-jfc.fr\/campsdusudouest\/wp-content\/uploads\/sites\/48\/2016\/01\/exil-rc3a9publicains-espagnols.jpg 644w, https:\/\/blogs.univ-jfc.fr\/campsdusudouest\/wp-content\/uploads\/sites\/48\/2016\/01\/exil-rc3a9publicains-espagnols-300x168.jpg 300w, https:\/\/blogs.univ-jfc.fr\/campsdusudouest\/wp-content\/uploads\/sites\/48\/2016\/01\/exil-rc3a9publicains-espagnols-500x281.jpg 500w\" sizes=\"(max-width: 644px) 100vw, 644px\" \/><\/a><p id=\"caption-attachment-4510\" class=\"wp-caption-text\">Exil\u00e9s r\u00e9publicains espagnols en mars 1939 fuyant vers la France devant l\u2019imminente victoire de Franco.<\/p><\/div>\n<p align=\"justify\">Face \u00e0 l&rsquo;afflux massif de r\u00e9fugi\u00e9s, le gouvernement promulgue alors, le 12 novembre 1938, un d\u00e9cret autorisant l&rsquo;internement des \u00ab\u00e9trangers ind\u00e9sirables\u00bb. Ce dernier fut \u00e9largi par la loi du 18 novembre 1939 selon laquelle \u00abtout individu, fran\u00e7ais ou \u00e9tranger, consid\u00e9r\u00e9 comme dangereux pour la d\u00e9fense nationale ou la s\u00e9curit\u00e9 publique\u00bb<a href=\"#sdfootnote1sym\" name=\"sdfootnote1anc\"><sup>1<\/sup><\/a> puissent \u00eatre intern\u00e9 administrativement. <a title=\"Le r\u00f4le des pr\u00e9fectures\" href=\"http:\/\/blogs.univ-jfc.fr\/campsdusudouest\/le-role-des-pouvoirs-publics\/le-role-de-letat-et-des-prefectures\/le-role-de-letat-et-des-prefectures-dans-la-mise-en-place-des-camps-dinternement-administratif\/\">C&rsquo;est \u00e0 partir de cette date que la mise en place concr\u00e8te des camps va intervenir par l&rsquo;interm\u00e9diaire des pr\u00e9fectures. <\/a>Le r\u00f4le des pouvoirs publics, et en particulier la relation de pouvoir entre l\u2019\u00c9tat et les pr\u00e9fectures, a sans cesse \u00e9volu\u00e9 entre 1938 et 1946. Cette politique d&rsquo;internement, dans un objectif de gain d\u2019efficacit\u00e9 va connaitre une profonde<a title=\"Le personnel pr\u00e9fectoral\" href=\"http:\/\/blogs.univ-jfc.fr\/campsdusudouest\/le-role-des-pouvoirs-publics\/le-personnel-prefectoral\/\"> r\u00e9organisation de l&rsquo;administration au sein du personnel pr\u00e9fectoral sous le gouvernement de Vichy entre 1940 et 1944.<\/a><\/p>\n<div id=\"sdfootnote1\">\n<p><a href=\"#sdfootnote1anc\" name=\"sdfootnote1sym\">1<\/a>https:\/\/criminocorpus.org\/fr\/<\/p>\n<\/div>\n","protected":false},"excerpt":{"rendered":"<p>Les pr\u00e9fectures sont un des maillons essentiels dans l&rsquo;organisation du territoire fran\u00e7ais. De ce fait, elles jouent un r\u00f4le important dans l\u2019ex\u00e9cution des ordres gouvernementaux. Apr\u00e8s la \u00abRetirada\u00bb espagnole \u00e0 partir de 1936 et les nombreux d\u00e9placements de populations que &hellip; <a href=\"https:\/\/blogs.univ-jfc.fr\/campsdusudouest\/le-role-des-pouvoirs-publics\/\">Lire la suite <span class=\"meta-nav\">&rarr;<\/span><\/a><\/p>\n","protected":false},"author":15,"featured_media":0,"parent":0,"menu_order":0,"comment_status":"closed","ping_status":"open","template":"","meta":[],"_links":{"self":[{"href":"https:\/\/blogs.univ-jfc.fr\/campsdusudouest\/wp-json\/wp\/v2\/pages\/127"}],"collection":[{"href":"https:\/\/blogs.univ-jfc.fr\/campsdusudouest\/wp-json\/wp\/v2\/pages"}],"about":[{"href":"https:\/\/blogs.univ-jfc.fr\/campsdusudouest\/wp-json\/wp\/v2\/types\/page"}],"author":[{"embeddable":true,"href":"https:\/\/blogs.univ-jfc.fr\/campsdusudouest\/wp-json\/wp\/v2\/users\/15"}],"replies":[{"embeddable":true,"href":"https:\/\/blogs.univ-jfc.fr\/campsdusudouest\/wp-json\/wp\/v2\/comments?post=127"}],"version-history":[{"count":18,"href":"https:\/\/blogs.univ-jfc.fr\/campsdusudouest\/wp-json\/wp\/v2\/pages\/127\/revisions"}],"predecessor-version":[{"id":4514,"href":"https:\/\/blogs.univ-jfc.fr\/campsdusudouest\/wp-json\/wp\/v2\/pages\/127\/revisions\/4514"}],"wp:attachment":[{"href":"https:\/\/blogs.univ-jfc.fr\/campsdusudouest\/wp-json\/wp\/v2\/media?parent=127"}],"curies":[{"name":"wp","href":"https:\/\/api.w.org\/{rel}","templated":true}]}}