{"id":1368,"date":"2016-03-14T13:42:01","date_gmt":"2016-03-14T12:42:01","guid":{"rendered":"http:\/\/blogs.univ-jfc.fr\/campsdusudouest\/?page_id=1368"},"modified":"2016-04-13T13:16:17","modified_gmt":"2016-04-13T12:16:17","slug":"1368-2","status":"publish","type":"page","link":"https:\/\/blogs.univ-jfc.fr\/campsdusudouest\/le-role-des-pouvoirs-publics\/le-role-de-letat-et-des-prefectures-dans-la-mise-en-place-des-camps-dinternement-administratif\/les-rares-resistances-prefectorales\/1368-2\/","title":{"rendered":"Querelle entre personnels pr\u00e9fectorals et personnels des camps : Le camp de Pithiviers"},"content":{"rendered":"<div id=\"attachment_1369\" style=\"width: 370px\" class=\"wp-caption alignright\"><a href=\"http:\/\/blogs.univ-jfc.fr\/campsdusudouest\/wp-content\/uploads\/sites\/48\/2016\/03\/1213001881_Pithiviers-1941.jpg\"><img aria-describedby=\"caption-attachment-1369\" loading=\"lazy\" class=\" wp-image-1369   \" title=\"Photo prise le 17 avril 1941 \u00e0 Pithiviers, Loiret. cr\u00e9dit photo : DR\" alt=\"camps de pitihviers\" src=\"http:\/\/blogs.univ-jfc.fr\/campsdusudouest\/wp-content\/uploads\/sites\/48\/2016\/03\/1213001881_Pithiviers-1941.jpg\" width=\"360\" height=\"240\" srcset=\"https:\/\/blogs.univ-jfc.fr\/campsdusudouest\/wp-content\/uploads\/sites\/48\/2016\/03\/1213001881_Pithiviers-1941.jpg 500w, https:\/\/blogs.univ-jfc.fr\/campsdusudouest\/wp-content\/uploads\/sites\/48\/2016\/03\/1213001881_Pithiviers-1941-300x199.jpg 300w, https:\/\/blogs.univ-jfc.fr\/campsdusudouest\/wp-content\/uploads\/sites\/48\/2016\/03\/1213001881_Pithiviers-1941-450x300.jpg 450w\" sizes=\"(max-width: 360px) 100vw, 360px\" \/><\/a><p id=\"caption-attachment-1369\" class=\"wp-caption-text\">Photo du camp de Pithiviers le 17 avril 1941.<\/p><\/div>\n<p style=\"text-align: justify\">Dans le camp de Pithiviers, qui fut ouvert en mai 1941 et situ\u00e9 dans le Loiret, le pr\u00e9fet d\u00e9l\u00e9gu\u00e9 au camp a protest\u00e9 contre une d\u00e9cision du pr\u00e9fet r\u00e9gional. En effet le 10 octobre 1942, le pr\u00e9fet r\u00e9gional a pris la d\u00e9cision d&rsquo;attribuer au camp de Pithiviers monsieur Phliponeau, alors membre des renseignements g\u00e9n\u00e9raux de Chartres, en tant que \u00ab\u00a0inspecteur de la 5\u00e8me brigade r\u00e9gionale de la PJ\u00a0\u00bb (Section des affaires judiciaires d&rsquo;origine politique) dont il d\u00e9pendra dor\u00e9navant. Le pr\u00e9fet d\u00e9l\u00e9gu\u00e9 a contest\u00e9 cette d\u00e9cision en expliquant que la venue de M.Phliponeau ne ferait qu&rsquo;amoindrir l&rsquo;autorit\u00e9 du chef du camp en place, M.Bouchard, et mettrai aussi en avant l&rsquo;incomp\u00e9tence du nouveau venu dans le domaine de la gestion d&rsquo;un camp d&rsquo;internement administratif. Cet exemple nous permet de mettre en avant les querelles bien pr\u00e9sentes entre les pr\u00e9fectures et les autorit\u00e9s des camps d\u2019internement administratif.<\/p>\n","protected":false},"excerpt":{"rendered":"<p>Dans le camp de Pithiviers, qui fut ouvert en mai 1941 et situ\u00e9 dans le Loiret, le pr\u00e9fet d\u00e9l\u00e9gu\u00e9 au camp a protest\u00e9 contre une d\u00e9cision du pr\u00e9fet r\u00e9gional. En effet le 10 octobre 1942, le pr\u00e9fet r\u00e9gional a pris &hellip; <a href=\"https:\/\/blogs.univ-jfc.fr\/campsdusudouest\/le-role-des-pouvoirs-publics\/le-role-de-letat-et-des-prefectures-dans-la-mise-en-place-des-camps-dinternement-administratif\/les-rares-resistances-prefectorales\/1368-2\/\">Lire la suite <span class=\"meta-nav\">&rarr;<\/span><\/a><\/p>\n","protected":false},"author":143,"featured_media":0,"parent":556,"menu_order":0,"comment_status":"closed","ping_status":"open","template":"","meta":[],"_links":{"self":[{"href":"https:\/\/blogs.univ-jfc.fr\/campsdusudouest\/wp-json\/wp\/v2\/pages\/1368"}],"collection":[{"href":"https:\/\/blogs.univ-jfc.fr\/campsdusudouest\/wp-json\/wp\/v2\/pages"}],"about":[{"href":"https:\/\/blogs.univ-jfc.fr\/campsdusudouest\/wp-json\/wp\/v2\/types\/page"}],"author":[{"embeddable":true,"href":"https:\/\/blogs.univ-jfc.fr\/campsdusudouest\/wp-json\/wp\/v2\/users\/143"}],"replies":[{"embeddable":true,"href":"https:\/\/blogs.univ-jfc.fr\/campsdusudouest\/wp-json\/wp\/v2\/comments?post=1368"}],"version-history":[{"count":6,"href":"https:\/\/blogs.univ-jfc.fr\/campsdusudouest\/wp-json\/wp\/v2\/pages\/1368\/revisions"}],"predecessor-version":[{"id":1371,"href":"https:\/\/blogs.univ-jfc.fr\/campsdusudouest\/wp-json\/wp\/v2\/pages\/1368\/revisions\/1371"}],"up":[{"embeddable":true,"href":"https:\/\/blogs.univ-jfc.fr\/campsdusudouest\/wp-json\/wp\/v2\/pages\/556"}],"wp:attachment":[{"href":"https:\/\/blogs.univ-jfc.fr\/campsdusudouest\/wp-json\/wp\/v2\/media?parent=1368"}],"curies":[{"name":"wp","href":"https:\/\/api.w.org\/{rel}","templated":true}]}}