{"id":1513,"date":"2016-03-17T08:59:41","date_gmt":"2016-03-17T07:59:41","guid":{"rendered":"http:\/\/blogs.univ-jfc.fr\/campsdusudouest\/?page_id=1513"},"modified":"2016-03-30T11:18:12","modified_gmt":"2016-03-30T10:18:12","slug":"carte-de-linternement-en-france","status":"publish","type":"page","link":"https:\/\/blogs.univ-jfc.fr\/campsdusudouest\/carte-de-linternement-en-france\/","title":{"rendered":"Carte de l&rsquo;internement en France"},"content":{"rendered":"<div id=\"attachment_1512\" style=\"width: 310px\" class=\"wp-caption aligncenter\"><a href=\"http:\/\/blogs.univ-jfc.fr\/campsdusudouest\/wp-content\/uploads\/sites\/48\/2016\/03\/carte_internement_en_france-redimensionn\u00e9e.jpg\"><img aria-describedby=\"caption-attachment-1512\" loading=\"lazy\" class=\"size-medium wp-image-1512\" title=\"Documents supports projet\u00e9s lors de la conf\u00e9rence de Guillaume Agullo le 24 septembre 2015 \u00e0 l'Institut Universitaire Jean-Fran\u00e7ois Champollion d'Albi \" alt=\"carte_internement_en_france \" src=\"http:\/\/blogs.univ-jfc.fr\/campsdusudouest\/wp-content\/uploads\/sites\/48\/2016\/03\/carte_internement_en_france-redimensionn\u00e9e-300x295.jpg\" width=\"300\" height=\"295\" srcset=\"https:\/\/blogs.univ-jfc.fr\/campsdusudouest\/wp-content\/uploads\/sites\/48\/2016\/03\/carte_internement_en_france-redimensionn\u00e9e-300x295.jpg 300w, https:\/\/blogs.univ-jfc.fr\/campsdusudouest\/wp-content\/uploads\/sites\/48\/2016\/03\/carte_internement_en_france-redimensionn\u00e9e-305x300.jpg 305w, https:\/\/blogs.univ-jfc.fr\/campsdusudouest\/wp-content\/uploads\/sites\/48\/2016\/03\/carte_internement_en_france-redimensionn\u00e9e.jpg 906w\" sizes=\"(max-width: 300px) 100vw, 300px\" \/><\/a><p id=\"caption-attachment-1512\" class=\"wp-caption-text\">Carte repr\u00e9sentant la r\u00e9partition des juifs et autres intern\u00e9s dans les camps en France<\/p><\/div>\n","protected":false},"excerpt":{"rendered":"","protected":false},"author":191,"featured_media":0,"parent":0,"menu_order":0,"comment_status":"closed","ping_status":"open","template":"","meta":[],"_links":{"self":[{"href":"https:\/\/blogs.univ-jfc.fr\/campsdusudouest\/wp-json\/wp\/v2\/pages\/1513"}],"collection":[{"href":"https:\/\/blogs.univ-jfc.fr\/campsdusudouest\/wp-json\/wp\/v2\/pages"}],"about":[{"href":"https:\/\/blogs.univ-jfc.fr\/campsdusudouest\/wp-json\/wp\/v2\/types\/page"}],"author":[{"embeddable":true,"href":"https:\/\/blogs.univ-jfc.fr\/campsdusudouest\/wp-json\/wp\/v2\/users\/191"}],"replies":[{"embeddable":true,"href":"https:\/\/blogs.univ-jfc.fr\/campsdusudouest\/wp-json\/wp\/v2\/comments?post=1513"}],"version-history":[{"count":1,"href":"https:\/\/blogs.univ-jfc.fr\/campsdusudouest\/wp-json\/wp\/v2\/pages\/1513\/revisions"}],"predecessor-version":[{"id":1580,"href":"https:\/\/blogs.univ-jfc.fr\/campsdusudouest\/wp-json\/wp\/v2\/pages\/1513\/revisions\/1580"}],"wp:attachment":[{"href":"https:\/\/blogs.univ-jfc.fr\/campsdusudouest\/wp-json\/wp\/v2\/media?parent=1513"}],"curies":[{"name":"wp","href":"https:\/\/api.w.org\/{rel}","templated":true}]}}