{"id":1541,"date":"2016-03-17T08:56:43","date_gmt":"2016-03-17T07:56:43","guid":{"rendered":"http:\/\/blogs.univ-jfc.fr\/campsdusudouest\/?page_id=1541"},"modified":"2016-03-31T08:33:36","modified_gmt":"2016-03-31T07:33:36","slug":"une-vie-privee-de-liberte","status":"publish","type":"page","link":"https:\/\/blogs.univ-jfc.fr\/campsdusudouest\/vivre-dans-les-camps\/la-vie-quotidienne-dans-les-camps-du-sud-ouest\/une-vie-privee-de-liberte\/","title":{"rendered":"Une vie priv\u00e9e de libert\u00e9"},"content":{"rendered":"<h2><\/h2>\n<h2><span style=\"font-family: Arial,sans-serif\"><span style=\"font-size: medium\"><b>Un sentiment d&rsquo;exclusion<\/b><\/span><\/span><\/h2>\n<p style=\"text-align: justify\" align=\"justify\"><span style=\"font-family: Arial,sans-serif\"><span style=\"font-size: medium\">\u00a0\u00a0\u00a0\u00a0 Le 12 novembre 1938, un d\u00e9cret-loi du gouvernement <a href=\"http:\/\/www.seconde-guerre.com\/biographies\/biographie-n-daladier.html\" target=\"_blank\">Daladier<\/a> est promulgu\u00e9, facilitant les expulsions et ouvrant la cr\u00e9ation de \u00ab camps de concentration \u00bb pour les \u00e9trangers \u00ab ind\u00e9sirables \u00bb. Le 18 novembre 1939, en \u00e9largissement de celle du 12 novembre, une nouvelle loi permet l&rsquo;internement d&rsquo;individus fran\u00e7ais ou \u00e9trangers dangereux pour l\u2019\u00c9tat. On assiste peu apr\u00e8s \u00e0 l&rsquo;accueil, par la France, de r\u00e9fugi\u00e9s espagnols venus en nombre en raison de la <a href=\"http:\/\/www.larousse.fr\/encyclopedie\/divers\/guerre_civile_d_Espagne\/118441\" target=\"_blank\">guerre civile espagnole<\/a> (la Catalogne tombe en mars 1939). Le 21 janvier 1939, suite \u00e0 cet \u00e9v\u00e9nement, une loi ayant pour but de cr\u00e9er des centres sp\u00e9ciaux de rassemblement pour ces r\u00e9fugi\u00e9s est vot\u00e9e, renfor\u00e7ant les textes existants. Plusieurs camps voient le jour dans le sud-ouest de la France.<\/span><\/span><\/p>\n<div id=\"attachment_2709\" style=\"width: 310px\" class=\"wp-caption alignright\"><a href=\"http:\/\/blogs.univ-jfc.fr\/campsdusudouest\/wp-content\/uploads\/sites\/48\/2016\/03\/Sans-titre-11.jpg\"><img aria-describedby=\"caption-attachment-2709\" loading=\"lazy\" class=\"size-medium wp-image-2709     \" title=\"Document rendu public le 3 octobre 2010 par Serge Klarsfeld - \u00a9 propri\u00e9t\u00e9 du m\u00e9morial de la Shoah\" alt=\"\" src=\"http:\/\/blogs.univ-jfc.fr\/campsdusudouest\/wp-content\/uploads\/sites\/48\/2016\/03\/Sans-titre-11-300x182.jpg\" width=\"300\" height=\"182\" srcset=\"https:\/\/blogs.univ-jfc.fr\/campsdusudouest\/wp-content\/uploads\/sites\/48\/2016\/03\/Sans-titre-11-300x182.jpg 300w, https:\/\/blogs.univ-jfc.fr\/campsdusudouest\/wp-content\/uploads\/sites\/48\/2016\/03\/Sans-titre-11-491x300.jpg 491w, https:\/\/blogs.univ-jfc.fr\/campsdusudouest\/wp-content\/uploads\/sites\/48\/2016\/03\/Sans-titre-11.jpg 979w\" sizes=\"(max-width: 300px) 100vw, 300px\" \/><\/a><p id=\"caption-attachment-2709\" class=\"wp-caption-text\">2 pages annot\u00e9es de la main de P\u00e9tain sur le Statut des Juifs<\/p><\/div>\n<p style=\"text-align: justify\" align=\"justify\"><span style=\"font-family: Arial,sans-serif\"><span style=\"font-size: medium\">Le 10 juillet 1940 marque l&rsquo;arriv\u00e9e de <a href=\"http:\/\/www.seconde-guerre.com\/biographies\/biographie-n-petain.html\" target=\"_blank\">Philippe P\u00e9tain<\/a> qui re\u00e7oit les pleins pouvoirs de l&rsquo;Assembl\u00e9e, apr\u00e8s la d\u00e9faite de la France et la d\u00e9mission de Daladier. D\u00e8s lors, il dirige \u00ab l\u2019\u00c9tat fran\u00e7ais \u00bb fr\u00e9quemment connu sous le terme de \u00ab <a href=\"http:\/\/www.larousse.fr\/encyclopedie\/divers\/gouvernement_de_Vichy\/148768\" target=\"_blank\">r\u00e9gime de Vichy<\/a> \u00bb. A contrario du gouvernement Daladier, les lois concernant les camps d&rsquo;internements deviennent plus r\u00e9pressives pour les juifs \u00e9trangers et fran\u00e7ais. Le 4 octobre 1940, un loi est cr\u00e9\u00e9e afin d&rsquo;interner imm\u00e9diatement \u00ab tout ressortissant \u00e9tranger de race juive \u00bb. Le 1<sup>er<\/sup> mars 1941, P\u00e9tain revient sur les personnes \u00ab ind\u00e9sirables \u00bb, qui sont d\u00e9sormais intern\u00e9es loin de leurs domiciles afin d&rsquo;an\u00e9antir toute menace potentielle de r\u00e9sistance ou d&rsquo;aide ext\u00e9rieure. Le 2 juin 1941, une loi est mise en place en substitution de celle du 3 octobre 1940 sur le statut des juifs dans le r\u00e9gime (un Fran\u00e7ais juif est exclu de toute fonction publique, commerciales et industrielles). En plus de cela, les pr\u00e9fets ont le droit de prononcer l&rsquo;internement dans un camp sp\u00e9cial pour n&rsquo;importe quel juif m\u00eame si celui-ci est fran\u00e7ais.<\/span><\/span><\/p>\n<h2 align=\"justify\"><span style=\"font-family: Arial,sans-serif\"><span style=\"font-size: medium\"><b>Encadrement \u00e0 diff\u00e9rents \u00e9chelons<br \/>\n<\/b><\/span><\/span><\/h2>\n<p style=\"text-align: justify\" align=\"justify\"><span style=\"font-family: Arial,sans-serif\"><span style=\"font-size: medium\">\u00a0\u00a0\u00a0\u00a0 Les lois ne d\u00e9finissent pas la politique d&rsquo;encadrement des camps d&rsquo;internement. C&rsquo;est pour cela que les syst\u00e8mes de surveillance sont diff\u00e9rents selon les camps, en \u00e9tant plus ou moins r\u00e9pressifs.<\/span><\/span><\/p>\n<p style=\"text-align: justify\"><span style=\"font-family: Arial,sans-serif\"><span style=\"font-size: medium\">Il y a tout d&rsquo;abord, les camps h\u00f4pitaux, tels que celui du <a href=\"http:\/\/www.ajpn.org\/internement-Camp-hopital-Le-Recebedou-44.html\" target=\"_blank\">R\u00e9c\u00e9b\u00e9dou<\/a> ou de <a href=\"http:\/\/museedelaresistanceenligne.org\/media5718-Fiche-darrivA\" target=\"_blank\">No\u00e9<\/a>, qui ont une politique d&rsquo;encadrement plus souple que les autres car ils n&rsquo;h\u00e9bergent que des personnes faibles, malades ou \u00e2g\u00e9es. Les intern\u00e9s de ces camps ne sont pas en mesure de poser des probl\u00e8mes de discipline et ne n\u00e9cessitent donc pas un fort encadrement. Ils restent tout de m\u00eame surveill\u00e9s car ils restent \u00abind\u00e9sirables\u00bb. <\/span><\/span><\/p>\n<p style=\"text-align: justify\"><span style=\"font-family: Arial,sans-serif\"><span style=\"font-size: medium\">Il y a ensuite les centres d&rsquo;h\u00e9bergements qui, \u00e0 cette \u00e9poque, se trouvent presque dans tous les d\u00e9partements comme par exemple celui de Saint-Sulpice dans le Tarn, Gurs dans les Hautes-Pyr\u00e9n\u00e9es ou encore celui d&rsquo;Argel\u00e8s et Rivesaltes dans les Pyr\u00e9n\u00e9es-Orientales. Chaque camp est encadr\u00e9 de la m\u00eame mani\u00e8re se positionnant entre un centre de s\u00e9jour surveill\u00e9 et un camp r\u00e9pressif. Si l&rsquo;encadrement est plus l\u00e9ger, il n&rsquo;en demeure pas moins dur. <\/span><\/span><\/p>\n<div id=\"attachment_3783\" style=\"width: 310px\" class=\"wp-caption alignleft\"><a href=\"http:\/\/blogs.univ-jfc.fr\/campsdusudouest\/wp-content\/uploads\/sites\/48\/2016\/03\/IVR73_06090053NUCA_P_01.jpg\"><img aria-describedby=\"caption-attachment-3783\" loading=\"lazy\" class=\"size-medium wp-image-3783  \" title=\"\u00a9 Mus\u00e9e du Vernet \" alt=\"\" src=\"http:\/\/blogs.univ-jfc.fr\/campsdusudouest\/wp-content\/uploads\/sites\/48\/2016\/03\/IVR73_06090053NUCA_P_01-300x212.jpg\" width=\"300\" height=\"212\" srcset=\"https:\/\/blogs.univ-jfc.fr\/campsdusudouest\/wp-content\/uploads\/sites\/48\/2016\/03\/IVR73_06090053NUCA_P_01-300x212.jpg 300w, https:\/\/blogs.univ-jfc.fr\/campsdusudouest\/wp-content\/uploads\/sites\/48\/2016\/03\/IVR73_06090053NUCA_P_01-424x300.jpg 424w, https:\/\/blogs.univ-jfc.fr\/campsdusudouest\/wp-content\/uploads\/sites\/48\/2016\/03\/IVR73_06090053NUCA_P_01.jpg 724w\" sizes=\"(max-width: 300px) 100vw, 300px\" \/><\/a><p id=\"caption-attachment-3783\" class=\"wp-caption-text\">Entr\u00e9e du camp du Vernet et vue partielle des baraquements du quartier B<\/p><\/div>\n<p style=\"text-align: justify\"><span style=\"font-family: Arial,sans-serif\"><span style=\"font-size: medium\">Enfin, il y a les camps r\u00e9pres<\/span><\/span><span style=\"font-family: Arial,sans-serif\"><span style=\"font-size: medium\">sifs qui ne concernent dans le sud<\/span><\/span><span style=\"font-family: Arial,sans-serif\"><span style=\"font-size: medium\">-ouest que le camp du Vernet. Il est g\u00e9n\u00e9ralement destin\u00e9 aux<span style=\"color: #000000\"> soldats de l&rsquo;arm\u00e9e r\u00e9publicaine espagnole et aux personnes politiques qualifi\u00e9es de \u00ab dangereuses \u00bb. Afin de se faire respecter, les gardes n&rsquo;h\u00e9sitent pas \u00e0 employer la violence. L&rsquo;encadrement est donc tr\u00e8s dur dans ce camp o\u00f9 les intern\u00e9s sont trait\u00e9s comme des prisonniers, vivant dans la r\u00e9pression constante. La duret\u00e9 de cette situation r\u00e9pressive se ressent au quotidien, par exemple \u00ab quand ils faisaient l\u2019appel, les gardes se fichaient de le faire dans le froid. \u00bb , d&rsquo;apr\u00e8s le t\u00e9moignage d&rsquo;Antoine Canovas, publi\u00e9 dans le livre de l&rsquo;office de tourisme du Saverdun.<\/span><\/span><\/span><\/p>\n<h2><span style=\"font-family: Arial,sans-serif\"><span style=\"font-size: medium\"><b>La survie par le travail<\/b><\/span><\/span><\/h2>\n<p style=\"text-align: justify\" align=\"justify\"><span style=\"color: #000000\"><span style=\"font-family: Arial,sans-serif\"><span style=\"font-size: medium\">\u00a0\u00a0\u00a0\u00a0 P<\/span><\/span><\/span><span style=\"font-family: Arial,sans-serif\"><span style=\"font-size: medium\">endant la Seconde Guerre mondiale<\/span><\/span><span style=\"color: #000000\"><span style=\"font-family: Arial,sans-serif\"><span style=\"font-size: medium\">, la France m<\/span><\/span><\/span><span style=\"font-family: Arial,sans-serif\"><span style=\"font-size: medium\">anque cruellement de mai<\/span><\/span><span style=\"color: #000000\"><span style=\"font-family: Arial,sans-serif\"><span style=\"font-size: medium\">n-d&rsquo;<\/span><\/span><\/span><em><span style=\"color: #000000\"><span style=\"font-family: Arial,sans-serif\"><span style=\"font-size: medium\">\u0153<\/span><\/span><\/span><\/em><span style=\"color: #000000\"><span style=\"font-family: Arial,sans-serif\"><span style=\"font-size: medium\">uvre po<\/span><\/span><\/span><span style=\"font-family: Arial,sans-serif\"><span style=\"font-size: medium\">ur assurer la d\u00e9fense nationale. Pour r\u00e9soudre<\/span><\/span><span style=\"color: #000000\"><span style=\"font-family: Arial,sans-serif\"><span style=\"font-size: medium\"> ce<\/span><\/span><\/span><span style=\"font-family: Arial,sans-serif\"><span style=\"font-size: medium\"> probl\u00e8me, le gouvernement Daladier promulgue un d\u00e9cret-loi en avril 1939 d\u00e9clarant que les r\u00e9fugi\u00e9s b\u00e9n\u00e9ficiaires du droit d&rsquo;asile ou apatrides doivent participer \u00e0 la d\u00e9fense du pays sous forme de \u00ab\u00a0prestations\u00a0\u00bb obligatoires.<\/span><\/span><\/p>\n<p style=\"text-align: justify\" align=\"justify\"><span style=\"font-family: Arial,sans-serif\"><span style=\"font-size: medium\">Le recrutement se fait soit collectivement, soit individuellement pour les Espagnols dans les secteurs agricoles, industriels, et dans une moindre mesure militaire. On nomme ces camps des <a href=\"http:\/\/prisons-cherche-midi-mauzac.com\/varia\/creation-des-compagnies-et-des-groupements-de-travailleurs-etrangers%C2%A0en-surnombre-dans-leconomie-nationale-7680\" target=\"_blank\">CTE<\/a> (Compagnie de Travailleurs Espagnols). Ainsi, les intern\u00e9s <span style=\"color: #000000\">re\u00e7oivent <\/span>la visite de \u00ab\u00a0recruteurs\u00a0\u00bb au sein m\u00eame des camps et sont tri\u00e9s sur le volet suivant leur constitution physique. Le travail leur permet en effet de sortir du cadre p\u00e9nitentiaire<span style=\"color: #000000\"> des <\/span>camps pour finalement vivre en dehors des murs, et ainsi \u00e9chapper \u00e0 ce sentiment d&#8217;emprisonnement. Les compagnies sont affect\u00e9es \u00e0 des travau<span style=\"color: #000000\">x li\u00e9s<\/span> \u00e0 l&rsquo;effort de guerre comme des travaux sur la ligne Maginot ou la construction de pi\u00e8ges antichars.<\/span><\/span><\/p>\n<p style=\"text-align: justify\" align=\"justify\"><span style=\"font-family: Arial,sans-serif\"><span style=\"font-size: medium\">Les intern\u00e9s allemand<span style=\"color: #000000\">s sont, quant \u00e0 eux, eng<\/span>ag\u00e9s soit, \u00e0 travailler pour la l\u00e9gion \u00e9trang\u00e8<span style=\"color: #000000\">re, soit <\/span>\u00e0 quitter sans d\u00e9lai la France, soit \u00e0 demeurer intern\u00e9s ou \u00e0 accomplir des prestations lors de la d\u00e9claration de guerre contre l&rsquo;Allemagne. Des intern\u00e9s Italiens et des Juifs ont aussi relay\u00e9 des compagn<span style=\"color: #000000\">ies espagnoles jusqu<\/span>&lsquo;en 1943. La r\u00e9mun\u00e9ration des travailleur<span style=\"color: #000000\">s \u00e9trangers e<\/span>st aussi un facteur important et a connu des \u00e9volutions dans le temps. L<span style=\"color: #000000\">es travailleurs forc\u00e9s<\/span> re\u00e7oivent un faible revenu qui peut constituer pour les intern\u00e9s une raison suppl\u00e9mentaire de sortir des camps pour travailler, m\u00eame en consid\u00e9rant le salaire d\u00e9risoire accord\u00e9 <span style=\"color: #000000\">pour leurs services. <\/span><\/span><\/span><\/p>\n<p style=\"text-align: justify\" align=\"justify\"><span style=\"font-family: Arial,sans-serif\"><span style=\"font-size: medium\">Les femmes ex\u00e9cutent un travail bien diff\u00e9rent. Elles doivent effectuer des taches au sein m\u00eame du camp comme l&rsquo;\u00e9pluchage des l\u00e9gumes, le nettoyage des camps ou encore tricoter des chaussettes pour l&rsquo;arm\u00e9e.<\/span><\/span><\/p>\n<div id=\"attachment_2863\" style=\"width: 310px\" class=\"wp-caption alignright\"><a href=\"http:\/\/blogs.univ-jfc.fr\/campsdusudouest\/wp-content\/uploads\/sites\/48\/2016\/03\/1308574602_camp.jpg\"><img aria-describedby=\"caption-attachment-2863\" loading=\"lazy\" class=\"size-medium wp-image-2863 \" title=\"\u00a9 Jean Vircoulon\" alt=\"\" src=\"http:\/\/blogs.univ-jfc.fr\/campsdusudouest\/wp-content\/uploads\/sites\/48\/2016\/03\/1308574602_camp-300x190.jpg\" width=\"300\" height=\"190\" srcset=\"https:\/\/blogs.univ-jfc.fr\/campsdusudouest\/wp-content\/uploads\/sites\/48\/2016\/03\/1308574602_camp-300x190.jpg 300w, https:\/\/blogs.univ-jfc.fr\/campsdusudouest\/wp-content\/uploads\/sites\/48\/2016\/03\/1308574602_camp-472x300.jpg 472w, https:\/\/blogs.univ-jfc.fr\/campsdusudouest\/wp-content\/uploads\/sites\/48\/2016\/03\/1308574602_camp.jpg 700w\" sizes=\"(max-width: 300px) 100vw, 300px\" \/><\/a><p id=\"caption-attachment-2863\" class=\"wp-caption-text\">Photo de travailleurs espagnoles communistes dans le camp du Vernet<\/p><\/div>\n<p style=\"text-align: justify\" align=\"justify\"><span style=\"font-family: Arial,sans-serif\"><span style=\"font-size: medium\">A partir de mars 1940, le manque de main d\u2019\u0153uvre pousse le recrutement \u00e0 se faire dans la pr\u00e9cipitation, ainsi, des intern\u00e9s \u00e2g\u00e9s, malades ou peu habitu\u00e9s aux travaux de force sont tout de m\u00eame consid\u00e9r\u00e9s comme \u00ab\u00a0apte<span style=\"color: #000000\">s\u00a0\u00bb <\/span>pour des travaux dans des CTM (Compagnies de Travailleurs Militaires). <\/span><\/span><\/p>\n<p style=\"text-align: justify\" align=\"justify\"><span style=\"font-family: Arial,sans-serif\"><span style=\"font-size: medium\">Avec la d\u00e9faite de la France face aux nazis en Juin 1940, de nouvelles dispositions sont prises. Les CTM n&rsquo;ont alors plus de raison d&rsquo;\u00eatre puisque la France est sous l&rsquo;occupation allemande, et par cons\u00e9quent la contribution \u00e0 l\u2019effort militaire n&rsquo;est plus \u00e0 jour. elles sont d\u00e8s lors abolies. Sous le r\u00e9gime de Vichy, les CTE sont remplac\u00e9es par des \u201cUnions professionnelles\u201d. De plus, des commissariats \u00e0 la lutte contre le ch\u00f4mage (CLC) sont cr\u00e9\u00e9s jusqu&rsquo;en 1943 pour \u00e9viter d&rsquo;\u00e9ventuels troubles sociaux pour une population ayant particuli\u00e8rement souffert de la guerre, Fran\u00e7ais ou r\u00e9fugi\u00e9s. Durant l&rsquo;occupation, une loi a promulgu\u00e9 la \u00ab\u00a0protection de la main-d\u2019\u0153uvre nationale\u00a0\u00bb qui instaure des quotas pour les \u00e9trangers d\u00e9sireux de travailler. Ainsi, l\u2019\u00e9chappatoire que constitue le travail \u00e0 l\u2019ext\u00e9rieur des camps s<span style=\"color: #000000\">&lsquo;est rar\u00e9fi\u00e9e et est devenue tr\u00e8s s\u00e9lective<\/span>. Les CTE ont laiss\u00e9 la place aux GTE (Groupes de Travailleurs \u00c9trangers) sous la seule tutelle du ministre du Travail et de la Production. Ces nouvelles structures ont d\u00e9sormais une finalit\u00e9 punitive.<\/span><\/span><\/p>\n<p>\u00a0MIARA Walid, MOULARAT Romain<\/p>\n","protected":false},"excerpt":{"rendered":"<p>Un sentiment d&rsquo;exclusion \u00a0\u00a0\u00a0\u00a0 Le 12 novembre 1938, un d\u00e9cret-loi du gouvernement Daladier est promulgu\u00e9, facilitant les expulsions et ouvrant la cr\u00e9ation de \u00ab camps de concentration \u00bb pour les \u00e9trangers \u00ab ind\u00e9sirables \u00bb. Le 18 novembre 1939, en \u00e9largissement &hellip; <a href=\"https:\/\/blogs.univ-jfc.fr\/campsdusudouest\/vivre-dans-les-camps\/la-vie-quotidienne-dans-les-camps-du-sud-ouest\/une-vie-privee-de-liberte\/\">Lire la suite <span class=\"meta-nav\">&rarr;<\/span><\/a><\/p>\n","protected":false},"author":223,"featured_media":0,"parent":72,"menu_order":1,"comment_status":"closed","ping_status":"open","template":"","meta":[],"_links":{"self":[{"href":"https:\/\/blogs.univ-jfc.fr\/campsdusudouest\/wp-json\/wp\/v2\/pages\/1541"}],"collection":[{"href":"https:\/\/blogs.univ-jfc.fr\/campsdusudouest\/wp-json\/wp\/v2\/pages"}],"about":[{"href":"https:\/\/blogs.univ-jfc.fr\/campsdusudouest\/wp-json\/wp\/v2\/types\/page"}],"author":[{"embeddable":true,"href":"https:\/\/blogs.univ-jfc.fr\/campsdusudouest\/wp-json\/wp\/v2\/users\/223"}],"replies":[{"embeddable":true,"href":"https:\/\/blogs.univ-jfc.fr\/campsdusudouest\/wp-json\/wp\/v2\/comments?post=1541"}],"version-history":[{"count":27,"href":"https:\/\/blogs.univ-jfc.fr\/campsdusudouest\/wp-json\/wp\/v2\/pages\/1541\/revisions"}],"predecessor-version":[{"id":4037,"href":"https:\/\/blogs.univ-jfc.fr\/campsdusudouest\/wp-json\/wp\/v2\/pages\/1541\/revisions\/4037"}],"up":[{"embeddable":true,"href":"https:\/\/blogs.univ-jfc.fr\/campsdusudouest\/wp-json\/wp\/v2\/pages\/72"}],"wp:attachment":[{"href":"https:\/\/blogs.univ-jfc.fr\/campsdusudouest\/wp-json\/wp\/v2\/media?parent=1541"}],"curies":[{"name":"wp","href":"https:\/\/api.w.org\/{rel}","templated":true}]}}