{"id":1547,"date":"2016-03-17T09:18:09","date_gmt":"2016-03-17T08:18:09","guid":{"rendered":"http:\/\/blogs.univ-jfc.fr\/campsdusudouest\/?page_id=1547"},"modified":"2016-04-07T08:48:34","modified_gmt":"2016-04-07T07:48:34","slug":"la-iiie-republique-et-les-questions-internationales-suite","status":"publish","type":"page","link":"https:\/\/blogs.univ-jfc.fr\/campsdusudouest\/la-iiie-republique-et-les-questions-internationales-suite\/","title":{"rendered":"La IIIe R\u00e9publique et les questions internationales (suite)"},"content":{"rendered":"<p style=\"text-align: justify\" align=\"justify\"><a title=\"La IIIe R\u00e9publique et les questions internationales\" href=\"http:\/\/blogs.univ-jfc.fr\/campsdusudouest\/la-france-de-lentre-deux-guerres-et-de-vichy\/la-iiie-republique-et-les-questions-internationales\/\" target=\"_blank\">&#8230; page pr\u00e9c\u00e9dente<\/a><\/p>\n<h1 style=\"text-align: justify\" align=\"justify\">Des tensions internationales croissantes, de l&rsquo;Allemagne vaincue \u00e0 l&rsquo;Allemagne nazie<\/h1>\n<p style=\"text-align: justify\"><em>L&rsquo;\u00e9chec des tentatives visant \u00e0 stopper l&rsquo;ascension allemande durant les ann\u00e9es 1930<\/em><\/p>\n<p style=\"text-align: justify\"><span style=\"color: #000000\"><span style=\"font-family: Times New Roman,serif\"><span style=\"font-size: medium\">Depuis plusieurs si\u00e8cles la France et l&rsquo;Allemagne sont en conflit par rapport \u00e0 leurs limites territoriales communes. En effet la r\u00e9gion Alsace-Moselle est convoit\u00e9e par la France depuis la fin de la guerre de 1870 et \u00e0 la suite de cette d\u00e9faite, la France avait d\u00fb c\u00e9der ce territoire \u00e0 la Prusse. Au sortir de la Premi\u00e8re Guerre mondiale, la France r\u00e9clame cette r\u00e9gion et l&rsquo;obtient via le trait\u00e9 de Versailles. Comme on l&rsquo;a vu, d&rsquo;un point de vue \u00e9conomique et diplomatique, la France et la Grande-Bretagne, pays alli\u00e9s, s&rsquo;entendent quant aux sanctions inflig\u00e9es \u00e0 l&rsquo;Allemagne et les tensions qui sont li\u00e9es \u00e0 ce paiement entra\u00eenent une premi\u00e8re scission du paysage europ\u00e9en. Les troupes fran\u00e7aises, qui occupaient la rive gauche du Rhin, \u00e9tendent la zone d&rsquo;occupation \u00e0 la Ruhr en 1923 face au non-paiement de la dette et des indemnit\u00e9s de guerre allemande. <\/span><\/span><\/span><\/p>\n<p style=\"text-align: justify\"><span style=\"color: #000000\"><span style=\"font-family: Times New Roman,serif\"><span style=\"font-size: medium\">Cette invasion franco-belge d&rsquo;une zone cens\u00e9e \u00eatre d\u00e9militaris\u00e9e est synonyme de premi\u00e8res r\u00e9elles tensions franco-allemandes\u00a0; le peuple allemand voit cette occupation comme une humiliation qui attise l&rsquo;esprit revanchard germanique. <\/span><\/span><\/span> <span style=\"color: #000000\"><span style=\"font-family: Times New Roman,serif\"><span style=\"font-size: medium\"> Finalement, la France et la Belgique se retirent face aux pressions exerc\u00e9es par les \u00c9tats-Unis. Le 16 octobre 1925, les accords de Locarno sont sign\u00e9s par la France, le Royaume-Uni, l&rsquo;Allemagne, la Belgique et l&rsquo;Italie et d\u00e9terminent les fronti\u00e8res de l&rsquo;Allemagne\u00a0; c&rsquo;est notamment \u00e0 ce moment qu&rsquo;il a \u00e9t\u00e9 d\u00e9cid\u00e9 d&rsquo;offrir \u00e0 la Pologne un acc\u00e8s \u00e0 la mer par le couloir de Dantzig, zone qui coupe l&rsquo;Allemagne en deux parties. <\/span><\/span><\/span><\/p>\n<p style=\"text-align: justify\"><span style=\"color: #000000\"><span style=\"font-family: Times New Roman,serif\"><span style=\"font-size: medium\">Enfin, en 1931, l&rsquo;Allemagne exprime aupr\u00e8s de la communaut\u00e9 internationale son d\u00e9sir de recouvrer son droit \u00e0 l&rsquo;armement. Seule la France s&rsquo;oppose \u00e0 cette demande, cr\u00e9ant ainsi une division au sein des pays alli\u00e9s. En effet, l&rsquo;Allemagne cherche d&rsquo;autres alli\u00e9s pour contrer le d\u00e9sir fran\u00e7ais de l&rsquo;isoler sur la sc\u00e8ne diplomatique. De fait, elle tente de tisser des liens avec l&rsquo;URSS avec la signature d&rsquo;accords entre les deux pays mais la m\u00e9fiance reste importante. Toujours dans un objectif de ralentir la puissance allemande grandissante, le Royaume-Uni et la France tentent de tisser des liens avec l&rsquo;URSS \u00e0 leur tour avec l\u00e0 encore la signature d&rsquo;accords mais les divergences en termes de doctrines politiques sont trop importants pour que l&rsquo;alliance soit efficiente.<\/span><\/span><\/span> <span style=\"color: #000000\"><span style=\"font-family: Times New Roman,serif\"><span style=\"font-size: medium\"> Finalement, on peut dire que ces premi\u00e8res tentatives des alli\u00e9s sont vaines puisqu&rsquo;elles n\u2019emp\u00eachent pas la puissance allemande de cro\u00eetre et de trouver des soutiens fiables.\u00a0 <\/span><\/span><\/span><\/p>\n<p style=\"text-align: justify\"><em>Les provocations militaires et diplomatiques de l&rsquo;Allemagne nazie<\/em><\/p>\n<p style=\"text-align: justify\"><span style=\"color: #000000\"><span style=\"font-family: Times New Roman,serif\"><span style=\"font-size: medium\">En arrivant au pouvoir en 1933, Hitler ne peut op\u00e9rer un basculement de la politique \u00e9trang\u00e8re allemande en raison de la faiblesse militaire du pays. Ainsi, il concentre d\u00e8s le d\u00e9part son action sur le r\u00e9armement de l&rsquo;Allemagne et dissimule son action derri\u00e8re des discours pacifistes, ne se fermant pas \u00e0 une situation de dialogue avec les autres puissances europ\u00e9ennes. Cependant assez rapidement et avant que l&rsquo;outil militaire allemand ne soit suffisant, Hitler quitte la Soci\u00e9t\u00e9 des Nations en affirmant souhaiter mener sa politique de r\u00e9armement comme il l&rsquo;entend. Afin de ne pas \u00eatre isol\u00e9 et impuissant sur la sc\u00e8ne internationale mais aussi pour faire face aux accords multilat\u00e9raux sign\u00e9s par la France, l&rsquo;Allemagne n\u00e9cessite de mettre en place des accords bilat\u00e9raux. Le 18 juin 1935, le front diplomatique form\u00e9 par la conf\u00e9rence de Stresa est affaibli par un accord entre Angleterre et Allemagne au sujet de l&rsquo;armement naval\u00a0; n\u00e9goci\u00e9 en grande partie par Hitler, il lui donne l&rsquo;autorisation de poss\u00e9der autant de sous-marins que les britanniques et au maximum 35% de leur tonnage. Pour l&rsquo;Angleterre, le r\u00e9armement allemand semble in\u00e9luctable, ils cherchent ainsi \u00e0 le contr\u00f4ler. Cependant, ils donnent par la m\u00eame occasion \u00e0 Hitler le moyen d&rsquo;op\u00e9rer \u00e0 un r\u00e9armement reconnu sur la sc\u00e8ne internationale. <\/span><\/span><\/span><\/p>\n<p style=\"text-align: justify\"><span style=\"color: #000000\"><span style=\"font-family: Times New Roman,serif\"><span style=\"font-size: medium\"> Une entorse suppl\u00e9mentaire au trait\u00e9 de Versailles survient en 1936, dans la continuit\u00e9 des \u00e9v\u00e9nements pr\u00e9c\u00e9dents. En effet, Hitler utilise le nouveau pacte franco-sovi\u00e9tique sign\u00e9 un peu plus t\u00f4t et le d\u00e9nonce comme incompatible avec les accords de Locarno. Toutes les puissances europ\u00e9ennes font face \u00e0 ce moment l\u00e0 \u00e0 des difficult\u00e9s int\u00e9rieures ou en dehors du continent europ\u00e9en\u00a0; le contexte est favorable \u00e0 la remilitarisation de la Rh\u00e9nanie par le F\u00fchrer, dont le trait\u00e9 de Versailles avait fait une zone tampon entre la France et l&rsquo;Allemagne. La r\u00e9action fran\u00e7aise face \u00e0 cette provocation est tr\u00e8s limit\u00e9e\u00a0; des soldats sont envoy\u00e9s sur la Ligne Maginot mais ils ne traversent pas la fronti\u00e8re, donnant donc raison \u00e0 Hitler. Cet \u00e9v\u00e9nement s&rsquo;inscrit dans la posture pacifiste de la politique fran\u00e7aise des ann\u00e9es 1930. En effet, les choix de la politique militaire sont strictement d\u00e9fensifs emp\u00eachant la mise en place de r\u00e9elle offensive face \u00e0 la menace autoritaire.<\/span><\/span><\/span><\/p>\n<p style=\"text-align: justify\"><span style=\"color: #000000\"><span style=\"font-family: Times New Roman,serif\"><span style=\"font-size: medium\">La deuxi\u00e8me moiti\u00e9 des ann\u00e9es 1930 montre finalement que les pays alli\u00e9s prennent depuis la Premi\u00e8re Guerre mondiale des directions politiques divergentes. De plus, le clivage d\u00e9passe les fronti\u00e8res europ\u00e9ennes, et se transpose sur le continent asiatique, annon\u00e7ant d\u00e8s lors un conflit mondial\u00a0; le 25 novembre 1936, l&rsquo;Allemagne et le Japon scellent le pacte anti-Komintern, qui demeure secret mais qui constitue un engagement d&rsquo;entraide si l&rsquo;un des deux pays est attaqu\u00e9 par l&rsquo;URSS. D\u00e8s lors, on peut dire qu&rsquo;Hitler tisse non seulement des liens avec des alli\u00e9s qui pourraient \u00eatre utiles \u00e0 la r\u00e9alisation de ses ambitions mais assure qui plus est ses arri\u00e8res. Ce pacte est plus tard sign\u00e9 par de nombreux pays europ\u00e9ens, notamment par l&rsquo;Italie le 6 novembre 1937, soit au lendemain de la guerre d\u2019\u00c9thiopie. <\/span><\/span><\/span><\/p>\n<p><span style=\"color: #000000\"><span style=\"font-family: Times New Roman,serif\"><span style=\"font-size: medium\">En 1938, Hitler franchit encore une fois les limites qui lui ont \u00e9t\u00e9 fix\u00e9es, en franchissant les fronti\u00e8res autrichiennes : l&rsquo;Anschluss est donc r\u00e9alis\u00e9 par Hitler. A<\/span><\/span><\/span><span style=\"color: #000000\"><span style=\"font-family: Times New Roman,serif\"><span style=\"font-size: medium\">pr\u00e8s un appel \u00e0 l&rsquo;aide en vain du chancelier Autrichien Schussing \u00e0 Paris, Rome et Londres, les troupes allemandes envahissent l&rsquo;Autriche le 12 mars. <\/span><\/span><\/span><span style=\"color: #000000\"><span style=\"font-family: Times New Roman,serif\"><span style=\"font-size: medium\">Suite<\/span><\/span><\/span><span style=\"color: #000000\"><span style=\"font-family: Times New Roman,serif\"><span style=\"font-size: medium\"> \u00e0 un r\u00e9f\u00e9rendum le 10 avril 1938, le rattachement <\/span><\/span><\/span><span style=\"color: #000000\"><span style=\"font-family: Times New Roman,serif\"><span style=\"font-size: medium\">du pays \u00e0<\/span><\/span><\/span><span style=\"color: #000000\"><span style=\"font-family: Times New Roman,serif\"><span style=\"font-size: medium\"> l\u00a0&lsquo;Allemagne nazie <\/span><\/span><\/span><span style=\"color: #000000\"><span style=\"font-family: Times New Roman,serif\"><span style=\"font-size: medium\">est proclam\u00e9 par la plus grande majorit\u00e9 du peuple autrichien.<\/span><\/span><\/span> <span style=\"color: #000000\"><span style=\"font-family: Times New Roman,serif\"><span style=\"font-size: medium\">Apr\u00e8s avoir annex\u00e9 l&rsquo;Autriche, Hitler r\u00e9clame en septembre 1938 l&rsquo;annexion des Sud\u00e8tes, territoire p\u00e9riph\u00e9rique de la Tch\u00e9coslovaquie car il estime que la majorit\u00e9 de la population est Allemande. Apr\u00e8s une conf\u00e9rence visant \u00e0 trouver un accord \u00e0 Munich entre Hitler, Mussolini, Chamberlain et Daladier, la population des Sud\u00e8tes est \u00e9vacu\u00e9e. D\u00e8s le lendemain, l&rsquo;arm\u00e9e Allemande envahi le territoire des Sud\u00e8tes et l&rsquo;annexe \u00e0 l&rsquo;Allemagne.<\/span><\/span><\/span><\/p>\n<p><span style=\"color: #000000\"><span style=\"font-family: Times New Roman,serif\"><span style=\"font-size: medium\"><a href=\"http:\/\/blogs.univ-jfc.fr\/campsdusudouest\/wp-content\/uploads\/sites\/48\/2016\/03\/Annexions-allemandes.png\"><img loading=\"lazy\" class=\"size-medium wp-image-3327 alignleft\" title=\"Annexions de l'Allemagne nazie - Source : http:\/\/brevet-histoire-geo-crecy.over-blog.com\/2014\/12\/hitler-prepare-la-guerre.html\" alt=\"\" src=\"http:\/\/blogs.univ-jfc.fr\/campsdusudouest\/wp-content\/uploads\/sites\/48\/2016\/03\/Annexions-allemandes-300x283.png\" width=\"300\" height=\"283\" srcset=\"https:\/\/blogs.univ-jfc.fr\/campsdusudouest\/wp-content\/uploads\/sites\/48\/2016\/03\/Annexions-allemandes-300x283.png 300w, https:\/\/blogs.univ-jfc.fr\/campsdusudouest\/wp-content\/uploads\/sites\/48\/2016\/03\/Annexions-allemandes-317x300.png 317w, https:\/\/blogs.univ-jfc.fr\/campsdusudouest\/wp-content\/uploads\/sites\/48\/2016\/03\/Annexions-allemandes.png 612w\" sizes=\"(max-width: 300px) 100vw, 300px\" \/><\/a><\/span><\/span><\/span><\/p>\n<p style=\"text-align: justify\">P<span style=\"color: #000000\">our conclure cette succession d&rsquo;alliances, le pacte germano-sovi\u00e9tique est sign\u00e9 le 23 ao\u00fbt 1939. C&rsquo;est un pacte de non-agression conclut entre l&rsquo;Union Sovi\u00e9tique et l&rsquo;Allemagne afin d&rsquo;am\u00e9liorer leurs relations diplomatiques. Il est accompagn\u00e9 d&rsquo;un protocole secret qui pr\u00e9voit les zones d&rsquo;influences sovi\u00e9tiques et allemandes. Cependant, Hitler, d\u00e8s l&rsquo;\u00e9t\u00e9 1940, ordonne \u00e0 son \u00e9tat-major de pr\u00e9parer une offensive contre l&rsquo;Union sovi\u00e9tique pour le printemps suivant.<\/span><\/p>\n<p style=\"text-align: justify\"><a title=\"La IIIe R\u00e9publique et les questions internationales (suite)\" href=\"http:\/\/blogs.univ-jfc.fr\/campsdusudouest\/la-iiie-republique-et-les-questions-internationales-suite2\/\">Lire la suite..<\/a><\/p>\n","protected":false},"excerpt":{"rendered":"<p>&#8230; page pr\u00e9c\u00e9dente Des tensions internationales croissantes, de l&rsquo;Allemagne vaincue \u00e0 l&rsquo;Allemagne nazie L&rsquo;\u00e9chec des tentatives visant \u00e0 stopper l&rsquo;ascension allemande durant les ann\u00e9es 1930 Depuis plusieurs si\u00e8cles la France et l&rsquo;Allemagne sont en conflit par rapport \u00e0 leurs limites &hellip; <a href=\"https:\/\/blogs.univ-jfc.fr\/campsdusudouest\/la-iiie-republique-et-les-questions-internationales-suite\/\">Lire la suite <span class=\"meta-nav\">&rarr;<\/span><\/a><\/p>\n","protected":false},"author":212,"featured_media":0,"parent":0,"menu_order":0,"comment_status":"closed","ping_status":"open","template":"","meta":[],"_links":{"self":[{"href":"https:\/\/blogs.univ-jfc.fr\/campsdusudouest\/wp-json\/wp\/v2\/pages\/1547"}],"collection":[{"href":"https:\/\/blogs.univ-jfc.fr\/campsdusudouest\/wp-json\/wp\/v2\/pages"}],"about":[{"href":"https:\/\/blogs.univ-jfc.fr\/campsdusudouest\/wp-json\/wp\/v2\/types\/page"}],"author":[{"embeddable":true,"href":"https:\/\/blogs.univ-jfc.fr\/campsdusudouest\/wp-json\/wp\/v2\/users\/212"}],"replies":[{"embeddable":true,"href":"https:\/\/blogs.univ-jfc.fr\/campsdusudouest\/wp-json\/wp\/v2\/comments?post=1547"}],"version-history":[{"count":22,"href":"https:\/\/blogs.univ-jfc.fr\/campsdusudouest\/wp-json\/wp\/v2\/pages\/1547\/revisions"}],"predecessor-version":[{"id":4407,"href":"https:\/\/blogs.univ-jfc.fr\/campsdusudouest\/wp-json\/wp\/v2\/pages\/1547\/revisions\/4407"}],"wp:attachment":[{"href":"https:\/\/blogs.univ-jfc.fr\/campsdusudouest\/wp-json\/wp\/v2\/media?parent=1547"}],"curies":[{"name":"wp","href":"https:\/\/api.w.org\/{rel}","templated":true}]}}