{"id":1585,"date":"2016-03-17T09:08:20","date_gmt":"2016-03-17T08:08:20","guid":{"rendered":"http:\/\/blogs.univ-jfc.fr\/campsdusudouest\/?page_id=1585"},"modified":"2016-03-31T07:57:38","modified_gmt":"2016-03-31T06:57:38","slug":"francesco-ponzan-vidal","status":"publish","type":"page","link":"https:\/\/blogs.univ-jfc.fr\/campsdusudouest\/francesco-ponzan-vidal\/","title":{"rendered":"Francesco Ponzan Vidal"},"content":{"rendered":"<p align=\"justify\"><span style=\"color: #000000\"><span style=\"font-size: medium\">Francisco Ponzan Vidal\u00a0: \u00e9galement connu sous le nom de Fran\u00e7ois Vidal, c&rsquo;est un militant anarchiste espagnol. Il est n\u00e9 le 30 mars 1911 et mort le 17 ao\u00fbt 1944. Il se destinait \u00e0 une carri\u00e8re d&rsquo;enseignant quand la guerre civile espagnol \u00e9clate. Proche des milieux anarchistes depuis ses \u00e9tudes \u00e0 l&rsquo;Ecole Normale, il participe \u00e0 la contre-offensive r\u00e9publicaine contre l&rsquo;arm\u00e9e franquiste. Il fut l&rsquo;un des cadres de la \u00ab\u00a0Colonne Rouge et Noire\u00a0\u00bb une faction arm\u00e9e stalinienne espagnol. A la fin de la guerre, il se r\u00e9fugie en France o\u00f9 il est intern\u00e9 au camp du Vernet en 1939. Il s&rsquo;en \u00e9vade et rejoint la gu\u00e9rilla contre le r\u00e9gime de Franco avant de revenir en France, o\u00f9 il participe \u00e0 la R\u00e9sistance et organise l&rsquo;\u00e9vasion de nombreux militants espagnols. Il est arr\u00eat\u00e9 et emprisonn\u00e9 en 1943, et il est emmen\u00e9 avec d&rsquo;autres r\u00e9sistants par les nazis en fuite en ao\u00fbt 1944 pour \u00eatre fusill\u00e9 \u00e0 Buzet-sur-Tarn. C&rsquo;est une grande figure de la R\u00e9sistance en Midi-Pyr\u00e9n\u00e9es et en Espagne. (<a href=\"http:\/\/http:\/\/www.fondationresistance.org\/pages\/rech_doc\/reseau-evasion-groupe-ponzan-anarchistes-dans-guerre-secrete-contre-franquisme_cr_lecture72.htm\"><span style=\"color: #000080\">http:\/\/www.fondationresistance.org\/pages\/rech_doc\/reseau-evasion-groupe-ponzan-anarchistes-dans-guerre-secrete-contre-franquisme_cr_lecture72.htm<\/span><\/a>)<\/span><\/span><\/p>\n<div id=\"attachment_1644\" style=\"width: 189px\" class=\"wp-caption aligncenter\"><a href=\"http:\/\/blogs.univ-jfc.fr\/campsdusudouest\/wp-content\/uploads\/sites\/48\/2016\/03\/vidal1.jpg\"><img aria-describedby=\"caption-attachment-1644\" loading=\"lazy\" class=\"size-medium wp-image-1644  \" title=\"losdelasierra.info\" alt=\"\" src=\"http:\/\/blogs.univ-jfc.fr\/campsdusudouest\/wp-content\/uploads\/sites\/48\/2016\/03\/vidal1-276x300.jpg\" width=\"179\" height=\"195\" srcset=\"https:\/\/blogs.univ-jfc.fr\/campsdusudouest\/wp-content\/uploads\/sites\/48\/2016\/03\/vidal1-276x300.jpg 276w, https:\/\/blogs.univ-jfc.fr\/campsdusudouest\/wp-content\/uploads\/sites\/48\/2016\/03\/vidal1.jpg 469w\" sizes=\"(max-width: 179px) 100vw, 179px\" \/><\/a><p id=\"caption-attachment-1644\" class=\"wp-caption-text\">Francesco Ponzan Vidal (1942)<\/p><\/div>\n<p align=\"justify\"><span style=\"color: #000000\"><span style=\"font-size: medium\">\u00a0<\/span><\/span><\/p>\n","protected":false},"excerpt":{"rendered":"<p>Francisco Ponzan Vidal\u00a0: \u00e9galement connu sous le nom de Fran\u00e7ois Vidal, c&rsquo;est un militant anarchiste espagnol. Il est n\u00e9 le 30 mars 1911 et mort le 17 ao\u00fbt 1944. Il se destinait \u00e0 une carri\u00e8re d&rsquo;enseignant quand la guerre civile &hellip; <a href=\"https:\/\/blogs.univ-jfc.fr\/campsdusudouest\/francesco-ponzan-vidal\/\">Lire la suite <span class=\"meta-nav\">&rarr;<\/span><\/a><\/p>\n","protected":false},"author":228,"featured_media":0,"parent":0,"menu_order":0,"comment_status":"closed","ping_status":"open","template":"","meta":[],"_links":{"self":[{"href":"https:\/\/blogs.univ-jfc.fr\/campsdusudouest\/wp-json\/wp\/v2\/pages\/1585"}],"collection":[{"href":"https:\/\/blogs.univ-jfc.fr\/campsdusudouest\/wp-json\/wp\/v2\/pages"}],"about":[{"href":"https:\/\/blogs.univ-jfc.fr\/campsdusudouest\/wp-json\/wp\/v2\/types\/page"}],"author":[{"embeddable":true,"href":"https:\/\/blogs.univ-jfc.fr\/campsdusudouest\/wp-json\/wp\/v2\/users\/228"}],"replies":[{"embeddable":true,"href":"https:\/\/blogs.univ-jfc.fr\/campsdusudouest\/wp-json\/wp\/v2\/comments?post=1585"}],"version-history":[{"count":5,"href":"https:\/\/blogs.univ-jfc.fr\/campsdusudouest\/wp-json\/wp\/v2\/pages\/1585\/revisions"}],"predecessor-version":[{"id":3814,"href":"https:\/\/blogs.univ-jfc.fr\/campsdusudouest\/wp-json\/wp\/v2\/pages\/1585\/revisions\/3814"}],"wp:attachment":[{"href":"https:\/\/blogs.univ-jfc.fr\/campsdusudouest\/wp-json\/wp\/v2\/media?parent=1585"}],"curies":[{"name":"wp","href":"https:\/\/api.w.org\/{rel}","templated":true}]}}