{"id":1592,"date":"2016-03-17T09:24:14","date_gmt":"2016-03-17T08:24:14","guid":{"rendered":"http:\/\/blogs.univ-jfc.fr\/campsdusudouest\/?page_id=1592"},"modified":"2016-03-31T08:37:22","modified_gmt":"2016-03-31T07:37:22","slug":"lexique-rivesalres","status":"publish","type":"page","link":"https:\/\/blogs.univ-jfc.fr\/campsdusudouest\/lexique-rivesalres\/","title":{"rendered":"Lexique de Rivesaltes"},"content":{"rendered":"<p><span style=\"text-decoration: underline\">Compagnie de Travailleurs \u00c9trangers (CTE) :<\/span> Cr\u00e9\u00e9 par le d\u00e9cret sous le gouvernement Daladier le 12 avril 1939. Ces groupes de travailleurs \u00e9taient sous l&rsquo;autorit\u00e9 du minist\u00e8re de la guerre et deviennent GTE (Groupe de Travailleurs \u00c9trangers) le 27 septembre 1940.<\/p>\n<p><span style=\"text-decoration: underline\">Retirada :<\/span> Exode des r\u00e9fugi\u00e9s espagnols de la guerre civile. En 1939, c&rsquo;est plus de 450 000 r\u00e9publicains qui fuient l&rsquo;Espagne d\u00fb \u00e0 la chute de la Seconde R\u00e9publique espagnole et de la victoire du g\u00e9n\u00e9ral Franco.<\/p>\n<p><span style=\"text-decoration: underline\">Front de Lib\u00e9ration Nationale (FLN) :<\/span> Cr\u00e9\u00e9 en 1654 pour obtenir l&rsquo;ind\u00e9pendance de l&rsquo;Alg\u00e9rie poss\u00e9dant aussi son bras arm\u00e9 : l&rsquo;Arm\u00e9e de Lib\u00e9ration Nationale (ALN).<\/p>\n<p><span style=\"text-decoration: underline\">Comit\u00e9 Inter Mouvements Aupr\u00e8s Des \u00c9vacu\u00e9s (CIMADE) :<\/span> Association datant de 1901 de solidarit\u00e9 active avec les \u00e9trangers.<\/p>\n<p><span style=\"text-decoration: underline\">\u0152uvre de Secours aux Enfant (OSE) :<\/span> Association cr\u00e9\u00e9e en 1912 \u00e0 Saint-P\u00e9tersbourg afin de secourir les juifs pers\u00e9cut\u00e9s lors de la Seconde Guerre Mondiale. Ils se sont \u00e9galement occup\u00e9 de la protection des enfants lors de cette m\u00eame guerre.<\/p>\n<p><span style=\"text-decoration: underline\">Young Men&rsquo;s Christian Association (YMCA) :<\/span> ONG chr\u00e9tienne cr\u00e9\u00e9e en 1844 par Georges Williams \u00e0 Londres propose son aide durant la Seconde Guerre Mondiale aupr\u00e8s des populations intern\u00e9es dans les camps d&rsquo;internements administratifs.<\/p>\n<p><span style=\"text-decoration: underline\">\u00ab\u00a0Quackers\u00a0\u00bb<\/span> : Nom des membres de la Soci\u00e9t\u00e9 religieuse des Amis (fond\u00e9e en Angleterre au XVIIe si\u00e8cle). Elle est \u00e9galement une association chr\u00e9tienne qui a apport\u00e9 son aide aux victimes et aux populations intern\u00e9es durant la Seconde Guerre Mondiale.<\/p>\n<p>&nbsp;<\/p>\n","protected":false},"excerpt":{"rendered":"<p>Compagnie de Travailleurs \u00c9trangers (CTE) : Cr\u00e9\u00e9 par le d\u00e9cret sous le gouvernement Daladier le 12 avril 1939. Ces groupes de travailleurs \u00e9taient sous l&rsquo;autorit\u00e9 du minist\u00e8re de la guerre et deviennent GTE (Groupe de Travailleurs \u00c9trangers) le 27 septembre &hellip; <a href=\"https:\/\/blogs.univ-jfc.fr\/campsdusudouest\/lexique-rivesalres\/\">Lire la suite <span class=\"meta-nav\">&rarr;<\/span><\/a><\/p>\n","protected":false},"author":162,"featured_media":0,"parent":0,"menu_order":0,"comment_status":"closed","ping_status":"open","template":"","meta":[],"_links":{"self":[{"href":"https:\/\/blogs.univ-jfc.fr\/campsdusudouest\/wp-json\/wp\/v2\/pages\/1592"}],"collection":[{"href":"https:\/\/blogs.univ-jfc.fr\/campsdusudouest\/wp-json\/wp\/v2\/pages"}],"about":[{"href":"https:\/\/blogs.univ-jfc.fr\/campsdusudouest\/wp-json\/wp\/v2\/types\/page"}],"author":[{"embeddable":true,"href":"https:\/\/blogs.univ-jfc.fr\/campsdusudouest\/wp-json\/wp\/v2\/users\/162"}],"replies":[{"embeddable":true,"href":"https:\/\/blogs.univ-jfc.fr\/campsdusudouest\/wp-json\/wp\/v2\/comments?post=1592"}],"version-history":[{"count":7,"href":"https:\/\/blogs.univ-jfc.fr\/campsdusudouest\/wp-json\/wp\/v2\/pages\/1592\/revisions"}],"predecessor-version":[{"id":4057,"href":"https:\/\/blogs.univ-jfc.fr\/campsdusudouest\/wp-json\/wp\/v2\/pages\/1592\/revisions\/4057"}],"wp:attachment":[{"href":"https:\/\/blogs.univ-jfc.fr\/campsdusudouest\/wp-json\/wp\/v2\/media?parent=1592"}],"curies":[{"name":"wp","href":"https:\/\/api.w.org\/{rel}","templated":true}]}}