{"id":16,"date":"2016-01-28T09:13:58","date_gmt":"2016-01-28T08:13:58","guid":{"rendered":"http:\/\/blogs.univ-jfc.fr\/campsdusudouest\/?page_id=16"},"modified":"2016-03-31T09:21:05","modified_gmt":"2016-03-31T08:21:05","slug":"les-francais-et-linternement","status":"publish","type":"page","link":"https:\/\/blogs.univ-jfc.fr\/campsdusudouest\/la-france-de-lentre-deux-guerres-et-de-vichy\/les-francais-et-linternement\/","title":{"rendered":"Les fran\u00e7ais et l&rsquo;internement"},"content":{"rendered":"<p align=\"justify\"><span style=\"font-family: Arial,serif\"><span style=\"font-size: medium\">\u00a0\u00a0\u00a0\u00a0 Aveugl\u00e9 par la propagande minist\u00e9rielle des gouvernements successifs, les civils n&rsquo;ont qu&rsquo;une vague image et souvent d\u00e9form\u00e9e des camps d&rsquo;internement. Le contr\u00f4le des journaux est tr\u00e8s vite une pr\u00e9occupation pour les gouvernements fran\u00e7ais qui vont essayer de contr\u00f4ler la presse, allant jusqu&rsquo;\u00e0 la censure et l&rsquo;interdiction d&rsquo;entrer dans les camps pour les journaux fran\u00e7ais. Cette censure a bien s\u00fbr pour but de contr\u00f4ler l&rsquo;opinion publique. C&rsquo;est d\u00e8s le gouvernement de Daladier que va \u00eatre mis en place le contr\u00f4le de l&rsquo;image des camps. Mais c&rsquo;est le r\u00e9gime de Vichy et son habilet\u00e9 \u00e0 la propagande qui vont se lancer dans un v\u00e9ritable contr\u00f4le des consciences \u00e0 travers d&rsquo;outils comme la culture. Le r\u00e9gime exerce son autorit\u00e9 sur les diff\u00e9rents organismes de presse, de la radio aux journaux et ne tol\u00e8re aucune opposition. Ce qui marque une v\u00e9ritable volont\u00e9 de faire oublier l&rsquo;existence des camps d&rsquo;internements aux Fran\u00e7ais. <\/span><\/span><\/p>\n<p align=\"justify\"><span style=\"font-family: Arial,serif\"><span style=\"font-size: medium\">\u00a0\u00a0\u00a0 Afin d&rsquo;\u00e9tudier les \u00ab\u00a0images\u00a0\u00bb des camps d&rsquo;internement, il est important d&rsquo;\u00e9tudier aussi les t\u00e9moignages \u00e0 la fois de simples civils et des intern\u00e9s. Afin de voir le d\u00e9calage entre ce que savaient et voyaient les civils et la r\u00e9alit\u00e9 que les intern\u00e9s vivaient. Les t\u00e9moignages sont d&rsquo;importantes sources d&rsquo;information. Que ce soit pour en apprendre plus sur les conditions de vie dans les camps ou sur l&rsquo;organisation des camps. Les intern\u00e9s d\u00e9crivent avec pr\u00e9cision les lieux et les taches qui rythment leur journ\u00e9e. Ils nous renseignent aussi sur les relations entre les gardes et les intern\u00e9s, de m\u00eame que sur la complexit\u00e9 des rapports entre les intern\u00e9s. Ils nous permettent aussi de voir l&rsquo;\u00e9volution de l\u2019interaction entre le camp et l&rsquo;ext\u00e9rieur.<\/span><\/span><\/p>\n<p align=\"justify\"><span style=\"font-family: Arial,serif\"><span style=\"font-size: medium\">\u00a0\u00a0 Pour \u00e9tudier ces t\u00e9moignages, il faut bien s\u00fbr prendre en compte, les traumatismes dans la perception des t\u00e9moins de cette \u00e9poque o\u00f9 la France conna\u00eet une crise \u00e9conomique et une guerre mondiale (1940-1945). La France \u00e0 partir de 1940 est sous le contr\u00f4le de l&rsquo;occupant Allemand ce qui va bien sur changer la fa\u00e7on de voir des Fran\u00e7ais qui ont peur de l&rsquo;avenir et encore plus du pr\u00e9sent. Il est donc important de confronter les faits aux t\u00e9moignages.\u00a0<\/span><\/span><span style=\"font-family: Arial,serif\"><span style=\"font-size: medium\">Nous verrons ainsi qu&rsquo;il y a une v\u00e9ritable \u00e9volution de \u00ab\u00a0l&rsquo;image\u00a0\u00bb des camps d&rsquo;internement dans l&rsquo;esprit des Fran\u00e7ais \u00e0 travers les diff\u00e9rents gouvernements de Daladier \u00e0 Vichy.<\/span><\/span><\/p>\n<p align=\"justify\"><strong> <span style=\"font-size: large\">Une arme politique<\/span><\/strong><\/p>\n<p><em> <span style=\"font-size: medium\">L&rsquo;enfermement des ressortissants r\u00e9publicains des r\u00e9gimes fascistes<\/span><\/em><\/p>\n<div id=\"attachment_1841\" style=\"width: 310px\" class=\"wp-caption alignright\"><a href=\"http:\/\/blogs.univ-jfc.fr\/campsdusudouest\/wp-content\/uploads\/sites\/48\/2016\/01\/11.jpg\"><img aria-describedby=\"caption-attachment-1841\" loading=\"lazy\" class=\"size-medium wp-image-1841  \" title=\"Hommes et enfants passant la fronti\u00e8re fran\u00e7aise pour trouver un refuge. Source : F\u00e9vrier 1933, La D\u00e9p\u00eache.\" alt=\"0 R\" src=\"http:\/\/blogs.univ-jfc.fr\/campsdusudouest\/wp-content\/uploads\/sites\/48\/2016\/01\/11-300x189.jpg\" width=\"300\" height=\"189\" srcset=\"https:\/\/blogs.univ-jfc.fr\/campsdusudouest\/wp-content\/uploads\/sites\/48\/2016\/01\/11-300x189.jpg 300w, https:\/\/blogs.univ-jfc.fr\/campsdusudouest\/wp-content\/uploads\/sites\/48\/2016\/01\/11-1024x647.jpg 1024w, https:\/\/blogs.univ-jfc.fr\/campsdusudouest\/wp-content\/uploads\/sites\/48\/2016\/01\/11-474x300.jpg 474w, https:\/\/blogs.univ-jfc.fr\/campsdusudouest\/wp-content\/uploads\/sites\/48\/2016\/01\/11.jpg 1535w\" sizes=\"(max-width: 300px) 100vw, 300px\" \/><\/a><p id=\"caption-attachment-1841\" class=\"wp-caption-text\">La Retirada espagnole<\/p><\/div>\n<p align=\"justify\"><span style=\"color: #000000\"><span style=\"font-size: medium\"><span style=\"font-family: Arial,sans-serif\">\u00a0\u00a0 Si le gouvernement et une bonne partie de la population furent r\u00e9tifs \u00e0 accueillir ces r\u00e9fugi\u00e9s \u00e9trangers, certains fran\u00e7ais vinrent pourtant \u00e0 leur aide, les assistant pour la travers\u00e9e, leur offrant du r\u00e9confort. Nous pouvons en voir un ex<\/span><span style=\"font-family: Verdana,sans-serif\">emple sur l&rsquo;image d&rsquo;en-dessous\u00a0: en effet, l&rsquo;homme au b\u00e9ret derri\u00e8re l&rsquo;enfant bless\u00e9 \u00e9tait un fran\u00e7ais, tenant la main \u00e0 un enfant espagnol.<a href=\"#sdfootnote2sym\" name=\"sdfootnote2anc\"><sup>2 <\/sup><\/a><\/span><span style=\"font-family: Arial,sans-serif\">En parall\u00e8le, le 12 novembre 1938, la premi\u00e8re loi permettant l&rsquo;internement administratif des\u00ab\u00a0ind\u00e9sirables \u00e9trangers\u00a0\u00bb fut vot\u00e9e et approuv\u00e9e par la III\u00e8me R\u00e9publique. Ainsi, les r\u00e9fugi\u00e9s espagnols furent les premiers \u00e0 devoir ce soumettre \u00e0 cette loi x\u00e9nophobe.<\/span><\/span><\/span><\/p>\n<p align=\"justify\"><span style=\"color: #000000\"><span style=\"font-family: Arial,sans-serif\"><span style=\"font-size: medium\">\u00a0\u00a0 Vint, en septembre 1939, l&rsquo;\u00e9clatement de la Seconde Guerre mondiale. D\u00e8s lors, les r\u00e9fugi\u00e9s espagnols furent rejoint par une nouvelle cat\u00e9gorie, d\u00e9nomm\u00e9e officiellement en tant que\u00a0: \u00ab\u00a0ressortissants des puissances ennemies\u00a0\u00bb. Il s&rsquo;agissait l\u00e0 de r\u00e9fugi\u00e9s Allemands et Autrichiens, recherchant la s\u00e9curit\u00e9 de la France, tout en fuyant un pays o\u00f9 leurs vies \u00e9taient en danger\u00a0: l&rsquo;Autriche \u00e9tant rattach\u00e9e \u00e0 l&rsquo;Allemagne depuis l&rsquo;Anschluss (12 mars 1938), les gouvernements \u00e9taient les m\u00eames et les \u00ab\u00a0ind\u00e9sirables\u00a0\u00bb \u00e9galement. <\/span><\/span><\/span><\/p>\n<p align=\"justify\"><span style=\"color: #000000\"><span style=\"font-family: Arial,sans-serif\"><span style=\"font-size: medium\">\u00a0\u00a0 Aussi, les r\u00e9fugi\u00e9s \u00e9taient principalement compos\u00e9s de Juifs, de Communistes, etc. La plupart des intern\u00e9s furent des femmes, les hommes \u00e9tant renvoy\u00e9s dans leur pays d&rsquo;origine. Plusieurs lois furent alors vot\u00e9es, r\u00e9primant ces communaut\u00e9s, qu&rsquo;elles soient \u00e9trang\u00e8res ou non. (interdiction des organisations communistes en 1939, par exemple). De m\u00eame, le 18 novembre 1939, le gouvernement fit passer un nouveau d\u00e9cret\u00a0: \u00ab [\u2026] <\/span><\/span><\/span><span style=\"color: #000000\"><span style=\"font-family: Arial,sans-serif\"><span style=\"font-size: medium\">les individus dangereux pour la d\u00e9fense nationale ou pour la s\u00e9curit\u00e9 publique peuvent, sur d\u00e9cision du pr\u00e9fet, \u00eatre \u00e9loign\u00e9s par l&rsquo;autorit\u00e9 militaire des lieux o\u00f9 ils r\u00e9sident, et, en cas de n\u00e9cessit\u00e9, \u00eatre astreint \u00e0 r\u00e9sider dans un centre d\u00e9sign\u00e9 par d\u00e9cision du ministre de la d\u00e9fense nationale et de la guerre et du ministre de l&rsquo;int\u00e9rieur. [\u2026] Les individus soumis aux dispositions du pr\u00e9sent d\u00e9cret peuvent \u00eatre requis en vue d&rsquo;accomplir tous travaux int\u00e9ressant la d\u00e9fense nationale. [\u2026] tout individu astreint \u00e0 r\u00e9sider dans un des centres pr\u00e9vus \u00e0 l&rsquo;art. 2 qui le quittera sans autorisation, sera puni d&rsquo;un emprisonnement de un \u00e0 cinq ans. \u00bb<a href=\"#sdfootnote3sym\" name=\"sdfootnote3anc\"><sup>3<\/sup><\/a><\/span><\/span><\/span><\/p>\n<p align=\"justify\"><span style=\"color: #000000\"><span style=\"font-family: Arial,sans-serif\"><span style=\"font-size: medium\">\u00a0\u00a0 Ainsi, il s&rsquo;agissait alors d&rsquo;enfermer des cat\u00e9gories de personnes non pas apr\u00e8s avoir eu la preuve v\u00e9ritable de leur dangerosit\u00e9, mais selon le danger potentiel qu&rsquo;elles pourraient \u00e9ventuellement repr\u00e9senter pour la population, selon des crit\u00e8res telles que leur ethnie, leur origine, leurs opinions politiques, etc. Cela s&#8217;embo\u00eete dans les quatre logiques qui se sont succ\u00e9d\u00e9es tour \u00e0 tour en France\u00a0: entre 1938 et 1940, l&rsquo;exception\u00a0; entre 1940 et 1942, l&rsquo;exclusion\u00a0; entre 1943 et 1944, la d\u00e9portation et le retour \u00e0 la premi\u00e8re logique entre 1944 et 1946. <\/span><\/span><\/span><\/p>\n<p align=\"justify\"><span style=\"color: #000000\"><span style=\"font-family: Arial,sans-serif\"><span style=\"font-size: medium\">\u00a0\u00a0 En effet, sous Vichy principalement, les \u00ab\u00a0ind\u00e9sirables\u00a0\u00bb \u00e9taient ces cat\u00e9gories-l\u00e0 de la population, que le Mar\u00e9chal P\u00e9tain nomma \u00ab\u00a0les forces de l&rsquo;anti-France\u00a0\u00bb, et dont il se servit pour sa propagande, mais \u00e9galement pour les valeurs\u00a0: \u00ab\u00a0Travail, Famille, Patrie.\u00a0\u00bb Selon cette m\u00eame politique, les camps d&rsquo;internement \u00e9taient devenus essentiels pour &lsquo;sauver&rsquo; la France, en enfermant ces \u00e9l\u00e9ments ind\u00e9sirables, \u00e0 l\u2019abri des regards, et les excluant de la population fran\u00e7aise. C&rsquo;\u00e9tait, par cons\u00e9quent, un moyen pour le R\u00e9gime de Vichy d&rsquo;enfermer en toute impunit\u00e9 les possibles opposants. Ainsi, l&rsquo;internement \u00e9tait devenu une arme politique, un outil pour contr\u00f4ler la population et les opinions.<\/span><\/span><\/span><\/p>\n<p align=\"justify\"><strong> <span style=\"font-size: large\">Sous l&rsquo;occupation, enfermement des \u00ab\u00a0ind\u00e9sirables\u00a0\u00bb d\u00e9sign\u00e9s par le III\u00e8me Reich<\/span><\/strong><\/p>\n<p align=\"justify\"><span style=\"font-family: Arial,sans-serif\"><span style=\"font-size: medium\">\u00a0\u00a0\u00a0 La p\u00e9riode d&rsquo;occupation allemande d\u00e9bute d\u00e8s le 22 juin 1940, avec l&rsquo;armistice sign\u00e9e entre la France et l&rsquo;Allemagne. Dirig\u00e9e par le Mar\u00e9chal P\u00e9tain, la France devint l\u2019\u00c9tat fran\u00e7ais, mais sera ensuite connue comme le R\u00e9gime de Vichy. La France, soumise \u00e0 l&rsquo;Allemagne, subira des dommages \u00e9conomiques, humains, et territoriaux. Pour assurer la place ainsi que l&rsquo;autorit\u00e9 de la France dans ce nouveau monde, Pierre Laval, chef du gouvernement apr\u00e8s le 18 avril 1942, met en exergue la collaboration de la France avec le III\u00e8me Reich. <\/span><\/span><\/p>\n<div id=\"attachment_1848\" style=\"width: 310px\" class=\"wp-caption alignleft\"><a href=\"http:\/\/blogs.univ-jfc.fr\/campsdusudouest\/wp-content\/uploads\/sites\/48\/2016\/01\/21.jpg\"><img aria-describedby=\"caption-attachment-1848\" loading=\"lazy\" class=\"size-medium wp-image-1848  \" title=\"Affiche de l'exposition \u00ab\u00a0Le Juif et la France\u00a0\u00bb, du 5 septembre 1941 au 15 janvier 1942. Source : Photo d'un extrait vid\u00e9o disponible sur INA, provenant de \u00ab\u00a0Actualit\u00e9s Mondiales\u00a0\u00bb.\" alt=\"2\" src=\"http:\/\/blogs.univ-jfc.fr\/campsdusudouest\/wp-content\/uploads\/sites\/48\/2016\/01\/21-300x225.jpg\" width=\"300\" height=\"225\" srcset=\"https:\/\/blogs.univ-jfc.fr\/campsdusudouest\/wp-content\/uploads\/sites\/48\/2016\/01\/21-300x225.jpg 300w, https:\/\/blogs.univ-jfc.fr\/campsdusudouest\/wp-content\/uploads\/sites\/48\/2016\/01\/21-400x300.jpg 400w, https:\/\/blogs.univ-jfc.fr\/campsdusudouest\/wp-content\/uploads\/sites\/48\/2016\/01\/21.jpg 512w\" sizes=\"(max-width: 300px) 100vw, 300px\" \/><\/a><p id=\"caption-attachment-1848\" class=\"wp-caption-text\">Le Juif, parasitant la France\u00a0?<\/p><\/div>\n<p align=\"justify\"><span style=\"font-family: Arial,sans-serif\"><span style=\"font-size: medium\">\u00a0\u00a0 S&rsquo;agissant l\u00e0 de propagande, ces expositions seront diffus\u00e9es publiquement par les <i>Actualit\u00e9s Mondiales <\/i>qui \u00e9tait une presse film\u00e9e de propagande sous le R\u00e9gime de Vichy, pr\u00e9sentant, dans des \u00e9ditions d&rsquo;une quinzaine de minutes, la situation de la France et du III\u00e8me Reich d&rsquo;une mani\u00e8re positive.<\/span><\/span><\/p>\n<p align=\"justify\"><span style=\"font-family: Arial,sans-serif\"><span style=\"font-size: medium\">\u00a0\u00a0 Cependant, avec cette collaboration, d&rsquo;autres mesures furent \u00e9galement prises. Apr\u00e8s la Conf\u00e9rence de Wansee<a href=\"#sdfootnote7sym\" name=\"sdfootnote7anc\"><sup>7<\/sup><\/a>, le R\u00e9gime de Vichy fit, d\u00e8s le printemps 1942, entrer les camps d&rsquo;internement fran\u00e7ais dans cette politique d&rsquo;extermination. Les camps fran\u00e7ais demeur\u00e8rent des camps d&rsquo;internements, avec pour fonction principale celle de contr\u00f4ler les populations et, contrairement \u00e0 des camps tels que Auschwitz, ils n&rsquo;eurent pas comme fonction d&rsquo;exterminer. Ils n&rsquo;\u00e9taient, par cons\u00e9quent, pas des camps d&rsquo;extermination. Ces derniers avaient pour unique mission celle de tuer de mani\u00e8re rapide et efficace, d\u00e8s l&rsquo;arriv\u00e9e des ind\u00e9sirables dans ces derniers. Cela, m\u00eame durant l&rsquo;Occupation, ne changea pas. <\/span><\/span><\/p>\n<p align=\"justify\"><span style=\"color: #000000\"><span style=\"font-family: Arial,sans-serif\"><span style=\"font-size: medium\">\u00a0\u00a0 Mais cela n&#8217;emp\u00eacha pas les morts et, plus encore, cela n&#8217;emp\u00eacha pas les camps d\u2019internement de servir d&rsquo;antichambre de la mort pour les ind\u00e9sirables. Les Juifs et les autres ind\u00e9sirables y \u00e9taient identifi\u00e9s<a href=\"#sdfootnote8sym\" name=\"sdfootnote8anc\"><sup>8<\/sup><\/a>, regroup\u00e9s, enferm\u00e9s, avant d&rsquo;\u00eatre d\u00e9port\u00e9s vers les camps d&rsquo;extermination nazis. \u00ab\u00a0Les chiffres sont connus : sur les quelques 320 000 Juifs pr\u00e9sents en France, 76 000 furent d\u00e9port\u00e9s et seuls 2 500 surv\u00e9curent.\u00a0\u00bb<a href=\"#sdfootnote9sym\" name=\"sdfootnote9anc\"><sup>9<\/sup><\/a>, selon les sites gouvernementaux. Les d\u00e9port\u00e9s \u00e9taient aussi bien des femmes, des hommes, que des enfants. Les papiers \u00e9taient sign\u00e9s par les dirigeants fran\u00e7ais, notamment les directeurs des camps d&rsquo;internements. Plus tard, certains pr\u00e9tendirent ne pas conna\u00eetre la destination des d\u00e9port\u00e9s, ne faisant qu&rsquo;ob\u00e9ir aux ordres provenant du R\u00e9gime de Vichy. <\/span><\/span><\/span><\/p>\n<p>&nbsp;<\/p>\n<p><a href=\"http:\/\/blogs.univ-jfc.fr\/campsdusudouest\/la-france-de-lentre-deux-guerres-et-de-vichy\/les-francais-et-linternement\/la-propagande-mediatique-sous-le-gouvernement-de-daladier-et-du-regime-de-vichy-de-1938-a-1945\/\" target=\"_blank\">Lire la suite&#8230;<\/a><\/p>\n<p>&nbsp;<\/p>\n<div id=\"sdfootnote1\">\n<p><a href=\"#sdfootnote1anc\" name=\"sdfootnote1sym\">1 <\/a><a href=\"http:\/\/www.cheminsdememoire.gouv.fr\/\">http:\/\/www.cheminsdememoire.gouv.fr\/<\/a>\u00a0: site gouvernement (gouv.fr), regroupant des articles sur l&rsquo;histoire de France, mais \u00e9galement sur l&rsquo;actualit\u00e9.<\/p>\n<\/div>\n<div id=\"sdfootnote2\">\n<p><a href=\"#sdfootnote2anc\" name=\"sdfootnote2sym\">2 <\/a>Conf\u00e9rence du 24\/09\/2015 de Guillaume Agullo, <span style=\"color: #000000\"><span style=\"font-family: Arial,serif\"><span style=\"font-size: small\">responsable du mus\u00e9e de la r\u00e9sistance et de la d\u00e9portation \u00e0 Toulouse.<\/span><\/span><\/span><\/p>\n<\/div>\n<div id=\"sdfootnote3\">\n<p><a href=\"#sdfootnote3anc\" name=\"sdfootnote3sym\">3 <\/a>Extrait du d\u00e9cret du 18 novembre 1939, relatif aux mesures \u00e0 prendre \u00e0 l&rsquo;\u00e9gard des individus dangereux, pour la d\u00e9fense nationale ou la s\u00e9curit\u00e9 publique.<\/p>\n<\/div>\n<div id=\"sdfootnote4\">\n<p><a href=\"#sdfootnote4anc\" name=\"sdfootnote4sym\">4 <\/a>Loi du 3 octobre 1940, puis du 2 juin 1940.<\/p>\n<\/div>\n<div id=\"sdfootnote5\">\n<p><a href=\"#sdfootnote5anc\" name=\"sdfootnote5sym\">5 <\/a>Loi du 4 octobre 1940.<\/p>\n<\/div>\n<div id=\"sdfootnote6\">\n<p><a href=\"#sdfootnote6anc\" name=\"sdfootnote6sym\">6 <\/a>Exposition du 5 septembre 1941 \u00ab\u00a0Le Juif et la France\u00a0\u00bb, se tenant tout d&rsquo;abord \u00e0 Paris, puis \u00e0 Bordeaux et Nancy.<\/p>\n<\/div>\n<div id=\"sdfootnote7\">\n<p><a href=\"#sdfootnote7anc\" name=\"sdfootnote7sym\">7 <\/a>En Janvier 1942, les responsables nazis officialisent la \u00ab\u00a0solution finale\u00a0\u00bb, visant les ind\u00e9sirables d\u00e9sign\u00e9s par le III\u00e8me Reich et visant \u00e0 leur extermination dans des camps d&rsquo;exterminations.<\/p>\n<\/div>\n<div id=\"sdfootnote8\">\n<p><a href=\"#sdfootnote8anc\" name=\"sdfootnote8sym\">8 <\/a>20 mai 1942\u00a0: port de l&rsquo;\u00e9toile jaune devenu obligatoire.<\/p>\n<\/div>\n<div id=\"sdfootnote9\">\n<p><a href=\"#sdfootnote9anc\" name=\"sdfootnote9sym\">9 <\/a>\u00ab\u00a0SHOAH Rep\u00e8res et histoire\u00a0\u00bb par Jacques DECALO, avec le concours de Xavier ROTHEA, membres du Collectif \u00ab Histoire et M\u00e9moire \u00bb<\/p>\n<\/div>\n","protected":false},"excerpt":{"rendered":"<p>\u00a0\u00a0\u00a0\u00a0 Aveugl\u00e9 par la propagande minist\u00e9rielle des gouvernements successifs, les civils n&rsquo;ont qu&rsquo;une vague image et souvent d\u00e9form\u00e9e des camps d&rsquo;internement. Le contr\u00f4le des journaux est tr\u00e8s vite une pr\u00e9occupation pour les gouvernements fran\u00e7ais qui vont essayer de contr\u00f4ler la &hellip; <a href=\"https:\/\/blogs.univ-jfc.fr\/campsdusudouest\/la-france-de-lentre-deux-guerres-et-de-vichy\/les-francais-et-linternement\/\">Lire la suite <span class=\"meta-nav\">&rarr;<\/span><\/a><\/p>\n","protected":false},"author":15,"featured_media":0,"parent":8,"menu_order":2,"comment_status":"open","ping_status":"open","template":"","meta":[],"_links":{"self":[{"href":"https:\/\/blogs.univ-jfc.fr\/campsdusudouest\/wp-json\/wp\/v2\/pages\/16"}],"collection":[{"href":"https:\/\/blogs.univ-jfc.fr\/campsdusudouest\/wp-json\/wp\/v2\/pages"}],"about":[{"href":"https:\/\/blogs.univ-jfc.fr\/campsdusudouest\/wp-json\/wp\/v2\/types\/page"}],"author":[{"embeddable":true,"href":"https:\/\/blogs.univ-jfc.fr\/campsdusudouest\/wp-json\/wp\/v2\/users\/15"}],"replies":[{"embeddable":true,"href":"https:\/\/blogs.univ-jfc.fr\/campsdusudouest\/wp-json\/wp\/v2\/comments?post=16"}],"version-history":[{"count":31,"href":"https:\/\/blogs.univ-jfc.fr\/campsdusudouest\/wp-json\/wp\/v2\/pages\/16\/revisions"}],"predecessor-version":[{"id":4238,"href":"https:\/\/blogs.univ-jfc.fr\/campsdusudouest\/wp-json\/wp\/v2\/pages\/16\/revisions\/4238"}],"up":[{"embeddable":true,"href":"https:\/\/blogs.univ-jfc.fr\/campsdusudouest\/wp-json\/wp\/v2\/pages\/8"}],"wp:attachment":[{"href":"https:\/\/blogs.univ-jfc.fr\/campsdusudouest\/wp-json\/wp\/v2\/media?parent=16"}],"curies":[{"name":"wp","href":"https:\/\/api.w.org\/{rel}","templated":true}]}}