{"id":1666,"date":"2016-03-17T09:12:59","date_gmt":"2016-03-17T08:12:59","guid":{"rendered":"http:\/\/blogs.univ-jfc.fr\/campsdusudouest\/?page_id=1666"},"modified":"2016-04-13T15:07:03","modified_gmt":"2016-04-13T14:07:03","slug":"loi-du-6-avril-1940-concernant-le-statut-des-tziganes","status":"publish","type":"page","link":"https:\/\/blogs.univ-jfc.fr\/campsdusudouest\/loi-du-6-avril-1940-concernant-le-statut-des-tziganes\/","title":{"rendered":"Loi du 6 avril 1940 concernant le statut des Tziganes"},"content":{"rendered":"<p align=\"justify\">Par la loi du 6 avril 1940, les Tziganes sont accus\u00e9s d&rsquo;espionnage car, selon le gouvernement\u00a0: \u00ab\u00a0les incessants voyages permettent \u00e0 ces nomades de surprendre les d\u00e9placements des troupes, les stationnements des unit\u00e9s et les emplacements des dispositifs de d\u00e9fense qu&rsquo;ils sont susceptibles de r\u00e9v\u00e9ler \u00e0 des agents ennemis. \u00bb Cette accusation constitue un pr\u00e9texte pour le gouvernement afin de justifier sa politique d&rsquo;exclusion. Cela aboutit dans un premier temps \u00e0 l&rsquo;interdiction de la circulation des Tziganes sur le territoire fran\u00e7ais, puis \u00e0 leur assignation \u00e0 r\u00e9sidence.<\/p>\n","protected":false},"excerpt":{"rendered":"<p>Par la loi du 6 avril 1940, les Tziganes sont accus\u00e9s d&rsquo;espionnage car, selon le gouvernement\u00a0: \u00ab\u00a0les incessants voyages permettent \u00e0 ces nomades de surprendre les d\u00e9placements des troupes, les stationnements des unit\u00e9s et les emplacements des dispositifs de d\u00e9fense &hellip; <a href=\"https:\/\/blogs.univ-jfc.fr\/campsdusudouest\/loi-du-6-avril-1940-concernant-le-statut-des-tziganes\/\">Lire la suite <span class=\"meta-nav\">&rarr;<\/span><\/a><\/p>\n","protected":false},"author":191,"featured_media":0,"parent":0,"menu_order":0,"comment_status":"closed","ping_status":"open","template":"","meta":[],"_links":{"self":[{"href":"https:\/\/blogs.univ-jfc.fr\/campsdusudouest\/wp-json\/wp\/v2\/pages\/1666"}],"collection":[{"href":"https:\/\/blogs.univ-jfc.fr\/campsdusudouest\/wp-json\/wp\/v2\/pages"}],"about":[{"href":"https:\/\/blogs.univ-jfc.fr\/campsdusudouest\/wp-json\/wp\/v2\/types\/page"}],"author":[{"embeddable":true,"href":"https:\/\/blogs.univ-jfc.fr\/campsdusudouest\/wp-json\/wp\/v2\/users\/191"}],"replies":[{"embeddable":true,"href":"https:\/\/blogs.univ-jfc.fr\/campsdusudouest\/wp-json\/wp\/v2\/comments?post=1666"}],"version-history":[{"count":2,"href":"https:\/\/blogs.univ-jfc.fr\/campsdusudouest\/wp-json\/wp\/v2\/pages\/1666\/revisions"}],"predecessor-version":[{"id":4525,"href":"https:\/\/blogs.univ-jfc.fr\/campsdusudouest\/wp-json\/wp\/v2\/pages\/1666\/revisions\/4525"}],"wp:attachment":[{"href":"https:\/\/blogs.univ-jfc.fr\/campsdusudouest\/wp-json\/wp\/v2\/media?parent=1666"}],"curies":[{"name":"wp","href":"https:\/\/api.w.org\/{rel}","templated":true}]}}