{"id":1670,"date":"2016-03-17T09:16:44","date_gmt":"2016-03-17T08:16:44","guid":{"rendered":"http:\/\/blogs.univ-jfc.fr\/campsdusudouest\/?page_id=1670"},"modified":"2016-03-18T15:46:47","modified_gmt":"2016-03-18T14:46:47","slug":"s-t-o-et-g-t-e","status":"publish","type":"page","link":"https:\/\/blogs.univ-jfc.fr\/campsdusudouest\/agir-et-resister-dans-les-camps\/resistance-revoltes-et-evasions\/une-resistance-plus-active\/s-t-o-et-g-t-e\/","title":{"rendered":"S.T.O. et G.T.E."},"content":{"rendered":"<p><!--\np { margin-bottom: 0.25cm; line-height: 120%; }\n--><\/p>\n<p style=\"text-align: justify\"><em>Service de Travail Obligatoire (S.T.O.)<\/em> : En France, durant la Seconde Guerre mondiale sous l&rsquo;occupation allemande, toutes les personnes n\u00e9es entre 1920 et 1922 sont mobilis\u00e9es et oblig\u00e9es de partir en Allemagne pour y travailler. On estime entre 600 000 et 650 000 le nombre de travailleurs fran\u00e7ais qui ont \u00e9t\u00e9 mobilis\u00e9s pour l&rsquo;Allemagne. Les pr\u00e9fets dressent des listes de personnes \u00e0 envoyer en Allemagne et de nombreuses menaces et pressions sont exerc\u00e9es sur les familles.<\/p>\n<p style=\"text-align: justify\"><em>Groupement de Travailleurs Etrangers (G.T.E.)<\/em> : Sous le r\u00e9gime de Vichy en France, des groupements de travailleurs \u00e9trangers sont cr\u00e9\u00e9s. Ils permettent au gouvernement du r\u00e9gime de Vichy d&rsquo;exclure les \u00e9trangers, de les faire travailler dans des camps d&rsquo;internement mais aussi de leur faire r\u00e9aliser d&rsquo;importants travaux p\u00e9nibles.<\/p>\n","protected":false},"excerpt":{"rendered":"<p>Service de Travail Obligatoire (S.T.O.) : En France, durant la Seconde Guerre mondiale sous l&rsquo;occupation allemande, toutes les personnes n\u00e9es entre 1920 et 1922 sont mobilis\u00e9es et oblig\u00e9es de partir en Allemagne pour y travailler. On estime entre 600 000 &hellip; <a href=\"https:\/\/blogs.univ-jfc.fr\/campsdusudouest\/agir-et-resister-dans-les-camps\/resistance-revoltes-et-evasions\/une-resistance-plus-active\/s-t-o-et-g-t-e\/\">Lire la suite <span class=\"meta-nav\">&rarr;<\/span><\/a><\/p>\n","protected":false},"author":229,"featured_media":0,"parent":296,"menu_order":2,"comment_status":"closed","ping_status":"open","template":"","meta":[],"_links":{"self":[{"href":"https:\/\/blogs.univ-jfc.fr\/campsdusudouest\/wp-json\/wp\/v2\/pages\/1670"}],"collection":[{"href":"https:\/\/blogs.univ-jfc.fr\/campsdusudouest\/wp-json\/wp\/v2\/pages"}],"about":[{"href":"https:\/\/blogs.univ-jfc.fr\/campsdusudouest\/wp-json\/wp\/v2\/types\/page"}],"author":[{"embeddable":true,"href":"https:\/\/blogs.univ-jfc.fr\/campsdusudouest\/wp-json\/wp\/v2\/users\/229"}],"replies":[{"embeddable":true,"href":"https:\/\/blogs.univ-jfc.fr\/campsdusudouest\/wp-json\/wp\/v2\/comments?post=1670"}],"version-history":[{"count":2,"href":"https:\/\/blogs.univ-jfc.fr\/campsdusudouest\/wp-json\/wp\/v2\/pages\/1670\/revisions"}],"predecessor-version":[{"id":2285,"href":"https:\/\/blogs.univ-jfc.fr\/campsdusudouest\/wp-json\/wp\/v2\/pages\/1670\/revisions\/2285"}],"up":[{"embeddable":true,"href":"https:\/\/blogs.univ-jfc.fr\/campsdusudouest\/wp-json\/wp\/v2\/pages\/296"}],"wp:attachment":[{"href":"https:\/\/blogs.univ-jfc.fr\/campsdusudouest\/wp-json\/wp\/v2\/media?parent=1670"}],"curies":[{"name":"wp","href":"https:\/\/api.w.org\/{rel}","templated":true}]}}