{"id":1677,"date":"2016-03-17T09:15:22","date_gmt":"2016-03-17T08:15:22","guid":{"rendered":"http:\/\/blogs.univ-jfc.fr\/campsdusudouest\/?page_id=1677"},"modified":"2016-03-17T09:36:56","modified_gmt":"2016-03-17T08:36:56","slug":"les-associations-humanitaires-presentes-a-noe","status":"publish","type":"page","link":"https:\/\/blogs.univ-jfc.fr\/campsdusudouest\/les-associations-humanitaires-presentes-a-noe\/","title":{"rendered":"Les associations humanitaires pr\u00e9sentes \u00e0 No\u00e9"},"content":{"rendered":"<p style=\"text-align: center\" align=\"center\"><span style=\"text-decoration: underline\"><span style=\"color: #000000\"><span style=\"font-family: Times New Roman,serif\"><span style=\"font-size: medium\">Liste des associations humanitaires am\u00e9ricaines pr\u00e9sentes \u00e0 No\u00e9<\/span><\/span><\/span><\/span><\/p>\n<div id=\"attachment_1792\" style=\"width: 212px\" class=\"wp-caption alignleft\"><a href=\"http:\/\/blogs.univ-jfc.fr\/campsdusudouest\/wp-content\/uploads\/sites\/48\/2016\/03\/uusc.jpg\"><img aria-describedby=\"caption-attachment-1792\" loading=\"lazy\" class=\" wp-image-1792  \" title=\"Logo de l'Unitarian Universalist Service Committee\" alt=\"Logo de l'Unitarian Universalist Service Committee\" src=\"http:\/\/blogs.univ-jfc.fr\/campsdusudouest\/wp-content\/uploads\/sites\/48\/2016\/03\/uusc.jpg\" width=\"202\" height=\"76\" srcset=\"https:\/\/blogs.univ-jfc.fr\/campsdusudouest\/wp-content\/uploads\/sites\/48\/2016\/03\/uusc.jpg 482w, https:\/\/blogs.univ-jfc.fr\/campsdusudouest\/wp-content\/uploads\/sites\/48\/2016\/03\/uusc-300x112.jpg 300w\" sizes=\"(max-width: 202px) 100vw, 202px\" \/><\/a><p id=\"caption-attachment-1792\" class=\"wp-caption-text\">Logo de l&rsquo;Unitarian Universalist Service Committee<\/p><\/div>\n<p style=\"text-align: justify\" align=\"center\"><span style=\"color: #000000\"><span style=\"font-family: Times New Roman,serif\"><span style=\"font-size: medium\">L&rsquo; \u00ab\u00a0<a title=\"L'Unitarian Service Committee\" href=\"http:\/\/www.uusc.org\" target=\"_blank\">Unitarian Universalist Service Committee<\/a>\u00a0\u00bb, dont le r\u00f4le, \u00e0 cette \u00e9poque, est de garantir la livraison de produits pharmaceutiques et l&rsquo;\u00e9ducation des enfants. Cette association favorise la justice sociale et travaille vers un monde libre de toute oppression, \u00e0 travers la promotion de la justice \u00e9conomique, le renforcement de la justice environnementale et la protection des droits \u00e0 risque.<\/span><\/span><\/span><\/p>\n<div id=\"attachment_1836\" style=\"width: 264px\" class=\"wp-caption alignright\"><a href=\"http:\/\/blogs.univ-jfc.fr\/campsdusudouest\/wp-content\/uploads\/sites\/48\/2016\/03\/american-friend.png\"><img aria-describedby=\"caption-attachment-1836\" loading=\"lazy\" class=\"size-full wp-image-1836 \" alt=\"Logo de l'American Friends Service Committee\" src=\"http:\/\/blogs.univ-jfc.fr\/campsdusudouest\/wp-content\/uploads\/sites\/48\/2016\/03\/american-friend.png\" width=\"254\" height=\"65\" \/><\/a><p id=\"caption-attachment-1836\" class=\"wp-caption-text\">Logo de l&rsquo;American Friends Service Committee<\/p><\/div>\n<p align=\"justify\"><span style=\"font-family: Times New Roman,serif\"><span style=\"font-size: medium\">L&rsquo; \u00ab <a title=\"L'American Friend Committee\" href=\"http:\/\/www.afsc.org\" target=\"_blank\">American Friends Service Committee<\/a>\u00a0\u00bb, sp\u00e9cialis\u00e9e dans l&rsquo;organisation de la vie collective des intern\u00e9s. Les ambitions de cette association reposent dans le d\u00e9veloppement de programmes de paix \u00e0 travers le monde. Leur travail est bas\u00e9 sur la croyance en la valeur de chaque personne, et la foi en la puissance de l&rsquo;amour pour vaincre la violence et l&rsquo;injustice.<\/span><\/span><\/p>\n<div id=\"attachment_1866\" style=\"width: 197px\" class=\"wp-caption alignleft\"><a href=\"http:\/\/blogs.univ-jfc.fr\/campsdusudouest\/wp-content\/uploads\/sites\/48\/2016\/03\/jewish.jpg\"><img aria-describedby=\"caption-attachment-1866\" loading=\"lazy\" class=\"size-full wp-image-1866\" alt=\"Logo de l'American Jewish Joint Distribution Committee\" src=\"http:\/\/blogs.univ-jfc.fr\/campsdusudouest\/wp-content\/uploads\/sites\/48\/2016\/03\/jewish.jpg\" width=\"187\" height=\"70\" \/><\/a><p id=\"caption-attachment-1866\" class=\"wp-caption-text\">Logo de l&rsquo;American Jewish Joint Distribution Committee<\/p><\/div>\n<p align=\"justify\"><span style=\"font-family: Times New Roman,serif\"><span style=\"font-size: medium\">L&rsquo;\u00ab\u00a0American Jewish Joint Distribution Committee\u00a0\u00bb, la plus grande organisation humanitaire juive au monde fond\u00e9e en 1914, apporte son aide aux communaut\u00e9s juives \u00e0 travers un r\u00e9seau d&rsquo;assistance sociale. L&rsquo;accord entre le directeur de cette association, le Dr. Schwartz, et le rabbin Kapel, ont permis de d\u00e9bloquer plusieurs fonds en septembre 1940 dans la zone non-occup\u00e9e.<\/span><\/span><\/p>\n<p align=\"justify\">\n<div id=\"attachment_1876\" style=\"width: 120px\" class=\"wp-caption alignright\"><a href=\"http:\/\/blogs.univ-jfc.fr\/campsdusudouest\/wp-content\/uploads\/sites\/48\/2016\/03\/ymca.png\"><img aria-describedby=\"caption-attachment-1876\" loading=\"lazy\" class=\" wp-image-1876  \" alt=\"Logo de la Young Men's Christian Association\" src=\"http:\/\/blogs.univ-jfc.fr\/campsdusudouest\/wp-content\/uploads\/sites\/48\/2016\/03\/ymca.png\" width=\"110\" height=\"113\" \/><\/a><p id=\"caption-attachment-1876\" class=\"wp-caption-text\">Logo de la Young Men&rsquo;s Christian Association<\/p><\/div>\n<p align=\"justify\"><span style=\"color: #000000\"><span style=\"font-family: Times New Roman,serif\"><span style=\"font-size: medium\">La \u00ab\u00a0<a title=\"La Young Men's Christian Association\" href=\"http:\/\/www.ymca.int\" target=\"_blank\">Young Men&rsquo;s Christian Association<\/a>\u00a0\u00bb \u0153uvre pour l\u2019\u00e9vang\u00e9lisation et le travail culturel. Cette ONG regroupe plus de 15 000 associations locales chr\u00e9tiennes \u00e9vang\u00e9liques et \u0153uvre dans de nombreux domaines.<\/span><\/span><\/span><\/p>\n","protected":false},"excerpt":{"rendered":"<p>Liste des associations humanitaires am\u00e9ricaines pr\u00e9sentes \u00e0 No\u00e9 L&rsquo; \u00ab\u00a0Unitarian Universalist Service Committee\u00a0\u00bb, dont le r\u00f4le, \u00e0 cette \u00e9poque, est de garantir la livraison de produits pharmaceutiques et l&rsquo;\u00e9ducation des enfants. Cette association favorise la justice sociale et travaille vers &hellip; <a href=\"https:\/\/blogs.univ-jfc.fr\/campsdusudouest\/les-associations-humanitaires-presentes-a-noe\/\">Lire la suite <span class=\"meta-nav\">&rarr;<\/span><\/a><\/p>\n","protected":false},"author":158,"featured_media":0,"parent":0,"menu_order":0,"comment_status":"closed","ping_status":"open","template":"","meta":[],"_links":{"self":[{"href":"https:\/\/blogs.univ-jfc.fr\/campsdusudouest\/wp-json\/wp\/v2\/pages\/1677"}],"collection":[{"href":"https:\/\/blogs.univ-jfc.fr\/campsdusudouest\/wp-json\/wp\/v2\/pages"}],"about":[{"href":"https:\/\/blogs.univ-jfc.fr\/campsdusudouest\/wp-json\/wp\/v2\/types\/page"}],"author":[{"embeddable":true,"href":"https:\/\/blogs.univ-jfc.fr\/campsdusudouest\/wp-json\/wp\/v2\/users\/158"}],"replies":[{"embeddable":true,"href":"https:\/\/blogs.univ-jfc.fr\/campsdusudouest\/wp-json\/wp\/v2\/comments?post=1677"}],"version-history":[{"count":10,"href":"https:\/\/blogs.univ-jfc.fr\/campsdusudouest\/wp-json\/wp\/v2\/pages\/1677\/revisions"}],"predecessor-version":[{"id":1909,"href":"https:\/\/blogs.univ-jfc.fr\/campsdusudouest\/wp-json\/wp\/v2\/pages\/1677\/revisions\/1909"}],"wp:attachment":[{"href":"https:\/\/blogs.univ-jfc.fr\/campsdusudouest\/wp-json\/wp\/v2\/media?parent=1677"}],"curies":[{"name":"wp","href":"https:\/\/api.w.org\/{rel}","templated":true}]}}