{"id":1681,"date":"2016-03-17T09:18:17","date_gmt":"2016-03-17T08:18:17","guid":{"rendered":"http:\/\/blogs.univ-jfc.fr\/campsdusudouest\/?page_id=1681"},"modified":"2016-03-31T09:22:29","modified_gmt":"2016-03-31T08:22:29","slug":"la-place-des-camps-du-sud-ouest-dans-la-deportation","status":"publish","type":"page","link":"https:\/\/blogs.univ-jfc.fr\/campsdusudouest\/le-phenomene-concentrationnaire\/les-camps-de-vichy-antichambre-de-la-deportation\/la-place-des-camps-du-sud-ouest-dans-la-deportation\/","title":{"rendered":"La place des camps du Sud-Ouest dans la d\u00e9portation"},"content":{"rendered":"<p align=\"justify\"><a title=\"La logistique mise en \u0153uvre pour orchestrer la d\u00e9portation des individus vers les camps en Allemagne\" href=\"http:\/\/blogs.univ-jfc.fr\/campsdusudouest\/la-logistique-mise-en-oeuvre-pour-orchestrer-la-deportation-des-individus-vers-les-camps-en-allemagne\/\">Revenir \u00e0 la page pr\u00e9c\u00e9dente&#8230;<\/a><\/p>\n<p align=\"justify\">Apr\u00e8s la guerre d&rsquo;Espagne (1936-1939), il a fallu ouvrir des camps de r\u00e9fugi\u00e9s dans le <span style=\"color: #000000\">Sud-O<\/span>uest pour accueillir les ressortissants espagnols qui voulaient fuir le r\u00e9gime de Franco. Les autorit\u00e9s fran\u00e7aises, pour faire face \u00e0 cet afflux de migrants, d\u00e9cident dans la panique d&rsquo;ouvrir des camps de rassemblement afin de contenir cette population. Le gouvernement fran\u00e7ais a accueilli les r\u00e9fugi\u00e9s espagnol et ce malgr\u00e9 une opinion publique divis\u00e9e\u00a0; les sympathisants de droite voyaient l&rsquo;arriv\u00e9e des r\u00e9fugi\u00e9s comme une invasion. Par la suite, en 1938, le gouvernement Daladier a \u00e9dict\u00e9 des lois pr\u00e9voyant l&rsquo;internement administratif de ces populations \u00ab\u00a0susceptibles de semer le trouble dans l&rsquo;ordre public\u00a0\u00bb. La guerre d&rsquo;Espagne am\u00e8ne donc des r\u00e9fugi\u00e9s espagnols \u00e0 fuir en France entre 1937 et 1939\u00a0: on devait donc trouver une sol<span style=\"color: #000000\">ution\u00a0; des \u00e9tudes, demand\u00e9es par le Minist\u00e8re de la D\u00e9fense, <\/span>ont montr\u00e9 que des villes du littoral comme Argel\u00e8s-Sur-Mer, Le Barcar\u00e8s ou Saint-Cyprien pouvaient accueillir des camps afin de regrouper les ressortissants espagnols en attendant que la situation s&rsquo;am\u00e9liore. D\u00e8s 1939, une multitude de camps sont ouverts dans le sud de la France, on estime \u00e0 plus de 475 000 le nombre d&rsquo;\u00e9trangers ayant franchi la fronti\u00e8re suite au conflit en Espagne. Le premier camp ouvre \u00e0 Argel\u00e8s-sur-Mer. Ces camps, qui, au d\u00e9part, servaient de camps d&rsquo;internement pour r\u00e9fugi\u00e9s, n&rsquo;ont pas tous eu le m\u00eame fonctionnement durant les \u00e9v\u00e9nements de la Seconde guerre Mondiale.<\/p>\n<p align=\"justify\">L&rsquo;ann\u00e9e 1939 voit l&rsquo;ouverture d&rsquo;une multitude de camp dans le Sud-Ouest, tel que le camp de Gurs dans les Basses-Pyr\u00e9n\u00e9es, le camp de Rivesaltes dans le Languedoc-Roussillon, le camp de Brens dans le Tarn ou bien le camp de No\u00e9 en Haute-Garonne. Selon Claude Laharie, dans son ouvrage <em>Gurs\u00a0: 1939-1945, Un camp d&rsquo;internement en B\u00e9arn,<\/em> la construction du camp de Gurs a permis \u00e0 18 500 r\u00e9fugi\u00e9s d&rsquo;\u00eatre h\u00e9berg\u00e9s provisoirement. Malgr\u00e9 la d\u00e9sapprobation d&rsquo;une partie de la population, les retomb\u00e9es positives sur l&rsquo;\u00e9conomie locale comme par exemple les entreprises de charpenterie ont fait taire un certain nombre d&rsquo;opposants. Il \u00e9tait pr\u00e9vu que ce camp ferme \u00e0 la fin de l&rsquo;ann\u00e9e 1939 cependant, la France est entr\u00e9e en guerre le 1er septembre contre l&rsquo;Allemagne suite \u00e0 l&rsquo;invasion de la Pologne et le gouvernement Daladier d\u00e9cida de maintenir le camp ouvert afin d&rsquo;y emprisonner des ressortissants ennemis. Les femmes sont envoy\u00e9es \u00e0 Gurs, et les hommes \u00e0 Saint-Cyprien, en 1940 la population du camp se multiplie subitement par 10.<\/p>\n<p align=\"justify\">Apr\u00e8s la d\u00e9faite fran\u00e7aise et la signature de l&rsquo;armistice en juin 1940, les ressortissants allemands pr\u00e9sents sont lib\u00e9r\u00e9s car la France et l&rsquo;Allemagne ne sont plus en guerre. On parle alors d&rsquo;une future fermeture de ce camp, mais encore une fois, ce n&rsquo;est qu&rsquo;une rumeur et cela restera tel quel car le camp fait partie des nombreux camps mobilis\u00e9s d\u00e8s octobre 1940 suite \u00e0 la loi contre les juifs visant \u00e0 les interner sur ordre du pr\u00e9fet. Le camp de Gurs accueille environ 20 000 juifs en l&rsquo;espace de trois ans et ce malgr\u00e9 des conditions de vie d\u00e9plorables et des baraques d\u00e9fra\u00eechies. La fonction de d\u00e9part du camp d&rsquo;interner des r\u00e9fugi\u00e9s a chang\u00e9 de mani\u00e8re radicale apr\u00e8s l&rsquo;ordre du gouvernement de Vichy concernant les internements de juifs. Le camp de Gurs fait partie de ces camps \u00ab\u00a0historiques\u00a0\u00bb tout comme le camp de Rivesaltes qui a aussi \u00e9t\u00e9 un des camps majeurs dans le sud-ouest, situ\u00e9 dans le Languedoc-Roussillon. Ce camp militaire accueillait jusqu&rsquo;en 1941 des soldats. Le pr\u00e9fet du Languedoc a d\u00e9clar\u00e9 qu&rsquo;il pourrait accueillir \u00ab\u00a050 000 r\u00e9fugi\u00e9s avec toutes les garanties d&rsquo;hygi\u00e8ne et de confort, encore fallait-il obtenir l&rsquo;accord de l&rsquo;autorit\u00e9 militaire\u00bb <a title=\"Peschanski\" href=\"#note2\" name=\"retour au texte\"> (1)<\/a><a href=\"#sdfootnote1sym\" name=\"sdfootnote1anc\"><\/a>. Les ann\u00e9es suivantes, on a recens\u00e9 17 443 intern\u00e9s, parmi lesquels environ 7000 juifs<a title=\"Doulut\" href=\"#note3\" name=\"retour au texte\"> (2)<\/a>.<\/p>\n<p align=\"justify\">Parall\u00e8lement, le camp de Brens, dans le Tarn, a suivit le m\u00eame sch\u00e9ma. Le centre d&rsquo;accueil de Brens est devenu, en novembre 1940, un centre d&rsquo;h\u00e9bergement pour juifs. Cet endroit n&rsquo;est pas encore consid\u00e9r\u00e9 comme un v\u00e9ritable camp de concentration. C&rsquo;est \u00e0 partir de d\u00e9cembre 1941 que le camp est retenu pour faire partie des nombreux camps de concentration fran\u00e7ais, des barbel\u00e9s et des cl\u00f4tures sont install\u00e9s autour du camp, et la circulation des prisonniers \u00e0 l&rsquo;ext\u00e9rieur est interdite. Apr\u00e8s la fermeture du camp de Rieucros, on d\u00e9cide d&rsquo;en faire un camp pour femmes, Brens est alors le seul camp de ce type \u00e0 s&rsquo;\u00eatre sp\u00e9cialis\u00e9 dans l&rsquo;internement de femmes. Le camp n&rsquo;h\u00e9berge pas uniquement des juives. Parmi les 1 150 femmes intern\u00e9es, on retrouve des opposantes politiques, des prostitu\u00e9es, des r\u00e9fugi\u00e9es espagnoles ou bien des intern\u00e9es du Vel&rsquo; d&rsquo;Hiv&rsquo;. Progressivement, le camp de Brens se vide car les femmes sont envoy\u00e9es soit \u00e0 Gurs soit \u00e0 Drancy. Le camp ferme le 4 juin 1944 lorsque les derni\u00e8res femmes sont d\u00e9plac\u00e9es vers Gurs, ces derni\u00e8res s&rsquo;\u00e9chappent d&rsquo;ailleurs du convois avant d&rsquo;arriver \u00e0 leur destination.<\/p>\n<p align=\"justify\"><span style=\"font-size: medium\">La carte suivante montre \u00e0 quel point les camps du Sud-Ouest jouent un r\u00f4le dans ce m\u00e9canisme d&rsquo;internement de populations ind\u00e9sirables. Le Sud dispose de plus d&rsquo;infrastructures que le Nord de la France\u00a0; les intern\u00e9s belges, allemands et fran\u00e7ais sont envoy\u00e9s directement \u00e0 Gurs, Rivesaltes et Agde. D\u00e8s les ann\u00e9es 1940, on peut voir que la pr\u00e9sence de ces camps facilitent la gestion des prisonniers dans les zones occup\u00e9es par l&rsquo;Allemagne, par exemple, en Pays de Bade et de Palatinat, les ind\u00e9sirables non-aryens sont envoy\u00e9s \u00e0 Gurs.<\/span><\/p>\n<p align=\"justify\"><span style=\"font-size: medium\"><a href=\"http:\/\/blogs.univ-jfc.fr\/campsdusudouest\/wp-content\/uploads\/sites\/48\/2016\/03\/les-camps-dinternement-d\u00e9cembre-1940.jpg\"><img loading=\"lazy\" class=\"size-medium wp-image-1716 alignright\" title=\"les camps d'internement (d\u00e9cembre 1940)\" alt=\"\" src=\"http:\/\/blogs.univ-jfc.fr\/campsdusudouest\/wp-content\/uploads\/sites\/48\/2016\/03\/les-camps-dinternement-d\u00e9cembre-1940-226x300.jpg\" width=\"226\" height=\"300\" srcset=\"https:\/\/blogs.univ-jfc.fr\/campsdusudouest\/wp-content\/uploads\/sites\/48\/2016\/03\/les-camps-dinternement-d\u00e9cembre-1940-226x300.jpg 226w, https:\/\/blogs.univ-jfc.fr\/campsdusudouest\/wp-content\/uploads\/sites\/48\/2016\/03\/les-camps-dinternement-d\u00e9cembre-1940.jpg 600w\" sizes=\"(max-width: 226px) 100vw, 226px\" \/><\/a><\/span><\/p>\n<p align=\"justify\">Les camps dans le Sud-Ouest de la France avaient chacun des fonctions diverses, mais dans le projet de la Solution Finale, l&rsquo;objectif n&rsquo;\u00e9tait pas de garder les juifs ind\u00e9finiment dans ces camps d&rsquo;internement ou de travail. Les nazis avaient pour dessein d&rsquo;an\u00e9antir le peuple juif, c&rsquo;est donc dans des camps d&rsquo;extermination en Pologne qu&rsquo;ils avaient pour ambition d&rsquo;en finir, souvent le plus vite possible. La France de Vichy a \u00e9t\u00e9 active dans ce m\u00e9canisme de d\u00e9portation, car \u00e0 partir de mars 1942, la Gestapo s&rsquo;attache \u00e0 chasser le plus de juifs possible dans la zone occup\u00e9e tout en faisant pression sur le gouvernement fran\u00e7ais<a title=\"Cohen\" href=\"#note4\" name=\"retour au texte\"> (3)<\/a> afin que ces derniers collaborent et livrent les juifs de la zone libre. Il est \u00e9vident que la pr\u00e9sence des camps dans la zone libre va les aider \u00e0 acc\u00e9l\u00e9rer cette traque, en effet, les chiffres montrent qu&rsquo;en janvier 1941, 55 000 prisonniers \u00e9taient d\u00e9tenus dans les camps du sud contre 3 000 dans le nord o\u00f9 il \u00e9tait plus souvent question de prisonniers tziganes ou communistes. Vichy et les allemands s&rsquo;entendent sur la question des d\u00e9portations et des effectifs. Il est conclu que durant la p\u00e9riode de mars 1942 \u00e0 septembre 1942, les allemands souhaitent recevoir 50 000 juifs. La \u00ab\u00a0Solution Finale de la question juive\u00a0\u00bb a \u00e9t\u00e9 d\u00e9cid\u00e9e le 20 janvier 1942 lors de la conf\u00e9rence de Wannsee. Cette conf\u00e9rence a scell\u00e9 l&rsquo;avenir des juifs \u00e0 travers l&rsquo;Europe. N\u00e9anmoins, certaines d\u00e9cisions prises concernant la d\u00e9portation sont fran\u00e7aises. Pierre Laval, chef du gouvernement de Vichy, a notamment d\u00e9clar\u00e9 que s\u00e9parer les enfants de leurs familles \u00e9tait \u00ab\u00a0trop cruel\u00a0\u00bb et a impuls\u00e9 la d\u00e9portation de tous les enfants de la zone libre alors m\u00eame que les Allemands ne le r\u00e9clamaient pas. C&rsquo;est en 1942 que les premi\u00e8res d\u00e9portations commencent, selon le t\u00e9moignage de Henri Steiner, qui lui m\u00eame fut arr\u00eat\u00e9 \u00e0 Tanus sur son lieu de travail dans le Tarn en ao\u00fbt 1942. La France a donn\u00e9 son accord le 2 juillet 1942 aux allemands afin qu&rsquo;ils puissent arr\u00eater et d\u00e9porter les juifs du sud-ouest. Le gouvernement de Vichy a demand\u00e9 aux diff\u00e9rents pr\u00e9fets de proc\u00e9der de mani\u00e8re tr\u00e8s discr\u00e8te concernant les arrestations. Afin d&rsquo;\u00e9viter toute fuite, pour \u00e9viter \u00e9galement les mouvements de protestations des fran\u00e7ais de la zone libre.<\/p>\n<p align=\"justify\">Les premiers convois de d\u00e9port\u00e9s sont partis durant le mois d&rsquo;ao\u00fbt 1942. Ce mois est tr\u00e8s important, car c&rsquo;est \u00e0 partir de l\u00e0 que d\u00e9marre v\u00e9ritablement la d\u00e9portation de masse. Monsieur Steiner nous explique que le 26 ao\u00fbt, il fut arr\u00eat\u00e9 et emmen\u00e9 \u00e0 Saint-Sulpice pour \u00eatre d\u00e9plac\u00e9. En effet cette ville dispose d&rsquo;une gare et est id\u00e9alement plac\u00e9e, car elle se trouve non loin de Toulouse, pour permettre aux nazis de regrouper les juifs pour les acheminer vers la zone occup\u00e9e. Les convois de Saint-Sulpice vers Drancy contenaient chacun environ 1000 personnes au total, dans des conditions d\u00e9plorables. Il s&rsquo;agissait de wagons \u00e0 bestiaux r\u00e9quisitionn\u00e9s. Un seau au milieu des wagons servait aux gens pour faire leurs besoins. En somme, les camps dans le Sud-Ouest servaient de r\u00e9servoirs \u00e0 prisonniers dont des juifs destin\u00e9s \u00e0 \u00eatre d\u00e9port\u00e9s vers l&rsquo;Allemagne ou la Pologne pour y \u00eatre extermin\u00e9s soit pour travailler pour les plus \u00ab\u00a0chanceux\u00a0\u00bb.<\/p>\n<p align=\"justify\">A la Lib\u00e9ration, les camps du Sud-Ouest ferment, certains sont de nouveau ouverts pour y interner des collaborateurs comme le camp de Gurs ou bien le camp de Brens qui fut par la suite bri\u00e8vement utilis\u00e9 d\u00e8s 1946 jusqu&rsquo;en 1948 comme Camp de vacance de l&rsquo;Union D\u00e9partementale des Syndicats de la Haute-Garonne. Aujourd&rsquo;hui ce camp n&rsquo;existe plus et une st\u00e8le fut mise en place le 14 septembre 1969 \u00e0 la m\u00e9moire des personnes ayant s\u00e9journ\u00e9 dans le camp. Certains sont ras\u00e9s comme le camp de No\u00e9.<\/p>\n<p align=\"justify\"><a title=\"Conclusion \u2013 Les camps antichambres de la d\u00e9portation\" href=\"http:\/\/blogs.univ-jfc.fr\/campsdusudouest\/le-phenomene-concentrationnaire\/les-camps-de-vichy-antichambre-de-la-deportation\/conclusion-les-camps-antichambres-de-la-deportation\/\">Lire la conclusion&#8230;<\/a><\/p>\n<p><a name=\"note2\"><\/a>(1) Denis Peschanski, La France des Camps, L&rsquo;internement 1938-1946, Gallimard, Mayenne, 559 p.<br \/>\n<a name=\"note3\"><\/a>(2) Alexandre Doulut, Les juifs au camp de Rivesaltes\u00a0: internement et d\u00e9portation (1941-1942), Lienart, 229 p.<br \/>\n<a name=\"note4\"><\/a>(3) Monique-Lise Cohen (dir.) et Eric Malo (dir.), Les Camp du Sud-Ouest de la France\u00a0: exclusion, internement et d\u00e9portation 1939-1944, Privat,Toulouse, 1993, 238 p.<\/p>\n","protected":false},"excerpt":{"rendered":"<p>Revenir \u00e0 la page pr\u00e9c\u00e9dente&#8230; Apr\u00e8s la guerre d&rsquo;Espagne (1936-1939), il a fallu ouvrir des camps de r\u00e9fugi\u00e9s dans le Sud-Ouest pour accueillir les ressortissants espagnols qui voulaient fuir le r\u00e9gime de Franco. Les autorit\u00e9s fran\u00e7aises, pour faire face \u00e0 &hellip; <a href=\"https:\/\/blogs.univ-jfc.fr\/campsdusudouest\/le-phenomene-concentrationnaire\/les-camps-de-vichy-antichambre-de-la-deportation\/la-place-des-camps-du-sud-ouest-dans-la-deportation\/\">Lire la suite <span class=\"meta-nav\">&rarr;<\/span><\/a><\/p>\n","protected":false},"author":152,"featured_media":0,"parent":18,"menu_order":0,"comment_status":"closed","ping_status":"open","template":"","meta":[],"_links":{"self":[{"href":"https:\/\/blogs.univ-jfc.fr\/campsdusudouest\/wp-json\/wp\/v2\/pages\/1681"}],"collection":[{"href":"https:\/\/blogs.univ-jfc.fr\/campsdusudouest\/wp-json\/wp\/v2\/pages"}],"about":[{"href":"https:\/\/blogs.univ-jfc.fr\/campsdusudouest\/wp-json\/wp\/v2\/types\/page"}],"author":[{"embeddable":true,"href":"https:\/\/blogs.univ-jfc.fr\/campsdusudouest\/wp-json\/wp\/v2\/users\/152"}],"replies":[{"embeddable":true,"href":"https:\/\/blogs.univ-jfc.fr\/campsdusudouest\/wp-json\/wp\/v2\/comments?post=1681"}],"version-history":[{"count":8,"href":"https:\/\/blogs.univ-jfc.fr\/campsdusudouest\/wp-json\/wp\/v2\/pages\/1681\/revisions"}],"predecessor-version":[{"id":4257,"href":"https:\/\/blogs.univ-jfc.fr\/campsdusudouest\/wp-json\/wp\/v2\/pages\/1681\/revisions\/4257"}],"up":[{"embeddable":true,"href":"https:\/\/blogs.univ-jfc.fr\/campsdusudouest\/wp-json\/wp\/v2\/pages\/18"}],"wp:attachment":[{"href":"https:\/\/blogs.univ-jfc.fr\/campsdusudouest\/wp-json\/wp\/v2\/media?parent=1681"}],"curies":[{"name":"wp","href":"https:\/\/api.w.org\/{rel}","templated":true}]}}