{"id":1770,"date":"2016-03-17T09:24:07","date_gmt":"2016-03-17T08:24:07","guid":{"rendered":"http:\/\/blogs.univ-jfc.fr\/campsdusudouest\/?page_id=1770"},"modified":"2016-03-29T18:07:20","modified_gmt":"2016-03-29T17:07:20","slug":"vichy-et-les-relations-internationales-2","status":"publish","type":"page","link":"https:\/\/blogs.univ-jfc.fr\/campsdusudouest\/la-france-de-lentre-deux-guerres-et-de-vichy\/la-iiie-republique-et-les-questions-internationales\/vichy-et-les-relations-internationales\/vichy-et-les-relations-internationales-2\/","title":{"rendered":"Vichy et les relations internationales"},"content":{"rendered":"<p><a title=\"Les relations de l'Allemagne nazie et de Vichy avec les pays Anglo-saxons\" href=\"http:\/\/blogs.univ-jfc.fr\/campsdusudouest\/la-france-de-lentre-deux-guerres-et-de-vichy\/la-iiie-republique-et-les-questions-internationales\/vichy-et-les-relations-internationales\/vichy-et-les-relations-internationales\/\">Page pr\u00e9c\u00e9dente&#8230;<\/a><\/p>\n<h1>Les relations de Vichy avec l&rsquo;Espagne franquiste et l&rsquo;Italie mussolinienne.<\/h1>\n<p align=\"justify\"><span style=\"font-family: Times New Roman,serif\"><span style=\"font-size: medium\"><span style=\"font-family: Arial,serif\">La relation entre Hitler et Mussolini s\u2019explique d&rsquo;abord par les int\u00e9r\u00eats imp\u00e9rialistes des deux nations plut\u00f4t que par affinit\u00e9 id\u00e9ologique. Leurs id\u00e9es de la nation ne correspondent pas. L&rsquo;un \u00e0 une vision raciale et anticl\u00e9ricale, tandis que l&rsquo;autre s&rsquo;appuie sur l\u2019\u00c9glise et ne con\u00e7oit pas l&rsquo;eug\u00e9nisme. Toutefois, ces deux dirigeants politiques exaltent et pr\u00f4nent la guerre pour arriver \u00e0 leurs fins. Les ambitions de ces deux nations peuvent les mettre en concurrence. L&rsquo;acc\u00e8s m\u00e9diterran\u00e9en de l&rsquo;Italie met d&rsquo;autant plus en concurrence la France et la grande puissance maritime qu\u2019est la Grande-Bretagne. <\/span><\/span><\/span><\/p>\n<p align=\"justify\"><span style=\"font-family: Times New Roman,serif\"><span style=\"font-size: medium\"><span style=\"font-family: Arial,serif\">Il faudra attendre 1940 pour que l&rsquo;Italie entre en guerre. En-effet Mussolini consid\u00e8re que sa nation ne sera pas pr\u00eate pour l&rsquo;effort de guerre avant 1941, bien que l&rsquo;Italie participe \u00e0 l\u2019effort de guerre. D\u00e8s octobre 1940 Hitler entreprend avec l&rsquo;Italie et le Japon un pacte tripartite qui n&rsquo;est autre qu&rsquo;une alliance militaire. Le r\u00e9gime fasciste de Mussolini entreprend alors une \u00e9troite relation avec l&rsquo;Allemagne nazi. <\/span><\/span><\/span><\/p>\n<p align=\"justify\"><span style=\"font-family: Times New Roman,serif\"><span style=\"font-size: medium\"><span style=\"font-family: Arial,serif\">Les r\u00e9gimes nazis et fascistes interviendront en Espagne pour soutenir Franco. Ce dernier reste officiellement neutre face au conflit de la Seconde Guerre Mondiale. Toutefois, l&rsquo;Espagne participe \u00e0 l&rsquo;effort de guerre en envoyant de la main d&rsquo;\u0153uvre, en envoyant une division militaire sur le front Est, en ouvrant les ports espagnols pour ravitailler les Allemands etc. L&rsquo;Espagne ne s&rsquo;engagera jamais militairement aux-c\u00f4t\u00e9s de l&rsquo;Allemagne, reprochant aux Allemands d&rsquo;avoir bombard\u00e9 le territoire espagnol de fa\u00e7on excessive par le pass\u00e9. Franco sortait \u00e9galement l&rsquo;argument que son pays ne poss\u00e9dait pas assez de forces militaire, bien que le pays soit en pleine r\u00e9pression.<\/span><\/span><\/span><\/p>\n<p align=\"justify\"><span style=\"font-family: Times New Roman,serif\"><span style=\"font-size: medium\"><span style=\"font-family: Arial,serif\">On peut dire, que Franco jouait un double jeu avec Hitler. Prenons le cas des Juifs. Franco \u00e9met la demande d&rsquo;un recensement de tous les Juifs dans le pays en explicitant leur sexe, professions, dangerosit\u00e9 etc. Celle-ci f\u00fbt \u00e0 destination de l&rsquo;ambassade allemande. En parall\u00e8le, selon le diplomate isra\u00e9lien Shlomo Ben Ami, l&rsquo;Espagne franquiste aurait facilit\u00e9 le passage par ses fronti\u00e8res \u00e0 environ 25 \u00e0 60 000 Juifs. Cela peut s&rsquo;expliquer par diff\u00e9rentes raisons. Tout d&rsquo;abord l&rsquo;Espagne en crise ne pouvait r\u00e9pondre aux exigences allemandes. D&rsquo;autre part le r\u00e9gime franquiste avec une id\u00e9ologie nationaliste s&rsquo;appuyant sur l&rsquo;Eglise ne pouvait supporter l&rsquo;anticl\u00e9ricalisme du r\u00e9gime nazi, tout comme Mussolini. Enfin, l&rsquo;Espagne a d\u00fb subir des pressions \u00e9conomiques de la part des \u00c9tats-Unis qui fournissent le pays en p\u00e9trole. Ses diff\u00e9rentes causes ont s\u00fbrement limit\u00e9 le r\u00f4le et la participation de l\u2019Espagne franquiste dans la Seconde Guerre Mondiale.<\/span><\/span><\/span><\/p>\n<p style=\"text-align: right\" align=\"justify\"><a href=\"http:\/\/blogs.univ-jfc.fr\/campsdusudouest\/la-france-de-lentre-deux-guerres-et-de-vichy\/la-iiie-republique-et-les-questions-internationales\/relations-franco-allemandes\/relations-franco-allemandes\/\">Lire la suite&#8230;<\/a><\/p>\n","protected":false},"excerpt":{"rendered":"<p>Page pr\u00e9c\u00e9dente&#8230; Les relations de Vichy avec l&rsquo;Espagne franquiste et l&rsquo;Italie mussolinienne. La relation entre Hitler et Mussolini s\u2019explique d&rsquo;abord par les int\u00e9r\u00eats imp\u00e9rialistes des deux nations plut\u00f4t que par affinit\u00e9 id\u00e9ologique. Leurs id\u00e9es de la nation ne correspondent pas. &hellip; <a href=\"https:\/\/blogs.univ-jfc.fr\/campsdusudouest\/la-france-de-lentre-deux-guerres-et-de-vichy\/la-iiie-republique-et-les-questions-internationales\/vichy-et-les-relations-internationales\/vichy-et-les-relations-internationales-2\/\">Lire la suite <span class=\"meta-nav\">&rarr;<\/span><\/a><\/p>\n","protected":false},"author":192,"featured_media":0,"parent":695,"menu_order":2,"comment_status":"closed","ping_status":"open","template":"","meta":[],"_links":{"self":[{"href":"https:\/\/blogs.univ-jfc.fr\/campsdusudouest\/wp-json\/wp\/v2\/pages\/1770"}],"collection":[{"href":"https:\/\/blogs.univ-jfc.fr\/campsdusudouest\/wp-json\/wp\/v2\/pages"}],"about":[{"href":"https:\/\/blogs.univ-jfc.fr\/campsdusudouest\/wp-json\/wp\/v2\/types\/page"}],"author":[{"embeddable":true,"href":"https:\/\/blogs.univ-jfc.fr\/campsdusudouest\/wp-json\/wp\/v2\/users\/192"}],"replies":[{"embeddable":true,"href":"https:\/\/blogs.univ-jfc.fr\/campsdusudouest\/wp-json\/wp\/v2\/comments?post=1770"}],"version-history":[{"count":4,"href":"https:\/\/blogs.univ-jfc.fr\/campsdusudouest\/wp-json\/wp\/v2\/pages\/1770\/revisions"}],"predecessor-version":[{"id":3437,"href":"https:\/\/blogs.univ-jfc.fr\/campsdusudouest\/wp-json\/wp\/v2\/pages\/1770\/revisions\/3437"}],"up":[{"embeddable":true,"href":"https:\/\/blogs.univ-jfc.fr\/campsdusudouest\/wp-json\/wp\/v2\/pages\/695"}],"wp:attachment":[{"href":"https:\/\/blogs.univ-jfc.fr\/campsdusudouest\/wp-json\/wp\/v2\/media?parent=1770"}],"curies":[{"name":"wp","href":"https:\/\/api.w.org\/{rel}","templated":true}]}}